{"id":5466,"date":"2024-07-29T16:20:31","date_gmt":"2024-07-29T21:20:31","guid":{"rendered":"https:\/\/compuimpresion.com.co\/portal\/?post_type=product&#038;p=5466"},"modified":"2025-11-20T10:36:53","modified_gmt":"2025-11-20T15:36:53","slug":"xkim-bsdn-pro-base-refrigerante","status":"publish","type":"product","link":"https:\/\/compuimpresion.com.co\/portal\/productos\/xkim-bsdn-pro-base-refrigerante\/","title":{"rendered":"Xkim BSDN-PRO Base Refrigerante"},"content":{"rendered":"<p>Un computador correctamente refrigerado mejora su rendimiento. La superficie met\u00e1lica microperforada de doble ventilaci\u00f3n optimiza la circulaci\u00f3n de flujo de aire. La BSDN-PRO incluye un control de velocidad que regula los motores y permite el uso personalizado del equipo, mientras su dise\u00f1o silencioso no incomoda el trabajo que se est\u00e9 desarrollando.<br \/>\nESPECIFICACIONES<br \/>\n5 niveles de inclinaci\u00f3n<br \/>\n2 puertos USB<br \/>\n2 ventiladores iluminados<br \/>\nSOPORTE EN ALUMINIO<br \/>\nEAN: 7707322890069<br \/>\nSKU 7605<\/p>\n","protected":false},"excerpt":{"rendered":"<p>Un computador correctamente refrigerado mejora su rendimiento. La superficie met\u00e1lica microperforada de doble ventilaci\u00f3n optimiza la circulaci\u00f3n de flujo de aire. La BSDN-PRO incluye un control de velocidad que regula los motores y permite el uso personalizado del equipo, mientras su dise\u00f1o silencioso no incomoda el trabajo que se est\u00e9 desarrollando.<\/p>\n","protected":false},"featured_media":5467,"comment_status":"closed","ping_status":"closed","template":"","meta":{"inline_featured_image":false},"pwb-brand":[1285],"product_brand":[],"product_cat":[338,1254],"product_tag":[1291,1290,1286],"class_list":{"0":"post-5466","1":"product","2":"type-product","3":"status-publish","4":"has-post-thumbnail","6":"pwb-brand-xkim","7":"product_cat-accesorios","8":"product_cat-perifericos-de-computo","9":"product_tag-2-ventiladores","10":"product_tag-base-refrigerante","11":"product_tag-xkim","13":"first","14":"outofstock","15":"taxable","16":"shipping-taxable","17":"purchasable","18":"product-type-simple"},"brands":[{"id":1285,"name":"Xkim","slug":"xkim"}],"_links":{"self":[{"href":"https:\/\/compuimpresion.com.co\/portal\/wp-json\/wp\/v2\/product\/5466","targetHints":{"allow":["GET"]}}],"collection":[{"href":"https:\/\/compuimpresion.com.co\/portal\/wp-json\/wp\/v2\/product"}],"about":[{"href":"https:\/\/compuimpresion.com.co\/portal\/wp-json\/wp\/v2\/types\/product"}],"replies":[{"embeddable":true,"href":"https:\/\/compuimpresion.com.co\/portal\/wp-json\/wp\/v2\/comments?post=5466"}],"wp:featuredmedia":[{"embeddable":true,"href":"https:\/\/compuimpresion.com.co\/portal\/wp-json\/wp\/v2\/media\/5467"}],"wp:attachment":[{"href":"https:\/\/compuimpresion.com.co\/portal\/wp-json\/wp\/v2\/media?parent=5466"}],"wp:term":[{"taxonomy":"pwb-brand","embeddable":true,"href":"https:\/\/compuimpresion.com.co\/portal\/wp-json\/wp\/v2\/pwb-brand?post=5466"},{"taxonomy":"product_brand","embeddable":true,"href":"https:\/\/compuimpresion.com.co\/portal\/wp-json\/wp\/v2\/product_brand?post=5466"},{"taxonomy":"product_cat","embeddable":true,"href":"https:\/\/compuimpresion.com.co\/portal\/wp-json\/wp\/v2\/product_cat?post=5466"},{"taxonomy":"product_tag","embeddable":true,"href":"https:\/\/compuimpresion.com.co\/portal\/wp-json\/wp\/v2\/product_tag?post=5466"}],"curies":[{"name":"wp","href":"https:\/\/api.w.org\/{rel}","templated":true}]}}