{"id":5457,"date":"2024-07-29T10:24:10","date_gmt":"2024-07-29T15:24:10","guid":{"rendered":"https:\/\/compuimpresion.com.co\/portal\/?post_type=product&#038;p=5457"},"modified":"2025-07-24T10:53:11","modified_gmt":"2025-07-24T15:53:11","slug":"xkim-x-mouse-vertical-recargable","status":"publish","type":"product","link":"https:\/\/compuimpresion.com.co\/portal\/productos\/xkim-x-mouse-vertical-recargable\/","title":{"rendered":"Xkim X Mouse Vertical Recargable"},"content":{"rendered":"<p>Vertical X recargable es la soluci\u00f3n perfecta para aquellos que buscan una experiencia ergon\u00f3mica y c\u00f3moda durante largas horas de uso. Con su dise\u00f1o \u00fanico en forma vertical, reduce la tensi\u00f3n y la fatiga en la mano y la mu\u00f1eca, proporcionando una postura natural y saludable. Adem\u00e1s, su superficie suave y texturizada brinda un agarre c\u00f3modo y seguro cuenta con una bater\u00eda recargable de larga duraci\u00f3n, eliminando la necesidad depilas y reduciendo los residuos.<br \/>\nESPECIFICACIONES<br \/>\nModelo VERTICALX<br \/>\nDimensiones 18x3x12<br \/>\nDetalle de la garant\u00eda NO cubre golpes y-\/o mala manipulaci\u00f3n<br \/>\nConectividad\/conexi\u00f3n Inal\u00e1mbrico<br \/>\nCondici\u00f3n del producto Nuevo<br \/>\nAutonom\u00eda 8h<br \/>\nDetalle de la condici\u00f3n Totalmente nuevo sellado<br \/>\nEAN: 7707322894906<br \/>\nSKU4486<\/p>\n","protected":false},"excerpt":{"rendered":"<p>Vertical X recargable es la soluci\u00f3n perfecta para aquellos que buscan una experiencia ergon\u00f3mica y c\u00f3moda durante largas horas de uso.<\/p>\n","protected":false},"featured_media":5458,"comment_status":"closed","ping_status":"closed","template":"","meta":{"inline_featured_image":false},"pwb-brand":[1285],"product_brand":[],"product_cat":[338,1254],"product_tag":[201,1287,818,715,1286],"class_list":{"0":"post-5457","1":"product","2":"type-product","3":"status-publish","4":"has-post-thumbnail","6":"pwb-brand-xkim","7":"product_cat-accesorios","8":"product_cat-perifericos-de-computo","9":"product_tag-mouse","10":"product_tag-mouse-vertical","11":"product_tag-recargable","12":"product_tag-vertical","13":"product_tag-xkim","15":"first","16":"outofstock","17":"taxable","18":"shipping-taxable","19":"purchasable","20":"product-type-simple"},"brands":[{"id":1285,"name":"Xkim","slug":"xkim"}],"_links":{"self":[{"href":"https:\/\/compuimpresion.com.co\/portal\/wp-json\/wp\/v2\/product\/5457","targetHints":{"allow":["GET"]}}],"collection":[{"href":"https:\/\/compuimpresion.com.co\/portal\/wp-json\/wp\/v2\/product"}],"about":[{"href":"https:\/\/compuimpresion.com.co\/portal\/wp-json\/wp\/v2\/types\/product"}],"replies":[{"embeddable":true,"href":"https:\/\/compuimpresion.com.co\/portal\/wp-json\/wp\/v2\/comments?post=5457"}],"wp:featuredmedia":[{"embeddable":true,"href":"https:\/\/compuimpresion.com.co\/portal\/wp-json\/wp\/v2\/media\/5458"}],"wp:attachment":[{"href":"https:\/\/compuimpresion.com.co\/portal\/wp-json\/wp\/v2\/media?parent=5457"}],"wp:term":[{"taxonomy":"pwb-brand","embeddable":true,"href":"https:\/\/compuimpresion.com.co\/portal\/wp-json\/wp\/v2\/pwb-brand?post=5457"},{"taxonomy":"product_brand","embeddable":true,"href":"https:\/\/compuimpresion.com.co\/portal\/wp-json\/wp\/v2\/product_brand?post=5457"},{"taxonomy":"product_cat","embeddable":true,"href":"https:\/\/compuimpresion.com.co\/portal\/wp-json\/wp\/v2\/product_cat?post=5457"},{"taxonomy":"product_tag","embeddable":true,"href":"https:\/\/compuimpresion.com.co\/portal\/wp-json\/wp\/v2\/product_tag?post=5457"}],"curies":[{"name":"wp","href":"https:\/\/api.w.org\/{rel}","templated":true}]}}