{"id":5446,"date":"2024-07-26T17:19:48","date_gmt":"2024-07-26T22:19:48","guid":{"rendered":"https:\/\/compuimpresion.com.co\/portal\/?post_type=product&#038;p=5446"},"modified":"2024-10-03T11:16:55","modified_gmt":"2024-10-03T16:16:55","slug":"xiaomi-mi-wifi-range-extender-pro-300-mbps","status":"publish","type":"product","link":"https:\/\/compuimpresion.com.co\/portal\/productos\/xiaomi-mi-wifi-range-extender-pro-300-mbps\/","title":{"rendered":"Xiaomi Mi Wifi Range Extender Pro 300 Mbps"},"content":{"rendered":"<p>El repetidor Wi-Fi Mi Pro puede ayudarte a conectarte f\u00e1cilmente a la red. Coloca el amplificador de red cerca del router, enci\u00e9ndalo y espera a que el indicador empiece a parpadear en amarillo. Escanea el c\u00f3digo QR para instalar la aplicaci\u00f3n y sigue las instrucciones para a\u00f1adir el dispositivo. Cuando el indicador luminoso se ponga azul, el emparejamiento se habr\u00e1 completado. Ahora, solo tienes que desenchufar el repetidor Wi-Fi Mi Pro y enchufarlo en la ubicaci\u00f3n deseada para obtener la mejor cobertura y calidad de se\u00f1al en tu casa, sin necesidad de volver a configurarlo.<\/p>\n<p>ESPECIFICACIONES<\/p>\n<p>Modelo del producto R03<\/p>\n<p>Dimensiones: \u00a080 x 54 x 70 mm<\/p>\n<p>CPU: \u00a0MT7628K a 580 MHz<\/p>\n<p>ROM 2 MB<\/p>\n<p>RAM 8 MB<\/p>\n<p>Tipo de antena: \u00a02 antenas externas<\/p>\n<p>Est\u00e1ndares inal\u00e1mbricos IEEE 802.11b\/g\/n<\/p>\n<p>Velocidad de se\u00f1al 2,4 GHz, hasta 300 Mbps<\/p>\n<p>Seguridad inal\u00e1mbrica Cifrado WPA-PSK\/WPA2-PSK<\/p>\n<p>Fuente de alimentaci\u00f3n 100-240 V\/0,35 A<\/p>\n<p>Entorno de funcionamiento Temperatura de funcionamiento De 0 a 40 \u00b0C<\/p>\n<p>Humedad de funcionamiento Del 10 % al 90 % de humedad relativa (sin condensaci\u00f3n)<\/p>\n<p>Temperatura de almacenamiento De -40 a 70 \u00b0C<\/p>\n<p>Humedad de almacenamiento Del 5 % al 90 % de humedad relativa (sin condensaci\u00f3n)<\/p>\n<p>Consumo de energ\u00eda 3,57 W<\/p>\n<p>Contenido del paquete Mi Wi-Fi Range Extender Pro Manual de usuario<\/p>\n<p>EAN: 6934177716485<\/p>\n","protected":false},"excerpt":{"rendered":"<p>El repetidor Wi-Fi Mi Pro puede ayudarte a conectarte f\u00e1cilmente a la red.<\/p>\n","protected":false},"featured_media":5447,"comment_status":"closed","ping_status":"closed","template":"","meta":{"inline_featured_image":false},"pwb-brand":[1265],"product_brand":[],"product_cat":[1279],"product_tag":[1280,708,1271],"class_list":{"0":"post-5446","1":"product","2":"type-product","3":"status-publish","4":"has-post-thumbnail","6":"pwb-brand-xiaomi","7":"product_cat-router-y-extensores","8":"product_tag-extensor","9":"product_tag-router","10":"product_tag-xiaomi","12":"first","13":"outofstock","14":"sale","15":"taxable","16":"shipping-taxable","17":"purchasable","18":"product-type-simple"},"brands":[{"id":1265,"name":"Xiaomi","slug":"xiaomi"}],"_links":{"self":[{"href":"https:\/\/compuimpresion.com.co\/portal\/wp-json\/wp\/v2\/product\/5446","targetHints":{"allow":["GET"]}}],"collection":[{"href":"https:\/\/compuimpresion.com.co\/portal\/wp-json\/wp\/v2\/product"}],"about":[{"href":"https:\/\/compuimpresion.com.co\/portal\/wp-json\/wp\/v2\/types\/product"}],"replies":[{"embeddable":true,"href":"https:\/\/compuimpresion.com.co\/portal\/wp-json\/wp\/v2\/comments?post=5446"}],"wp:featuredmedia":[{"embeddable":true,"href":"https:\/\/compuimpresion.com.co\/portal\/wp-json\/wp\/v2\/media\/5447"}],"wp:attachment":[{"href":"https:\/\/compuimpresion.com.co\/portal\/wp-json\/wp\/v2\/media?parent=5446"}],"wp:term":[{"taxonomy":"pwb-brand","embeddable":true,"href":"https:\/\/compuimpresion.com.co\/portal\/wp-json\/wp\/v2\/pwb-brand?post=5446"},{"taxonomy":"product_brand","embeddable":true,"href":"https:\/\/compuimpresion.com.co\/portal\/wp-json\/wp\/v2\/product_brand?post=5446"},{"taxonomy":"product_cat","embeddable":true,"href":"https:\/\/compuimpresion.com.co\/portal\/wp-json\/wp\/v2\/product_cat?post=5446"},{"taxonomy":"product_tag","embeddable":true,"href":"https:\/\/compuimpresion.com.co\/portal\/wp-json\/wp\/v2\/product_tag?post=5446"}],"curies":[{"name":"wp","href":"https:\/\/api.w.org\/{rel}","templated":true}]}}