{"id":5442,"date":"2024-07-26T16:57:48","date_gmt":"2024-07-26T21:57:48","guid":{"rendered":"https:\/\/compuimpresion.com.co\/portal\/?post_type=product&#038;p=5442"},"modified":"2024-11-28T10:13:48","modified_gmt":"2024-11-28T15:13:48","slug":"xiaomi-power-bank-xiaomi-redmi-carga-rapida-20000mah","status":"publish","type":"product","link":"https:\/\/compuimpresion.com.co\/portal\/productos\/xiaomi-power-bank-xiaomi-redmi-carga-rapida-20000mah\/","title":{"rendered":"Xiaomi Power Bank Xiaomi Redmi Carga R\u00e1pida 20000Mah"},"content":{"rendered":"<p>El nuevo Xiaomi Redmi Power Bank te proporciona una alt\u00edsima capacidad de 20000 mAh, contando con un controlador de carga USB inteligente incorporado. Un dispositivo compatible con la mayor\u00eda de los tel\u00e9fonos y de las tablets. Con una de las capacidades de carga y de auto carga m\u00e1s altas del momento, el nuevo Xiami Redmi Power Bank te proporciona dos puertos de salida USB-A, cada uno con una salida r\u00e1pida de 18W. Adem\u00e1s, monta dos puertos de entrada, un USB-C y un puerto Micro USB, cada uno con una entrada m\u00e1xima de 18W. Una capacidad de carga bidireccional alt\u00edsima. Al mismo tiempo, es muy resistente. Con su Chip IC de alta calidad, te dar\u00e1 la m\u00e1xima protecci\u00f3n ante todo lo que pueda da\u00f1arte. Como su protecci\u00f3n contra la temperatura, protecci\u00f3n contra cortocircuitos, protecci\u00f3n de reajuste, protecci\u00f3n contra sobretensiones de entrada, protecci\u00f3n de carga inversa, y muchas m\u00e1s.<\/p>\n<p>ESPECIFICACIONES<\/p>\n<p>Modelo: PB200LZM<\/p>\n<p>Capacidad de la bater\u00eda: 20000mAh 3.85V (74Wh)<\/p>\n<p>Entrada USB tipo C + Micro USB \/ Salida USB dual \/ Carga bidireccional de 18 W<\/p>\n<p>2 USB \u2013 1 Tipo C.<\/p>\n<p>No incluye Cable de carga<\/p>\n<p>Carga r\u00e1pida 3.0.<\/p>\n<p>Bater\u00edas de pol\u00edmero de litio de alta densidad.<\/p>\n<p>Es compatible con tel\u00e9fonos inteligentes y tabletas, as\u00ed como con una variedad de c\u00e1maras digitales y dispositivos de juegos port\u00e1tiles.<\/p>\n<p>Entrada: 5V 2.1A \/ 9V 2.1A \/ 12V 1.5A<\/p>\n<p>Salida: Salida de puerto \u00fanico: 5.1V 2.4A \/ 9V 2A m\u00e1x. 12V 1.5A m\u00e1x. Salida de doble puerto: 5.1V 3.6A<\/p>\n<p>GENERAL<\/p>\n<p>Marca: Xiaomi<\/p>\n<p>Modelo: PB200LZM<\/p>\n<p>Material: ABS<\/p>\n<p>Tipo de Bater\u00eda: Bater\u00eda de pol\u00edmero de litio<\/p>\n<p>Capacidad de bater\u00eda: 20000mAh<\/p>\n<p>Capacidad Nominal: 12000mAh<\/p>\n<p>Voltaje de Bater\u00eda: 3,7V<\/p>\n<p>Corriente de Bater\u00eda: 3,6A<\/p>\n<p>Tipo de conexi\u00f3n: Micro USB, Interfaz de salida de dos USB, Tipo-Compatible con Android y iOS<\/p>\n<p>Potencia (W): 74Wh<\/p>\n<p>Input: 5V 2,1A \/ 9V 2,1A \/ 12V 1,5A<\/p>\n<p>Salida: Salida de puerto individual: 5,1V 2,4A \/ 9V 2A m\u00e1x. 12V 1,5A m\u00e1x. Salida de doble puerto: 5,1V 3,6A<\/p>\n<p>Peso de Producto: 0,4200 kg<\/p>\n<p>Peso de Paquete: 0,5000 kg<\/p>\n<p>Tama\u00f1o del producto: 15,40 x 7,36 x 2,73 cm \/ 6,06 x 2,9 x 1,07 pulgadas<\/p>\n<p>Tama\u00f1o de paquete: 16,00 x 8,00 x 3,50 cm \/ 6,3 x 3,15 x 1,38 pulgadas<\/p>\n<p>EAN: 0190997000210<\/p>\n","protected":false},"excerpt":{"rendered":"<p>El nuevo Xiaomi Redmi Power Bank te proporciona una alt\u00edsima capacidad de 20000 mAh, contando con un controlador de carga USB inteligente incorporado.<\/p>\n","protected":false},"featured_media":5443,"comment_status":"closed","ping_status":"closed","template":"","meta":{"inline_featured_image":false},"pwb-brand":[1265],"product_brand":[],"product_cat":[338,1276],"product_tag":[1278,1277,1271],"class_list":{"0":"post-5442","1":"product","2":"type-product","3":"status-publish","4":"has-post-thumbnail","6":"pwb-brand-xiaomi","7":"product_cat-accesorios","8":"product_cat-power-bank","9":"product_tag-banco-de-carga","10":"product_tag-power-bank","11":"product_tag-xiaomi","13":"first","14":"outofstock","15":"sale","16":"taxable","17":"shipping-taxable","18":"purchasable","19":"product-type-simple"},"brands":[{"id":1265,"name":"Xiaomi","slug":"xiaomi"}],"_links":{"self":[{"href":"https:\/\/compuimpresion.com.co\/portal\/wp-json\/wp\/v2\/product\/5442","targetHints":{"allow":["GET"]}}],"collection":[{"href":"https:\/\/compuimpresion.com.co\/portal\/wp-json\/wp\/v2\/product"}],"about":[{"href":"https:\/\/compuimpresion.com.co\/portal\/wp-json\/wp\/v2\/types\/product"}],"replies":[{"embeddable":true,"href":"https:\/\/compuimpresion.com.co\/portal\/wp-json\/wp\/v2\/comments?post=5442"}],"wp:featuredmedia":[{"embeddable":true,"href":"https:\/\/compuimpresion.com.co\/portal\/wp-json\/wp\/v2\/media\/5443"}],"wp:attachment":[{"href":"https:\/\/compuimpresion.com.co\/portal\/wp-json\/wp\/v2\/media?parent=5442"}],"wp:term":[{"taxonomy":"pwb-brand","embeddable":true,"href":"https:\/\/compuimpresion.com.co\/portal\/wp-json\/wp\/v2\/pwb-brand?post=5442"},{"taxonomy":"product_brand","embeddable":true,"href":"https:\/\/compuimpresion.com.co\/portal\/wp-json\/wp\/v2\/product_brand?post=5442"},{"taxonomy":"product_cat","embeddable":true,"href":"https:\/\/compuimpresion.com.co\/portal\/wp-json\/wp\/v2\/product_cat?post=5442"},{"taxonomy":"product_tag","embeddable":true,"href":"https:\/\/compuimpresion.com.co\/portal\/wp-json\/wp\/v2\/product_tag?post=5442"}],"curies":[{"name":"wp","href":"https:\/\/api.w.org\/{rel}","templated":true}]}}