{"id":5438,"date":"2024-07-26T16:31:36","date_gmt":"2024-07-26T21:31:36","guid":{"rendered":"https:\/\/compuimpresion.com.co\/portal\/?post_type=product&#038;p=5438"},"modified":"2025-05-08T18:26:44","modified_gmt":"2025-05-08T23:26:44","slug":"xiaomi-mi-compact-bluetooth-speaker-2","status":"publish","type":"product","link":"https:\/\/compuimpresion.com.co\/portal\/productos\/xiaomi-mi-compact-bluetooth-speaker-2\/","title":{"rendered":"Xiaomi Mi Compact Bluetooth Speaker 2"},"content":{"rendered":"<p>Xiaomi Mi Compact Bluetooth Speaker 2 ofrece un sonido natural, con una gran claridad y precisi\u00f3n, que se dispersa de manera uniforme. Un parlante que asegura potencia y calidad por igual en la reproducci\u00f3n de contenidos multimedia. Este tweeter est\u00e1 dise\u00f1ado con el fin de reproducir las frecuencias m\u00e1s altas. Funciona en onda corta, por lo que es perfecto para escuchar m\u00fasica en un espacio cerrado y sentir como si viniera desde varios lugares. Esta funci\u00f3n te da la facilidad de seguir utilizando tu smartphone aun cuando est\u00e9 conectado al parlante. Responder y realizar llamadas o ignorarlas, son algunas de las acciones que se pueden hacer directamente con los botones de tu Mi Compact Bluetooth Speaker 2, sin desconectar ni tocar el tel\u00e9fono. \u00dasalo en donde quieras, este dispositivo est\u00e1 dise\u00f1ado para que tengas el mejor sonido siempre, tanto en interiores como en exteriores.<\/p>\n<p>ESPECIFICACIONES<\/p>\n<p>Versi\u00f3n Bluetooth: 4,2<\/p>\n<p>Alcance Bluetooth: 10 m<\/p>\n<p>Bater\u00eda: Incorporada, Litio<\/p>\n<p>Puerto de carga: Micro-USB<\/p>\n<p>Capacidad de bater\u00eda: 3,7V 480 mAh<\/p>\n<p>Autonom\u00eda: 6 horas de reproducci\u00f3n de m\u00fasica con un 80% de volumen (depende de las condiciones de la reproducci\u00f3n)<\/p>\n<p>Manos libres: S\u00ed, micr\u00f3fono incorporado<\/p>\n<p>Dimensiones: 50 x 32 mm<\/p>\n<p>Peso: 54 gr<\/p>\n<p>EAN: 2105810041963<\/p>\n<p>&nbsp;<\/p>\n","protected":false},"excerpt":{"rendered":"<p>Xiaomi Mi Compact Bluetooth Speaker 2 ofrece un sonido natural, con una gran claridad y precisi\u00f3n, que se dispersa de manera uniforme. Un parlante que asegura potencia y calidad por igual en la reproducci\u00f3n de contenidos multimedia.<\/p>\n","protected":false},"featured_media":5439,"comment_status":"closed","ping_status":"closed","template":"","meta":{"inline_featured_image":false},"pwb-brand":[1265],"product_brand":[],"product_cat":[1273],"product_tag":[1274,1275,1271],"class_list":{"0":"post-5438","1":"product","2":"type-product","3":"status-publish","4":"has-post-thumbnail","6":"pwb-brand-xiaomi","7":"product_cat-parlantes","8":"product_tag-parlante","9":"product_tag-speaker","10":"product_tag-xiaomi","12":"first","13":"outofstock","14":"sale","15":"taxable","16":"shipping-taxable","17":"purchasable","18":"product-type-simple"},"brands":[{"id":1265,"name":"Xiaomi","slug":"xiaomi"}],"_links":{"self":[{"href":"https:\/\/compuimpresion.com.co\/portal\/wp-json\/wp\/v2\/product\/5438","targetHints":{"allow":["GET"]}}],"collection":[{"href":"https:\/\/compuimpresion.com.co\/portal\/wp-json\/wp\/v2\/product"}],"about":[{"href":"https:\/\/compuimpresion.com.co\/portal\/wp-json\/wp\/v2\/types\/product"}],"replies":[{"embeddable":true,"href":"https:\/\/compuimpresion.com.co\/portal\/wp-json\/wp\/v2\/comments?post=5438"}],"wp:featuredmedia":[{"embeddable":true,"href":"https:\/\/compuimpresion.com.co\/portal\/wp-json\/wp\/v2\/media\/5439"}],"wp:attachment":[{"href":"https:\/\/compuimpresion.com.co\/portal\/wp-json\/wp\/v2\/media?parent=5438"}],"wp:term":[{"taxonomy":"pwb-brand","embeddable":true,"href":"https:\/\/compuimpresion.com.co\/portal\/wp-json\/wp\/v2\/pwb-brand?post=5438"},{"taxonomy":"product_brand","embeddable":true,"href":"https:\/\/compuimpresion.com.co\/portal\/wp-json\/wp\/v2\/product_brand?post=5438"},{"taxonomy":"product_cat","embeddable":true,"href":"https:\/\/compuimpresion.com.co\/portal\/wp-json\/wp\/v2\/product_cat?post=5438"},{"taxonomy":"product_tag","embeddable":true,"href":"https:\/\/compuimpresion.com.co\/portal\/wp-json\/wp\/v2\/product_tag?post=5438"}],"curies":[{"name":"wp","href":"https:\/\/api.w.org\/{rel}","templated":true}]}}