{"id":5433,"date":"2024-07-26T16:08:50","date_gmt":"2024-07-26T21:08:50","guid":{"rendered":"https:\/\/compuimpresion.com.co\/portal\/?post_type=product&#038;p=5433"},"modified":"2025-02-18T12:27:48","modified_gmt":"2025-02-18T17:27:48","slug":"xiaomi-mi-portable-photo-printer","status":"publish","type":"product","link":"https:\/\/compuimpresion.com.co\/portal\/productos\/xiaomi-mi-portable-photo-printer\/","title":{"rendered":"Xiaomi Mi Portable Photo Printer"},"content":{"rendered":"<p>Da vida a tus momentos en solo 15 segundos. V\u00eddeos en realidad aumentada, sonido en realidad aumentada, m\u00faltiples conexiones simult\u00e1neas, fotos de adhesivas 76 mm sin uso de tinta. Escanea fotos en realidad aumentada Los v\u00eddeos din\u00e1micos dan vida a tus fotos, simplemente graba o cargue v\u00eddeos al imprimir una foto y a continuaci\u00f3n, escanea la foto con la aplicaci\u00f3n Mi Home \/Xiaomi Home para disfrutar con los efectos de las fotos virtuales en realidad aumentada. Peque\u00f1o como un cargador port\u00e1til, cabe f\u00e1cilmente en el bolsillo, la carcasa externa est\u00e1 hecha ABS y PC, materiales ign\u00edfugos que resisten la deformaci\u00f3n y la decoloraci\u00f3n. La atractiva y compacta caja del dispositivo incluye tan solo tres botones. La tecnolog\u00eda de impresi\u00f3n sin tinta ZINK utiliza pigmentos de microcristales incrustados en el papel, no se necesita tinta; las im\u00e1genes se forman cuando el cabezal de impresi\u00f3n calienta el papel fotogr\u00e1fico, la ausencia de tinta hace que el cabezal de impresi\u00f3n se desgaste menos.<\/p>\n<p>ESPECIFICACIONES<\/p>\n<p>Tecnolog\u00eda de impresi\u00f3n T\u00e9rmica (ZINK)<\/p>\n<p>Resoluci\u00f3n de impresi\u00f3n 313 \u00d7 400 ppp<\/p>\n<p>Dimensiones del papel fotogr\u00e1fico 50 mm \u00d7 76 mm<\/p>\n<p>Velocidad de impresi\u00f3n Aprox. 45 s\/hoja<\/p>\n<p>Capacidad de la bandeja de papel Hasta 10 hojas<\/p>\n<p>Formatos de archivo compatibles JPEG y PNG<\/p>\n<p>Fotos AR Compatibles<\/p>\n<p>M\u00faltiples conexiones Bluetooth Hasta tres personas<\/p>\n<p>MATERIALES EXCLUSIVOS<\/p>\n<p>Nombre Mi Portable Photo Printer Paper<\/p>\n<p>Tama\u00f1o del embalaje 1 Papel fotogr\u00e1fico de 76 mm, 20 hojas<\/p>\n<p>Tama\u00f1o del embalaje 2 Papel fotogr\u00e1fico de 76 mm, 50 hojas<\/p>\n<p>SISTEMA<\/p>\n<p>Modo de actualizaci\u00f3n Funciona con el marco de actualizaci\u00f3n de hardware inteligente Xiaomi.<\/p>\n<p>Compatible con Android 4.1 e iOS 9.0 o versiones posteriores<\/p>\n<p>Aplicaciones Se conecta a la aplicaci\u00f3n Mi Home\/Xiaomi Home<\/p>\n<p>Dispositivos compatibles Smartphones y tabletas<\/p>\n<p>Conectividad inal\u00e1mbrica Bluetooth 5.0 BLE<\/p>\n<p>PAR\u00c1METROS DE LA BATER\u00cdA<\/p>\n<p>Tipo de bater\u00eda de pol\u00edmero de iones de litio<\/p>\n<p>Tensi\u00f3n nominal 7,4 V<\/p>\n<p>Capacidad nominal 500 mAh<\/p>\n<p>Tiempo de funcionamiento Imprime aprox. 20 hojas de papel fotogr\u00e1fico<\/p>\n<p>PUERTOS DEL PRODUCTO<\/p>\n<p>Tipos de puerto Micro USB<\/p>\n<p>OTROS<\/p>\n<p>Peso neto de la impresora Aprox. 181 g<\/p>\n<p>Contenido del paquete 1 Mi Portable Photo Printer 1 cable USB 1 manual de usuario<\/p>\n<p>Paquete de papel fotogr\u00e1fico (5 hojas)<\/p>\n<p>EAN: 6934177715488<\/p>\n","protected":false},"excerpt":{"rendered":"<p>Da vida a tus momentos en solo 15 segundos. V\u00eddeos en realidad aumentada, sonido en realidad aumentada, m\u00faltiples conexiones simult\u00e1neas, fotos de adhesivas 76 mm sin uso de tinta.<\/p>\n","protected":false},"featured_media":5434,"comment_status":"closed","ping_status":"closed","template":"","meta":{"inline_featured_image":false},"pwb-brand":[1265],"product_brand":[],"product_cat":[1268,891],"product_tag":[1270,1272,1269,1271],"class_list":{"0":"post-5433","1":"product","2":"type-product","3":"status-publish","4":"has-post-thumbnail","6":"pwb-brand-xiaomi","7":"product_cat-hogar-inteligente","8":"product_cat-impresion","9":"product_tag-impresion-sin-tinta","10":"product_tag-photo-printer","11":"product_tag-portable","12":"product_tag-xiaomi","14":"first","15":"outofstock","16":"sale","17":"taxable","18":"shipping-taxable","19":"purchasable","20":"product-type-simple"},"brands":[{"id":1265,"name":"Xiaomi","slug":"xiaomi"}],"_links":{"self":[{"href":"https:\/\/compuimpresion.com.co\/portal\/wp-json\/wp\/v2\/product\/5433","targetHints":{"allow":["GET"]}}],"collection":[{"href":"https:\/\/compuimpresion.com.co\/portal\/wp-json\/wp\/v2\/product"}],"about":[{"href":"https:\/\/compuimpresion.com.co\/portal\/wp-json\/wp\/v2\/types\/product"}],"replies":[{"embeddable":true,"href":"https:\/\/compuimpresion.com.co\/portal\/wp-json\/wp\/v2\/comments?post=5433"}],"wp:featuredmedia":[{"embeddable":true,"href":"https:\/\/compuimpresion.com.co\/portal\/wp-json\/wp\/v2\/media\/5434"}],"wp:attachment":[{"href":"https:\/\/compuimpresion.com.co\/portal\/wp-json\/wp\/v2\/media?parent=5433"}],"wp:term":[{"taxonomy":"pwb-brand","embeddable":true,"href":"https:\/\/compuimpresion.com.co\/portal\/wp-json\/wp\/v2\/pwb-brand?post=5433"},{"taxonomy":"product_brand","embeddable":true,"href":"https:\/\/compuimpresion.com.co\/portal\/wp-json\/wp\/v2\/product_brand?post=5433"},{"taxonomy":"product_cat","embeddable":true,"href":"https:\/\/compuimpresion.com.co\/portal\/wp-json\/wp\/v2\/product_cat?post=5433"},{"taxonomy":"product_tag","embeddable":true,"href":"https:\/\/compuimpresion.com.co\/portal\/wp-json\/wp\/v2\/product_tag?post=5433"}],"curies":[{"name":"wp","href":"https:\/\/api.w.org\/{rel}","templated":true}]}}