{"id":5428,"date":"2024-07-25T09:09:40","date_gmt":"2024-07-25T14:09:40","guid":{"rendered":"https:\/\/compuimpresion.com.co\/portal\/?post_type=product&#038;p=5428"},"modified":"2024-12-13T18:19:24","modified_gmt":"2024-12-13T23:19:24","slug":"redmi-buds-5-pro","status":"publish","type":"product","link":"https:\/\/compuimpresion.com.co\/portal\/productos\/redmi-buds-5-pro\/","title":{"rendered":"Redmi Buds 5 Pro"},"content":{"rendered":"<p>Los Redmi Buds 5 Pro cuentan con la certificaci\u00f3n de sonido inal\u00e1mbrico de alta resoluci\u00f3n y son compatibles con el c\u00f3dec de audio LDAC a una velocidad de transmisi\u00f3n de hasta 24 bits\/96 kHz*, lo que permite un audio Ultra HD con una distorsi\u00f3n m\u00ednima. Los Redmi Buds 5 Pro cuentan con un dise\u00f1o de doble diafragma coaxial que consta de un diafragma de graves de 11 mm con diafragma de titanio y un tweeter cer\u00e1mico piezoel\u00e9ctrico de 10 mm. Este dise\u00f1o ofrece una reproducci\u00f3n de sonido precisa en todas las frecuencias, lo que garantiza un rendimiento equilibrado con agudos suaves, medios ricos y graves s\u00f3lidos y te permite disfrutar de un sonido en alta resoluci\u00f3n de alta calidad en cualquier momento.<\/p>\n<p>ESPECIFICACIONES<\/p>\n<p>Modelo M2317E1<\/p>\n<p>Color Negro medianoche, Blanco medianoche, Morado aurora<\/p>\n<p>DIMENSIONES Y PESO<\/p>\n<p>Peso de un solo auricular: 5,1 g (\u00b10,2 g)<\/p>\n<p>Tama\u00f1o de un solo auricular: 6,5 mm \u00d7 6,5 mm \u00d7 29,7 mm<\/p>\n<p>Peso del estuche de carga: 32,6 g (\u00b11 g\uff09<\/p>\n<p>Dimensiones del estuche de carga: 61 mm \u00d7 46,8 mm \u00d7 25 mm<\/p>\n<p>Peso total: 42,8 g (\u00b11 g\uff09<\/p>\n<p>CARGA<\/p>\n<p>Capacidad de la bater\u00eda Auriculares: 54 mAh<\/p>\n<p>Estuche de carga 480 mAh<\/p>\n<p>Puerto de carga Tipo C<\/p>\n<p>Par\u00e1metros de entrada de los auriculares 5 V \u2393 160 mA m\u00e1x.<\/p>\n<p>Par\u00e1metros de entrada del estuche de carga 5 V \u2393 700 mA m\u00e1x.<\/p>\n<p>Par\u00e1metros de salida del estuche de carga: 5 V \u2393 320 mA m\u00e1x.<\/p>\n<p>CONEXI\u00d3N<\/p>\n<p>Conexi\u00f3n inal\u00e1mbrica Bluetooth 5.3<\/p>\n<p>Protocolos Bluetooth de baja energ\u00eda\/HFP\/A2DP\/AVRCP<\/p>\n<p>Alcance de comunicaci\u00f3n 10 m (espacio abierto sin obst\u00e1culos)<\/p>\n<p>Impedancia del altavoz 16 \u03a9<\/p>\n","protected":false},"excerpt":{"rendered":"<p>Los Redmi Buds 5 Pro cuentan con la certificaci\u00f3n de sonido inal\u00e1mbrico de alta resoluci\u00f3n y son compatibles con el c\u00f3dec de audio LDAC a una velocidad de transmisi\u00f3n de hasta 24 bits\/96 kHz*, lo que permite un audio Ultra HD con una distorsi\u00f3n m\u00ednima.<\/p>\n","protected":false},"featured_media":5680,"comment_status":"closed","ping_status":"closed","template":"","meta":{"inline_featured_image":false},"pwb-brand":[1265],"product_brand":[],"product_cat":[338,1266],"product_tag":[664,824,336,1267,1284,389,309,825,1271],"class_list":{"0":"post-5428","1":"product","2":"type-product","3":"status-publish","4":"has-post-thumbnail","6":"pwb-brand-xiaomi","7":"product_cat-accesorios","8":"product_cat-audifonos","9":"product_tag-664","10":"product_tag-audifonos","11":"product_tag-bluetooth","12":"product_tag-buds","13":"product_tag-buds-5-pro","14":"product_tag-negro","15":"product_tag-pro","16":"product_tag-redmi","17":"product_tag-xiaomi","19":"first","20":"outofstock","21":"sale","22":"taxable","23":"shipping-taxable","24":"purchasable","25":"product-type-simple"},"brands":[{"id":1265,"name":"Xiaomi","slug":"xiaomi"}],"_links":{"self":[{"href":"https:\/\/compuimpresion.com.co\/portal\/wp-json\/wp\/v2\/product\/5428","targetHints":{"allow":["GET"]}}],"collection":[{"href":"https:\/\/compuimpresion.com.co\/portal\/wp-json\/wp\/v2\/product"}],"about":[{"href":"https:\/\/compuimpresion.com.co\/portal\/wp-json\/wp\/v2\/types\/product"}],"replies":[{"embeddable":true,"href":"https:\/\/compuimpresion.com.co\/portal\/wp-json\/wp\/v2\/comments?post=5428"}],"wp:featuredmedia":[{"embeddable":true,"href":"https:\/\/compuimpresion.com.co\/portal\/wp-json\/wp\/v2\/media\/5680"}],"wp:attachment":[{"href":"https:\/\/compuimpresion.com.co\/portal\/wp-json\/wp\/v2\/media?parent=5428"}],"wp:term":[{"taxonomy":"pwb-brand","embeddable":true,"href":"https:\/\/compuimpresion.com.co\/portal\/wp-json\/wp\/v2\/pwb-brand?post=5428"},{"taxonomy":"product_brand","embeddable":true,"href":"https:\/\/compuimpresion.com.co\/portal\/wp-json\/wp\/v2\/product_brand?post=5428"},{"taxonomy":"product_cat","embeddable":true,"href":"https:\/\/compuimpresion.com.co\/portal\/wp-json\/wp\/v2\/product_cat?post=5428"},{"taxonomy":"product_tag","embeddable":true,"href":"https:\/\/compuimpresion.com.co\/portal\/wp-json\/wp\/v2\/product_tag?post=5428"}],"curies":[{"name":"wp","href":"https:\/\/api.w.org\/{rel}","templated":true}]}}