{"id":5334,"date":"2024-05-15T11:40:47","date_gmt":"2024-05-15T16:40:47","guid":{"rendered":"https:\/\/compuimpresion.com.co\/portal\/?post_type=product&#038;p=5334"},"modified":"2024-07-19T15:26:31","modified_gmt":"2024-07-19T20:26:31","slug":"portatil-lenovo-ideapad-slim-3-14iah8-intel-core-i5-12450h-8gb-lpddr5-512gb-ssd-pantalla-14-fhd","status":"publish","type":"product","link":"https:\/\/compuimpresion.com.co\/portal\/productos\/portatil-lenovo-ideapad-slim-3-14iah8-intel-core-i5-12450h-8gb-lpddr5-512gb-ssd-pantalla-14-fhd\/","title":{"rendered":"PORT\u00c1TIL LENOVO IDEAPAD SLIM 3 14IAH8 &#8211; INTEL CORE I5 12450H &#8211; 8GB LPDDR5 &#8211; 512GB SSD &#8211; PANTALLA 14&#8243; FHD"},"content":{"rendered":"<p style=\"text-align: justify\"><strong>PORT\u00c1TIL LENOVO IDEAPAD SLIM 3 14IAH8 &#8211; INTEL CORE I5 12450H &#8211; 8GB LPDDR5 &#8211; 512GB SSD &#8211; PANTALLA 14&#8243; FHD<\/strong><\/p>\n<p style=\"text-align: justify\">Con el port\u00e1til LENOVO IdeaPad Slim 3 14IAH8 color Arctic Grey, encontraras todo el rendimiento que necesitas, un port\u00e1til accesible que cubre tus necesidades, su combinaci\u00f3n generosa de memoria Ram de 8GB, un almacenamiento en estado s\u00f3lido de 512 GB y un procesador Intel Core i5-12450H es perfecto para tus tareas diarias, de la mano con un dise\u00f1o extraordinario, este equipo superar\u00e1 tus expectativas. As\u00ed mismo, te brindar\u00e1 un entretenimiento superior gracias a su sonido Dolby Audio.<\/p>\n<p style=\"text-align: justify\"><strong>ESPECIFICACIONES T\u00c9CNICAS: <\/strong><\/p>\n<ul style=\"text-align: justify\">\n<li>Procesador: Intel Core i5-12450H (8 n\u00facleos (4P + 4E) \/ 12 subprocesos, Frecuencia turbo m\u00e1xima: 4,40 GHz, 12 MB Intel Smart Cache)<\/li>\n<li>Memoria Ram 8GB LPDDR5<\/li>\n<li>Almacenamiento: Disco de Estado S\u00f3lido 512GB SSD<\/li>\n<li>Gr\u00e1ficos Intel UHD integrados<\/li>\n<li>Tama\u00f1o de Pantalla: 14&#8243; FHD, antirreflejo<\/li>\n<li>Resoluci\u00f3n de la Pantalla: 1920 x 1080<\/li>\n<li>Conectividad: Wi-Fi y Bluetooth<\/li>\n<li>Puerto HDMI 1.4<\/li>\n<li>Puertos USB: (2 x USB 3.2 Gen 1) &#8211; (1 x UBS Tipo-C 3.2 Gen 1)<\/li>\n<li>Puerto de audio: 1 puerto para auriculares (combinado para micr\u00f3fono y auriculares)<\/li>\n<li>Lector de tarjetas SD<\/li>\n<li>Conector de alimentaci\u00f3n<\/li>\n<li>Audio: Altavoces 1.5 W x2, Dolby Audio<\/li>\n<li>C\u00e1mara: FHD 1080p con obturador de privacidad<\/li>\n<li>Sistema operativo: FreeDos (Sin sistema operativo)<\/li>\n<li>Color: Arctic Grey<\/li>\n<\/ul>\n<p style=\"text-align: justify\"><strong>DIMENSIONES:<\/strong><\/p>\n<ul>\n<li style=\"text-align: justify\">Dimensiones del producto (An x Pr x Al): 32.4 cm x 21.3 cm x 1.79 cm<\/li>\n<li style=\"text-align: justify\">Peso del producto: 1.37\u00a0kg<\/li>\n<li style=\"text-align: justify\">Dimensiones del paquete (An x Pr x Al): 40 cm x 29 cm x 9 cm<\/li>\n<li style=\"text-align: justify\">Peso del paquete: 3.5 kg<\/li>\n<\/ul>\n","protected":false},"excerpt":{"rendered":"<p style=\"text-align: justify\">Con el port\u00e1til LENOVO IdeaPad Slim 3 14IAH8 color Arctic Grey, encontraras todo el rendimiento que necesitas, un port\u00e1til accesible que cubre tus necesidades, su combinaci\u00f3n generosa de memoria Ram de 8GB, un almacenamiento en estado s\u00f3lido de 512 GB y un procesador Intel Core i5-12450H es perfecto para tus tareas diarias.<\/p>\n","protected":false},"featured_media":5335,"comment_status":"closed","ping_status":"closed","template":"","meta":{"inline_featured_image":false},"pwb-brand":[420],"product_brand":[],"product_cat":[888,894],"product_tag":[1023,1106,336,1026,1037,483,321,1103,1250,1051,1105,1242,1248,1249,1075,1239,1246,1247,1252,1251,185,357],"class_list":{"0":"post-5334","1":"product","2":"type-product","3":"status-publish","4":"has-post-thumbnail","6":"pwb-brand-lenovo","7":"product_cat-computo","8":"product_cat-portatiles-computo","9":"product_tag-512gb-ssd","10":"product_tag-8gb-lpddr5","11":"product_tag-bluetooth","12":"product_tag-camara-web","13":"product_tag-fhd-1920-x-1080","14":"product_tag-freedos","15":"product_tag-hdmi","16":"product_tag-ideapad-slim-3","17":"product_tag-ideapad-slim-3-14iah8","18":"product_tag-intel-core-i5","19":"product_tag-intel-core-i5-12450h","20":"product_tag-lector-de-tarjetas-sd","21":"product_tag-lenovo-ideapad-slim-3","22":"product_tag-lenovo-ideapad-slim-3-14iah8","23":"product_tag-pantalla-14","24":"product_tag-portatil-lenovo","25":"product_tag-portatil-lenovo-ideapad","26":"product_tag-portatil-lenovo-ideapad-slim-3-14iah8","27":"product_tag-ram-8gb","28":"product_tag-slim-3-14iah8","29":"product_tag-usb","30":"product_tag-wifi","32":"first","33":"outofstock","34":"taxable","35":"shipping-taxable","36":"purchasable","37":"product-type-simple"},"brands":[{"id":420,"name":"Lenovo","slug":"lenovo"}],"_links":{"self":[{"href":"https:\/\/compuimpresion.com.co\/portal\/wp-json\/wp\/v2\/product\/5334","targetHints":{"allow":["GET"]}}],"collection":[{"href":"https:\/\/compuimpresion.com.co\/portal\/wp-json\/wp\/v2\/product"}],"about":[{"href":"https:\/\/compuimpresion.com.co\/portal\/wp-json\/wp\/v2\/types\/product"}],"replies":[{"embeddable":true,"href":"https:\/\/compuimpresion.com.co\/portal\/wp-json\/wp\/v2\/comments?post=5334"}],"wp:featuredmedia":[{"embeddable":true,"href":"https:\/\/compuimpresion.com.co\/portal\/wp-json\/wp\/v2\/media\/5335"}],"wp:attachment":[{"href":"https:\/\/compuimpresion.com.co\/portal\/wp-json\/wp\/v2\/media?parent=5334"}],"wp:term":[{"taxonomy":"pwb-brand","embeddable":true,"href":"https:\/\/compuimpresion.com.co\/portal\/wp-json\/wp\/v2\/pwb-brand?post=5334"},{"taxonomy":"product_brand","embeddable":true,"href":"https:\/\/compuimpresion.com.co\/portal\/wp-json\/wp\/v2\/product_brand?post=5334"},{"taxonomy":"product_cat","embeddable":true,"href":"https:\/\/compuimpresion.com.co\/portal\/wp-json\/wp\/v2\/product_cat?post=5334"},{"taxonomy":"product_tag","embeddable":true,"href":"https:\/\/compuimpresion.com.co\/portal\/wp-json\/wp\/v2\/product_tag?post=5334"}],"curies":[{"name":"wp","href":"https:\/\/api.w.org\/{rel}","templated":true}]}}