{"id":5321,"date":"2024-05-14T12:15:09","date_gmt":"2024-05-14T17:15:09","guid":{"rendered":"https:\/\/compuimpresion.com.co\/portal\/?post_type=product&#038;p=5321"},"modified":"2024-10-08T09:47:50","modified_gmt":"2024-10-08T14:47:50","slug":"portatil-lenovo-ideapad-1-15alc7-amd-ryzen-5-5500u-ssd-512gb-ddr4-8gb-pantalla-15-6-fhd","status":"publish","type":"product","link":"https:\/\/compuimpresion.com.co\/portal\/productos\/portatil-lenovo-ideapad-1-15alc7-amd-ryzen-5-5500u-ssd-512gb-ddr4-8gb-pantalla-15-6-fhd\/","title":{"rendered":"PORT\u00c1TIL LENOVO IDEAPAD 1 15ALC7, AMD RYZEN 5 5500U, SSD 512GB, DDR4 8GB, PANTALLA 15.6&#8243; FHD"},"content":{"rendered":"<p style=\"text-align: justify\"><strong>PORT\u00c1TIL LENOVO IDEAPAD 1 15ALC7, AMD RYZEN 5 5500U, SSD 512GB, DDR4 8GB, PANTALLA 15.6&#8243; FHD<\/strong><\/p>\n<p style=\"text-align: justify\">El port\u00e1til LENOVO IdeaPad 1 15ALC7 color Abyss Blue, encuentra todo el rendimiento que necesitas, un port\u00e1til accesible que cubre tus necesidades, su combinaci\u00f3n generosa de memoria Ram de 8GB, un almacenamiento en estado s\u00f3lido de 512 GB y un procesador AMD Ryzen 5 5500U es perfecto para tus tareas diarias, de la mano con un dise\u00f1o extraordinario, este equipo superar\u00e1 tus expectativas. As\u00ed mismo, te brindar\u00e1 un entretenimiento superior gracias a su sonido Dolby Audio.<\/p>\n<p style=\"text-align: justify\"><strong>ESPECIFICACIONES T\u00c9CNICAS: <\/strong><\/p>\n<ul>\n<li style=\"text-align: justify\">Procesador: AMD Ryzen 5 5500U (velocidad de r\u00e1faga m\u00e1xima de hasta 4,0 GHz, 8 MB de cach\u00e9 L3, 6 n\u00facleos y 12 subprocesos)<\/li>\n<li style=\"text-align: justify\">Memoria Ram 8GB DDR4<\/li>\n<li style=\"text-align: justify\">Almacenamiento: Disco de Estado S\u00f3lido 512GB SSD<\/li>\n<li style=\"text-align: justify\">Gr\u00e1ficos AMD Radeon integrados<\/li>\n<li style=\"text-align: justify\">Tama\u00f1o de Pantalla: 15.6&#8243; FHD, TN 220 nits antirreflejo<\/li>\n<li style=\"text-align: justify\">Resoluci\u00f3n de la Pantalla: 1920 x 1080<\/li>\n<li style=\"text-align: justify\">Conectividad: Wi-Fi y Bluetooth<\/li>\n<li style=\"text-align: justify\">Puerto HDMI 1.4b<\/li>\n<li style=\"text-align: justify\">Puertos USB: (1 x USB 2.0) &#8211; (1 x USB 3.2 Gen 1) &#8211; (1 x UBS Tipo-C 3.2 Gen 1 solo admite transferencia de datos)<\/li>\n<li style=\"text-align: justify\">Puerto de audio: 1 puerto para auriculares (combinado para micr\u00f3fono y auriculares)<\/li>\n<li style=\"text-align: justify\">Lector de tarjetas SD<\/li>\n<li style=\"text-align: justify\">Conector de alimentaci\u00f3n<\/li>\n<li style=\"text-align: justify\">Audio: Altavoces 1.5 W x2, Dolby Audio<\/li>\n<li style=\"text-align: justify\">C\u00e1mara: HD 720p con obturador de privacidad<\/li>\n<li style=\"text-align: justify\">Sistema operativo: FreeDos (Sin sistema operativo)<\/li>\n<li style=\"text-align: justify\">Color: Abyss Blue<\/li>\n<\/ul>\n<p style=\"text-align: justify\"><strong>DIMENSIONES:<\/strong><\/p>\n<ul>\n<li style=\"text-align: justify\">Dimensiones del producto (An x Pr x Al): 36.02 cm x 23.6 cm x 1.79 cm<\/li>\n<li style=\"text-align: justify\">Peso del producto: 1,61\u00a0kg<\/li>\n<\/ul>\n<p>SKU: 2902<\/p>\n<p>EAN: 0197531216625<\/p>\n<p>N\/P: PF4M35HB<\/p>\n","protected":false},"excerpt":{"rendered":"<p style=\"text-align: justify\">El port\u00e1til LENOVO IdeaPad 1 15ALC7 color Abyss Blue, encuentra todo el rendimiento que necesitas, un port\u00e1til accesible que cubre tus necesidades, su combinaci\u00f3n generosa de memoria Ram de 8GB, un almacenamiento en estado s\u00f3lido de 512 GB y un procesador AMD Ryzen 5 5500U es perfecto para tus tareas diarias.<\/p>\n","protected":false},"featured_media":5381,"comment_status":"closed","ping_status":"closed","template":"","meta":{"inline_featured_image":false},"pwb-brand":[420],"product_brand":[],"product_cat":[888,894],"product_tag":[1022,480,1041,1042,336,1026,1037,483,321,1240,1242,1068,1239,1241,1057,185,357],"class_list":{"0":"post-5321","1":"product","2":"type-product","3":"status-publish","4":"has-post-thumbnail","6":"pwb-brand-lenovo","7":"product_cat-computo","8":"product_cat-portatiles-computo","9":"product_tag-8gb-ddr4","10":"product_tag-amd","11":"product_tag-amd-ryzen-5","12":"product_tag-amd-ryzen-5-5500u","13":"product_tag-bluetooth","14":"product_tag-camara-web","15":"product_tag-fhd-1920-x-1080","16":"product_tag-freedos","17":"product_tag-hdmi","18":"product_tag-ideapad-1-15alc7","19":"product_tag-lector-de-tarjetas-sd","20":"product_tag-pantalla-15-6","21":"product_tag-portatil-lenovo","22":"product_tag-portatil-lenovo-ideapad-1-15alc7","23":"product_tag-ssd-512gb","24":"product_tag-usb","25":"product_tag-wifi","27":"first","28":"outofstock","29":"taxable","30":"shipping-taxable","31":"purchasable","32":"product-type-simple"},"brands":[{"id":420,"name":"Lenovo","slug":"lenovo"}],"_links":{"self":[{"href":"https:\/\/compuimpresion.com.co\/portal\/wp-json\/wp\/v2\/product\/5321","targetHints":{"allow":["GET"]}}],"collection":[{"href":"https:\/\/compuimpresion.com.co\/portal\/wp-json\/wp\/v2\/product"}],"about":[{"href":"https:\/\/compuimpresion.com.co\/portal\/wp-json\/wp\/v2\/types\/product"}],"replies":[{"embeddable":true,"href":"https:\/\/compuimpresion.com.co\/portal\/wp-json\/wp\/v2\/comments?post=5321"}],"wp:featuredmedia":[{"embeddable":true,"href":"https:\/\/compuimpresion.com.co\/portal\/wp-json\/wp\/v2\/media\/5381"}],"wp:attachment":[{"href":"https:\/\/compuimpresion.com.co\/portal\/wp-json\/wp\/v2\/media?parent=5321"}],"wp:term":[{"taxonomy":"pwb-brand","embeddable":true,"href":"https:\/\/compuimpresion.com.co\/portal\/wp-json\/wp\/v2\/pwb-brand?post=5321"},{"taxonomy":"product_brand","embeddable":true,"href":"https:\/\/compuimpresion.com.co\/portal\/wp-json\/wp\/v2\/product_brand?post=5321"},{"taxonomy":"product_cat","embeddable":true,"href":"https:\/\/compuimpresion.com.co\/portal\/wp-json\/wp\/v2\/product_cat?post=5321"},{"taxonomy":"product_tag","embeddable":true,"href":"https:\/\/compuimpresion.com.co\/portal\/wp-json\/wp\/v2\/product_tag?post=5321"}],"curies":[{"name":"wp","href":"https:\/\/api.w.org\/{rel}","templated":true}]}}