{"id":5312,"date":"2024-05-10T11:23:41","date_gmt":"2024-05-10T16:23:41","guid":{"rendered":"https:\/\/compuimpresion.com.co\/portal\/?post_type=product&#038;p=5312"},"modified":"2026-04-14T17:14:44","modified_gmt":"2026-04-14T22:14:44","slug":"impresora-termica-pos-dig-s300h","status":"publish","type":"product","link":"https:\/\/compuimpresion.com.co\/portal\/productos\/impresora-termica-pos-dig-s300h\/","title":{"rendered":"IMPRESORA T\u00c9RMICA POS DIG-S300H"},"content":{"rendered":"<p><strong>IMPRESORA T\u00c9RMICA POS DIG-S300H<\/strong><\/p>\n<p>Dise\u00f1ada para el trabajo intenso y para todo negocio, impresi\u00f3n lineal t\u00e9rmica directa con velocidad de impresi\u00f3n de 300mm\/s y cortador de alta duraci\u00f3n interfaz USB + LAN<\/p>\n<p><strong>ESPECIFICACIONES T\u00c9CNICAS:<\/strong><\/p>\n<p><strong>IMPRESI\u00d3N:<\/strong><\/p>\n<ul>\n<li>M\u00e9todo de Impresi\u00f3n: T\u00e9rmica directa<\/li>\n<li>Ancho del papel: 80mm \/ 58mm con adaptador<\/li>\n<li>Ancho de Impresi\u00f3n: 72mm \/ 48mm<\/li>\n<li>Capacidad de la columna: 576 Puntos \/ L\u00edneas<\/li>\n<li>Velocidad de impresi\u00f3n: 300 MM\/S<\/li>\n<li>Interface: USB + LAN<\/li>\n<li>Espaciado entre l\u00edneas: 3,75mm (ajustable por comandos)<\/li>\n<li>N\u00famero de Columna: 80mm papel \/ Fuente A: 42 col. o 48 col. \/ Fuente B: 56 col. o 64 col. \/ Simplificado \/ tradicional chino &#8211; 21 col. o 24 col.<\/li>\n<li>Caracter\u00edsticas de Tama\u00f1o: ANK Fuente A: 1.5X3.mm (12&#215;24 puntos) \/ Fuente B: 1,1&#215;2.1mm (9&#215;17 puntos) chino simplificado tradicional: 3.0&#215;3.0mm (24&#215;24 puntos)<\/li>\n<li>Auto Cortador: Parcial<\/li>\n<li>Vida \u00datil Auto Cortador: 2.5 millones de cortes<\/li>\n<li>Vida \u00datil del Cabezal de Impresi\u00f3n: 300 Km<\/li>\n<\/ul>\n<p><strong>SIMBOLOG\u00cdA DE FUENTES:<\/strong><\/p>\n<ul>\n<li>Hoja de Personaje de Extensi\u00f3n: PC347 (est\u00e1ndar europeo) \/ Katakana \/ PC850 (Multilengua) \/ PC860 (portugal) \/ PC860 (canadiense) \/ PC865 (nordico) \/Europa occidental \/ Griego \/ Hebreo \/ Europa del este \/ Irani \/ WPC1252 \/ PC866 (cyrillic #2) \/ PC852 (latino 2) \/ PC858 \/ IRAN \/ Lavtian \/ Arabe \/ PT151 (1251)<\/li>\n<li>C\u00f3digos 1D: UPC-A \/UPC-E \/ JAN13 (EAN13) \/ JAN8 (EAN8) \/ CODE39 \/ ITF \/ CODABAR\/CODE93\/CODE128<\/li>\n<li>C\u00f3digos 2D: C\u00f3digos QR \/ PDF417<\/li>\n<li>B\u00fafer de Entrada: 2048 Kbytes<\/li>\n<li>NV Flash: 256 Kbytes<\/li>\n<\/ul>\n<p><strong>POWER:<\/strong><\/p>\n<ul>\n<li>Adaptador de Poder Entrada: AC100-240V, 50-60HZ, Salida: DC 24v \/ 2,5 Amp<\/li>\n<li>Entrada de Impresora: DC 24V \/ 2.5 Amp<\/li>\n<li>Caj\u00f3n Monedero: DC 24V \/ 1 Amp<\/li>\n<\/ul>\n<p><strong>EQUIPO:<\/strong><\/p>\n<ul>\n<li>Emulaci\u00f3n: ESC \/ POS<\/li>\n<li>Sistemas Operativos Compatibles: Windows \/ JPOS \/ Linux \/ OPOS \/ Android \/ MAC<\/li>\n<li>SDK: IOS \/ Android \/ Windows<\/li>\n<\/ul>\n<p><strong>DIMENSIONES:<\/strong><\/p>\n<ul>\n<li>Dimensiones del producto (An x Pr x Al): 14.5 cm x 19.45 cm x.14.7 cm<\/li>\n<li>Peso del producto: 1.45\u00a0kg<\/li>\n<li>Dimensiones del paquete (An x Pr x Al): 22 cm x 25 cm 20 cm<\/li>\n<li>Peso del paquete: 3 kg<\/li>\n<\/ul>\n","protected":false},"excerpt":{"rendered":"<p style=\"text-align: justify\">Dise\u00f1ada para el trabajo intenso y para todo negocio, impresi\u00f3n lineal t\u00e9rmica directa con velocidad de impresi\u00f3n de 300mm\/s y cortador de alta duraci\u00f3n interfaz USB + LAN<\/p>\n","protected":false},"featured_media":5314,"comment_status":"closed","ping_status":"closed","template":"","meta":{"inline_featured_image":false},"pwb-brand":[1223],"product_brand":[],"product_cat":[1253],"product_tag":[991,1233,1229,1234,611,1225,1231,1235,1236,1232,493,992,1237,1238,162,185,990],"class_list":{"0":"post-5312","1":"product","2":"type-product","3":"status-publish","4":"has-post-thumbnail","6":"pwb-brand-digitalpos","7":"product_cat-solucion-pos","8":"product_tag-android","9":"product_tag-dig-s300h","10":"product_tag-digitalpos","11":"product_tag-digitalpos-dig-s300h","12":"product_tag-ethernet","13":"product_tag-impresora-termica","14":"product_tag-impresora-termica-digitalpos","15":"product_tag-impresora-termica-pos-dig-s300h","16":"product_tag-jpos","17":"product_tag-lan","18":"product_tag-linux","19":"product_tag-mac","20":"product_tag-opos","21":"product_tag-pos-dig-s300h","22":"product_tag-termica","23":"product_tag-usb","24":"product_tag-windows","26":"first","27":"outofstock","28":"taxable","29":"shipping-taxable","30":"purchasable","31":"product-type-simple"},"brands":[{"id":1223,"name":"DigitalPos","slug":"digitalpos"}],"_links":{"self":[{"href":"https:\/\/compuimpresion.com.co\/portal\/wp-json\/wp\/v2\/product\/5312","targetHints":{"allow":["GET"]}}],"collection":[{"href":"https:\/\/compuimpresion.com.co\/portal\/wp-json\/wp\/v2\/product"}],"about":[{"href":"https:\/\/compuimpresion.com.co\/portal\/wp-json\/wp\/v2\/types\/product"}],"replies":[{"embeddable":true,"href":"https:\/\/compuimpresion.com.co\/portal\/wp-json\/wp\/v2\/comments?post=5312"}],"wp:featuredmedia":[{"embeddable":true,"href":"https:\/\/compuimpresion.com.co\/portal\/wp-json\/wp\/v2\/media\/5314"}],"wp:attachment":[{"href":"https:\/\/compuimpresion.com.co\/portal\/wp-json\/wp\/v2\/media?parent=5312"}],"wp:term":[{"taxonomy":"pwb-brand","embeddable":true,"href":"https:\/\/compuimpresion.com.co\/portal\/wp-json\/wp\/v2\/pwb-brand?post=5312"},{"taxonomy":"product_brand","embeddable":true,"href":"https:\/\/compuimpresion.com.co\/portal\/wp-json\/wp\/v2\/product_brand?post=5312"},{"taxonomy":"product_cat","embeddable":true,"href":"https:\/\/compuimpresion.com.co\/portal\/wp-json\/wp\/v2\/product_cat?post=5312"},{"taxonomy":"product_tag","embeddable":true,"href":"https:\/\/compuimpresion.com.co\/portal\/wp-json\/wp\/v2\/product_tag?post=5312"}],"curies":[{"name":"wp","href":"https:\/\/api.w.org\/{rel}","templated":true}]}}