{"id":5307,"date":"2024-05-10T11:03:00","date_gmt":"2024-05-10T16:03:00","guid":{"rendered":"https:\/\/compuimpresion.com.co\/portal\/?post_type=product&#038;p=5307"},"modified":"2026-04-14T17:16:02","modified_gmt":"2026-04-14T22:16:02","slug":"impresora-termica-pos-dig-e200i","status":"publish","type":"product","link":"https:\/\/compuimpresion.com.co\/portal\/productos\/impresora-termica-pos-dig-e200i\/","title":{"rendered":"IMPRESORA T\u00c9RMICA POS DIG-E200I"},"content":{"rendered":"<p><strong>IMPRESORA T\u00c9RMICA POS DIG-E200I<\/strong><\/p>\n<p style=\"text-align: justify\">La Impresora T\u00e9rmica POS DIG-E200I es la soluci\u00f3n para tus impresiones que requieres en tu negocio. La impresora est\u00e1 equipada para conexi\u00f3n RED LAN y USB, lo que ofrece una eficacia en la impresi\u00f3n de recibos y documentos. Su dise\u00f1o garantiza un rendimiento consistente lo que ayuda a optimizar las operaciones comerciales en tu negocio.<\/p>\n<p style=\"text-align: justify\"><strong>ESPECIFICACIONES T\u00c9CNICAS: <\/strong><\/p>\n<ul>\n<li style=\"text-align: justify\">M\u00e9todo de impresi\u00f3n: T\u00e9rmica directa<\/li>\n<li style=\"text-align: justify\">Resoluci\u00f3n: 8 dots\/mm (203 DPI)<\/li>\n<li style=\"text-align: justify\">Ancho del papel: 80mm papel<\/li>\n<li style=\"text-align: justify\">Ancho de impresi\u00f3n: 72 MM}<\/li>\n<li style=\"text-align: justify\">Interface: USB + LAN<\/li>\n<li style=\"text-align: justify\">Velocidad de impresi\u00f3n: 200 MM\/S<\/li>\n<li style=\"text-align: justify\">Espaciado entre l\u00edneas: 3,75mm (ajustable por comandos)<\/li>\n<li style=\"text-align: justify\">N\u00famero de columna: 80mm papel: FUENTE A &#8211; 42 columnas o 48 columnas \/ FUENTE B &#8211; 56 columnas o 64 columnas \/ Simplificado \/ tradicional chino &#8211; 21 columnas o 24 columnas<\/li>\n<li style=\"text-align: justify\">Caracter\u00edsticas de tama\u00f1o: ANK fuente A: 1.5X3.mm (12&#215;24 puntos) fuente B: 1,1&#215;2.1mm (9&#215;17 puntos) chino simplificado tradicional: 3.0&#215;3.0mm (24&#215;24 puntos)<\/li>\n<\/ul>\n<p style=\"text-align: justify\"><strong>CORTADOR Y CABEZAL DE IMPRESI\u00d3N: <\/strong><\/p>\n<ul>\n<li style=\"text-align: justify\">Auto cortador: Parcial<\/li>\n<li style=\"text-align: justify\">Vida \u00fatil del cortador: 1.5 millones de cortes<\/li>\n<li style=\"text-align: justify\">Vida \u00fatil del cabezal de impresi\u00f3n: 150km<\/li>\n<\/ul>\n<p style=\"text-align: justify\"><strong>POWER:<\/strong><\/p>\n<ul>\n<li style=\"text-align: justify\">Adaptador de poder: entrada: AC100-240V, 50-60HZ, salida:\u00a0 DC 24v \/ 1,5amp<\/li>\n<li style=\"text-align: justify\">Entrada de impresora: DC 24v \/ 1,5amp<\/li>\n<li style=\"text-align: justify\">Caj\u00f3n monedero: DC 24V \/ 1amp<\/li>\n<\/ul>\n<p style=\"text-align: justify\"><strong>SOFTWARE<\/strong><\/p>\n<ul>\n<li style=\"text-align: justify\">Emulaci\u00f3n: ESC\/POS<\/li>\n<li style=\"text-align: justify\">Sistemas operativos compatibles: Windows \/ JPOS \/ Linux \/ OPOS \/ Android<\/li>\n<\/ul>\n<p style=\"text-align: justify\"><strong>DIMENSIONES:<\/strong><\/p>\n<ul>\n<li style=\"text-align: justify\">Dimensiones del producto (An x Pr x Al): 16.1 cm x 13 cm x.12.6 cm<\/li>\n<li style=\"text-align: justify\">Peso del producto: 1.0\u00a0kg<\/li>\n<li style=\"text-align: justify\">Dimensiones del paquete (An x Pr x Al): 22 cm x 18 cm 18 cm<\/li>\n<li style=\"text-align: justify\">Peso del paquete: 2 kg<\/li>\n<\/ul>\n","protected":false},"excerpt":{"rendered":"<p style=\"text-align: justify\">La Impresora T\u00e9rmica POS DIG-E200I es la soluci\u00f3n para tus impresiones que requieres en tu negocio. La impresora est\u00e1 equipada para conexi\u00f3n RED LAN y USB, lo que ofrece una eficacia en la impresi\u00f3n de recibos y documentos. Su dise\u00f1o garantiza un rendimiento consistente lo que ayuda a optimizar las operaciones comerciales en tu negocio.<\/p>\n","protected":false},"featured_media":5308,"comment_status":"closed","ping_status":"closed","template":"","meta":{"inline_featured_image":false},"pwb-brand":[1223],"product_brand":[],"product_cat":[1253],"product_tag":[1228,1229,1230,611,1225,1231,1227,1232,493,1226,162,185,990],"class_list":{"0":"post-5307","1":"product","2":"type-product","3":"status-publish","4":"has-post-thumbnail","6":"pwb-brand-digitalpos","7":"product_cat-solucion-pos","8":"product_tag-dig-e200i","9":"product_tag-digitalpos","10":"product_tag-digitalpos-dig-e200i","11":"product_tag-ethernet","12":"product_tag-impresora-termica","13":"product_tag-impresora-termica-digitalpos","14":"product_tag-impresora-termica-pos-dig-e200i","15":"product_tag-lan","16":"product_tag-linux","17":"product_tag-pos-dig-e200i","18":"product_tag-termica","19":"product_tag-usb","20":"product_tag-windows","22":"first","23":"instock","24":"taxable","25":"shipping-taxable","26":"purchasable","27":"product-type-simple"},"brands":[{"id":1223,"name":"DigitalPos","slug":"digitalpos"}],"_links":{"self":[{"href":"https:\/\/compuimpresion.com.co\/portal\/wp-json\/wp\/v2\/product\/5307","targetHints":{"allow":["GET"]}}],"collection":[{"href":"https:\/\/compuimpresion.com.co\/portal\/wp-json\/wp\/v2\/product"}],"about":[{"href":"https:\/\/compuimpresion.com.co\/portal\/wp-json\/wp\/v2\/types\/product"}],"replies":[{"embeddable":true,"href":"https:\/\/compuimpresion.com.co\/portal\/wp-json\/wp\/v2\/comments?post=5307"}],"wp:featuredmedia":[{"embeddable":true,"href":"https:\/\/compuimpresion.com.co\/portal\/wp-json\/wp\/v2\/media\/5308"}],"wp:attachment":[{"href":"https:\/\/compuimpresion.com.co\/portal\/wp-json\/wp\/v2\/media?parent=5307"}],"wp:term":[{"taxonomy":"pwb-brand","embeddable":true,"href":"https:\/\/compuimpresion.com.co\/portal\/wp-json\/wp\/v2\/pwb-brand?post=5307"},{"taxonomy":"product_brand","embeddable":true,"href":"https:\/\/compuimpresion.com.co\/portal\/wp-json\/wp\/v2\/product_brand?post=5307"},{"taxonomy":"product_cat","embeddable":true,"href":"https:\/\/compuimpresion.com.co\/portal\/wp-json\/wp\/v2\/product_cat?post=5307"},{"taxonomy":"product_tag","embeddable":true,"href":"https:\/\/compuimpresion.com.co\/portal\/wp-json\/wp\/v2\/product_tag?post=5307"}],"curies":[{"name":"wp","href":"https:\/\/api.w.org\/{rel}","templated":true}]}}