{"id":5297,"date":"2024-05-09T12:09:31","date_gmt":"2024-05-09T17:09:31","guid":{"rendered":"https:\/\/compuimpresion.com.co\/portal\/?post_type=product&#038;p=5297"},"modified":"2024-07-19T15:27:24","modified_gmt":"2024-07-19T20:27:24","slug":"portatil-dell-latitude-14-3420-intel-core-i3-1125g4-8gb-ddr4-256gb-ssd-pantalla-14-hd","status":"publish","type":"product","link":"https:\/\/compuimpresion.com.co\/portal\/productos\/portatil-dell-latitude-14-3420-intel-core-i3-1125g4-8gb-ddr4-256gb-ssd-pantalla-14-hd\/","title":{"rendered":"PORT\u00c1TIL DELL LATITUDE 14 3420 &#8211; INTEL CORE I3 1125G4 &#8211; 8GB DDR4 &#8211; 256GB SSD &#8211; PANTALLA 14&#8243; HD"},"content":{"rendered":"<p style=\"text-align: justify\"><strong>PORT\u00c1TIL DELL LATITUDE 14 3420 &#8211; INTEL CORE I3 1125G4 &#8211; 8GB DDR4 &#8211; 256GB SSD &#8211; PANTALLA 14&#8243; HD<\/strong><\/p>\n<p style=\"text-align: justify\">Los equipos Dell se destacan por ofrecer soluciones reales para cada una de las necesidades. Ya sea para conectarte, entretenerte, trabajar o colaborar de manera online, podr\u00e1s hacerlo de forma segura desde cualquier lugar y en cualquier momento.<\/p>\n<p style=\"text-align: justify\"><strong>Dise\u00f1o moderno para potenciar la productividad:<\/strong><\/p>\n<p style=\"text-align: justify\"><strong>Dise\u00f1o sorprendente:<\/strong><\/p>\n<p style=\"text-align: justify\">El port\u00e1til Latitude 3420 es m\u00e1s peque\u00f1o y ligero y cuenta con un nuevo acabado m\u00e1s oscuro, laterales pulidos y un bisel fino.<\/p>\n<p style=\"text-align: justify\"><strong>Teclado actualizado:<\/strong><\/p>\n<p style=\"text-align: justify\">Con un teclado integral m\u00e1s grande, teclas personalizadas y un panel t\u00e1ctil con un tama\u00f1o un 18 % mayor, escribir y navegar ser\u00e1 m\u00e1s f\u00e1cil que nunca.<\/p>\n<p style=\"text-align: justify\"><strong>Nuestro compromiso con la sostenibilidad:<\/strong><\/p>\n<p style=\"text-align: justify\">Nuestros sistemas cuentan con la certificaci\u00f3n EPEAT Gold, lo que garantiza que Latitude sea una compra de la que pueda sentir orgullo. Adem\u00e1s, al elegir sistemas que cumplen el programa Energy Star, no solo se ahorra dinero, sino que tambi\u00e9n se reducen las emisiones asociadas a la producci\u00f3n de electricidad.<\/p>\n<p style=\"text-align: justify\"><strong>ESPECIFICACIONES T\u00c9CNICAS:<\/strong><\/p>\n<ul>\n<li style=\"text-align: justify\">Procesador: Intel Core i3 1125G4 (N\u00facleos: 4 \/ subprocesos: 8 &#8211; Frecuencia turbo m\u00e1xima: 3,70 GHz, 8 MB Intel Smart Cache)<\/li>\n<li style=\"text-align: justify\">Memoria Ram: 8GB DDR4<\/li>\n<li style=\"text-align: justify\">Almacenamiento: Disco de Estado S\u00f3lido 256GB SSD<\/li>\n<li style=\"text-align: justify\">Tama\u00f1o de Pantalla: 14&#8243; HD, antirreflejante, sin funcionalidad t\u00e1ctil, 45 % NTSC, 220 nits<\/li>\n<li style=\"text-align: justify\">Resoluci\u00f3n de la Pantalla: 1366 x 768<\/li>\n<li style=\"text-align: justify\">Conectividad: Wi-Fi<\/li>\n<\/ul>\n<p><u>Puertos:<\/u><\/p>\n<ul>\n<li style=\"text-align: justify\">1 puerto USB tipo C 3.2 Gen 2 con DisplayPort con modo alternativo\/Power Delivery<\/li>\n<li style=\"text-align: justify\">1 puerto USB 3.2 Gen 1<\/li>\n<li style=\"text-align: justify\">1 puerto USB 3.2 Gen 1 con PowerShare<\/li>\n<li style=\"text-align: justify\">1 puerto USB 2.0<\/li>\n<li style=\"text-align: justify\">1 puerto HDMI 1.4a<\/li>\n<li style=\"text-align: justify\">1 puerto RJ-45 Ethernet<\/li>\n<li style=\"text-align: justify\">1 puerto de audio universal<\/li>\n<li style=\"text-align: justify\">1 puerto de adaptador de corriente<\/li>\n<\/ul>\n<p><u>Ranuras:<\/u><\/p>\n<ul>\n<li style=\"text-align: justify\">1 ranura para tarjetas microSD 3.0<\/li>\n<li style=\"text-align: justify\">1 ranura microSIM (solo WWAN)<\/li>\n<li style=\"text-align: justify\">1 ranura de bloqueo en forma de cu\u00f1a<\/li>\n<li style=\"text-align: justify\">Audio: Dos Altavoces de 2 W, 4 W en total<\/li>\n<li style=\"text-align: justify\">C\u00e1mara: HD 720p con un micr\u00f3fono integrado<\/li>\n<li style=\"text-align: justify\">Sistema operativo: Windows 11 Pro<\/li>\n<li style=\"text-align: justify\">Color: Negro<\/li>\n<\/ul>\n<p>DIMENSIONES:<\/p>\n<ul>\n<li>Dimensiones del producto (An x Pr x Al): 32.6 cm x 22. 6 cm x 1.76 cm<\/li>\n<li>Peso del producto: 1.52\u00a0kg<\/li>\n<li>Dimensiones del paquete (An x Pr x Al): 40 cm x 30 cm 9 cm<\/li>\n<li>Peso del paquete: 3.5 kg<\/li>\n<\/ul>\n<p>&nbsp;<\/p>\n<p style=\"text-align: justify\">SKU: 0582<\/p>\n<p style=\"text-align: justify\">EAN: 0930016881778<\/p>\n<p style=\"text-align: justify\">N\/P: CYGL14TGLN<\/p>\n","protected":false},"excerpt":{"rendered":"<p style=\"text-align: justify\">Los equipos Dell se destacan por ofrecer soluciones reales para cada una de las necesidades. Ya sea para conectarte, entretenerte, trabajar o colaborar de manera online, podr\u00e1s hacerlo de forma segura desde cualquier lugar y en cualquier momento.<\/p>\n","protected":false},"featured_media":5298,"comment_status":"closed","ping_status":"closed","template":"","meta":{"inline_featured_image":false},"pwb-brand":[216],"product_brand":[],"product_cat":[888,894],"product_tag":[1026,488,611,1090,321,540,1036,1220,1219,1075,226,1217,1218,1029,1222,1221,1053,185,357,990,1044,1076],"class_list":{"0":"post-5297","1":"product","2":"type-product","3":"status-publish","4":"has-post-thumbnail","6":"pwb-brand-dell","7":"product_cat-computo","8":"product_cat-portatiles-computo","9":"product_tag-camara-web","10":"product_tag-dell","11":"product_tag-ethernet","12":"product_tag-hd-1366x768","13":"product_tag-hdmi","14":"product_tag-intel","15":"product_tag-intel-core-i3","16":"product_tag-intel-core-i3-1125g4","17":"product_tag-latitude-3420","18":"product_tag-pantalla-14","19":"product_tag-portatil","20":"product_tag-portatil-dell","21":"product_tag-portatil-dell-latitude-3420","22":"product_tag-ram-8gb-ddr4","23":"product_tag-ranura-microsim","24":"product_tag-ranura-para-tarjetas-microsd-3-0","25":"product_tag-ssd-256gb","26":"product_tag-usb","27":"product_tag-wifi","28":"product_tag-windows","29":"product_tag-windows-11","30":"product_tag-windows-11-pro","32":"first","33":"outofstock","34":"taxable","35":"shipping-taxable","36":"purchasable","37":"product-type-simple"},"brands":[{"id":216,"name":"DELL","slug":"dell"}],"_links":{"self":[{"href":"https:\/\/compuimpresion.com.co\/portal\/wp-json\/wp\/v2\/product\/5297","targetHints":{"allow":["GET"]}}],"collection":[{"href":"https:\/\/compuimpresion.com.co\/portal\/wp-json\/wp\/v2\/product"}],"about":[{"href":"https:\/\/compuimpresion.com.co\/portal\/wp-json\/wp\/v2\/types\/product"}],"replies":[{"embeddable":true,"href":"https:\/\/compuimpresion.com.co\/portal\/wp-json\/wp\/v2\/comments?post=5297"}],"wp:featuredmedia":[{"embeddable":true,"href":"https:\/\/compuimpresion.com.co\/portal\/wp-json\/wp\/v2\/media\/5298"}],"wp:attachment":[{"href":"https:\/\/compuimpresion.com.co\/portal\/wp-json\/wp\/v2\/media?parent=5297"}],"wp:term":[{"taxonomy":"pwb-brand","embeddable":true,"href":"https:\/\/compuimpresion.com.co\/portal\/wp-json\/wp\/v2\/pwb-brand?post=5297"},{"taxonomy":"product_brand","embeddable":true,"href":"https:\/\/compuimpresion.com.co\/portal\/wp-json\/wp\/v2\/product_brand?post=5297"},{"taxonomy":"product_cat","embeddable":true,"href":"https:\/\/compuimpresion.com.co\/portal\/wp-json\/wp\/v2\/product_cat?post=5297"},{"taxonomy":"product_tag","embeddable":true,"href":"https:\/\/compuimpresion.com.co\/portal\/wp-json\/wp\/v2\/product_tag?post=5297"}],"curies":[{"name":"wp","href":"https:\/\/api.w.org\/{rel}","templated":true}]}}