{"id":5290,"date":"2024-05-06T10:24:43","date_gmt":"2024-05-06T15:24:43","guid":{"rendered":"https:\/\/compuimpresion.com.co\/portal\/?post_type=product&#038;p=5290"},"modified":"2024-11-07T09:57:34","modified_gmt":"2024-11-07T14:57:34","slug":"portatil-hp-14-em0009la-amd-ryzen-5-7520u-16gb-lpddr5-512gb-ssd-pantalla-14-fhd","status":"publish","type":"product","link":"https:\/\/compuimpresion.com.co\/portal\/productos\/portatil-hp-14-em0009la-amd-ryzen-5-7520u-16gb-lpddr5-512gb-ssd-pantalla-14-fhd\/","title":{"rendered":"PORT\u00c1TIL HP 14-EM0009LA &#8211; AMD RYZEN 5 7520U &#8211; 16GB LPDDR5 &#8211; 512GB SSD &#8211; PANTALLA 14&#8243; FHD"},"content":{"rendered":"<p style=\"text-align: justify\"><strong>PORT\u00c1TIL HP 14-EM0009LA &#8211; AMD RYZEN 5 7520U &#8211; 16GB LPDDR5 &#8211; 512GB SSD &#8211; PANTALLA 14&#8243; FHD<\/strong><\/p>\n<p style=\"text-align: justify\">Comienza a usar estos equipos confiables que superan f\u00e1cilmente la prueba de buena vibra. Los equipos HP est\u00e1n fabricados con tecnolog\u00eda confiable, potencia de primer nivel y desempe\u00f1o s\u00f3lido que convierte tu lista de tareas pendientes en una lista de tareas ya hechas.<\/p>\n<p style=\"text-align: justify\"><strong>Desempe\u00f1o que dura todo el d\u00eda:<\/strong><\/p>\n<p style=\"text-align: justify\">Enfrenta el d\u00eda con un procesador AMD confiable, HP Fast Charge, y r\u00e1pidas conexiones inal\u00e1mbricas.<\/p>\n<p style=\"text-align: justify\"><strong>Im\u00e1genes n\u00edtidas y vibrantes:<\/strong><\/p>\n<p style=\"text-align: justify\">Todo tu contenido se ver\u00e1 genial gracias al dise\u00f1o elegante, la pantalla vibrante y la relaci\u00f3n pantalla-cuerpo de 84 %.<\/p>\n<p style=\"text-align: justify\"><strong>Fabricaci\u00f3n confiable con materiales reciclados:<\/strong><\/p>\n<p style=\"text-align: justify\">La laptop HP de 14&#8243; contiene pl\u00e1sticos reciclados y cuenta con el registro EPEAT Gold y la certificaci\u00f3n ENERGY STAR.<\/p>\n<p style=\"text-align: justify\"><strong>Procesador AMD Ryzen 5:<\/strong><\/p>\n<p style=\"text-align: justify\">Una laptop con un desempe\u00f1o impresionante. Su revolucionaria arquitectura con una impresionante bater\u00eda de larga duraci\u00f3n incorpora prestaciones de procesamiento m\u00faltiple y una tarjeta gr\u00e1fica Vega que permite resolver las tareas multimedia m\u00e1s exigentes.<\/p>\n<p style=\"text-align: justify\"><strong>Sin oscilaciones:<\/strong><\/p>\n<p style=\"text-align: justify\">Con la tecnolog\u00eda de atenuaci\u00f3n DC Dimming la cual controla el brillo ajustando la corriente continua en lugar de ciclar la luz de fondo, podemos eliminar el parpadeo de la pantalla para una visualizaci\u00f3n m\u00e1s c\u00f3moda.<\/p>\n<p style=\"text-align: justify\"><strong>Gr\u00e1ficos AMD Radeon:<\/strong><\/p>\n<p style=\"text-align: justify\">Ya sea que se trate de juegos o pel\u00edculas, disfruta del alto desempe\u00f1o en todo el entretenimiento.<\/p>\n<p style=\"text-align: justify\"><strong>Pantalla Full HD:<\/strong><\/p>\n<p style=\"text-align: justify\">Si\u00e9ntate y disfruta de im\u00e1genes de gran nitidez con la calidad que brindan 2 millones de p\u00edxeles. La resoluci\u00f3n de 1920 x 1080 ofrece una nueva dimensi\u00f3n a todo tu contenido digital.<\/p>\n<p style=\"text-align: justify\"><strong>ESPECIFICACIONES T\u00c9CNICAS: <\/strong><\/p>\n<ul style=\"text-align: justify\">\n<li>Procesador: AMD Ryzen 5 7520U (4 n\u00facleos \/8 subprocesos), Reloj base 2.8 GHz \/Reloj de aumento m\u00e1x. 4.3 GHz, Cache L2 Total 2 MB, Cache L3 Total 4 MB)<\/li>\n<li>Memoria Ram 16GB LPDDR5<\/li>\n<li>Almacenamiento: Disco de Estado S\u00f3lido 512GB SSD<\/li>\n<li>Tama\u00f1o de Pantalla: 14&#8243; FHD, microborde, antireflejante, 250 nits, 45% NTSC<\/li>\n<li>Resoluci\u00f3n de la Pantalla: 1920 x 1080<\/li>\n<li>Conectividad: Wi-Fi y Bluetooth<\/li>\n<li>Puerto HDMI 1.4<\/li>\n<li>Puertos USB: (2 x USB tipo A con velocidad de se\u00f1alizaci\u00f3n de 5 Gb\/s) &#8211; (1 x UBS Tipo-C con velocidad de se\u00f1alizaci\u00f3n de 5 Gb\/s &#8211; admite solo transferencia de datos y no admite carga o monitores externos)<\/li>\n<li>Puerto de audio: 1 puerto para auriculares (combinado para micr\u00f3fono y auriculares)<\/li>\n<li>Conector de alimentaci\u00f3n<\/li>\n<li>Audio: Dos Altavoces<\/li>\n<li>C\u00e1mara: FHD HP True Vision de 1080p<\/li>\n<li>Sistema operativo: FreeDos (Sin sistema operativo)<\/li>\n<li>Color: Cubierta dorada c\u00e1lida, base y marco de teclado en plata natural<\/li>\n<\/ul>\n<p style=\"text-align: justify\"><strong>DIMENSIONES:<\/strong><\/p>\n<ul style=\"text-align: justify\">\n<li>Dimensiones del producto (An x Pr x Al): 32.37 cm x 21. 5 cm x 1.79 cm<\/li>\n<li>Peso del producto: 1,4\u00a0kg<\/li>\n<li>Dimensiones del paquete (An x Pr x Al): 41 cm x 29.5 cm 8.5 cm<\/li>\n<li>Peso del paquete: 3.5 kg<\/li>\n<\/ul>\n<p style=\"text-align: justify\">SKU: 3061<\/p>\n<p>EAN: 0197497164121<\/p>\n<p>N\/P: 802L8LA#ABM<\/p>\n","protected":false},"excerpt":{"rendered":"<p style=\"text-align: justify\">Comienza a usar estos equipos confiables que superan f\u00e1cilmente la prueba de buena vibra. Los equipos HP est\u00e1n fabricados con tecnolog\u00eda confiable, potencia de primer nivel y desempe\u00f1o s\u00f3lido que convierte tu lista de tareas pendientes en una lista de tareas ya hechas.<\/p>\n","protected":false},"featured_media":5291,"comment_status":"closed","ping_status":"closed","template":"","meta":{"inline_featured_image":false},"pwb-brand":[124],"product_brand":[],"product_cat":[888,894],"product_tag":[480,1041,1215,336,1026,1037,483,321,297,1214,1075,1209,1213,1216,1057,185,357],"class_list":{"0":"post-5290","1":"product","2":"type-product","3":"status-publish","4":"has-post-thumbnail","6":"pwb-brand-hp","7":"product_cat-computo","8":"product_cat-portatiles-computo","9":"product_tag-amd","10":"product_tag-amd-ryzen-5","11":"product_tag-amd-ryzen-5-7520u","12":"product_tag-bluetooth","13":"product_tag-camara-web","14":"product_tag-fhd-1920-x-1080","15":"product_tag-freedos","16":"product_tag-hdmi","17":"product_tag-hp","18":"product_tag-hp-14-em0009la","19":"product_tag-pantalla-14","20":"product_tag-portatil-hp","21":"product_tag-portatil-hp-14-em0009la","22":"product_tag-ram-16gb-lpddr5","23":"product_tag-ssd-512gb","24":"product_tag-usb","25":"product_tag-wifi","27":"first","28":"outofstock","29":"taxable","30":"shipping-taxable","31":"purchasable","32":"product-type-simple"},"brands":[{"id":124,"name":"HP","slug":"hp"}],"_links":{"self":[{"href":"https:\/\/compuimpresion.com.co\/portal\/wp-json\/wp\/v2\/product\/5290","targetHints":{"allow":["GET"]}}],"collection":[{"href":"https:\/\/compuimpresion.com.co\/portal\/wp-json\/wp\/v2\/product"}],"about":[{"href":"https:\/\/compuimpresion.com.co\/portal\/wp-json\/wp\/v2\/types\/product"}],"replies":[{"embeddable":true,"href":"https:\/\/compuimpresion.com.co\/portal\/wp-json\/wp\/v2\/comments?post=5290"}],"wp:featuredmedia":[{"embeddable":true,"href":"https:\/\/compuimpresion.com.co\/portal\/wp-json\/wp\/v2\/media\/5291"}],"wp:attachment":[{"href":"https:\/\/compuimpresion.com.co\/portal\/wp-json\/wp\/v2\/media?parent=5290"}],"wp:term":[{"taxonomy":"pwb-brand","embeddable":true,"href":"https:\/\/compuimpresion.com.co\/portal\/wp-json\/wp\/v2\/pwb-brand?post=5290"},{"taxonomy":"product_brand","embeddable":true,"href":"https:\/\/compuimpresion.com.co\/portal\/wp-json\/wp\/v2\/product_brand?post=5290"},{"taxonomy":"product_cat","embeddable":true,"href":"https:\/\/compuimpresion.com.co\/portal\/wp-json\/wp\/v2\/product_cat?post=5290"},{"taxonomy":"product_tag","embeddable":true,"href":"https:\/\/compuimpresion.com.co\/portal\/wp-json\/wp\/v2\/product_tag?post=5290"}],"curies":[{"name":"wp","href":"https:\/\/api.w.org\/{rel}","templated":true}]}}