{"id":5268,"date":"2024-04-29T12:00:18","date_gmt":"2024-04-29T17:00:18","guid":{"rendered":"https:\/\/compuimpresion.com.co\/portal\/?post_type=product&#038;p=5268"},"modified":"2024-10-10T15:40:38","modified_gmt":"2024-10-10T20:40:38","slug":"video-proyector-viewsonic-pa503w","status":"publish","type":"product","link":"https:\/\/compuimpresion.com.co\/portal\/productos\/video-proyector-viewsonic-pa503w\/","title":{"rendered":"VIDEO PROYECTOR VIEWSONIC PA503W"},"content":{"rendered":"<p><strong>VIDEO PROYECTOR VIEWSONIC PA503W<\/strong><\/p>\n<p style=\"text-align: justify\">El ViewSonic PA503W ofrece un rendimiento visual impresionante en salas de juntas de negocios y salones de tama\u00f1o peque\u00f1o. Con una luminosidad m\u00e1s alta y una mayor vida de la l\u00e1mpara, se garantiza que el proyector PA503W reproducir\u00e1 los detalles m\u00e1s finos en cualquier entorno durante mucho m\u00e1s tiempo. La tecnolog\u00eda SuperColour exclusiva de ViewSonic ofrece un rango m\u00e1s amplio de color visualizable, asegurando una precisi\u00f3n de colores de gran realismo tanto en entornos brillantes como oscuros, sin sacrificar la calidad de la imagen.<\/p>\n<p><strong>Caracter\u00edsticas principales<\/strong><\/p>\n<ul>\n<li>BRILLO SUPERIOR. LARGA DURACI\u00d3N DE LA L\u00c1MPARA.<\/li>\n<li>3800 l\u00famenes con una relaci\u00f3n de contraste de 22.000:1 para presentaciones brillantes y n\u00edtidas<\/li>\n<li>Eficiencia energ\u00e9tica y hasta 15,000horas de vida de la l\u00e1mpara (en modo SuperEco)<\/li>\n<li>La tecnolog\u00eda SuperColour ofrece colores vivos y precisos<\/li>\n<li>5 modos de color para adaptarse a distintos escenarios de los usuarios<\/li>\n<li>La opci\u00f3n V Keystone permite ajustarla imagen f\u00e1cilmente<\/li>\n<\/ul>\n<p><strong>ESPECIFICACIONES<\/strong><\/p>\n<ul>\n<li>Sistema de proyecci\u00f3n: 0.65&#8243; WXGA<\/li>\n<li>Resolucion nativa: 1280&#215;800<\/li>\n<li>Tipo DMD: DC3<\/li>\n<li>Brillo: 3800 ANSI Lumens<\/li>\n<li>Relaci\u00f3n de contraste con modo SuperEco:\u00a0 22000:1<\/li>\n<li>Display Color: 1.07 Billion Colors<\/li>\n<li>Tipo de fuente de luz: Lamp<\/li>\n<li>Light Source Life (hours) with Normal Mode: 5000<\/li>\n<li>Light Source Life (hours) with SuperEco Mode: 15000<\/li>\n<li>Vatios de la l\u00e1mpara:\u00a0 200W<\/li>\n<li>Lente:\u00a0 F=2.56-2.68, f=22-24.1mm<\/li>\n<li>Compensaci\u00f3n de proyecci\u00f3n: 100%+\/-5%<\/li>\n<li>Ratio de proyecci\u00f3n:\u00a0\u00a0 1.55-1.70<\/li>\n<li>Zoom \u00f3ptico:\u00a0 1.1x<\/li>\n<li>Zoom digital: 0.8x-2.0x<\/li>\n<li>Tama\u00f1o de la imagen: 30&#8243;-300&#8243;<\/li>\n<li>Distancia de proyecci\u00f3n: 1m-10.98m(100&#8243;@3.34m)<\/li>\n<li>Keystone: +\/- 40\u00b0 (V)<\/li>\n<li>Ruido audible (Normal): 31dB<\/li>\n<li>Audible Noise (Eco):\u00a0\u00a0 27dB<\/li>\n<li>Input Lag: 16ms<\/li>\n<li>Resoluciones soportadas: VGA (640 x 480) to Full HD (1920 x 1080)<\/li>\n<li>Compatibilidad con HDTV: 480i, 480p, 576i, 576p, 720p, 1080i, 1080p<\/li>\n<li>Compatibilidad de v\u00eddeo: NTSC, PAL, SECAM<\/li>\n<li>Frecuencia horizontal: 15K-102KHz<\/li>\n<li>Velocidad de exploraci\u00f3n vertical: 23-120Hz<\/li>\n<\/ul>\n<p><strong>ENTRADAS<\/strong><\/p>\n<ul>\n<li>Entrada PC (compartido por componente):\u00a0 2<\/li>\n<li>Compuesto:\u00a0\u00a0\u00a0 1<\/li>\n<li>HDMI: 1 (HDMI 1.4\/ HDCP 1.4)<\/li>\n<li>Entrada de audio (3.5 mm):\u00a0\u00a0 1<\/li>\n<\/ul>\n<p><strong>SALIDAS<\/strong><\/p>\n<ul>\n<li>Salida monitor: 1<\/li>\n<li>Audio-out (3.5mm):\u00a0\u00a0 1<\/li>\n<li>Altavoz: 2W<\/li>\n<\/ul>\n<p><strong>CONTROL<\/strong><\/p>\n<ul>\n<li>RS232 (DB 9 pines macho):\u00a0\u00a0\u00a0 1<\/li>\n<li>USB Tipo Mini B (Servicio):\u00a0\u00a0\u00a0 1<\/li>\n<\/ul>\n<p><strong>OTROS<\/strong><\/p>\n<ul>\n<li>Voltaje de la fuente de alimentaci\u00f3n: 100-240V+\/- 10%, 50\/60Hz (AC in)<\/li>\n<li>Consumo de energ\u00eda: Normal: 260WStandby: &lt;0.5W<\/li>\n<li>Temperatura de funcionamiento: 0~40\u2103<\/li>\n<li>Cart\u00f3n: Brown<\/li>\n<\/ul>\n<p><strong>DIMENSIONES:<\/strong><\/p>\n<ul>\n<li>Dimensiones del producto (An x Pr x Al): 29.4 cm x 21.8 cm x 11 cm<\/li>\n<li>Peso del producto: 2.2\u00a0kg<\/li>\n<li>Dimensiones del paquete (An x Pr x Al): 36.5 cm x 30 cm 18.8 cm<\/li>\n<li>Peso del paquete: 3.2 kg<\/li>\n<\/ul>\n<p>SKU: 1932<\/p>\n<p>EAN: 0766907904918<\/p>\n<p>N\/P: VS16907<\/p>\n","protected":false},"excerpt":{"rendered":"<p style=\"text-align: justify\">El ViewSonic PA503W ofrece un rendimiento visual impresionante en salas de juntas de negocios y salones de tama\u00f1o peque\u00f1o. Con una luminosidad m\u00e1s alta y una mayor vida de la l\u00e1mpara, se garantiza que el proyector PA503W reproducir\u00e1 los detalles m\u00e1s finos en cualquier entorno durante mucho m\u00e1s tiempo.<\/p>\n","protected":false},"featured_media":5269,"comment_status":"closed","ping_status":"closed","template":"","meta":{"inline_featured_image":false},"pwb-brand":[1014],"product_brand":[],"product_cat":[256],"product_tag":[1199,1194,321,1195,358,1196,325,1198,1015,1197],"class_list":{"0":"post-5268","1":"product","2":"type-product","3":"status-publish","4":"has-post-thumbnail","6":"pwb-brand-viewsonic","7":"product_cat-video-proyectores-2","8":"product_tag-1280-x-800","9":"product_tag-entrada-de-audio","10":"product_tag-hdmi","11":"product_tag-pa503w","12":"product_tag-proyector","13":"product_tag-usb-mini","14":"product_tag-vga","15":"product_tag-video-proyector","16":"product_tag-viewsonic","17":"product_tag-viewsonic-pa503w","19":"first","20":"outofstock","21":"taxable","22":"shipping-taxable","23":"purchasable","24":"product-type-simple"},"brands":[{"id":1014,"name":"Viewsonic","slug":"viewsonic"}],"_links":{"self":[{"href":"https:\/\/compuimpresion.com.co\/portal\/wp-json\/wp\/v2\/product\/5268","targetHints":{"allow":["GET"]}}],"collection":[{"href":"https:\/\/compuimpresion.com.co\/portal\/wp-json\/wp\/v2\/product"}],"about":[{"href":"https:\/\/compuimpresion.com.co\/portal\/wp-json\/wp\/v2\/types\/product"}],"replies":[{"embeddable":true,"href":"https:\/\/compuimpresion.com.co\/portal\/wp-json\/wp\/v2\/comments?post=5268"}],"wp:featuredmedia":[{"embeddable":true,"href":"https:\/\/compuimpresion.com.co\/portal\/wp-json\/wp\/v2\/media\/5269"}],"wp:attachment":[{"href":"https:\/\/compuimpresion.com.co\/portal\/wp-json\/wp\/v2\/media?parent=5268"}],"wp:term":[{"taxonomy":"pwb-brand","embeddable":true,"href":"https:\/\/compuimpresion.com.co\/portal\/wp-json\/wp\/v2\/pwb-brand?post=5268"},{"taxonomy":"product_brand","embeddable":true,"href":"https:\/\/compuimpresion.com.co\/portal\/wp-json\/wp\/v2\/product_brand?post=5268"},{"taxonomy":"product_cat","embeddable":true,"href":"https:\/\/compuimpresion.com.co\/portal\/wp-json\/wp\/v2\/product_cat?post=5268"},{"taxonomy":"product_tag","embeddable":true,"href":"https:\/\/compuimpresion.com.co\/portal\/wp-json\/wp\/v2\/product_tag?post=5268"}],"curies":[{"name":"wp","href":"https:\/\/api.w.org\/{rel}","templated":true}]}}