{"id":5253,"date":"2024-04-26T10:02:11","date_gmt":"2024-04-26T15:02:11","guid":{"rendered":"https:\/\/compuimpresion.com.co\/portal\/?post_type=product&#038;p=5253"},"modified":"2026-04-14T17:17:43","modified_gmt":"2026-04-14T22:17:43","slug":"bolsa-de-tinta-t11b1-para-epson-wf-c5890-negra","status":"publish","type":"product","link":"https:\/\/compuimpresion.com.co\/portal\/productos\/bolsa-de-tinta-t11b1-para-epson-wf-c5890-negra\/","title":{"rendered":"BOLSA DE TINTA T11B1 PARA EPSON WF-C5890 NEGRA"},"content":{"rendered":"<p><strong>BOLSA DE TINTA T11B1 PARA EPSON WF-C5890 NEGRA <\/strong><\/p>\n<p style=\"text-align: justify\">Consiga los mejores resultados en todas tus impresiones con las bolsas de tinta para las impresoras de la prestigiosa marca Epson. Adem\u00e1s, obt\u00e9n el mejor rendimiento y calidad de impresi\u00f3n de hasta 10.000 p\u00e1ginas aproximadamente al 5%.<\/p>\n<p><strong>Impresoras compatibles: <\/strong><\/p>\n<ul>\n<li>WorkForce Pro WF-C5310<\/li>\n<li>WorkForce Pro WF-C5390<\/li>\n<li>WorkForce Pro WF-C5810<\/li>\n<li>WorkForce Pro WF-C5890<\/li>\n<\/ul>\n<p><strong>Dimensiones:<\/strong><\/p>\n<ul>\n<li>Dimensiones del producto (An x Pr x Al): 26 cm x 12 cm x 2 cm<\/li>\n<li>Peso del producto: 1 kg<\/li>\n<li>Dimensiones del paquete (An x Pr x Al): 29 cm x 15 x 5 cm<\/li>\n<li>Peso del paquete: 1 kg<\/li>\n<\/ul>\n<p>Sku: 4878<\/p>\n<p>Ean: 010343975071<\/p>\n<p>N\/P: C13T11B12A<\/p>\n","protected":false},"excerpt":{"rendered":"<p style=\"text-align: justify\">Consiga los mejores resultados en todas tus impresiones con las bolsas de tinta para las impresoras de la prestigiosa marca Epson. Adem\u00e1s, obt\u00e9n el mejor rendimiento y calidad de impresi\u00f3n de hasta 10.000 p\u00e1ginas aproximadamente al 5%.<\/p>\n","protected":false},"featured_media":5254,"comment_status":"closed","ping_status":"closed","template":"","meta":{"inline_featured_image":false},"pwb-brand":[125],"product_brand":[],"product_cat":[1261,907],"product_tag":[385,1158,1167,1173,1174,1182,245,1187,131,292,1183,1184,1185,1186],"class_list":{"0":"post-5253","1":"product","2":"type-product","3":"status-publish","4":"has-post-thumbnail","6":"pwb-brand-epson","7":"product_cat-botellas-y-bolsas-de-tinta","8":"product_cat-consumibles","9":"product_tag-bolsa","10":"product_tag-bolsa-de-tinta","11":"product_tag-bolsa-de-tinta-epson","12":"product_tag-bolsa-de-tinta-negra","13":"product_tag-bolsa-de-tinta-negra-epson","14":"product_tag-c13t11b12a","15":"product_tag-epson","16":"product_tag-t11b1","17":"product_tag-tinta","18":"product_tag-tinta-negra-epson","19":"product_tag-workforce-pro-wf-c5310","20":"product_tag-workforce-pro-wf-c5390","21":"product_tag-workforce-pro-wf-c5810","22":"product_tag-workforce-pro-wf-c5890","24":"first","25":"instock","26":"taxable","27":"shipping-taxable","28":"purchasable","29":"product-type-simple"},"brands":[{"id":125,"name":"Epson","slug":"epson"}],"_links":{"self":[{"href":"https:\/\/compuimpresion.com.co\/portal\/wp-json\/wp\/v2\/product\/5253","targetHints":{"allow":["GET"]}}],"collection":[{"href":"https:\/\/compuimpresion.com.co\/portal\/wp-json\/wp\/v2\/product"}],"about":[{"href":"https:\/\/compuimpresion.com.co\/portal\/wp-json\/wp\/v2\/types\/product"}],"replies":[{"embeddable":true,"href":"https:\/\/compuimpresion.com.co\/portal\/wp-json\/wp\/v2\/comments?post=5253"}],"wp:featuredmedia":[{"embeddable":true,"href":"https:\/\/compuimpresion.com.co\/portal\/wp-json\/wp\/v2\/media\/5254"}],"wp:attachment":[{"href":"https:\/\/compuimpresion.com.co\/portal\/wp-json\/wp\/v2\/media?parent=5253"}],"wp:term":[{"taxonomy":"pwb-brand","embeddable":true,"href":"https:\/\/compuimpresion.com.co\/portal\/wp-json\/wp\/v2\/pwb-brand?post=5253"},{"taxonomy":"product_brand","embeddable":true,"href":"https:\/\/compuimpresion.com.co\/portal\/wp-json\/wp\/v2\/product_brand?post=5253"},{"taxonomy":"product_cat","embeddable":true,"href":"https:\/\/compuimpresion.com.co\/portal\/wp-json\/wp\/v2\/product_cat?post=5253"},{"taxonomy":"product_tag","embeddable":true,"href":"https:\/\/compuimpresion.com.co\/portal\/wp-json\/wp\/v2\/product_tag?post=5253"}],"curies":[{"name":"wp","href":"https:\/\/api.w.org\/{rel}","templated":true}]}}