{"id":5225,"date":"2024-04-23T09:54:23","date_gmt":"2024-04-23T14:54:23","guid":{"rendered":"https:\/\/compuimpresion.com.co\/portal\/?post_type=product&#038;p=5225"},"modified":"2025-10-17T14:12:09","modified_gmt":"2025-10-17T19:12:09","slug":"impresora-brother-mfc-t4500dw-multifuncional","status":"publish","type":"product","link":"https:\/\/compuimpresion.com.co\/portal\/productos\/impresora-brother-mfc-t4500dw-multifuncional\/","title":{"rendered":"IMPRESORA MFC-T4500DW BROTHER MULTIFUNCIONAL"},"content":{"rendered":"<p><strong>IMPRESORA BROTHER MFC-T4500DW MULTIFUNCIONAL<\/strong><\/p>\n<p style=\"text-align: justify\">El multifuncional de inyecci\u00f3n de tinta a color MFC-T4500DW de la serie InkBenefit Tank Business de Brother ofrece resultados de alta calidad a bajo precio y la ventaja adicional de poder imprimir en papel de hasta 27.9 x 43.2 cm (A3). Dise\u00f1ado para pymes, este potente equipo viene con una pantalla a color LCD de 2,7&#8243; que permite navegar f\u00e1cilmente por el men\u00fa e imprimir desde y escanear hacia varias aplicaciones populares en la nube. Impresi\u00f3n y escaneado mediante dispositivos m\u00f3viles para usuarios que se mantienen lejos del escritorio. La bandeja de hasta 250 hojas admite papel de hasta 27.9 x 43.2 cm y la bandeja multiprop\u00f3sito de 100 hojas es ideal para varios tama\u00f1os de papel. Las funciones N-en-1 y Copiado de documentos de identidad ayudan a ahorrar papel y a reducir gastos de impresi\u00f3n.<\/p>\n<p style=\"text-align: justify\"><strong>Caracter\u00edsticas Principales<\/strong><\/p>\n<ul>\n<li style=\"text-align: justify\">Dise\u00f1ada para la empresa. Impresi\u00f3n r\u00e1pida para ayudar a aumentar la productividad en el trabajo y menor tiempo de espera al imprimir la primera hoja. Velocidad de impresi\u00f3n r\u00e1pida 35 ppm en negro y 27 ppm a color. Impresi\u00f3n ISO hasta 22 ipm en negro y 20 ipm a color ((ISO\/IEC 24734)<\/li>\n<li style=\"text-align: justify\">Impresora, copiadora, esc\u00e1ner y fax de documentos de hasta A3. Tama\u00f1o del cristal del Esc\u00e1ner tama\u00f1o doble carta (A3) y alimentador autom\u00e1tico de documentos de hasta 50 hojas. Impresi\u00f3n d\u00faplex (por ambas caras) autom\u00e1tica.<\/li>\n<li style=\"text-align: justify\">Navegue y seleccione con facilidad una gama de funciones potentes en la pantalla t\u00e1ctil de 2,7&#8243;.<\/li>\n<li style=\"text-align: justify\">Imprima f\u00e1cilmente documentos a dos caras. D\u00faplex autom\u00e1tico para ayudar a reducir costos al imprimir documentos profesionales, presentaciones, folletos y cat\u00e1logos a doble faz.<\/li>\n<li style=\"text-align: justify\">Imprima y escanee desde sus dispositivos m\u00f3viles mediante su smartphone, tablet y computadora port\u00e1til o de escritorio.<\/li>\n<li style=\"text-align: justify\">Bandeja de hasta 250 hojas y bandeja MP de hasta 100 hojas.<\/li>\n<li style=\"text-align: justify\">Puerto USB incorporado para imprimir o escanear desde all\u00ed.<\/li>\n<\/ul>\n<p style=\"text-align: justify\"><strong>ESPECIFICACIONES DEL PRODUCTO:<\/strong><\/p>\n<ul style=\"text-align: justify\">\n<li>Velocidad m\u00e1xima de impresi\u00f3n basada en Black ISO: 22<\/li>\n<li>Velocidad de Impresi\u00f3n en negro (Carta) (m\u00e1x. ppm): 35<\/li>\n<li>Impresi\u00f3n sin bordes: S\u00ed<\/li>\n<li>Velocidad m\u00e1xima de impresi\u00f3n basada en Color-ISO: 20<\/li>\n<li>Velocidad de Impresi\u00f3n en color (Carta) (m\u00e1x. ppm): 27<\/li>\n<li>Tipo de suministro: Botellas de Tinta<\/li>\n<li>D\u00faplex autom\u00e1tico: Impresi\u00f3n \u00fanicamente<\/li>\n<li>Resoluci\u00f3n de impresi\u00f3n: 4800 x 1200 dpi<\/li>\n<li>Tecnolog\u00eda de impresi\u00f3n: Inkjet<\/li>\n<li>Compatibilidad de controlador de impresora: Windows, Mac OS, Linux<\/li>\n<li>Capacidad de entrada del papel (m\u00e1xima): Hasta 250 hojas m\u00e1s bandeja multiprop\u00f3sito de hasta 100 hojas<\/li>\n<li>Alimentador autom\u00e1tico de documentos: Hasta 50 p\u00e1ginas<\/li>\n<li>Interfaces est\u00e1ndares: 802.11b\/g\/n inal\u00e1mbrica, USB 2.0 de alta velocidad, Ethernet<\/li>\n<li>Velocidad de copiado (m\u00e1xima): Negro (ISO\/IEC 24735): hasta 12 ppm &#8211; Color (ISO\/IEC 24735): hasta 15 ppm<\/li>\n<li>Resoluci\u00f3n de copiado (m\u00e1xima) Impresi\u00f3n: hasta 4.800 x 1.200 dpi &#8211; Escaneado: hasta 600 x 600 dpi (FB\/ADF)<\/li>\n<li>Ampliaci\u00f3n\/reducci\u00f3n de copia 25% a 400% en incrementos de 1%<\/li>\n<li>Opciones de copiado Multicopiado\/apilado (hasta 99), ordenaci\u00f3n, N en 1, p\u00f3ster, ajustar a p\u00e1gina, eliminaci\u00f3n del color base, autoenderezamiento<\/li>\n<li>Tipo de esc\u00e1ner: Cama plana a color (CIS) y ADF (hasta 50 p\u00e1ginas)<\/li>\n<li>Tama\u00f1o del cristal del esc\u00e1ner: 11&#8243; x 17&#8243; (A3)<\/li>\n<li>Resoluci\u00f3n de escaneado (m\u00e1xima) \u00d3ptica: hasta 2.400 x 1.200 dpi &#8211; Interpolada: hasta 19.200 x 19.200 dpi<\/li>\n<li>Escaneado a otros destinos Imagen, OCR, correo electr\u00f3nico, archivo, memoria USB, FTP\u00b1, servidor de correo electr\u00f3nico (mediante descarga) \u00b1, red, SFTP<\/li>\n<li>M\u00f3dem del fax 33.600 bps<\/li>\n<li>Memoria de p\u00e1ginas del fax (m\u00e1xima) Hasta 200 p\u00e1ginas<\/li>\n<li>Memoria de marcado 250 (200 marcado r\u00e1pido, 50 manual)<\/li>\n<li>Compatibilidad PC-fax6 S\u00ed<\/li>\n<li>Compatibilidad con sistemas operativos: PC: Windows 10, 8.1, 8, 7 SP1 (32 &amp; 64 bit) \/ Windows Server 2016, 2012R, 2012, 2008 (32 &amp; 64 bit) &#8211; macOS: v10.13.x, 10.12.x, 10.11.6<\/li>\n<li>Compatibilidad con dispositivos m\u00f3viles: AirPrint, Google Cloud Print\u2122, Mopria y Brother iPrint&amp;Scan<\/li>\n<li>Ciclo mensual de trabajo m\u00e1ximo: Hasta 30.000 p\u00e1ginas<\/li>\n<li>Volumen mensual recomendado: 250 a 2.000 p\u00e1ginas<\/li>\n<\/ul>\n<p style=\"text-align: justify\"><strong>DIMENSIONES:<\/strong><\/p>\n<ul style=\"text-align: justify\">\n<li>Dimensiones del producto (An x Pr x Al): 57.40 cm x 47.75 cm x 30.48 cm<\/li>\n<li>Peso del producto: 20.59\u00a0kg<\/li>\n<li>Dimensiones del paquete (An x Pr x Al): 66.80 cm x 56.38 cm 42.41 cm<\/li>\n<li>Peso del paquete: 25.12 kg<\/li>\n<\/ul>\n<p style=\"text-align: justify\">SKU: 2019<\/p>\n<p style=\"text-align: justify\">EAN: 0012502651604<\/p>\n<p style=\"text-align: justify\">N\/P: 8CH14300146<\/p>\n","protected":false},"excerpt":{"rendered":"<p style=\"text-align: justify\">El multifuncional de inyecci\u00f3n de tinta a color MFC-T4500DW de la serie InkBenefit Tank Business de Brother ofrece resultados de alta calidad a bajo precio y la ventaja adicional de poder imprimir en papel de hasta 27.9 x 43.2 cm (A3). Dise\u00f1ado para pymes, este potente equipo viene con una pantalla a color LCD de 2,7&#8243; que permite navegar f\u00e1cilmente por el men\u00fa e imprimir desde y escanear hacia varias aplicaciones populares en la nube. Impresi\u00f3n y escaneado mediante dispositivos m\u00f3viles para usuarios que se mantienen lejos del escritorio.<\/p>\n","protected":false},"featured_media":5226,"comment_status":"closed","ping_status":"closed","template":"","meta":{"inline_featured_image":false},"pwb-brand":[129],"product_brand":[],"product_cat":[891,1259],"product_tag":[1156,398,1155,1157,721,374,611,146,874,992,1154,516,1153,131,185,357,990],"class_list":{"0":"post-5225","1":"product","2":"type-product","3":"status-publish","4":"has-post-thumbnail","6":"pwb-brand-brother","7":"product_cat-impresion","8":"product_cat-inyeccion-de-tinta","9":"product_tag-botella-de-tinta","10":"product_tag-brother","11":"product_tag-brother-mfc-t4500dw","12":"product_tag-copiadora","13":"product_tag-duplex","14":"product_tag-escaner","15":"product_tag-ethernet","16":"product_tag-impresora","17":"product_tag-inyeccion","18":"product_tag-mac","19":"product_tag-mfc-t4500dw","20":"product_tag-multifunctional","21":"product_tag-t4500dw","22":"product_tag-tinta","23":"product_tag-usb","24":"product_tag-wifi","25":"product_tag-windows","27":"first","28":"outofstock","29":"taxable","30":"shipping-taxable","31":"purchasable","32":"product-type-simple"},"brands":[{"id":129,"name":"Brother","slug":"brother"}],"_links":{"self":[{"href":"https:\/\/compuimpresion.com.co\/portal\/wp-json\/wp\/v2\/product\/5225","targetHints":{"allow":["GET"]}}],"collection":[{"href":"https:\/\/compuimpresion.com.co\/portal\/wp-json\/wp\/v2\/product"}],"about":[{"href":"https:\/\/compuimpresion.com.co\/portal\/wp-json\/wp\/v2\/types\/product"}],"replies":[{"embeddable":true,"href":"https:\/\/compuimpresion.com.co\/portal\/wp-json\/wp\/v2\/comments?post=5225"}],"wp:featuredmedia":[{"embeddable":true,"href":"https:\/\/compuimpresion.com.co\/portal\/wp-json\/wp\/v2\/media\/5226"}],"wp:attachment":[{"href":"https:\/\/compuimpresion.com.co\/portal\/wp-json\/wp\/v2\/media?parent=5225"}],"wp:term":[{"taxonomy":"pwb-brand","embeddable":true,"href":"https:\/\/compuimpresion.com.co\/portal\/wp-json\/wp\/v2\/pwb-brand?post=5225"},{"taxonomy":"product_brand","embeddable":true,"href":"https:\/\/compuimpresion.com.co\/portal\/wp-json\/wp\/v2\/product_brand?post=5225"},{"taxonomy":"product_cat","embeddable":true,"href":"https:\/\/compuimpresion.com.co\/portal\/wp-json\/wp\/v2\/product_cat?post=5225"},{"taxonomy":"product_tag","embeddable":true,"href":"https:\/\/compuimpresion.com.co\/portal\/wp-json\/wp\/v2\/product_tag?post=5225"}],"curies":[{"name":"wp","href":"https:\/\/api.w.org\/{rel}","templated":true}]}}