{"id":5218,"date":"2024-04-17T10:36:09","date_gmt":"2024-04-17T15:36:09","guid":{"rendered":"https:\/\/compuimpresion.com.co\/portal\/?post_type=product&#038;p=5218"},"modified":"2024-07-24T11:46:50","modified_gmt":"2024-07-24T16:46:50","slug":"toner-kyocera-tk-3432","status":"publish","type":"product","link":"https:\/\/compuimpresion.com.co\/portal\/productos\/toner-kyocera-tk-3432\/","title":{"rendered":"TONER KYOCERA TK-3432"},"content":{"rendered":"<p style=\"text-align: justify\">Obt\u00e9n impresiones n\u00edtidas y de calidad profesional con el cartucho de t\u00f3ner negro TK-3432 de KYOCERA. Dise\u00f1ado para ofrecer un rendimiento confiable y duradero, este cartucho es compatible con una variedad de impresoras KYOCERA, asegurando resultados consistentes en cada p\u00e1gina.<\/p>\n<p>Rendimiento: 21.000 p\u00e1ginas aproximadamente texto al 5% calidad borrador<\/p>\n<p><strong>Caracter\u00edsticas:\u00a0\u00a0\u00a0\u00a0\u00a0\u00a0\u00a0\u00a0\u00a0\u00a0\u00a0\u00a0\u00a0\u00a0\u00a0\u00a0\u00a0\u00a0\u00a0\u00a0\u00a0\u00a0\u00a0\u00a0\u00a0\u00a0\u00a0\u00a0\u00a0\u00a0\u00a0\u00a0\u00a0\u00a0\u00a0\u00a0\u00a0\u00a0\u00a0\u00a0\u00a0\u00a0\u00a0\u00a0\u00a0\u00a0\u00a0\u00a0\u00a0\u00a0\u00a0\u00a0\u00a0\u00a0\u00a0\u00a0\u00a0\u00a0\u00a0\u00a0\u00a0\u00a0\u00a0\u00a0\u00a0\u00a0\u00a0\u00a0\u00a0 <\/strong><\/p>\n<p>Impresoras compatibles: PA5500x y MA5500ifx<\/p>\n<p><strong>Dimensiones:<\/strong><\/p>\n<ul>\n<li>Dimensiones del producto (An x Pr x Al): 30 cm x 15 cm x 10 cm<\/li>\n<li>Peso del producto: 1 kg<\/li>\n<li>Dimensiones del paquete (An x Pr x Al): 33.27 cm x 18.54 cm x 12.7 cm<\/li>\n<li>Peso del paquete: 1.5 kg<\/li>\n<\/ul>\n<p>Sku: 1108<\/p>\n<p>Ean: 0632983080559<\/p>\n<p>N\/P: 1T02S50US1<\/p>\n","protected":false},"excerpt":{"rendered":"<p style=\"text-align: justify\">Obt\u00e9n impresiones n\u00edtidas y de calidad profesional con el cartucho de t\u00f3ner negro TK-3432 de KYOCERA. Dise\u00f1ado para ofrecer un rendimiento confiable y duradero, este cartucho es compatible con una variedad de impresoras KYOCERA, asegurando resultados consistentes en cada p\u00e1gina.<\/p>\n","protected":false},"featured_media":5423,"comment_status":"closed","ping_status":"closed","template":"","meta":{"inline_featured_image":false},"pwb-brand":[569],"product_brand":[],"product_cat":[907,1264],"product_tag":[519,650,997,1149,1147,703,1148],"class_list":{"0":"post-5218","1":"product","2":"type-product","3":"status-publish","4":"has-post-thumbnail","6":"pwb-brand-kyocera","7":"product_cat-consumibles","8":"product_cat-toner-consumibles","9":"product_tag-cartucho-de-toner","10":"product_tag-kyocera","11":"product_tag-ma5500ifx","12":"product_tag-pa5500x","13":"product_tag-tk-3432","14":"product_tag-toner","15":"product_tag-toner-kyocera-tk-3432","17":"first","18":"instock","19":"taxable","20":"shipping-taxable","21":"purchasable","22":"product-type-simple"},"brands":[{"id":569,"name":"Kyocera","slug":"kyocera"}],"_links":{"self":[{"href":"https:\/\/compuimpresion.com.co\/portal\/wp-json\/wp\/v2\/product\/5218","targetHints":{"allow":["GET"]}}],"collection":[{"href":"https:\/\/compuimpresion.com.co\/portal\/wp-json\/wp\/v2\/product"}],"about":[{"href":"https:\/\/compuimpresion.com.co\/portal\/wp-json\/wp\/v2\/types\/product"}],"replies":[{"embeddable":true,"href":"https:\/\/compuimpresion.com.co\/portal\/wp-json\/wp\/v2\/comments?post=5218"}],"wp:featuredmedia":[{"embeddable":true,"href":"https:\/\/compuimpresion.com.co\/portal\/wp-json\/wp\/v2\/media\/5423"}],"wp:attachment":[{"href":"https:\/\/compuimpresion.com.co\/portal\/wp-json\/wp\/v2\/media?parent=5218"}],"wp:term":[{"taxonomy":"pwb-brand","embeddable":true,"href":"https:\/\/compuimpresion.com.co\/portal\/wp-json\/wp\/v2\/pwb-brand?post=5218"},{"taxonomy":"product_brand","embeddable":true,"href":"https:\/\/compuimpresion.com.co\/portal\/wp-json\/wp\/v2\/product_brand?post=5218"},{"taxonomy":"product_cat","embeddable":true,"href":"https:\/\/compuimpresion.com.co\/portal\/wp-json\/wp\/v2\/product_cat?post=5218"},{"taxonomy":"product_tag","embeddable":true,"href":"https:\/\/compuimpresion.com.co\/portal\/wp-json\/wp\/v2\/product_tag?post=5218"}],"curies":[{"name":"wp","href":"https:\/\/api.w.org\/{rel}","templated":true}]}}