{"id":5215,"date":"2024-04-17T10:24:17","date_gmt":"2024-04-17T15:24:17","guid":{"rendered":"https:\/\/compuimpresion.com.co\/portal\/?post_type=product&#038;p=5215"},"modified":"2024-07-24T09:52:21","modified_gmt":"2024-07-24T14:52:21","slug":"toner-kyocera-tk-3182","status":"publish","type":"product","link":"https:\/\/compuimpresion.com.co\/portal\/productos\/toner-kyocera-tk-3182\/","title":{"rendered":"TONER KYOCERA TK-3182"},"content":{"rendered":"<p style=\"text-align: justify\">El t\u00f3ner Kyocera TK-3182 es un cartucho de t\u00f3ner negro compatible con las impresoras l\u00e1ser P3055dn y M3655idn. El t\u00f3ner Kyocera original tiene el logotipo de Kyocera impreso en el empaque y moldeado en el contenedor del cartucho.<\/p>\n<p>Rendimiento: 21.000 p\u00e1ginas aproximadamente texto al 5% calidad borrador<\/p>\n<p><strong>Caracter\u00edsticas:\u00a0\u00a0\u00a0\u00a0\u00a0\u00a0\u00a0\u00a0\u00a0\u00a0\u00a0\u00a0\u00a0\u00a0\u00a0\u00a0\u00a0\u00a0\u00a0\u00a0\u00a0\u00a0\u00a0\u00a0\u00a0\u00a0\u00a0\u00a0\u00a0\u00a0\u00a0\u00a0\u00a0\u00a0\u00a0\u00a0\u00a0\u00a0\u00a0\u00a0\u00a0\u00a0\u00a0\u00a0\u00a0\u00a0\u00a0\u00a0\u00a0\u00a0\u00a0\u00a0\u00a0\u00a0\u00a0\u00a0\u00a0\u00a0\u00a0\u00a0\u00a0\u00a0\u00a0\u00a0\u00a0\u00a0\u00a0\u00a0\u00a0 <\/strong><\/p>\n<p>Impresoras compatibles: M3655 \/ P3055<\/p>\n<p><strong>Dimensiones:<\/strong><\/p>\n<ul>\n<li>Dimensiones del producto (An x Pr x Al): 31 cm x 15 cm x 11 cm<\/li>\n<li>Peso del producto: 1 kg<\/li>\n<li>Dimensiones del paquete (An x Pr x Al): 34 cm x 18 x 14 cm<\/li>\n<li>Peso del paquete: 1.5 kg<\/li>\n<\/ul>\n<p>Sku: 4443<\/p>\n<p>Ean: 0632983062302<\/p>\n<p>N\/P: 302T751023<\/p>\n","protected":false},"excerpt":{"rendered":"<p style=\"text-align: justify\">El t\u00f3ner Kyocera TK-3182 es un cartucho de t\u00f3ner negro compatible con las impresoras l\u00e1ser P3055dn y M3655idn. El t\u00f3ner Kyocera original tiene el logotipo de Kyocera impreso en el empaque y moldeado en el contenedor del cartucho.<\/p>\n","protected":false},"featured_media":5422,"comment_status":"closed","ping_status":"closed","template":"","meta":{"inline_featured_image":false},"pwb-brand":[569],"product_brand":[],"product_cat":[907,1264],"product_tag":[519,650,1145,1146,1143,703,1144],"class_list":{"0":"post-5215","1":"product","2":"type-product","3":"status-publish","4":"has-post-thumbnail","6":"pwb-brand-kyocera","7":"product_cat-consumibles","8":"product_cat-toner-consumibles","9":"product_tag-cartucho-de-toner","10":"product_tag-kyocera","11":"product_tag-m3655","12":"product_tag-p3055","13":"product_tag-tk-3182","14":"product_tag-toner","15":"product_tag-toner-kyocera-tk-3182","17":"first","18":"instock","19":"taxable","20":"shipping-taxable","21":"purchasable","22":"product-type-simple"},"brands":[{"id":569,"name":"Kyocera","slug":"kyocera"}],"_links":{"self":[{"href":"https:\/\/compuimpresion.com.co\/portal\/wp-json\/wp\/v2\/product\/5215","targetHints":{"allow":["GET"]}}],"collection":[{"href":"https:\/\/compuimpresion.com.co\/portal\/wp-json\/wp\/v2\/product"}],"about":[{"href":"https:\/\/compuimpresion.com.co\/portal\/wp-json\/wp\/v2\/types\/product"}],"replies":[{"embeddable":true,"href":"https:\/\/compuimpresion.com.co\/portal\/wp-json\/wp\/v2\/comments?post=5215"}],"wp:featuredmedia":[{"embeddable":true,"href":"https:\/\/compuimpresion.com.co\/portal\/wp-json\/wp\/v2\/media\/5422"}],"wp:attachment":[{"href":"https:\/\/compuimpresion.com.co\/portal\/wp-json\/wp\/v2\/media?parent=5215"}],"wp:term":[{"taxonomy":"pwb-brand","embeddable":true,"href":"https:\/\/compuimpresion.com.co\/portal\/wp-json\/wp\/v2\/pwb-brand?post=5215"},{"taxonomy":"product_brand","embeddable":true,"href":"https:\/\/compuimpresion.com.co\/portal\/wp-json\/wp\/v2\/product_brand?post=5215"},{"taxonomy":"product_cat","embeddable":true,"href":"https:\/\/compuimpresion.com.co\/portal\/wp-json\/wp\/v2\/product_cat?post=5215"},{"taxonomy":"product_tag","embeddable":true,"href":"https:\/\/compuimpresion.com.co\/portal\/wp-json\/wp\/v2\/product_tag?post=5215"}],"curies":[{"name":"wp","href":"https:\/\/api.w.org\/{rel}","templated":true}]}}