{"id":5213,"date":"2024-04-17T10:03:25","date_gmt":"2024-04-17T15:03:25","guid":{"rendered":"https:\/\/compuimpresion.com.co\/portal\/?post_type=product&#038;p=5213"},"modified":"2025-10-15T16:04:52","modified_gmt":"2025-10-15T21:04:52","slug":"toner-kyocera-tk-1242","status":"publish","type":"product","link":"https:\/\/compuimpresion.com.co\/portal\/productos\/toner-kyocera-tk-1242\/","title":{"rendered":"TONER KYOCERA TK-1242"},"content":{"rendered":"<p style=\"text-align: justify\">Obt\u00e9n impresiones n\u00edtidas y de calidad profesional con el cartucho de t\u00f3ner negro TK-1242 de KYOCERA. Dise\u00f1ado para ofrecer un rendimiento confiable y duradero, este cartucho es compatible con una variedad de impresoras KYOCERA, asegurando resultados consistentes en cada p\u00e1gina.<\/p>\n<p style=\"text-align: justify\"><strong>Especificaciones:<\/strong><\/p>\n<ul>\n<li style=\"text-align: justify\">Impresoras compatibles: MA2000 \/ PA2000<\/li>\n<li style=\"text-align: justify\">Ofrece resultados de calidad profesional<\/li>\n<li style=\"text-align: justify\">Rendimiento excepcional constante<\/li>\n<li style=\"text-align: justify\">El t\u00f3ner de alta capacidad (rendimiento: 1.5K @ ISO 19752) ofrece beneficios de costos a largo plazo<\/li>\n<\/ul>\n<p><strong>Dimensiones:<\/strong><\/p>\n<ul>\n<li>Dimensiones del producto (An x Pr x Al): 29 cm x 10 cm x 14 cm<\/li>\n<li>Peso del producto: 1 kg<\/li>\n<li>Dimensiones del paquete (An x Pr x Al): 32 cm x 13 cm x 17 cm<\/li>\n<li>Peso del paquete: 1.5 kg<\/li>\n<\/ul>\n<p>Sku: 1875<\/p>\n<p>Ean: 0632983070529<\/p>\n<p>N\/P: 1T02Y80UX0001<\/p>\n","protected":false},"excerpt":{"rendered":"<p>Obt\u00e9n impresiones n\u00edtidas y de calidad profesional con el cartucho de t\u00f3ner negro TK-1242 de KYOCERA. Dise\u00f1ado para ofrecer un rendimiento confiable y duradero, este cartucho es compatible con una variedad de impresoras KYOCERA, asegurando resultados consistentes en cada p\u00e1gina. Especificaciones: Impresoras compatibles: MA2000 \/ PA2000 Ofrece resultados de calidad profesional Rendimiento excepcional constante El [&hellip;]<\/p>\n","protected":false},"featured_media":5214,"comment_status":"closed","ping_status":"closed","template":"","meta":{"inline_featured_image":false},"pwb-brand":[569],"product_brand":[],"product_cat":[907,1264],"product_tag":[519,650,1140,1141,924,703,1142],"class_list":{"0":"post-5213","1":"product","2":"type-product","3":"status-publish","4":"has-post-thumbnail","6":"pwb-brand-kyocera","7":"product_cat-consumibles","8":"product_cat-toner-consumibles","9":"product_tag-cartucho-de-toner","10":"product_tag-kyocera","11":"product_tag-ma2000","12":"product_tag-pa2000","13":"product_tag-tk-1242","14":"product_tag-toner","15":"product_tag-toner-tk-1242","17":"first","18":"outofstock","19":"taxable","20":"shipping-taxable","21":"purchasable","22":"product-type-simple"},"brands":[{"id":569,"name":"Kyocera","slug":"kyocera"}],"_links":{"self":[{"href":"https:\/\/compuimpresion.com.co\/portal\/wp-json\/wp\/v2\/product\/5213","targetHints":{"allow":["GET"]}}],"collection":[{"href":"https:\/\/compuimpresion.com.co\/portal\/wp-json\/wp\/v2\/product"}],"about":[{"href":"https:\/\/compuimpresion.com.co\/portal\/wp-json\/wp\/v2\/types\/product"}],"replies":[{"embeddable":true,"href":"https:\/\/compuimpresion.com.co\/portal\/wp-json\/wp\/v2\/comments?post=5213"}],"wp:featuredmedia":[{"embeddable":true,"href":"https:\/\/compuimpresion.com.co\/portal\/wp-json\/wp\/v2\/media\/5214"}],"wp:attachment":[{"href":"https:\/\/compuimpresion.com.co\/portal\/wp-json\/wp\/v2\/media?parent=5213"}],"wp:term":[{"taxonomy":"pwb-brand","embeddable":true,"href":"https:\/\/compuimpresion.com.co\/portal\/wp-json\/wp\/v2\/pwb-brand?post=5213"},{"taxonomy":"product_brand","embeddable":true,"href":"https:\/\/compuimpresion.com.co\/portal\/wp-json\/wp\/v2\/product_brand?post=5213"},{"taxonomy":"product_cat","embeddable":true,"href":"https:\/\/compuimpresion.com.co\/portal\/wp-json\/wp\/v2\/product_cat?post=5213"},{"taxonomy":"product_tag","embeddable":true,"href":"https:\/\/compuimpresion.com.co\/portal\/wp-json\/wp\/v2\/product_tag?post=5213"}],"curies":[{"name":"wp","href":"https:\/\/api.w.org\/{rel}","templated":true}]}}