{"id":5200,"date":"2024-04-08T12:22:43","date_gmt":"2024-04-08T17:22:43","guid":{"rendered":"https:\/\/compuimpresion.com.co\/portal\/?post_type=product&#038;p=5200"},"modified":"2024-09-11T16:16:39","modified_gmt":"2024-09-11T21:16:39","slug":"todo-en-uno-asus-v241eak-ba083d-intel-core-i3-1115g4u-ssd-256gb-ddr4-4gb-pantalla-23-8","status":"publish","type":"product","link":"https:\/\/compuimpresion.com.co\/portal\/productos\/todo-en-uno-asus-v241eak-ba083d-intel-core-i3-1115g4u-ssd-256gb-ddr4-4gb-pantalla-23-8\/","title":{"rendered":"TODO EN UNO ASUS V241EAK-BA083D, INTEL CORE I3 1115G4U, SSD 256GB, DDR4 4GB, PANTALLA 23.8&#8243;"},"content":{"rendered":"<p style=\"text-align: justify\"><strong>TODO EN UNO ASUS V241EAK-BA083D, INTEL CORE I3 1115G4U, SSD 256GB, DDR4 4GB, PANTALLA 23.8&#8243;<\/strong><\/p>\n<p style=\"text-align: justify\">La incre\u00edblemente bella PC todo en uno Vivo AiO 24 tiene un bisel de pantalla de 2 mm casi invisible que brinda im\u00e1genes de borde a borde y una incre\u00edble relaci\u00f3n de pantalla a cuerpo del 88%. Con una pantalla LED Full HD de 23.8 pulgadas y un avanzado audio ASUS SonicMaster con un sistema de parlantes Bass Reflex, el Vivo AiO V241 te sumergir\u00e1 en sorprendentes efectos visuales y un sonido excelente para la m\u00e1xima experiencia de entretenimiento.<\/p>\n<p style=\"text-align: justify\"><strong>Sin detalles, sin esfuerzo<\/strong><\/p>\n<p style=\"text-align: justify\">Vivo AiO 24 tiene un soporte integrado simple pero elegante que est\u00e1 esculpido en una sola pieza de aluminio. Dise\u00f1ado para una estabilidad completa y una apariencia elegante, su forma se basa en el car\u00e1cter chino \u4eba, que significa \u00abhumano\u00bb. Una bisagra perfectamente equilibrada mantiene la pantalla firmemente en su lugar, a la vez que permite inclinar la pantalla sin esfuerzo hasta el \u00e1ngulo m\u00e1s c\u00f3modo.<\/p>\n<p style=\"text-align: justify\"><strong>Altavoces Bass Reflex avanzados<\/strong><\/p>\n<p style=\"text-align: justify\">Para experiencias multimedia incre\u00edblemente envolventes, el sistema de audio del Vivo AiO 24 incluye una tecnolog\u00eda poderosa. Los dos altavoces est\u00e9reo integrados de alta calidad cuentan con c\u00e1maras de audio 2.7 veces m\u00e1s grandes que la generaci\u00f3n anterior, y utilizan un dise\u00f1o avanzado Bass Reflex que normalmente solo est\u00e1 disponible en sistemas de altavoces de alta fidelidad, para ofrecer bajos suaves y potentes y sonidos claros y de rango completo que deber\u00e1s escuchar para creer.<\/p>\n<p style=\"text-align: justify\"><strong>Conectividad r\u00e1pida y conveniente<\/strong><\/p>\n<p style=\"text-align: justify\">Vivo AiO 24 tiene un puerto de entrada HDMI que permite conectar video y audio desde cualquier dispositivo con salida HDMI, brindando una incre\u00edble experiencia de pantalla grande para una computadora port\u00e1til, dispositivo m\u00f3vil, \u00a1consola de juegos o incluso un decodificador de TV! Tambi\u00e9n hay cuatro puertos USB 3.1 Gen 1 para conectar todos tus perif\u00e9ricos, y un puerto de salida HDMI para conectar una pantalla externa adicional. Y para una conectividad inal\u00e1mbrica ultrarr\u00e1pida y conveniente, Vivo AiO 24 cuenta con Wi-Fi de clase gigabit que es hasta 11 veces m\u00e1s r\u00e1pido que la tecnolog\u00eda 802.11n m\u00e1s antigua.<\/p>\n<p style=\"text-align: justify\"><strong>ESPECIFICACIONES DEL PRODUCTO: <\/strong><\/p>\n<ul>\n<li style=\"text-align: justify\">Procesador: Intel Core i3 1115G4U (2 n\u00facleos \/ 4 subprocesos, Frecuencia turbo m\u00e1xima: 4,10 GHz, 6 MB Intel Smart Cache)<\/li>\n<li style=\"text-align: justify\">Color: Negro<\/li>\n<li style=\"text-align: justify\">Memoria: 4 GB de RAM DDR4<\/li>\n<li style=\"text-align: justify\">Almacenamiento interno: SSD de 256 GB<\/li>\n<li style=\"text-align: justify\">Pantalla: 23,8&#8243; FHD, antirreflejo<\/li>\n<li style=\"text-align: justify\">Resoluci\u00f3n de la pantalla: 1920 x 1080<\/li>\n<li style=\"text-align: justify\">Conectividad: (Wi-Fi) \u2013 (Bluetooth) \u2013 (Ethernet)<\/li>\n<li style=\"text-align: justify\">Puerto Ethernet (RJ-45)<\/li>\n<li style=\"text-align: justify\">Puerto HDMI out 1.4<\/li>\n<li style=\"text-align: justify\">Puerto HDMI in 1.4<\/li>\n<li style=\"text-align: justify\">Puertos USB: (4x USB 3.2 Gen 1 Type-A) \u2013 (1x USB 2.0 Type-A)<\/li>\n<li style=\"text-align: justify\">Puerto audio: 3.5mm combo audio Jack<\/li>\n<li style=\"text-align: justify\">Conector de alimentaci\u00f3n<\/li>\n<li style=\"text-align: justify\">Teclado y Rat\u00f3n USB con cable<\/li>\n<li style=\"text-align: justify\">Altavoces<\/li>\n<li style=\"text-align: justify\">C\u00e1mara: C\u00e1mara HD con funci\u00f3n IR<\/li>\n<li style=\"text-align: justify\">Sistema operativo: Endless<\/li>\n<\/ul>\n<p style=\"text-align: justify\">DIMENSIONES:<\/p>\n<ul>\n<li style=\"text-align: justify\">Dimensiones: (An x Pr x Al) 54 x 16.5 x 40.9 cm<\/li>\n<li style=\"text-align: justify\">Peso: 5.40 kg<\/li>\n<li style=\"text-align: justify\">Dimensiones Empaquetado: (An x Pr x Al) 60 x 24 x 47 cm<\/li>\n<li style=\"text-align: justify\">Peso Empaquetado: 8 kg<\/li>\n<\/ul>\n<p>&nbsp;<\/p>\n<p>SKU: 0727<\/p>\n<p>EAN: 4711081996262<\/p>\n<p>N\/P: 90PT02T2-M016U0<\/p>\n","protected":false},"excerpt":{"rendered":"<p style=\"text-align: justify\">La extraordinariamente hermosa Vivo AiO V222 Todo en uno cuenta con un bisel en la pantalla pr\u00e1cticamente invisible de 2mm, brindando im\u00e1genes de borde a borde y una incre\u00edble proporci\u00f3n de 87% pantalla-cuerpo. Con una pantalla LED hasta Full HD de 21.5 pulgadas y un sistema audio avanzado ASUS SonicMaster con Reflejo de Bajos en sus parlantes, el Vivo AiO V222 te transportar\u00e1 en im\u00e1genes impresionantes y un sonido excelente para la mejor experiencia de entretenimiento.<\/p>\n","protected":false},"featured_media":5201,"comment_status":"closed","ping_status":"closed","template":"","meta":{"inline_featured_image":false},"pwb-brand":[177],"product_brand":[],"product_cat":[889,888],"product_tag":[1048,494,1132,336,1026,1131,611,1037,321,1036,1133,389,1043,1134,1053,208,185,357],"class_list":{"0":"post-5200","1":"product","2":"type-product","3":"status-publish","4":"has-post-thumbnail","6":"pwb-brand-asus","7":"product_cat-todo-en-uno-computo","8":"product_cat-computo","9":"product_tag-aio","10":"product_tag-asus","11":"product_tag-asus-v241eak-ba083d","12":"product_tag-bluetooth","13":"product_tag-camara-web","14":"product_tag-endless","15":"product_tag-ethernet","16":"product_tag-fhd-1920-x-1080","17":"product_tag-hdmi","18":"product_tag-intel-core-i3","19":"product_tag-intel-core-i3-1115g4u","20":"product_tag-negro","21":"product_tag-pantalla-23-8","22":"product_tag-ram-4gb-ddr4","23":"product_tag-ssd-256gb","24":"product_tag-todo-en-uno","25":"product_tag-usb","26":"product_tag-wifi","28":"first","29":"outofstock","30":"taxable","31":"shipping-taxable","32":"purchasable","33":"product-type-simple"},"brands":[{"id":177,"name":"ASUS","slug":"asus"}],"_links":{"self":[{"href":"https:\/\/compuimpresion.com.co\/portal\/wp-json\/wp\/v2\/product\/5200","targetHints":{"allow":["GET"]}}],"collection":[{"href":"https:\/\/compuimpresion.com.co\/portal\/wp-json\/wp\/v2\/product"}],"about":[{"href":"https:\/\/compuimpresion.com.co\/portal\/wp-json\/wp\/v2\/types\/product"}],"replies":[{"embeddable":true,"href":"https:\/\/compuimpresion.com.co\/portal\/wp-json\/wp\/v2\/comments?post=5200"}],"wp:featuredmedia":[{"embeddable":true,"href":"https:\/\/compuimpresion.com.co\/portal\/wp-json\/wp\/v2\/media\/5201"}],"wp:attachment":[{"href":"https:\/\/compuimpresion.com.co\/portal\/wp-json\/wp\/v2\/media?parent=5200"}],"wp:term":[{"taxonomy":"pwb-brand","embeddable":true,"href":"https:\/\/compuimpresion.com.co\/portal\/wp-json\/wp\/v2\/pwb-brand?post=5200"},{"taxonomy":"product_brand","embeddable":true,"href":"https:\/\/compuimpresion.com.co\/portal\/wp-json\/wp\/v2\/product_brand?post=5200"},{"taxonomy":"product_cat","embeddable":true,"href":"https:\/\/compuimpresion.com.co\/portal\/wp-json\/wp\/v2\/product_cat?post=5200"},{"taxonomy":"product_tag","embeddable":true,"href":"https:\/\/compuimpresion.com.co\/portal\/wp-json\/wp\/v2\/product_tag?post=5200"}],"curies":[{"name":"wp","href":"https:\/\/api.w.org\/{rel}","templated":true}]}}