{"id":5194,"date":"2024-04-08T12:17:58","date_gmt":"2024-04-08T17:17:58","guid":{"rendered":"https:\/\/compuimpresion.com.co\/portal\/?post_type=product&#038;p=5194"},"modified":"2024-10-07T17:50:38","modified_gmt":"2024-10-07T22:50:38","slug":"todo-en-uno-asus-v222fak-ba144d-intel-core-i5-10210u-disco-duro-1tb-8gb-ddr4-21-5","status":"publish","type":"product","link":"https:\/\/compuimpresion.com.co\/portal\/productos\/todo-en-uno-asus-v222fak-ba144d-intel-core-i5-10210u-disco-duro-1tb-8gb-ddr4-21-5\/","title":{"rendered":"TODO EN UNO ASUS V222FAK-BA144D, INTEL CORE I5 10210U, DISCO DURO 1TB, 8GB DDR4 , 21.5&#8243;"},"content":{"rendered":"<p style=\"text-align: justify\"><strong>TODO EN UNO ASUS V222FAK-BA144D, INTEL CORE I5 10210U, DISCO DURO 1TB, 8GB DDR4, PANTALLA 21.5&#8243; FHD<\/strong><\/p>\n<p style=\"text-align: justify\">La extraordinariamente hermosa Vivo AiO V222 Todo en uno cuenta con un bisel en la pantalla pr\u00e1cticamente invisible de 2mm, brindando im\u00e1genes de borde a borde y una incre\u00edble proporci\u00f3n de 87% pantalla-cuerpo. Con una pantalla LED hasta Full HD de 21.5 pulgadas y un sistema audio avanzado ASUS SonicMaster con Reflejo de Bajos en sus parlantes, el Vivo AiO V222 te transportar\u00e1 en im\u00e1genes impresionantes y un sonido excelente para la mejor experiencia de entretenimiento.<\/p>\n<p style=\"text-align: justify\"><strong>Incre\u00edble pantalla NanoEdge<\/strong><\/p>\n<p style=\"text-align: justify\">El Vivo AiO V222 es notablemente delgado y liviano, su pantalla NanoEdge presenta un bisel incre\u00edblemente delgado de borde a borde y una relaci\u00f3n pantalla a cuerpo del 87%. La asombrosa pantalla widescreen de 21.5\u201d incluye tecnolog\u00eda de visi\u00f3n amplia que la hace perfecta para compartir fotos o videos con amigos y familiares sin importar desde qu\u00e9 \u00e1ngulo se vea la pantalla. Con una resoluci\u00f3n hasta Full HD (1920 x 1080), disfrutar\u00e1s de juegos y pel\u00edculas con hermosos detalles, colores y contrastes sorprendentes.<\/p>\n<p style=\"text-align: justify\"><strong>Avanzados altavoces bass-reflex<\/strong><\/p>\n<p style=\"text-align: justify\">Para experiencias multimedia incre\u00edblemente inmersivas, Vivo AiO V222 tiene un sistema de audio potente. Los dos altavoces est\u00e9reo integrados de alta calidad son capaces de ofrecer 6W de sonido puro y definido, adem\u00e1s cuenta con el avanzado dise\u00f1o de Reflejo de bajos &#8211; Un dise\u00f1o com\u00fanmente disponible solo para sistemas de altavoces Hi-Fi &#8211; para ofrecer bajos poderosos y claros, de rango completo que debe ser o\u00eddo para creerlo.<\/p>\n<p style=\"text-align: justify\"><strong>Conectividad r\u00e1pida y conveniente<\/strong><\/p>\n<p style=\"text-align: justify\">Vivo AiO V222 tiene cuatro puertos USB 3.1 Gen 1 Type-A en la parte posterior para transferencias de datos de alta velocidad: hasta 10 veces m\u00e1s r\u00e1pidas que USB 2.0. Para tu comodidad, tambi\u00e9n hay un puerto USB 2.0 y un conector de audio ubicado a tu alcance en el borde inferior de la pantalla. El Wi-Fi 802.11ac ultrarr\u00e1pido te permite conectar Vivo AiO V222 a cualquier red inal\u00e1mbrica a la mejor velocidad posible y con menos interferencia. Para un entretenimiento fluido y ampliado, un puerto de salida HDMI de tama\u00f1o completo te permite conectarte f\u00e1cilmente a un HDTV o monitor de pantalla grande con un solo cable.<\/p>\n<p style=\"text-align: justify\"><strong>ESPECIFICACIONES DEL PRODUCTO: <\/strong><\/p>\n<ul>\n<li style=\"text-align: justify\">Procesador: Intel Core i5 10210U (4 n\u00facleos \/ 8 subprocesos, Frecuencia turbo m\u00e1xima: 4,20 GHz, 6 MB Intel Smart Cache)<\/li>\n<li style=\"text-align: justify\">Color: Negro<\/li>\n<li style=\"text-align: justify\">Memoria: 8 GB de RAM DDR4<\/li>\n<li style=\"text-align: justify\">Almacenamiento interno: Disco duro 1TB HDD<\/li>\n<li style=\"text-align: justify\">Pantalla: 21,5&#8243; FHD, antirreflejo<\/li>\n<li style=\"text-align: justify\">Resoluci\u00f3n de la pantalla: 1920&#215;1080<\/li>\n<li style=\"text-align: justify\">Conectividad: (Wi-Fi) \u2013 (Bluetooth) \u2013 (Ethernet)<\/li>\n<li style=\"text-align: justify\">Puerto Ethernet (RJ-45)<\/li>\n<li style=\"text-align: justify\">Puertos USB: (4x USB 3.2 Gen 1 Type-A) &#8211; (1 x USB 2.0 ubicado en el borde inferior de la pantalla)<\/li>\n<li style=\"text-align: justify\">Puerto audio: 3.5mm combo audio Jack<\/li>\n<li style=\"text-align: justify\">Conector de alimentaci\u00f3n<\/li>\n<li style=\"text-align: justify\">Teclado y Rat\u00f3n USB con cable<\/li>\n<li style=\"text-align: justify\">Altavoces: 6W x 2<\/li>\n<li style=\"text-align: justify\">C\u00e1mara: C\u00e1mara HD con funci\u00f3n IR<\/li>\n<li style=\"text-align: justify\">Sistema operativo: Endless<\/li>\n<\/ul>\n<p style=\"text-align: justify\">DIMENSIONES:<\/p>\n<ul>\n<li style=\"text-align: justify\">Dimensiones: (An x Pr x Al) 48.9 x 16.4 x 38.7 cm<\/li>\n<li style=\"text-align: justify\">Peso: 4.80 kg<\/li>\n<li style=\"text-align: justify\">Dimensiones Empaquetado: (An x Pr x Al) 56 x 24 x 45 cm<\/li>\n<li style=\"text-align: justify\">Peso Empaquetado: 8 kg<\/li>\n<\/ul>\n<p>&nbsp;<\/p>\n<p style=\"text-align: justify\">SKU: 0255<\/p>\n<p style=\"text-align: justify\">EAN: 4711081909071<\/p>\n<p style=\"text-align: justify\">N\/P: 90PT02G1-M002M0<\/p>\n","protected":false},"excerpt":{"rendered":"<p style=\"text-align: justify\">La extraordinariamente hermosa Vivo AiO V222 Todo en uno cuenta con un bisel en la pantalla pr\u00e1cticamente invisible de 2mm, brindando im\u00e1genes de borde a borde y una incre\u00edble proporci\u00f3n de 87% pantalla-cuerpo. Con una pantalla LED hasta Full HD de 21.5 pulgadas y un sistema audio avanzado ASUS SonicMaster con Reflejo de Bajos en sus parlantes, el Vivo AiO V222 te transportar\u00e1 en im\u00e1genes impresionantes y un sonido excelente para la mejor experiencia de entretenimiento.<\/p>\n","protected":false},"featured_media":5195,"comment_status":"closed","ping_status":"closed","template":"","meta":{"inline_featured_image":false},"pwb-brand":[177],"product_brand":[],"product_cat":[889,888],"product_tag":[1089,1048,494,1128,336,1026,1130,1131,611,1037,321,1051,1129,389,1062,208,185,1127,357],"class_list":{"0":"post-5194","1":"product","2":"type-product","3":"status-publish","4":"has-post-thumbnail","6":"pwb-brand-asus","7":"product_cat-todo-en-uno-computo","8":"product_cat-computo","9":"product_tag-1-tb-hdd","10":"product_tag-aio","11":"product_tag-asus","12":"product_tag-asus-v222fak-ba144d","13":"product_tag-bluetooth","14":"product_tag-camara-web","15":"product_tag-disco-duro-1tb","16":"product_tag-endless","17":"product_tag-ethernet","18":"product_tag-fhd-1920-x-1080","19":"product_tag-hdmi","20":"product_tag-intel-core-i5","21":"product_tag-intel-core-i5-10210u","22":"product_tag-negro","23":"product_tag-pantalla-21-5","24":"product_tag-todo-en-uno","25":"product_tag-usb","26":"product_tag-v222fak-ba144d","27":"product_tag-wifi","29":"first","30":"outofstock","31":"taxable","32":"shipping-taxable","33":"purchasable","34":"product-type-simple"},"brands":[{"id":177,"name":"ASUS","slug":"asus"}],"_links":{"self":[{"href":"https:\/\/compuimpresion.com.co\/portal\/wp-json\/wp\/v2\/product\/5194","targetHints":{"allow":["GET"]}}],"collection":[{"href":"https:\/\/compuimpresion.com.co\/portal\/wp-json\/wp\/v2\/product"}],"about":[{"href":"https:\/\/compuimpresion.com.co\/portal\/wp-json\/wp\/v2\/types\/product"}],"replies":[{"embeddable":true,"href":"https:\/\/compuimpresion.com.co\/portal\/wp-json\/wp\/v2\/comments?post=5194"}],"wp:featuredmedia":[{"embeddable":true,"href":"https:\/\/compuimpresion.com.co\/portal\/wp-json\/wp\/v2\/media\/5195"}],"wp:attachment":[{"href":"https:\/\/compuimpresion.com.co\/portal\/wp-json\/wp\/v2\/media?parent=5194"}],"wp:term":[{"taxonomy":"pwb-brand","embeddable":true,"href":"https:\/\/compuimpresion.com.co\/portal\/wp-json\/wp\/v2\/pwb-brand?post=5194"},{"taxonomy":"product_brand","embeddable":true,"href":"https:\/\/compuimpresion.com.co\/portal\/wp-json\/wp\/v2\/product_brand?post=5194"},{"taxonomy":"product_cat","embeddable":true,"href":"https:\/\/compuimpresion.com.co\/portal\/wp-json\/wp\/v2\/product_cat?post=5194"},{"taxonomy":"product_tag","embeddable":true,"href":"https:\/\/compuimpresion.com.co\/portal\/wp-json\/wp\/v2\/product_tag?post=5194"}],"curies":[{"name":"wp","href":"https:\/\/api.w.org\/{rel}","templated":true}]}}