{"id":5185,"date":"2024-04-03T09:54:30","date_gmt":"2024-04-03T14:54:30","guid":{"rendered":"https:\/\/compuimpresion.com.co\/portal\/?post_type=product&#038;p=5185"},"modified":"2025-07-29T12:34:52","modified_gmt":"2025-07-29T17:34:52","slug":"todo-en-uno-lenovo-3-24iap7-intel-core-i5-12450h-8gb-ddr4-512gb-ssd-pantalla-238-fhd","status":"publish","type":"product","link":"https:\/\/compuimpresion.com.co\/portal\/productos\/todo-en-uno-lenovo-3-24iap7-intel-core-i5-12450h-8gb-ddr4-512gb-ssd-pantalla-238-fhd\/","title":{"rendered":"TODO EN UNO LENOVO 3 24IAP7 &#8211; INTEL CORE I5 12450H &#8211; 8GB DDR4 &#8211; 512GB SSD &#8211; PANTALLA 23,8&#8243; FHD"},"content":{"rendered":"<p style=\"text-align: justify\"><strong>TODO EN UNO LENOVO 3 24IAP7 &#8211; INTEL CORE I5 12450H &#8211; 8GB DDR4 &#8211; 512GB SSD &#8211; PANTALLA 23,8&#8243; FHD<\/strong><\/p>\n<p style=\"text-align: justify\"><strong>Una computadora para toda la familia<\/strong><\/p>\n<p style=\"text-align: justify\">La IdeaCentre AIO 3i 7ma Gen (24\u201d, Intel) es una computadora todo en uno con un chasis compacto que ahorra espacio. Con la opci\u00f3n de procesadores hasta Intel Core de 12va generaci\u00f3n, estas computadoras ofrecen rendimiento para cargas de trabajo exigentes y una multitarea continua. Una gran unidad SSD permite que toda la familia almacene archivos grandes y disfrute de la capacidad de respuesta de la pc, transferencias de archivos y tiempos de arranque r\u00e1pidos.<\/p>\n<p style=\"text-align: justify\"><strong>Dise\u00f1o de vanguardia para las tareas diarias<\/strong><\/p>\n<p style=\"text-align: justify\">Disfruta de la seguridad de los sensores de infrarrojos opcionales que permiten iniciar sesi\u00f3n con reconocimiento facial de forma r\u00e1pida y segura. Ajusta f\u00edsicamente la c\u00e1mara para controlar qui\u00e9n te ve durante una videollamada. Los clips de cable integrados y las estaciones de acoplamiento para los tel\u00e9fonos ayudan a ordenar el ajetreado espacio de trabajo de la familia<\/p>\n<p style=\"text-align: justify\"><strong>Pasar m\u00e1s tiempo en familia<\/strong><\/p>\n<p style=\"text-align: justify\">Todos los miembros de la familia pueden disfrutar de la pantalla n\u00edtida de alta resoluci\u00f3n y del sonido envolvente del sistema de altavoces con certificaci\u00f3n Harman Kardon. La c\u00e1mara web mantiene a toda la familia conectada durante los videochats con v\u00eddeos muy claros.<\/p>\n<p style=\"text-align: justify\"><strong>M\u00e1s conectividad<\/strong><\/p>\n<p style=\"text-align: justify\">El conjunto completo de puertos permite a tu familia transferir datos m\u00e1s r\u00e1pido, as\u00ed como tener salida de v\u00eddeo y audio. El cable Smart conecta la laptop y la IdeaCentre AIO 3i 7ma Gen (24\u201d, Intel) para que puedas trabajar sin problemas para controlar ambas computadoras y compartir almacenamiento con un solo juego de rat\u00f3n y teclado.<\/p>\n<p style=\"text-align: justify\"><strong>ESPECIFICACIONES DEL PRODUCTO: <\/strong><\/p>\n<ul>\n<li style=\"text-align: justify\">Procesador: Intel Core i5-12450H (8 n\u00facleos (4P + 4E) \/ 12 subprocesos, Frecuencia turbo m\u00e1xima: 4,40 GHz, 12 MB Intel Smart Cache)<\/li>\n<li style=\"text-align: justify\">Memoria: 8 GB de RAM DDR4<\/li>\n<li style=\"text-align: justify\">Almacenamiento: Disco de Estado S\u00f3lido 512 GB SSD<\/li>\n<li style=\"text-align: justify\">Pantalla: 23,8&#8243; FHD, antirreflejo<\/li>\n<li style=\"text-align: justify\">Pantalla t\u00e1ctil: No<\/li>\n<li style=\"text-align: justify\">Resoluci\u00f3n de la Pantalla: 1920 x 1080<\/li>\n<li style=\"text-align: justify\">Conectividad: (Wi-Fi 6, 11ax 2&#215;2) \u2013 (Bluetooth 5.2) \u2013 (Ethernet 100\/1000M)<\/li>\n<li style=\"text-align: justify\">Puerto Ethernet (RJ-45)<\/li>\n<li style=\"text-align: justify\">Puerto HDMI 1.4<\/li>\n<li style=\"text-align: justify\">Puertos USB: (2 x USB 2.0) &#8211; (2 x USB 3.2 Gen 2)<\/li>\n<li style=\"text-align: justify\">Conector de alimentaci\u00f3n<\/li>\n<li style=\"text-align: justify\">Teclado: Teclado USB Calliope, blanco, espa\u00f1ol (LA)<\/li>\n<li style=\"text-align: justify\">Rat\u00f3n: Rat\u00f3n USB Calliope, blanco<\/li>\n<li style=\"text-align: justify\">Altavoces: 3Wx2<\/li>\n<li style=\"text-align: justify\">C\u00e1mara: 5.0MP + IR<\/li>\n<li style=\"text-align: justify\">Color: blanco<\/li>\n<li style=\"text-align: justify\">Sistema operativo: FreeDos (Sin sistema operativo)<\/li>\n<\/ul>\n<p style=\"text-align: justify\">DIMENSIONES:<\/p>\n<ul>\n<li style=\"text-align: justify\">Dimensiones: (An x Pr x Al) 54.1 x 18.53 x 43.39 cm<\/li>\n<li style=\"text-align: justify\">Peso: 7.03 kg<\/li>\n<li style=\"text-align: justify\">Dimensiones Empaquetado: (An x Pr x Al) 60 x 24 x 49 cm<\/li>\n<li style=\"text-align: justify\">Peso Empaquetado: 9 kg<\/li>\n<\/ul>\n<p>&nbsp;<\/p>\n<p style=\"text-align: justify\">SKU: 1604<\/p>\n<p style=\"text-align: justify\">EAN: 0197528154015<\/p>\n<p style=\"text-align: justify\">N\/P: F0GH0101LD<\/p>\n","protected":false},"excerpt":{"rendered":"<p style=\"text-align: justify\">La IdeaCentre AIO 3i 7ma Gen (24\u201d, Intel) es una computadora todo en uno con un chasis compacto que ahorra espacio. Con la opci\u00f3n de procesadores hasta Intel Core de 12va generaci\u00f3n, estas computadoras ofrecen rendimiento para cargas de trabajo exigentes y una multitarea continua. Una gran unidad SSD permite que toda la familia almacene archivos grandes y disfrute de la capacidad de respuesta de la pc, transferencias de archivos y tiempos de arranque r\u00e1pidos.<\/p>\n","protected":false},"featured_media":5186,"comment_status":"closed","ping_status":"closed","template":"","meta":{"inline_featured_image":false},"pwb-brand":[420],"product_brand":[],"product_cat":[889,888],"product_tag":[1125,1048,1126,1035,1045,336,1026,611,483,321,1051,1105,499,1043,1029,1057,208,185,357],"class_list":{"0":"post-5185","1":"product","2":"type-product","3":"status-publish","4":"has-post-thumbnail","6":"pwb-brand-lenovo","7":"product_cat-todo-en-uno-computo","8":"product_cat-computo","9":"product_tag-24iap7","10":"product_tag-aio","11":"product_tag-aio-lenovo-3-24iap7","12":"product_tag-all-in-one","13":"product_tag-blanco","14":"product_tag-bluetooth","15":"product_tag-camara-web","16":"product_tag-ethernet","17":"product_tag-freedos","18":"product_tag-hdmi","19":"product_tag-intel-core-i5","20":"product_tag-intel-core-i5-12450h","21":"product_tag-lenovo","22":"product_tag-pantalla-23-8","23":"product_tag-ram-8gb-ddr4","24":"product_tag-ssd-512gb","25":"product_tag-todo-en-uno","26":"product_tag-usb","27":"product_tag-wifi","29":"first","30":"outofstock","31":"taxable","32":"shipping-taxable","33":"purchasable","34":"product-type-simple"},"brands":[{"id":420,"name":"Lenovo","slug":"lenovo"}],"_links":{"self":[{"href":"https:\/\/compuimpresion.com.co\/portal\/wp-json\/wp\/v2\/product\/5185","targetHints":{"allow":["GET"]}}],"collection":[{"href":"https:\/\/compuimpresion.com.co\/portal\/wp-json\/wp\/v2\/product"}],"about":[{"href":"https:\/\/compuimpresion.com.co\/portal\/wp-json\/wp\/v2\/types\/product"}],"replies":[{"embeddable":true,"href":"https:\/\/compuimpresion.com.co\/portal\/wp-json\/wp\/v2\/comments?post=5185"}],"wp:featuredmedia":[{"embeddable":true,"href":"https:\/\/compuimpresion.com.co\/portal\/wp-json\/wp\/v2\/media\/5186"}],"wp:attachment":[{"href":"https:\/\/compuimpresion.com.co\/portal\/wp-json\/wp\/v2\/media?parent=5185"}],"wp:term":[{"taxonomy":"pwb-brand","embeddable":true,"href":"https:\/\/compuimpresion.com.co\/portal\/wp-json\/wp\/v2\/pwb-brand?post=5185"},{"taxonomy":"product_brand","embeddable":true,"href":"https:\/\/compuimpresion.com.co\/portal\/wp-json\/wp\/v2\/product_brand?post=5185"},{"taxonomy":"product_cat","embeddable":true,"href":"https:\/\/compuimpresion.com.co\/portal\/wp-json\/wp\/v2\/product_cat?post=5185"},{"taxonomy":"product_tag","embeddable":true,"href":"https:\/\/compuimpresion.com.co\/portal\/wp-json\/wp\/v2\/product_tag?post=5185"}],"curies":[{"name":"wp","href":"https:\/\/api.w.org\/{rel}","templated":true}]}}