{"id":5163,"date":"2024-03-26T10:57:13","date_gmt":"2024-03-26T15:57:13","guid":{"rendered":"https:\/\/compuimpresion.com.co\/portal\/?post_type=product&#038;p=5163"},"modified":"2026-04-14T17:21:11","modified_gmt":"2026-04-14T22:21:11","slug":"impresora-hp-m111w-laser-jet-monocromatica","status":"publish","type":"product","link":"https:\/\/compuimpresion.com.co\/portal\/productos\/impresora-hp-m111w-laser-jet-monocromatica\/","title":{"rendered":"IMPRESORA HP M111W LASER JET &#8211; MONOCROM\u00c1TICA"},"content":{"rendered":"<p><strong>IMPRESORA HP M111W LASER JET &#8211; MONOCROM\u00c1TICA<\/strong><\/p>\n<p style=\"text-align: justify\">Una impresora l\u00e1ser eficiente y de alta calidad que se adapta a su espacio y presupuesto. Obtenga impresiones r\u00e1pidas en la impresora l\u00e1ser m\u00e1s peque\u00f1a de su clase a nivel mundial, adem\u00e1s de la aplicaci\u00f3n HP Smart que permite ahorrar tiempo. Conf\u00ede en que obtendr\u00e1 impresiones l\u00e1ser de calidad profesional con una instalaci\u00f3n que no presentar\u00e1 inconvenientes.<\/p>\n<p style=\"text-align: justify\"><strong>Conserve recursos con esta impresora l\u00e1ser que ahorra energ\u00eda<\/strong><\/p>\n<p style=\"text-align: justify\">Adem\u00e1s, gracias al papel que cuenta con la certificaci\u00f3n HP FSC, puede ayudar a detener la deforestaci\u00f3n.<\/p>\n<p style=\"text-align: justify\"><strong>Obtenga la calidad y conveniencia que espera de una impresora l\u00e1ser<\/strong><\/p>\n<p style=\"text-align: justify\">Conf\u00ede en la calidad y confiabilidad de HP p\u00e1gina tras p\u00e1gina y logre que la instalaci\u00f3n sea perfecta y la impresi\u00f3n, simple.<\/p>\n<p style=\"text-align: justify\"><strong>No se distraiga de los negocios<\/strong><\/p>\n<p style=\"text-align: justify\">Obtenga escaneos e impresiones de alta calidad desde su tel\u00e9fono. Adem\u00e1s, organice documentos en la mitad del tiempo gracias a los accesos directos que ofrece HP Smart, la mejor aplicaci\u00f3n de impresi\u00f3n de su clase.<\/p>\n<p style=\"text-align: justify\"><strong>Rendimiento efectivo de la impresora l\u00e1ser m\u00e1s peque\u00f1a del mundo en su clase<\/strong><\/p>\n<p style=\"text-align: justify\">Termine trabajos r\u00e1pidamente con velocidades r\u00e1pidas de impresi\u00f3n.<\/p>\n<p style=\"text-align: justify\"><strong>ESPECIFICACIONES T\u00c9CNICAS: <\/strong><\/p>\n<p style=\"text-align: justify\"><strong>Tecnolog\u00eda \u00a0\u00a0\u00a0\u00a0\u00a0\u00a0\u00a0\u00a0 <\/strong><\/p>\n<ul>\n<li style=\"text-align: justify\">Tecnolog\u00eda de impresi\u00f3n: L\u00e1ser<\/li>\n<li style=\"text-align: justify\">Funciones: Impresi\u00f3n<\/li>\n<li style=\"text-align: justify\">Tipo de impresi\u00f3n: No<\/li>\n<li style=\"text-align: justify\">Impresi\u00f3n autom\u00e1tica a doble cara: Ninguno\/a<\/li>\n<li style=\"text-align: justify\">Tipo de soportes admitidos: Papel com\u00fan, sobre, postal, etiqueta<\/li>\n<\/ul>\n<p style=\"text-align: justify\"><strong>Conectividad \u00a0\u00a0\u00a0 <\/strong><\/p>\n<ul>\n<li style=\"text-align: justify\">Conexiones: 1 USB 2.0 de alta velocidad; conexi\u00f3n inal\u00e1mbrica 802.11b\/g\/n de 2,4 GHz con Bluetooth de bajo consumo de energ\u00eda<\/li>\n<\/ul>\n<p style=\"text-align: justify\"><strong>Rendimiento \u00a0\u00a0\u00a0 <\/strong><\/p>\n<ul>\n<li style=\"text-align: justify\">Velocidad b\/n: Hasta 20 ppm<\/li>\n<li style=\"text-align: justify\">Capacidad de hojas: Hasta 150 hojas<\/li>\n<li style=\"text-align: justify\">Ciclo mensual (a4): Hasta 8000 p\u00e1ginas<\/li>\n<li style=\"text-align: justify\">Resoluci\u00f3n de impresi\u00f3n: Hasta 600 x 600 ppp<\/li>\n<li style=\"text-align: justify\">Profundidad de bits\/niveles de escala grises<\/li>\n<\/ul>\n<p style=\"text-align: justify\"><strong>Cartuchos y Cabezales de Impresi\u00f3n<\/strong><\/p>\n<ul>\n<li style=\"text-align: justify\">N\u00famero de cartuchos de impresi\u00f3n: 1 (negro)<\/li>\n<li style=\"text-align: justify\">Cartuchos de reemplazo: Cartucho de t\u00f3ner HP LaserJet 150A, negro (aproximadamente 975 p\u00e1ginas), W1500A<\/li>\n<\/ul>\n<p style=\"text-align: justify\"><strong>Velocidad de Impresi\u00f3n<\/strong><\/p>\n<ul>\n<li style=\"text-align: justify\">Velocidad de impresi\u00f3n en negro (normal, carta): Hasta 21 ppm<\/li>\n<li style=\"text-align: justify\">Velocidad de impresi\u00f3n en negro (normal, A4): Hasta 20 ppm<\/li>\n<li style=\"text-align: justify\">Velocidad de impresi\u00f3n: Velocidad de impresi\u00f3n de hasta 21 ppm (en negro)<\/li>\n<li style=\"text-align: justify\">Velocidad de impresi\u00f3n en negro (vertical, A5): Hasta 7 ppm<\/li>\n<li style=\"text-align: justify\">N\u00famero de nota al pie velocidad de impresi\u00f3n A5): Se mide con la prueba de rendimiento de recursos ISO\/IEC 24734, sin incluir el primer juego de documentos de prueba. Para obtener m\u00e1s informaci\u00f3n, consulte http:\/\/www.hp.com\/go\/printerclaims. La velocidad exacta var\u00eda seg\u00fan la configuraci\u00f3n del sistema, la aplicaci\u00f3n del software, el controlador y la complejidad del documento.<\/li>\n<\/ul>\n<p style=\"text-align: justify\"><strong>Especificaciones de la Impresora<\/strong><\/p>\n<ul>\n<li style=\"text-align: justify\">Ciclo de trabajo (mensual, carta): Hasta 8000 p\u00e1ginas<\/li>\n<li style=\"text-align: justify\">Nota sobre Ciclo de trabajo: El ciclo de trabajo se define como la cantidad m\u00e1xima de p\u00e1ginas o im\u00e1genes impresas por mes. Este valor proporciona una evaluaci\u00f3n de la robustez del producto comparado con otros dispositivos HP LaserJet o HP Color LaserJet, y permite que se instalen las impresoras y los MFP seg\u00fan las necesidades de los grupos o individuos que las usan.<\/li>\n<li style=\"text-align: justify\">Nota sobre Volumen mensual de p\u00e1ginas recomendado: HP recomienda que el n\u00famero de p\u00e1ginas impresas por mes est\u00e9 dentro del rango establecido para el \u00f3ptimo desempe\u00f1o del dispositivo, basado en factores tales como los intervalos de reemplazo de consumibles y la vida del dispositivo en un per\u00edodo de garant\u00eda extendido.<\/li>\n<li style=\"text-align: justify\">Funciones: Impresi\u00f3n<\/li>\n<li style=\"text-align: justify\">Lenguajes de impresi\u00f3n: PCLm5; URF; PWG<\/li>\n<li style=\"text-align: justify\">Bandejas para papel, m\u00e1ximo: 1 bandeja de entrada<\/li>\n<li style=\"text-align: justify\">Ciclo de trabajo (mensual, A4). Hasta 8000 p\u00e1ginas<\/li>\n<li style=\"text-align: justify\">Bandejas para papel, est\u00e1ndar: 1 bandeja de entrada<\/li>\n<li style=\"text-align: justify\">Volumen de p\u00e1ginas mensuales recomendado: 100 a 1000<\/li>\n<li style=\"text-align: justify\">Tecnolog\u00eda de impresi\u00f3n: L\u00e1ser<\/li>\n<li style=\"text-align: justify\">Impresi\u00f3n a doble cara: Ninguno\/a<\/li>\n<li style=\"text-align: justify\">Sensor de papel autom\u00e1tico: No<\/li>\n<li style=\"text-align: justify\">Administraci\u00f3n de impresoras: HP Printer Assistant (UDC); Caja de herramientas de dispositivo HP<\/li>\n<li style=\"text-align: justify\">Colores de impresi\u00f3n: No<\/li>\n<li style=\"text-align: justify\">Principales caracter\u00edsticas: Tama\u00f1o compacto<\/li>\n<li style=\"text-align: justify\">Cantidad de usuarios y volumen de impresi\u00f3n: Para equipos de hasta 3 usuarios<\/li>\n<\/ul>\n<p style=\"text-align: justify\"><strong>Conectividad y Comunicaciones<\/strong><\/p>\n<ul>\n<li style=\"text-align: justify\">Conectividad, est\u00e1ndar: 1 USB 2.0 de alta velocidad; conexi\u00f3n inal\u00e1mbrica 802.11b\/g\/n de 2,4 GHz con Bluetooth de bajo consumo de energ\u00eda<\/li>\n<li style=\"text-align: justify\">Capacidad inal\u00e1mbrica: S\u00ed<\/li>\n<li style=\"text-align: justify\">Capacidad de impresi\u00f3n m\u00f3vil: Aplicaci\u00f3n HP Smart; Apple AirPrint; Impresi\u00f3n Wi-Fi Direct\u00ae; Con certificaci\u00f3n Mopria<\/li>\n<li style=\"text-align: justify\">Protocolos de red, admitidos: TCP\/IP: IPv4; IPv6; Modo IP Direct; LPD; SLP; Bonjour; WS-Discovery; BOOTP\/DHCP\/AutoIP; SNMP v 1\/2\/3; HTTP\/HTTPS; Transferencia WS; FQDN; DNS<\/li>\n<\/ul>\n<p style=\"text-align: justify\"><strong>Manejo de Medios de Impresi\u00f3n<\/strong><\/p>\n<ul>\n<li style=\"text-align: justify\">Capacidad de salida: Hasta 100 hojas<\/li>\n<li style=\"text-align: justify\">Capacidad de salida m\u00e1xima (hojas): Hasta 100 hojas<\/li>\n<li style=\"text-align: justify\">Tipo de papel y capacidad, bandeja 1: Hojas: 150; Sobres: 10<\/li>\n<li style=\"text-align: justify\">Entrada de manejo de papel, est\u00e1ndar: Bandeja de entrada 150 hojas<\/li>\n<li style=\"text-align: justify\">Capacidad de entrada: Hasta 150 hojas<\/li>\n<li style=\"text-align: justify\">Salida de manejo de papel, est\u00e1ndar: Bandeja salida de 100 hojas<\/li>\n<li style=\"text-align: justify\">Capacidad de salida est\u00e1ndar (sobres): Hasta 10 sobres<\/li>\n<li style=\"text-align: justify\">Capacidad de entrada m\u00e1xima (hojas): Hasta 150 hojas<\/li>\n<li style=\"text-align: justify\">Capacidad de entrada est\u00e1ndar (sobres): Hasta 10<\/li>\n<\/ul>\n<p style=\"text-align: justify\"><strong>Procesador<\/strong><\/p>\n<ul>\n<li style=\"text-align: justify\">Velocidad del procesador: 500 MHz<\/li>\n<\/ul>\n<p style=\"text-align: justify\"><strong>Memoria<\/strong><\/p>\n<ul>\n<li style=\"text-align: justify\">Memoria, est\u00e1ndar: 32 MB<\/li>\n<li style=\"text-align: justify\">Memoria, m\u00e1xima: 16 MB de Flash ROM; 32 MB DE SDRAM; 32 KB de NVRAM<\/li>\n<\/ul>\n<p style=\"text-align: justify\"><strong>Medios de Impresi\u00f3n Compatibles<\/strong><\/p>\n<ul>\n<li style=\"text-align: justify\">Tama\u00f1os de soportes de impresi\u00f3n admitidos: A4; A5; A6; sobres (C5, DL); personalizado<\/li>\n<li style=\"text-align: justify\">Tama\u00f1o del soporte, bandeja 1: A4; A5; A6; sobres (C5, DL); personalizado<\/li>\n<li style=\"text-align: justify\">Peso de soporte, admitido: 65 a 120 g\/m\u00b2<\/li>\n<li style=\"text-align: justify\">Tipos de soportes: Papel com\u00fan, sobre, postal, etiqueta<\/li>\n<li style=\"text-align: justify\">Peso del soporte de impresi\u00f3n (bandeja 1): 65 a 120 g\/m\u00b2<\/li>\n<li style=\"text-align: justify\">Tama\u00f1os de soportes, personalizado: 105 x 148 a 216 a 355,6 mm<\/li>\n<li style=\"text-align: justify\">Tama\u00f1os de soporte admitidos, clave: A4; Sobres<\/li>\n<\/ul>\n<p style=\"text-align: justify\"><strong>Requisitos del Sistema<\/strong><\/p>\n<ul>\n<li style=\"text-align: justify\">Requisitos m\u00ednimos del sistema para Macintosh: Apple macOS Catalina (v10.15) macOS Big Sur (v11.0) macOS Monterey (v12.0); Disco duro de 2 GB; Se requiere acceso a Internet<\/li>\n<li style=\"text-align: justify\">Requisitos m\u00ednimos del sistema: Microsoft Windows 11, 10 y 7 SP1: 32 bits o 64 bits, 2 GB de espacio disponible en el disco duro, conexi\u00f3n a Internet, Microsoft Internet Explorer o Edge.<\/li>\n<\/ul>\n<p style=\"text-align: justify\"><strong>Software y Aplicaciones<\/strong><\/p>\n<ul>\n<li style=\"text-align: justify\">Actualizaciones de controlador: Los sistemas operativos y controladores de impresi\u00f3n compatibles m\u00e1s recientes est\u00e1n disponibles en la p\u00e1gina de Hp.<\/li>\n<li style=\"text-align: justify\">Software para descargar: From 123.hp.com: HP Smart for Windows 11, 10, Mac, Mobile (Android and iOS); HP Easy Start for Windows 7; From hp.com: Full-solution software and drivers (with installer); Basic-solution software and drivers; HP Easy Start; Product Documentation and Support; HP Print and Scan Doctor; From Mobile OS: See \u00abHP Mobile Printing\u00bb (www.hp.com\/go\/mobileprinting); From In-OS app stores: HP Smart; HP Print Service Plugin;From hp.com for printer administrators: Linux Print Drivers; HP Web JetAdmin Software (HP WS Proxy Agent); ReadIris Software<\/li>\n<li style=\"text-align: justify\">Compatible con Mac: S\u00ed<\/li>\n<li style=\"text-align: justify\">Software incluido: La caja No incluye CD. Software disponible para descargar en hp.com o 123.hp.com<\/li>\n<\/ul>\n<p style=\"text-align: justify\"><strong>Sistemas Operativos Soportados<\/strong><\/p>\n<ul>\n<li style=\"text-align: justify\">Sistemas operativos compatibles: Windows 11; Windows 10; macOS 10.15 Catalina; macOS 11 Big Sur; Linux<\/li>\n<li style=\"text-align: justify\">Sistemas operativos de red compatibles: Windows 11; Windows 8; Windows Server; Linux<\/li>\n<li style=\"text-align: justify\">Sistema operativo (tipo de compatibilidad): No es compatible con Windows XP (64 bits) ni Windows Vista (64 bits), Windows 8, 8,1. El software de soluci\u00f3n completa solo est\u00e1 disponible para Windows 7, Windows 10 y versiones posteriores; Solo se instala el controlador de impresi\u00f3n para Windows Server 2008 R2 de 64 bits, 2012 de 64 bits, 2012 R2 de 64 bits y 2016 de 64 bits. El sistema operativo Windows RT para tablets (de 32 y 64 bits) usa un controlador de impresi\u00f3n HP simplificado que est\u00e1 integrado al sistema operativo RT; Los sistemas Linux usan el software HPLIP integrado en el sistema operativo.<\/li>\n<\/ul>\n<p style=\"text-align: justify\"><strong>Resoluci\u00f3n de Impresi\u00f3n<\/strong><\/p>\n<ul>\n<li style=\"text-align: justify\">Calidad de impresi\u00f3n en negro (normal): Hasta 600 x 600 ppp<\/li>\n<li style=\"text-align: justify\">Calidad de impresi\u00f3n en negro (\u00f3ptima): Hasta 600 x 600 ppp<\/li>\n<\/ul>\n<p style=\"text-align: justify\"><strong>\u00c1rea de Impresi\u00f3n<\/strong><\/p>\n<ul>\n<li style=\"text-align: justify\">Margen derecho (A4): 2 mm<\/li>\n<li style=\"text-align: justify\">Margen superior (A4): 2 mm<\/li>\n<li style=\"text-align: justify\">Margen inferior (A4): 2 mm<\/li>\n<li style=\"text-align: justify\">Margen izquierdo (A4): 2 mm<\/li>\n<\/ul>\n<p style=\"text-align: justify\"><strong>Otros \u00a0\u00a0 <\/strong><\/p>\n<ul>\n<li style=\"text-align: justify\">Consumibles: Cartucho de t\u00f3ner HP LaserJet 150A, negro (aproximadamente 975 p\u00e1ginas), W1500A<\/li>\n<li style=\"text-align: justify\">Contenido de la caja: Impresora HP LaserJet M111w; Cartucho de t\u00f3ner HP LaserJet 150A, negro; Cable de alimentaci\u00f3n; 1 cable USB; P\u00f3ster de instalaci\u00f3n; Gu\u00eda de referencia; Gu\u00eda de garant\u00eda y volante<\/li>\n<li style=\"text-align: justify\">Declinaci\u00f3n de responsabilidades del producto: Algunas impresoras HP est\u00e1n dise\u00f1adas para funcionar \u00fanicamente con cartuchos que tienen chips o circuitos electr\u00f3nicos HP nuevos o reutilizados. Estas impresoras emplean medidas de seguridad din\u00e1micas para bloquear cartuchos con chips o circuitos electr\u00f3nicos que no sean de HP. Las actualizaciones peri\u00f3dicas del firmware mantendr\u00e1n la eficacia de estas medidas y bloquear\u00e1n los cartuchos que funcionaron anteriormente.<\/li>\n<\/ul>\n<p style=\"text-align: justify\"><strong>DIMENSIONES:<\/strong><\/p>\n<ul>\n<li style=\"text-align: justify\">Dimensiones del producto (An x Pr x Al): 34.6 cm x 18.9 cm x 15.9 cm<\/li>\n<li style=\"text-align: justify\">Peso del producto: 3.8 kg<\/li>\n<li style=\"text-align: justify\">Dimensiones del paquete (An x Pr x Al): 37.8 cm x 19.8 cm x 22.2 cm<\/li>\n<li style=\"text-align: justify\">Peso del paquete: 4.8 kg<\/li>\n<\/ul>\n<p style=\"text-align: justify\">SKU: 1441<\/p>\n<p style=\"text-align: justify\">EAN: 0194850677120<\/p>\n<p style=\"text-align: justify\">N\/P: 7MD68A<\/p>\n","protected":false},"excerpt":{"rendered":"<p style=\"text-align: justify\">Una impresora l\u00e1ser eficiente y de alta calidad que se adapta a su espacio y presupuesto. Obtenga impresiones r\u00e1pidas en la impresora l\u00e1ser m\u00e1s peque\u00f1a de su clase a nivel mundial, adem\u00e1s de la aplicaci\u00f3n HP Smart que permite ahorrar tiempo. Conf\u00ede en que obtendr\u00e1 impresiones l\u00e1ser de calidad profesional con una instalaci\u00f3n que no presentar\u00e1 inconvenientes.<\/p>\n","protected":false},"featured_media":5400,"comment_status":"closed","ping_status":"closed","template":"","meta":{"inline_featured_image":false},"pwb-brand":[124],"product_brand":[],"product_cat":[891,893],"product_tag":[1013,792,519,297,1115,1117,1116,307,1118,992,150,357,990],"class_list":{"0":"post-5163","1":"product","2":"type-product","3":"status-publish","4":"has-post-thumbnail","6":"pwb-brand-hp","7":"product_cat-impresion","8":"product_cat-laser","9":"product_tag-blanco-y-negro","10":"product_tag-cartucho","11":"product_tag-cartucho-de-toner","12":"product_tag-hp","13":"product_tag-hp-m111w","14":"product_tag-hp-m111w-laser-jet","15":"product_tag-laser-jet","16":"product_tag-laserjet","17":"product_tag-m111w","18":"product_tag-mac","19":"product_tag-monocromatica","20":"product_tag-wifi","21":"product_tag-windows","23":"first","24":"instock","25":"taxable","26":"shipping-taxable","27":"purchasable","28":"product-type-simple"},"brands":[{"id":124,"name":"HP","slug":"hp"}],"_links":{"self":[{"href":"https:\/\/compuimpresion.com.co\/portal\/wp-json\/wp\/v2\/product\/5163","targetHints":{"allow":["GET"]}}],"collection":[{"href":"https:\/\/compuimpresion.com.co\/portal\/wp-json\/wp\/v2\/product"}],"about":[{"href":"https:\/\/compuimpresion.com.co\/portal\/wp-json\/wp\/v2\/types\/product"}],"replies":[{"embeddable":true,"href":"https:\/\/compuimpresion.com.co\/portal\/wp-json\/wp\/v2\/comments?post=5163"}],"wp:featuredmedia":[{"embeddable":true,"href":"https:\/\/compuimpresion.com.co\/portal\/wp-json\/wp\/v2\/media\/5400"}],"wp:attachment":[{"href":"https:\/\/compuimpresion.com.co\/portal\/wp-json\/wp\/v2\/media?parent=5163"}],"wp:term":[{"taxonomy":"pwb-brand","embeddable":true,"href":"https:\/\/compuimpresion.com.co\/portal\/wp-json\/wp\/v2\/pwb-brand?post=5163"},{"taxonomy":"product_brand","embeddable":true,"href":"https:\/\/compuimpresion.com.co\/portal\/wp-json\/wp\/v2\/product_brand?post=5163"},{"taxonomy":"product_cat","embeddable":true,"href":"https:\/\/compuimpresion.com.co\/portal\/wp-json\/wp\/v2\/product_cat?post=5163"},{"taxonomy":"product_tag","embeddable":true,"href":"https:\/\/compuimpresion.com.co\/portal\/wp-json\/wp\/v2\/product_tag?post=5163"}],"curies":[{"name":"wp","href":"https:\/\/api.w.org\/{rel}","templated":true}]}}