{"id":5156,"date":"2024-03-27T11:54:13","date_gmt":"2024-03-27T16:54:13","guid":{"rendered":"https:\/\/compuimpresion.com.co\/portal\/?post_type=product&#038;p=5156"},"modified":"2024-07-23T15:25:03","modified_gmt":"2024-07-23T20:25:03","slug":"impresora-hp-smart-tank-585-multifuncional","status":"publish","type":"product","link":"https:\/\/compuimpresion.com.co\/portal\/productos\/impresora-hp-smart-tank-585-multifuncional\/","title":{"rendered":"IMPRESORA HP SMART TANK 585 MULTIFUNCIONAL"},"content":{"rendered":"<p style=\"text-align: justify\"><strong>IMPRESORA HP SMART TANK 585 MULTIFUNCIONAL &#8211; TINTA CONTINUA<\/strong><\/p>\n<p style=\"text-align: justify\"><strong>Imprimir se hizo m\u00e1s f\u00e1cil<\/strong><\/p>\n<p style=\"text-align: justify\">Multifuncional de tanque de tinta, ideal para trabajar o estudiar. F\u00e1cil de instalar y usar, con Wifi autorreparable y botones que gu\u00edan al imprimir.<\/p>\n<p style=\"text-align: justify\">Impresora multifuncional intuitivamente inteligente. Imprime documentos con textos n\u00edtidos y fotos sin bordes. Configura e imprime por Wifi con HP Smart App y disfruta la confiabilidad diaria y ahorros sorprendentes de la impresora HP Smart Tank 585 All-in-One.<\/p>\n<p style=\"text-align: justify\"><strong>Conectividad confiable<\/strong><\/p>\n<p style=\"text-align: justify\">Imprime, copia y escanea con esta impresora que detecta y resuelve problemas de conectividad para mantenerse siempre lista con Wifi autorreparable.<\/p>\n<p style=\"text-align: justify\"><strong>F\u00e1cil copia de documentos de identidad<\/strong><\/p>\n<p style=\"text-align: justify\">S\u00f3lo hay que colocarlo en cualquier parte del cristal. La impresora lo detectar\u00e1 y copiar\u00e1 ambas caras en una \u00fanica p\u00e1gina.<\/p>\n<p style=\"text-align: justify\"><strong>Acepta gran variedad de papeles para todas las necesidades<\/strong><\/p>\n<p style=\"text-align: justify\">Imprime en una variedad de opciones de papel, incluyendo papel normal, papel fotogr\u00e1fico HP, papel profesional o folleto mate HP, papel presentaci\u00f3n y otros papeles mate y brillante para inyecci\u00f3n de tinta.<\/p>\n<p style=\"text-align: justify\"><strong>Rellenado de tinta simple<\/strong><\/p>\n<p style=\"text-align: justify\">Botellas antiderrames codificadas por color y sin complicaciones para una f\u00e1cil recarga.<\/p>\n<p style=\"text-align: justify\">Tinta con tecnolog\u00eda t\u00e9rmica que garantiza la mejor calidad de impresi\u00f3n.<\/p>\n<p style=\"text-align: justify\"><strong>Impresi\u00f3n fotogr\u00e1fica en colores vibrantes<\/strong><\/p>\n<p style=\"text-align: justify\">Destaca tus creaciones, proyectos y recuerdos en colores cautivadores y l\u00facete con impresi\u00f3n fotogr\u00e1fica sin bordes.<\/p>\n<p style=\"text-align: justify\"><strong>ESPECIFICACIONES T\u00c9CNICAS:<\/strong><\/p>\n<p style=\"text-align: justify\"><strong>Manejo De Medios De Impresi\u00f3n: <\/strong><\/p>\n<ul style=\"text-align: justify\">\n<li>Manejo De Impresiones Terminadas: Alimentador de hojas<\/li>\n<li>Capacidad De Entrada De Sobre: Hasta 10 sobres<\/li>\n<li>Capacidad De Salida: Hasta 30 hojas<\/li>\n<li>Capacidad De Salida M\u00e1xima (Hojas): Hasta 30 hojas<\/li>\n<li>Entrada De Manejo De Papel, Est\u00e1ndar: Bandeja de entrada 100 hojas<\/li>\n<li>Capacidad De Entrada: Hasta 100 hojas<\/li>\n<li>Salida De Manejo De Papel, Est\u00e1ndar: Bandeja de salida de 30 hojas<\/li>\n<li>Capacidad De Salida Est\u00e1ndar (Sobres): Hasta 10 sobres<\/li>\n<li>Capacidad De Entrada M\u00e1xima (Hojas): Hasta 100 hojas<\/li>\n<li>Capacidad De Entrada Est\u00e1ndar (Sobres): Hasta 10<\/li>\n<li>Capacidad De Entrada M\u00e1xima (Tarjetas): Hasta 30 tarjetas<\/li>\n<li>Capacidad De Entrada M\u00e1xima (Fotograf\u00edas De 10 X 15 Cm): Hasta 30 hojas<\/li>\n<li>Capacidad De Salida Est\u00e1ndar (Legal): Hasta 30 hojas<\/li>\n<li>Capacidad De Entrada M\u00e1xima (Papel Fotogr\u00e1fico): Hasta 30 hojas<\/li>\n<li>Capacidad De Entrada M\u00e1xima (Fotograf\u00edas De 4&#215;6 Pulg.): Hasta 30 hojas<\/li>\n<li>Capacidad De Entrada Est\u00e1ndar (Legal): Hasta 100 hojas<\/li>\n<li>Capacidad De Entrada De Papel De Serie (Tarjetas): Hasta 30 tarjetas<\/li>\n<li>Capacidad De Entrada M\u00e1xima (Etiquetas): Hasta 10 hojas<\/li>\n<li>Capacidad De Salida M\u00e1xima (Papel Fotogr\u00e1fico): Hasta 30hojas<\/li>\n<li>Capacidad De Salida M\u00e1xima (Tarjetas): Hasta 30 tarjetas<\/li>\n<li>Capacidad De Salida Est\u00e1ndar (Tarjetas): Hasta 30 tarjetas<\/li>\n<li>Capacidad De Salida Est\u00e1ndar (Etiquetas): Hasta 10 hojas<\/li>\n<li>Capacidad De Salida M\u00e1xima (Etiquetas): Hasta 30 hojas<\/li>\n<li>Capacidad De Salida M\u00e1xima (Sobres): Hasta 10 sobres<\/li>\n<\/ul>\n<p style=\"text-align: justify\"><strong>Especificaciones De La Pantalla<\/strong><\/p>\n<ul style=\"text-align: justify\">\n<li>Monitor: 1.2-inch iCON LCD Display<\/li>\n<\/ul>\n<p style=\"text-align: justify\"><strong>Cartuchos Y Cabezales De Impresi\u00f3n<\/strong><\/p>\n<ul style=\"text-align: justify\">\n<li>N\u00famero De Cartuchos De Impresi\u00f3n: 4 (cada 1 botella negra, juego de 3 botellas de color)<\/li>\n<li>Tipos De Tinta: Basado en pigmento (negro); Basado en tinta (color)<\/li>\n<li>Cabezales De Impresi\u00f3n: 2 (1 negro, 1 tricolor)<\/li>\n<li>Color(Es) De Consumibles De Impresi\u00f3n: Negro; Cian; Magenta; Amarillo<\/li>\n<li>Inyectores Del Cabezal De Impresi\u00f3n: 704 (negro), 588 (tricolor)<\/li>\n<li style=\"text-align: justify\">Cartuchos De Reemplazo: Botella de tinta original HP GT53 de 90 ml, negro, 1VV22AL; botella de tinta original HP GT52, cian, M0H54AL; Botella de tinta original HP GT52 de 70 ml, magenta, M0H55AL; Botella de tinta original HP GT52 de 70 ml, amarilla, M0H56AL; Paquete de 3 botellas de tinta original HP GT52, cian\/magenta\/amarilla, X4E44AL.<\/li>\n<li>Colores De Impresi\u00f3n, M\u00e1ximo: 4<\/li>\n<\/ul>\n<p style=\"text-align: justify\"><strong>Especificaciones Del Transmisor Digital<\/strong><\/p>\n<ul style=\"text-align: justify\">\n<li>Funciones Est\u00e1ndar De Env\u00edo Digital: Escaneo a archivo (desde el software); HP Smart Tasks<\/li>\n<li>Formatos De Archivo, Admitidos: JPG; PDF<\/li>\n<li>Capacidad De Env\u00edo A E-Mail: No<\/li>\n<\/ul>\n<p style=\"text-align: justify\"><strong>Tiempo De Impresi\u00f3n<\/strong><\/p>\n<ul style=\"text-align: justify\">\n<li>Salida De Primera P\u00e1gina Impresa En Negro (A4, Preparada): 14 segundos<\/li>\n<li>Salida De Primera P\u00e1gina Impresa Color (A4, Preparada): Velocidad m\u00e1xima de 21 segundos<\/li>\n<\/ul>\n<p style=\"text-align: justify\"><strong>Especificaciones De La Impresora<\/strong><\/p>\n<ul style=\"text-align: justify\">\n<li>Compatibilidad Con Impresi\u00f3n Directa Y Dispositivos De Almacenamiento: Impresi\u00f3n inal\u00e1mbrica directa<\/li>\n<li>Ciclo De Trabajo (Mensual, Carta): Hasta 3.000 p\u00e1ginas<\/li>\n<li>Alimentador De Sobres: No<\/li>\n<li>Funciones: Impresi\u00f3n, copia, escaneado<\/li>\n<li>Lenguajes De Impresi\u00f3n: HP PCL 3 GUI; HP PCLm (aplicaciones HP\/UPD); URF (AirPrint)<\/li>\n<li>Bandejas Para Papel, M\u00e1ximo: 1<\/li>\n<li>Ciclo De Trabajo (Mensual, A4): Hasta 3000 p\u00e1ginas<\/li>\n<li>Bandejas Para Papel, Est\u00e1ndar: 1<\/li>\n<li>Volumen De P\u00e1ginas Mensuales Recomendado: 400 a 800<\/li>\n<li>Tecnolog\u00eda De Impresi\u00f3n: Inyecci\u00f3n t\u00e9rmica de tinta HP<\/li>\n<li>Impresi\u00f3n A Doble Cara: Manual (soporte para controlador suministrado)<\/li>\n<li>Fuentes Y Tipos De Caracteres: Ninguno\/a<\/li>\n<li>Sensor De Papel Autom\u00e1tico: No<\/li>\n<li>Administraci\u00f3n De Impresoras: No<\/li>\n<li>Colores De Impresi\u00f3n: S\u00ed<\/li>\n<li>Principales Caracter\u00edsticas: Conexi\u00f3n inal\u00e1mbrica; Dep\u00f3sito de impresora de gran volumen; Imprima desde su tel\u00e9fono o Tablet; Escanear a PDF<\/li>\n<li>Cantidad De Usuarios Y Volumen De Impresi\u00f3n: Para equipos de hasta 3 usuarios; Imprime hasta 800 p\u00e1ginas por mes<\/li>\n<li>Impresi\u00f3n Sin Bordes: S\u00ed (hasta 8,5 x 11 pulgadas, 210 x 297 mm)<\/li>\n<li>Controladores De Impresora Incluidos: HP PCL 3 GUI<\/li>\n<li>Soporte De Hojas De Prueba Fotogr\u00e1ficas: No<\/li>\n<li>Precisi\u00f3n En La Alineaci\u00f3n Vertical: +\/- 0.02 mm<\/li>\n<\/ul>\n<p style=\"text-align: justify\"><strong>Contenido De La Caja<\/strong><\/p>\n<ul style=\"text-align: justify\">\n<li style=\"text-align: justify\">Contenido De La Caja: Impresora Todo-en-Uno HP Smart Tank 520; Botella de tinta original HP GT53XL, negro (135 ml); Botella de tinta original HP GT52, cian (50 ml); Botella de tinta original HP GT52, magenta (50 ml); Botella de tinta original HP GT52, amarillo (50 ml); Cabezal de impresi\u00f3n HP Smart Tank; Gu\u00eda de instalaci\u00f3n; Gu\u00eda de referencia; Volante de advertencia sobre tintas; Volante reglamentario; Volante de garant\u00eda, Cable de alimentaci\u00f3n; Incluye 1 botella adicional de tinta original GT53XL negra de 135 ml.<\/li>\n<li>Cable Incluido: (AB2, ACJ, BGG, AK3) <strong>S\u00ed,<\/strong> USB de 1 m; (671, BEW, BHG, AKY, AKH, AC8) No, compre el cable USB por separado<\/li>\n<\/ul>\n<p style=\"text-align: justify\"><strong>Memoria<\/strong><\/p>\n<ul style=\"text-align: justify\">\n<li>Ranuras De Memoria: No<\/li>\n<li>Memoria, Est\u00e1ndar: 64 MB de DDR1 integrada<\/li>\n<li>Memoria, M\u00e1xima: 64 MB<\/li>\n<\/ul>\n<p style=\"text-align: justify\"><strong>Conectividad Y Comunicaciones<\/strong><\/p>\n<ul style=\"text-align: justify\">\n<li>Conectividad, Est\u00e1ndar: 1 USB 2.0 de alta velocidad (dispositivo); 1 Wi-Fi 802.11b\/g\/n; 1 Wi-Fi Direct<\/li>\n<li>Capacidades De Red: S\u00ed (a trav\u00e9s de WiFi)<\/li>\n<li>Capacidad Inal\u00e1mbrica: S\u00ed, Wi-Fi 2.4G integrado, Wi-Fi Direct<\/li>\n<li>Capacidad De Impresi\u00f3n M\u00f3vil: Aplicaci\u00f3n HP Smart; Apple AirPrint; Servicios de impresi\u00f3n Mopria; Complemento de servicio de impresi\u00f3n HP (impresi\u00f3n Android); Impresi\u00f3n Wi-Fi Direct<\/li>\n<li>\u00abPlug And Play\u00bb: Auto Wireless Connect<\/li>\n<\/ul>\n<p style=\"text-align: justify\"><strong>Componentes Del Sistema<\/strong><\/p>\n<ul style=\"text-align: justify\">\n<li>Panel De Control: Encendido\/apagado, cancelar, reanudar, copia en color, copia en negro, copia de identificaci\u00f3n, WI-FI y bot\u00f3n de informaci\u00f3n<\/li>\n<\/ul>\n<p style=\"text-align: justify\"><strong>Procesador<\/strong><\/p>\n<ul style=\"text-align: justify\">\n<li>Velocidad Del Procesador: 980 MHz<\/li>\n<\/ul>\n<p style=\"text-align: justify\"><strong>Resoluci\u00f3n De Esc\u00e1ner<\/strong><\/p>\n<ul style=\"text-align: justify\">\n<li>Resoluci\u00f3n De Escaneo, Hardware: Hasta 1200 x 1200 dpi<\/li>\n<li>Resoluci\u00f3n De Escaneado Mejorada: hasta 1200 ppp<\/li>\n<li>Resoluci\u00f3n De Escaneo, \u00d3ptica: hasta 1200 ppp<\/li>\n<li>Exenci\u00f3n De Responsabilidad De Resoluci\u00f3n De Escaneado Mejorada: hasta 1200 ppp<\/li>\n<\/ul>\n<p style=\"text-align: justify\"><strong>Medios De Impresi\u00f3n Compatibles<\/strong><\/p>\n<ul style=\"text-align: justify\">\n<li>Tama\u00f1os De Soportes De Impresi\u00f3n Admitidos: A4; B5; A6; Sobre DL, legal<\/li>\n<li>Tama\u00f1os De Soporte Est\u00e1ndar (Doble Cara): A4; B5<\/li>\n<li>Peso De Soporte, Admitido: Papel normal: 60 a 90g\/m\u00b2; Sobres: 75 a 90g\/m\u00b2; Tarjetas: hasta 200g\/m\u00b2; Papel fotogr\u00e1fico: hasta 300g\/m\u00b2<\/li>\n<li>Tipos De Soportes: Papel com\u00fan, Papeles para folletos mate, Papeles para folletos con brillo, Papeles fotogr\u00e1ficos, Sobres, Otros papeles especiales de inyecci\u00f3n de tinta<\/li>\n<li>Tama\u00f1os De Soportes, Personalizado: 88,9 x 127 a 215,9 x 355,6 mm<\/li>\n<li>Peso De Soporte, Recomendado: 75 g\/m\u00b2<\/li>\n<li>Tama\u00f1os De Soporte Admitidos, Clave: 10 x 15 cm; A4; Sobres<\/li>\n<\/ul>\n<p style=\"text-align: justify\"><strong>Requisitos Del Sistema<\/strong><\/p>\n<ul style=\"text-align: justify\">\n<li>Requisitos M\u00ednimos Del Sistema Para Macintosh: Apple macOS v10.15 Catalina, macOS v11 Big Sur, macOS v12 Monterey; Disco duro de 2 GB; Se requiere acceso a Internet<\/li>\n<li>Requisitos M\u00ednimos Del Sistema: Microsoft Windows 11, 10, 7 SP1: 32 bits o 64 bits, conexi\u00f3n a Internet, Microsoft Internet Explorer o Edge.<\/li>\n<\/ul>\n<p style=\"text-align: justify\"><strong>Software Y Aplicaciones<\/strong><\/p>\n<ul style=\"text-align: justify\">\n<li>Compatible Con Mac: S\u00ed<\/li>\n<li>Software Incluido: Software de impresoras HP<\/li>\n<\/ul>\n<p style=\"text-align: justify\"><strong>Sistemas Operativos Soportados<\/strong><\/p>\n<ul style=\"text-align: justify\">\n<li>Sistemas Operativos Compatibles: Windows 11; Windows 10; macOS 10.15 Catalina; macOS 11 Big Sur; macOS 12 Monterey<\/li>\n<li>Sistema Operativo (Tipo De Compatibilidad): Microsoft Windows 11, 10, 7 SP1: 32 bits o 64 bits; macOS v10.15 Catalina, macOS v11 Big Sur, macOS v12 Monterey; Android; iOS;<\/li>\n<\/ul>\n<p style=\"text-align: justify\"><strong>Velocidad De Impresi\u00f3n<\/strong><\/p>\n<ul style=\"text-align: justify\">\n<li>Velocidad De Impresi\u00f3n En Negro (Normal, A4): Hasta 12 ppm<\/li>\n<li>Velocidad De Impresi\u00f3n En Negro (Borrador, A4): Hasta 22 ppm<\/li>\n<li>Velocidad De Impresi\u00f3n En Color (Normal, A4): Hasta 5 ppm<\/li>\n<li>Velocidad De Impresi\u00f3n: Velocidad de impresi\u00f3n de hasta 12ppm (negro) y 5ppm (color)<\/li>\n<li>Velocidad De Impresi\u00f3n En Color (Normal, Fotograf\u00edas De 4&#215;6 Pulg.): As fast as 76 sec<\/li>\n<li>Velocidad De Impresi\u00f3n En Color (Borrador, A4): Hasta 16 ppm<\/li>\n<li>Velocidad De Impresi\u00f3n Monocrom\u00e1tica (ISO): Hasta 12 ppm<\/li>\n<li>Velocidad De Impresi\u00f3n Color (ISO): Hasta 5 ppm<\/li>\n<li>Velocidad De Impresi\u00f3n En Color (Normal, Fotograf\u00edas De 10&#215;15 Cm): 76 segundos<\/li>\n<\/ul>\n<p style=\"text-align: justify\"><strong>Resoluci\u00f3n De Impresi\u00f3n<\/strong><\/p>\n<ul style=\"text-align: justify\">\n<li>Calidad De Impresi\u00f3n En Negro (\u00d3ptima): Hasta 1200 x 1200 ppp de reproducci\u00f3n<\/li>\n<li>Calidad De Impresi\u00f3n En Color (\u00d3ptima): Hasta 4800 x 1200 dpi color optimizados (cuando se imprime desde una computadora y 1200 dpi de entrada)<\/li>\n<\/ul>\n<p style=\"text-align: justify\"><strong>\u00c1rea De Impresi\u00f3n<\/strong><\/p>\n<ul style=\"text-align: justify\">\n<li>\u00c1rea De Impresi\u00f3n M\u00e1xima: 216 x 355 mm<\/li>\n<li>Margen Derecho (A4): 3 mm<\/li>\n<li>Margen Superior (A4): 3 mm<\/li>\n<li>Margen Inferior (A4): 3 mm<\/li>\n<li>Margen Izquierdo (A4): 3 mm<\/li>\n<\/ul>\n<p style=\"text-align: justify\"><strong>Especificaciones Del Esc\u00e1ner<\/strong><\/p>\n<ul style=\"text-align: justify\">\n<li>Formato Del Archivo De Digitalizaci\u00f3n: JPEG; PDF<\/li>\n<li>Escaneado Color: S\u00ed<\/li>\n<li>Tipo De Esc\u00e1ner: Esc\u00e1ner plano<\/li>\n<li>Tama\u00f1o De Escaneo, M\u00e1ximo: 216 x 297 mm<\/li>\n<li>Niveles De Escala De Grises: 256<\/li>\n<li>Modos De Entrada De Digitalizaci\u00f3n: Copia; Software HP; EWS<\/li>\n<li>Profundidad En Bits: 24 bits<\/li>\n<li>Versi\u00f3n Twain: Versi\u00f3n 2.4<\/li>\n<li>Tecnolog\u00eda De Escaneado: (CIS) Sensor de imagen de contacto<\/li>\n<li>Gama De Escala O Ampliaci\u00f3n De Im\u00e1genes: 25 al 150 %<\/li>\n<li>Opciones De Escaneo (ADF): No corresponde<\/li>\n<\/ul>\n<p style=\"text-align: justify\"><strong>Especificaciones De Copiadora<\/strong><\/p>\n<ul style=\"text-align: justify\">\n<li>Copias, M\u00e1ximo: Hasta 99 copias<\/li>\n<li>Configuraci\u00f3n De Reducci\u00f3n\/Ampliaci\u00f3n De Copias: A trav\u00e9s de la aplicaci\u00f3n HP Smart<\/li>\n<li>Configuraciones De Copia: Cantidad de copias, Cambiar de tama\u00f1o, Calidad, M\u00e1s claro\/m\u00e1s oscuro, Tama\u00f1o de papel, Tipo de papel, Copia de ID, Mejora<\/li>\n<li>Capacidad De Copiado Color: S\u00ed<\/li>\n<\/ul>\n<p style=\"text-align: justify\"><strong>Velocidad De Copia<\/strong><\/p>\n<ul style=\"text-align: justify\">\n<li>Velocidad De Copiado Color (ISO): Hasta 2 cpm<\/li>\n<li>Velocidad De Copiado En Negro (ISO): Hasta 10 cpm<\/li>\n<\/ul>\n<p style=\"text-align: justify\"><strong>Especificaciones De La C\u00e1mara<\/strong><\/p>\n<ul style=\"text-align: justify\">\n<li>Formato Del Archivo De Salida: JPEG<\/li>\n<li>Soporte De Impresi\u00f3n De Video Action: No<\/li>\n<li>Compatible Con PictBridge: No<\/li>\n<li>Descripci\u00f3n De PictBridge: No<\/li>\n<\/ul>\n<p style=\"text-align: justify\"><strong>DIMENSIONES:<\/strong><\/p>\n<ul style=\"text-align: justify\">\n<li>Dimensiones del producto (An x Pr x Al): 43.466 cm x 36.153 cm x 15.726 cm<\/li>\n<li>Peso del producto: 5.03 kg<\/li>\n<li>Dimensiones del paquete (An x Pr x Al): 49.5 cm 47.8 cm x 19.8<\/li>\n<li>Peso del paquete: 7.6 kg<\/li>\n<\/ul>\n<p style=\"text-align: justify\">SKU: 1591<\/p>\n<p style=\"text-align: justify\">EAN: 0196548866908<\/p>\n<p style=\"text-align: justify\">N\/P: 1F3Y4A#AKY<\/p>\n<p style=\"text-align: justify\">\n","protected":false},"excerpt":{"rendered":"<p style=\"text-align: justify\">Multifuncional de tanque de tinta, ideal para trabajar o estudiar. F\u00e1cil de instalar y usar, con Wifi autorreparable y botones que gu\u00edan al imprimir.<\/p>\n<p style=\"text-align: justify\">Impresora multifuncional intuitivamente inteligente. Imprime documentos con textos n\u00edtidos y fotos sin bordes. Configura e imprime por Wifi con HP Smart App y disfruta la confiabilidad diaria y ahorros sorprendentes de la impresora HP Smart Tank 585 All-in-One.<\/p>\n","protected":false},"featured_media":5388,"comment_status":"closed","ping_status":"closed","template":"","meta":{"inline_featured_image":false},"pwb-brand":[124],"product_brand":[],"product_cat":[891,1259],"product_tag":[1000,1013,872,374,297,1124,992,143,1123,935,957,185,357,990],"class_list":{"0":"post-5156","1":"product","2":"type-product","3":"status-publish","4":"has-post-thumbnail","6":"pwb-brand-hp","7":"product_cat-impresion","8":"product_cat-inyeccion-de-tinta","9":"product_tag-a-color","10":"product_tag-blanco-y-negro","11":"product_tag-copia","12":"product_tag-escaner","13":"product_tag-hp","14":"product_tag-hp-smart-tank-585","15":"product_tag-mac","16":"product_tag-multifuncional","17":"product_tag-smart-tank-585","18":"product_tag-tanque-de-tinta","19":"product_tag-tinta-continua","20":"product_tag-usb","21":"product_tag-wifi","22":"product_tag-windows","24":"first","25":"instock","26":"taxable","27":"shipping-taxable","28":"purchasable","29":"product-type-simple"},"brands":[{"id":124,"name":"HP","slug":"hp"}],"_links":{"self":[{"href":"https:\/\/compuimpresion.com.co\/portal\/wp-json\/wp\/v2\/product\/5156","targetHints":{"allow":["GET"]}}],"collection":[{"href":"https:\/\/compuimpresion.com.co\/portal\/wp-json\/wp\/v2\/product"}],"about":[{"href":"https:\/\/compuimpresion.com.co\/portal\/wp-json\/wp\/v2\/types\/product"}],"replies":[{"embeddable":true,"href":"https:\/\/compuimpresion.com.co\/portal\/wp-json\/wp\/v2\/comments?post=5156"}],"wp:featuredmedia":[{"embeddable":true,"href":"https:\/\/compuimpresion.com.co\/portal\/wp-json\/wp\/v2\/media\/5388"}],"wp:attachment":[{"href":"https:\/\/compuimpresion.com.co\/portal\/wp-json\/wp\/v2\/media?parent=5156"}],"wp:term":[{"taxonomy":"pwb-brand","embeddable":true,"href":"https:\/\/compuimpresion.com.co\/portal\/wp-json\/wp\/v2\/pwb-brand?post=5156"},{"taxonomy":"product_brand","embeddable":true,"href":"https:\/\/compuimpresion.com.co\/portal\/wp-json\/wp\/v2\/product_brand?post=5156"},{"taxonomy":"product_cat","embeddable":true,"href":"https:\/\/compuimpresion.com.co\/portal\/wp-json\/wp\/v2\/product_cat?post=5156"},{"taxonomy":"product_tag","embeddable":true,"href":"https:\/\/compuimpresion.com.co\/portal\/wp-json\/wp\/v2\/product_tag?post=5156"}],"curies":[{"name":"wp","href":"https:\/\/api.w.org\/{rel}","templated":true}]}}