{"id":5153,"date":"2024-03-19T17:49:15","date_gmt":"2024-03-19T22:49:15","guid":{"rendered":"https:\/\/compuimpresion.com.co\/portal\/?post_type=product&#038;p=5153"},"modified":"2024-10-18T09:16:31","modified_gmt":"2024-10-18T14:16:31","slug":"imppresora-epson-ecotank-l3251-multifuncional","status":"publish","type":"product","link":"https:\/\/compuimpresion.com.co\/portal\/productos\/imppresora-epson-ecotank-l3251-multifuncional\/","title":{"rendered":"IMPRESORA EPSON ECOTANK L3251 MULTIFUNCIONAL"},"content":{"rendered":"<p style=\"text-align: justify\"><strong>IMPPRESORA EPSON ECOTANK L3251 MULTIFUNCIONAL, WIFI, RECARGA CONTINUA ORIGINAL<\/strong><\/p>\n<p style=\"text-align: justify\">La Impresora multifuncional 3 en 1 Epson EcoTank L3251 ofrece a las familias, estudiantes y profesionales un costo de impresi\u00f3n ultra bajo, que te permite imprimir hasta 4.500 p\u00e1ginas en negro aproximadamente o 7.500 p\u00e1ginas a color aproximadamente con cada juego de botellas de repuesto. La EcoTank L3251 ofrece total confiabilidad gracias a la tecnolog\u00eda Heat-Free de Epson, adem\u00e1s de una experiencia de recarga f\u00e1cil, limpia y sin errores con la tecnolog\u00eda EcoFit. Dise\u00f1ado para integrarse en su estilo de vida, est\u00e1 completamente conectado con WiFi, WiFi Direct y capacidades de impresi\u00f3n m\u00f3vil a trav\u00e9s de la nueva e intuitiva aplicaci\u00f3n Epson Smart Panel y cuenta con un dise\u00f1o de tanque frontal s\u00faper compacto que ocupa poco espacio y permite verificar f\u00e1cilmente los niveles de tinta.<\/p>\n<p><strong>ESPECIFICACIONES T\u00c9CNICAS: \u00a0<\/strong><\/p>\n<p><strong>IMPRESI\u00d3N:<\/strong><\/p>\n<ul>\n<li>Tecnolog\u00eda de impresi\u00f3n:\u00a0 Inyecci\u00f3n de tinta Heat-Free Micro Piezo de 4 colores (CMYK)<\/li>\n<li>Resoluci\u00f3n m\u00e1xima de impresi\u00f3n:\u00a0 Hasta 5.760 dpi x 1.440 dpi<\/li>\n<li>Velocidad de impresi\u00f3n m\u00e1xima:\u00a0 Negro 33 ppm y color 15 ppm (borrador, A4\/carta)<\/li>\n<li>Velocidad de impresi\u00f3n ISO2:\u00a0 Negro 10 ppm y color 5 ppm (A4\/carta)<\/li>\n<\/ul>\n<p><strong>COPIAS:<\/strong><\/p>\n<ul>\n<li>Velocidad de copiado ISO3:\u00a0 Negro 7,7 cpm y color 3,8 cpm (A4\/carta)<\/li>\n<li>Resoluci\u00f3n m\u00e1xima de copiado:\u00a0 1.200 dpi x 2.400 dpi<\/li>\n<li>Tama\u00f1o m\u00e1ximo de copiado:\u00a0 A4\/carta<\/li>\n<\/ul>\n<p><strong>ESCANEO:<\/strong><\/p>\n<ul>\n<li>Tipo de esc\u00e1ner:\u00a0 Cama plana con sensor de l\u00edneas CIS de color<\/li>\n<li>\u00c1rea de escaneo m\u00e1xima:\u00a0 216 mm x 297 mm<\/li>\n<li>Resoluci\u00f3n \u00f3ptica\/m\u00e1xima:\u00a0 1.200 dpi x 2.400 dpi<\/li>\n<li>Profundidad de color:\u00a0 Color: 48 bits de entrada, 24 bits de salida &#8211; Escala de grises: 16 bits de entrada, 8 bits de salida &#8211; Blanco y negro: 16 bits de entrada, 1 bit de salida<\/li>\n<\/ul>\n<p><strong>IMPRESI\u00d3N INAL\u00c1MBRICA DESDE DISPOSITIVOS INTELIGENTES:<\/strong><\/p>\n<ul>\n<li>Epson Connect:\u00a0 Epson Smart Panel App (iOS, Android), Epson Email Print, Remote Print Driver<\/li>\n<li>Otros:\u00a0 Chromebook Native Print<\/li>\n<\/ul>\n<p><strong>INTERFAZ Y CONECTIVIDAD:<\/strong><\/p>\n<ul>\n<li>Conectividad est\u00e1ndar:\u00a0 USB de alta velocidad (compatible con USB 2.0), Wi-Fi, Wi-Fi Direct<\/li>\n<li>Protocolos de impresi\u00f3n en red:\u00a0 TCP\/IPv4, TCP\/IPv6<\/li>\n<li>Protocolos para gesti\u00f3n de redes Seguridad WLAN:\u00a0 SNMP, HTTP, DHCP, APIPA, PING, DDNS, mDNS, SLP, WSD, LLTD WEP (64bit\/128bit), WPA-PSK (TKIP), WPA2-PSK (AES), WPA3-SAE (AES)<\/li>\n<li>Compatibilidad con Sistemas Operativos:\u00a0 Windows Vista\/ 7 \/ 8 \/ 8.1 \/ 10 o m\u00e1s reciente (32bit, 64bit) Windows Server 2003 (SP2) or later, Mac OS X 10.5.8 o m\u00e1s reciente, macOS 11 o m\u00e1s reciente.<\/li>\n<\/ul>\n<p><strong>MANEJO DE PAPEL Y MEDIOS:<\/strong><\/p>\n<ul>\n<li>Tama\u00f1o m\u00e1ximo de impresi\u00f3n:\u00a0 215.9 mm x 1.200 mm<\/li>\n<li>Tipos de papeles soportados:\u00a0 Papel normal, Papel especial Epson (Photo Glossy\/Semi-gloss, Presentation Paper Matte, High Quality Ink Jet Paper y Sobres), Est\u00e1ndar: A4, Carta, Oficio (21,59 cm x 35,56 cm), (21,59 cm x 34,04 cm)<\/li>\n<li>Tama\u00f1os de papeles soportados: O\u2011cio 9 (21,49 cm x 31,5 cm), Folio (21,59 cm x 33,02 cm), Ejecutivo, Media Carta, A6, Foto: 10 cm x 15 cm (4\u201d x 6\u201d), 16:9 wide (10,2 cm x 18,1 cm), 13 cm x 18 cm (5\u201d x 7\u201d), Sobres: #10<\/li>\n<li>Capacidad de carga:\u00a0 Alimentaci\u00f3n trasera: hasta 100 hojas (A4\/Carta)<\/li>\n<\/ul>\n<p><strong>GENERAL: <\/strong><\/p>\n<ul>\n<li>Software incluido:<strong>\u00a0 <\/strong>CD: Printer Driver, Epson Photo+, Epson ScanSmart<\/li>\n<li>\u00bfQu\u00e9 hay en la caja?: Impresora Epson EcoTank L3251, gu\u00eda de instalaci\u00f3n, CD con controladores, cable de alimentaci\u00f3n, cable USB.<\/li>\n<li>Garant\u00eda limitada extendida: 2 a\u00f1os (1 activo y otro por registrar m\u00e1ximo 30 d\u00edas para realizarlo) con el fabricante Epson<\/li>\n<\/ul>\n<p><strong>RENDIMIENTO DE TINTAS:<\/strong><\/p>\n<ul>\n<li>Botellas de tinta de reemplazo original: 1 botella con tinta negra rinde hasta 4.500 p\u00e1ginas aproximadamente, 3 botellas a color (cian, magenta, amarillo) rinden hasta 7.500 p\u00e1ginas aproximadamente.<\/li>\n<li>La EcoTank L3251 fue dise\u00f1ada para usar exclusivamente con las botellas de tinta originales marca Epson. Epson recomienda el uso de tinta original para asegurar el mejor rendimiento y calidad de impresi\u00f3n y no arriesgar la garant\u00eda limitada.<\/li>\n<\/ul>\n<p><strong>DIMENSIONES:<\/strong><\/p>\n<ul>\n<li>Dimensiones del producto (An x Pr x Al): 57.8 cm x 37.5 cm x 25,3 cm<\/li>\n<li>Peso del producto: 3.9 kg<\/li>\n<li>Dimensiones del paquete (An x Pr x Al): \u00a064 cm x 44 cm x 32 cm<\/li>\n<li>Peso del paquete: 8 kg<\/li>\n<\/ul>\n<p>&nbsp;<\/p>\n<p>SKU: 2667<\/p>\n<p>EAN: 010343958104<\/p>\n<p>N\/P: C11CJ67302<\/p>\n<p>&nbsp;<\/p>\n","protected":false},"excerpt":{"rendered":"<p style=\"text-align: justify\">La Impresora multifuncional 3 en 1 Epson EcoTank L3251 ofrece a las familias, estudiantes y profesionales un costo de impresi\u00f3n ultra bajo, que te permite imprimir hasta 4.500 p\u00e1ginas en negro aproximadamente o 7.500 p\u00e1ginas a color aproximadamente con cada juego de botellas de repuesto. La EcoTank L3251 ofrece total confiabilidad gracias a la tecnolog\u00eda Heat-Free de Epson, adem\u00e1s de una experiencia de recarga f\u00e1cil, limpia y sin errores con la tecnolog\u00eda EcoFit.<\/p>\n","protected":false},"featured_media":5385,"comment_status":"closed","ping_status":"closed","template":"","meta":{"inline_featured_image":false},"pwb-brand":[125],"product_brand":[],"product_cat":[891,1259],"product_tag":[1000,1013,872,244,1113,245,1114,374,130,874,1112,992,143,357,990],"class_list":{"0":"post-5153","1":"product","2":"type-product","3":"status-publish","4":"has-post-thumbnail","6":"pwb-brand-epson","7":"product_cat-impresion","8":"product_cat-inyeccion-de-tinta","9":"product_tag-a-color","10":"product_tag-blanco-y-negro","11":"product_tag-copia","12":"product_tag-ecotank","13":"product_tag-ecotank-l3251","14":"product_tag-epson","15":"product_tag-epson-ecotank-l3251","16":"product_tag-escaner","17":"product_tag-impresion","18":"product_tag-inyeccion","19":"product_tag-l3251","20":"product_tag-mac","21":"product_tag-multifuncional","22":"product_tag-wifi","23":"product_tag-windows","25":"first","26":"instock","27":"taxable","28":"shipping-taxable","29":"purchasable","30":"product-type-simple"},"brands":[{"id":125,"name":"Epson","slug":"epson"}],"_links":{"self":[{"href":"https:\/\/compuimpresion.com.co\/portal\/wp-json\/wp\/v2\/product\/5153","targetHints":{"allow":["GET"]}}],"collection":[{"href":"https:\/\/compuimpresion.com.co\/portal\/wp-json\/wp\/v2\/product"}],"about":[{"href":"https:\/\/compuimpresion.com.co\/portal\/wp-json\/wp\/v2\/types\/product"}],"replies":[{"embeddable":true,"href":"https:\/\/compuimpresion.com.co\/portal\/wp-json\/wp\/v2\/comments?post=5153"}],"wp:featuredmedia":[{"embeddable":true,"href":"https:\/\/compuimpresion.com.co\/portal\/wp-json\/wp\/v2\/media\/5385"}],"wp:attachment":[{"href":"https:\/\/compuimpresion.com.co\/portal\/wp-json\/wp\/v2\/media?parent=5153"}],"wp:term":[{"taxonomy":"pwb-brand","embeddable":true,"href":"https:\/\/compuimpresion.com.co\/portal\/wp-json\/wp\/v2\/pwb-brand?post=5153"},{"taxonomy":"product_brand","embeddable":true,"href":"https:\/\/compuimpresion.com.co\/portal\/wp-json\/wp\/v2\/product_brand?post=5153"},{"taxonomy":"product_cat","embeddable":true,"href":"https:\/\/compuimpresion.com.co\/portal\/wp-json\/wp\/v2\/product_cat?post=5153"},{"taxonomy":"product_tag","embeddable":true,"href":"https:\/\/compuimpresion.com.co\/portal\/wp-json\/wp\/v2\/product_tag?post=5153"}],"curies":[{"name":"wp","href":"https:\/\/api.w.org\/{rel}","templated":true}]}}