{"id":5143,"date":"2024-03-12T14:31:28","date_gmt":"2024-03-12T19:31:28","guid":{"rendered":"https:\/\/compuimpresion.com.co\/portal\/?post_type=product&#038;p=5143"},"modified":"2024-08-01T17:17:31","modified_gmt":"2024-08-01T22:17:31","slug":"portatil-asus-e1504ga-nj103-intel-core-i3-n305-8gb-ddr4-512gb-ssd-pantalla-156-fhd","status":"publish","type":"product","link":"https:\/\/compuimpresion.com.co\/portal\/productos\/portatil-asus-e1504ga-nj103-intel-core-i3-n305-8gb-ddr4-512gb-ssd-pantalla-156-fhd\/","title":{"rendered":"PORT\u00c1TIL ASUS E1504GA-NJ103 &#8211; INTEL CORE I3 N305 &#8211; 8GB DDR4 &#8211; 512GB SSD &#8211; PANTALLA 15,6&#8243; FHD"},"content":{"rendered":"<p style=\"text-align: justify\"><strong>PORT\u00c1TIL ASUS E1504GA-NJ103 &#8211; INTEL CORE I3 N305 &#8211; 8GB DDR4 &#8211; 512GB SSD &#8211; PANTALLA 15,6&#8243; FHD<\/strong><\/p>\n<p style=\"text-align: justify\">La ASUS Vivobook Go 15 est\u00e1 dise\u00f1ada para que seas productivo y te mantengas entretenido dondequiera que vayas. Con su bisagra plana de 180\u00b0, el protector f\u00edsico de la c\u00e1mara web y un mont\u00f3n de caracter\u00edsticas de dise\u00f1o bien pensadas, incluida una hermosa pantalla con bordes ultradelgados, \u00a1Vivobook Go 15 es la laptop que te permite hacer todo!<\/p>\n<p style=\"text-align: justify\"><strong>Ll\u00e9vala donde sea<\/strong><\/p>\n<p style=\"text-align: justify\">El dise\u00f1o compacto y liviano de la Vivobook Go 15 permite llevarla a cualquier lugar con un esfuerzo m\u00ednimo, gracias a su peso y grosor. Sus dimensiones compactas, adem\u00e1s, no implican sacrificios, incorporando en su interior un poderoso procesador.<\/p>\n<p><strong>ESPECIFICACIONES T\u00c9CNICAS: <\/strong><\/p>\n<ul>\n<li>Procesador: Intel Core i3 N305 (N\u00facleos: 8 \/ subprocesos: 8 &#8211; Frecuencia turbo m\u00e1xima: 3,80 GHz, 6 MB Intel Smart Cache)<\/li>\n<li>Memoria Ram 8 GB DDR4<\/li>\n<li>Almacenamiento: Disco de Estado S\u00f3lido 512 GB SSD<\/li>\n<li>Tama\u00f1o de Pantalla: 15,6&#8243; FHD, antirreflejo<\/li>\n<li>Resoluci\u00f3n de la Pantalla: 1920 x 1080<\/li>\n<li>Conectividad: Wi-Fi y Bluetooth<\/li>\n<li>Puerto HDMI: Uno<\/li>\n<li>Puertos USB: (1 x USB 2.0) \u2013 (1 x USB 3.2 Gen 1) &#8211; (1 x UBS 3.2 Gen 1 Tipo-C)<\/li>\n<li>Puerto de audio: 1 puerto para auriculares (combinado para micr\u00f3fono y auriculares)<\/li>\n<li>Conector de alimentaci\u00f3n<\/li>\n<li>C\u00e1mara: HD 720p con persiana de privacidad<\/li>\n<li>Audio: Altavoz incorporado<\/li>\n<li>Sistema operativo: FreeDos (Sin sistema operativo)<\/li>\n<li>Color: Negro<\/li>\n<\/ul>\n<p><strong>DIMENSIONES:<\/strong><\/p>\n<ul>\n<li>Dimensiones del producto (An x Pr x Al): 36.03 cm x 23.25 cm x 1.79 cm<\/li>\n<li>Peso del producto: 1,63\u00a0kg<\/li>\n<li>Dimensiones del paquete (An x Pr x Al): 41 cm x 28.5 cm 7.5 cm<\/li>\n<li>Peso del paquete: 3.5 kg<\/li>\n<\/ul>\n<p>SKU: 1036<\/p>\n<p>EAN: 4711387369340<\/p>\n<p>N\/P: 90NB0ZT2-M00L90<\/p>\n","protected":false},"excerpt":{"rendered":"<p>La ASUS Vivobook Go 15 est\u00e1 dise\u00f1ada para que seas productivo y te mantengas entretenido dondequiera que vayas. Con su bisagra plana de 180\u00b0, el protector f\u00edsico de la c\u00e1mara web y un mont\u00f3n de caracter\u00edsticas de dise\u00f1o bien pensadas, incluida una hermosa pantalla con bordes ultradelgados, \u00a1Vivobook Go 15 es la laptop que te permite hacer todo!<\/p>\n","protected":false},"featured_media":5144,"comment_status":"closed","ping_status":"closed","template":"","meta":{"inline_featured_image":false},"pwb-brand":[177],"product_brand":[],"product_cat":[888,894],"product_tag":[1023,1022,494,1109,336,1026,1111,1037,483,321,1036,1066,1068,227,1110,185,357],"class_list":{"0":"post-5143","1":"product","2":"type-product","3":"status-publish","4":"has-post-thumbnail","6":"pwb-brand-asus","7":"product_cat-computo","8":"product_cat-portatiles-computo","9":"product_tag-512gb-ssd","10":"product_tag-8gb-ddr4","11":"product_tag-asus","12":"product_tag-asus-e1504ga-nj103","13":"product_tag-bluetooth","14":"product_tag-camara-web","15":"product_tag-color-negro","16":"product_tag-fhd-1920-x-1080","17":"product_tag-freedos","18":"product_tag-hdmi","19":"product_tag-intel-core-i3","20":"product_tag-intel-core-i3-n305","21":"product_tag-pantalla-15-6","22":"product_tag-portail","23":"product_tag-portatil-asus-e1504ga-nj103","24":"product_tag-usb","25":"product_tag-wifi","27":"first","28":"outofstock","29":"taxable","30":"shipping-taxable","31":"purchasable","32":"product-type-simple"},"brands":[{"id":177,"name":"ASUS","slug":"asus"}],"_links":{"self":[{"href":"https:\/\/compuimpresion.com.co\/portal\/wp-json\/wp\/v2\/product\/5143","targetHints":{"allow":["GET"]}}],"collection":[{"href":"https:\/\/compuimpresion.com.co\/portal\/wp-json\/wp\/v2\/product"}],"about":[{"href":"https:\/\/compuimpresion.com.co\/portal\/wp-json\/wp\/v2\/types\/product"}],"replies":[{"embeddable":true,"href":"https:\/\/compuimpresion.com.co\/portal\/wp-json\/wp\/v2\/comments?post=5143"}],"wp:featuredmedia":[{"embeddable":true,"href":"https:\/\/compuimpresion.com.co\/portal\/wp-json\/wp\/v2\/media\/5144"}],"wp:attachment":[{"href":"https:\/\/compuimpresion.com.co\/portal\/wp-json\/wp\/v2\/media?parent=5143"}],"wp:term":[{"taxonomy":"pwb-brand","embeddable":true,"href":"https:\/\/compuimpresion.com.co\/portal\/wp-json\/wp\/v2\/pwb-brand?post=5143"},{"taxonomy":"product_brand","embeddable":true,"href":"https:\/\/compuimpresion.com.co\/portal\/wp-json\/wp\/v2\/product_brand?post=5143"},{"taxonomy":"product_cat","embeddable":true,"href":"https:\/\/compuimpresion.com.co\/portal\/wp-json\/wp\/v2\/product_cat?post=5143"},{"taxonomy":"product_tag","embeddable":true,"href":"https:\/\/compuimpresion.com.co\/portal\/wp-json\/wp\/v2\/product_tag?post=5143"}],"curies":[{"name":"wp","href":"https:\/\/api.w.org\/{rel}","templated":true}]}}