{"id":5129,"date":"2024-03-08T10:21:51","date_gmt":"2024-03-08T15:21:51","guid":{"rendered":"https:\/\/compuimpresion.com.co\/portal\/?post_type=product&#038;p=5129"},"modified":"2025-01-24T11:46:27","modified_gmt":"2025-01-24T16:46:27","slug":"portatil-lenovo-ideapad-slim-3-15iah8-intel-core-i5-12450h-8gb-lpddr5-512gb-ssd-pantalla-156-fhd-touch","status":"publish","type":"product","link":"https:\/\/compuimpresion.com.co\/portal\/productos\/portatil-lenovo-ideapad-slim-3-15iah8-intel-core-i5-12450h-8gb-lpddr5-512gb-ssd-pantalla-156-fhd-touch\/","title":{"rendered":"PORTATIL LENOVO IDEAPAD SLIM 3 15IAH8 &#8211; INTEL CORE I5 12450H &#8211; 8GB LPDDR5 &#8211; 512GB SSD &#8211; PANTALLA 15,6&#8243; FHD TOUCH"},"content":{"rendered":"<p style=\"text-align: justify\"><strong>PORTATIL LENOVO IDEAPAD SLIM 3 15IAH8 &#8211; INTEL CORE I5 12450H &#8211; 8GB LPDDR5 &#8211; 512GB SSD &#8211; PANTALLA 15,6&#8243; FHD TOUCH <\/strong><\/p>\n<p style=\"text-align: justify\">El port\u00e1til IdeaPad Slim 3 est\u00e1 dise\u00f1ado con calidad de grado militar y es ideal para el trabajo, la escuela o el entretenimiento durante los desplazamientos. Equipado con un procesador Intel Core Intel Core i5 12450H, este dispositivo de 15,6\u2033 cuenta con una capacidad de respuesta r\u00e1pida para todas tus aplicaciones, as\u00ed podr\u00e1s realizar m\u00faltiples tareas a la vez seg\u00fan te dicte el coraz\u00f3n. Adem\u00e1s, gracias a su capacidad de almacenamiento podr\u00e1s guardar toda tu biblioteca multimedia en el PC sin renunciar a nada.<\/p>\n<p style=\"text-align: justify\"><strong>Durabilidad de nivel militar<\/strong><\/p>\n<p style=\"text-align: justify\">Este resistente dispositivo est\u00e1 hecho para durar, no importa ad\u00f3nde te lo lleves: biblioteca, cafeter\u00eda, terminal del aeropuerto o cualquier otro lugar. Un 10 % m\u00e1s fino que la generaci\u00f3n anterior, la laptop IdeaPad Slim 3i de 8.\u00aa generaci\u00f3n cabe f\u00e1cilmente en tu mochila o bolsa de viaje. Est\u00e1 dise\u00f1ado para resistir los golpes, el polvo y las duras condiciones de los viajes, adem\u00e1s luce precioso con los colores de tu elecci\u00f3n.<\/p>\n<p><strong>ESPECIFICACIONES T\u00c9CNICAS:<\/strong><\/p>\n<ul>\n<li style=\"text-align: justify\">Procesador: Intel Core i5 12450H (8 n\u00facleos (4P + 4E) \/ 12 subprocesos, Frecuencia turbo m\u00e1xima: 4,40 GHz, 12 MB Intel Smart Cache)<\/li>\n<li>Memoria Ram 8 GB LPDDR5<\/li>\n<li>Almacenamiento: Disco de Estado S\u00f3lido 512 GB SSD<\/li>\n<li>Pantalla Touch: 15,6&#8243; FHD, antirreflejo, t\u00e1ctil<\/li>\n<li>Resoluci\u00f3n de la Pantalla: 1920 x 1080<\/li>\n<li>Conectividad: Wi-Fi y Bluetooth<\/li>\n<li>Puerto HDMI: 1<\/li>\n<li>Puertos USB: (1 x USB 3.2 Gen 1) \u2013 (1 x USB 3.2 Gen 1) &#8211; (1 x UBS 3.2 Gen 1 Tipo-C)<\/li>\n<li>Puerto de audio: 1 puerto para auriculares (combinado para micr\u00f3fono y auriculares)<\/li>\n<li>Lector de tarjetas SD: 1<\/li>\n<li>Conector de alimentaci\u00f3n<\/li>\n<li>Audio: Altavoces est\u00e9reo, 1,5 W x2, Dolby Audio<\/li>\n<li>C\u00e1mara: FHD 1080p con obturador de privacidad y micr\u00f3fono integrado<\/li>\n<li>Sistema operativo: FreeDos (Sin sistema operativo)<\/li>\n<li>Color: Arctic Grey<\/li>\n<\/ul>\n<p><strong>DIMENSIONES:<\/strong><\/p>\n<ul>\n<li>Dimensiones del producto (An x Pr x Al): 35.93 cm x 23.5 cm x 1.79 cm<\/li>\n<li>Peso del producto: 1.62\u00a0kg<\/li>\n<li>Dimensiones del paquete (An x Pr x Al): 41.5 cm x 28.5 cm x 7.5 cm<\/li>\n<li>Peso del paquete: 3.5 kg<\/li>\n<\/ul>\n<p>SKU: 2497<\/p>\n<p>EAN: 0197532261433<\/p>\n<p>N\/P: PF4V5VC0<\/p>\n","protected":false},"excerpt":{"rendered":"<p style=\"text-align: justify\">El port\u00e1til IdeaPad Slim 3 est\u00e1 dise\u00f1ado con calidad de grado militar y es ideal para el trabajo, la escuela o el entretenimiento durante los desplazamientos. Equipado con un procesador Intel Core Intel Core i5 12450H, este dispositivo de 15,6\u2033 cuenta con una capacidad de respuesta r\u00e1pida para todas tus aplicaciones, as\u00ed podr\u00e1s realizar m\u00faltiples tareas a la vez seg\u00fan te dicte el coraz\u00f3n.<\/p>\n","protected":false},"featured_media":5130,"comment_status":"closed","ping_status":"closed","template":"","meta":{"inline_featured_image":false},"pwb-brand":[420],"product_brand":[],"product_cat":[888,894],"product_tag":[1023,1106,336,1026,1037,483,321,634,1103,1051,1105,1086,499,1104,1068,1107,226,185,357],"class_list":{"0":"post-5129","1":"product","2":"type-product","3":"status-publish","4":"has-post-thumbnail","6":"pwb-brand-lenovo","7":"product_cat-computo","8":"product_cat-portatiles-computo","9":"product_tag-512gb-ssd","10":"product_tag-8gb-lpddr5","11":"product_tag-bluetooth","12":"product_tag-camara-web","13":"product_tag-fhd-1920-x-1080","14":"product_tag-freedos","15":"product_tag-hdmi","16":"product_tag-ideapad","17":"product_tag-ideapad-slim-3","18":"product_tag-intel-core-i5","19":"product_tag-intel-core-i5-12450h","20":"product_tag-lector-tarjeta-sd","21":"product_tag-lenovo","22":"product_tag-lenovo-ideapad-slim-3-15iah8","23":"product_tag-pantalla-15-6","24":"product_tag-pantalla-tactil","25":"product_tag-portatil","26":"product_tag-usb","27":"product_tag-wifi","29":"first","30":"outofstock","31":"taxable","32":"shipping-taxable","33":"purchasable","34":"product-type-simple"},"brands":[{"id":420,"name":"Lenovo","slug":"lenovo"}],"_links":{"self":[{"href":"https:\/\/compuimpresion.com.co\/portal\/wp-json\/wp\/v2\/product\/5129","targetHints":{"allow":["GET"]}}],"collection":[{"href":"https:\/\/compuimpresion.com.co\/portal\/wp-json\/wp\/v2\/product"}],"about":[{"href":"https:\/\/compuimpresion.com.co\/portal\/wp-json\/wp\/v2\/types\/product"}],"replies":[{"embeddable":true,"href":"https:\/\/compuimpresion.com.co\/portal\/wp-json\/wp\/v2\/comments?post=5129"}],"wp:featuredmedia":[{"embeddable":true,"href":"https:\/\/compuimpresion.com.co\/portal\/wp-json\/wp\/v2\/media\/5130"}],"wp:attachment":[{"href":"https:\/\/compuimpresion.com.co\/portal\/wp-json\/wp\/v2\/media?parent=5129"}],"wp:term":[{"taxonomy":"pwb-brand","embeddable":true,"href":"https:\/\/compuimpresion.com.co\/portal\/wp-json\/wp\/v2\/pwb-brand?post=5129"},{"taxonomy":"product_brand","embeddable":true,"href":"https:\/\/compuimpresion.com.co\/portal\/wp-json\/wp\/v2\/product_brand?post=5129"},{"taxonomy":"product_cat","embeddable":true,"href":"https:\/\/compuimpresion.com.co\/portal\/wp-json\/wp\/v2\/product_cat?post=5129"},{"taxonomy":"product_tag","embeddable":true,"href":"https:\/\/compuimpresion.com.co\/portal\/wp-json\/wp\/v2\/product_tag?post=5129"}],"curies":[{"name":"wp","href":"https:\/\/api.w.org\/{rel}","templated":true}]}}