{"id":5065,"date":"2024-03-06T12:11:47","date_gmt":"2024-03-06T17:11:47","guid":{"rendered":"https:\/\/compuimpresion.com.co\/portal\/?post_type=product&#038;p=5065"},"modified":"2024-10-25T15:32:50","modified_gmt":"2024-10-25T20:32:50","slug":"portatil-dell-inspiron-15-3525-amd-ryzen-5-5500u-ssd-256gb-8gb-ddr4-pantalla-15-6","status":"publish","type":"product","link":"https:\/\/compuimpresion.com.co\/portal\/productos\/portatil-dell-inspiron-15-3525-amd-ryzen-5-5500u-ssd-256gb-8gb-ddr4-pantalla-15-6\/","title":{"rendered":"PORT\u00c1TIL DELL INSPIRON 15-3525, AMD RYZEN 5 5500U, SSD 256GB, 8GB DDR4, PANTALLA 15.6&#8243;"},"content":{"rendered":"<p style=\"text-align: justify\"><strong>PORT\u00c1TIL DELL INSPIRON 15-3525, AMD RYZEN 5 5500U, SSD 256GB, 8GB DDR4, PANTALLA 15.6&#8243;<\/strong><\/p>\n<p style=\"text-align: justify\">El port\u00e1til Dell Inspiron 15-3525 es una excelente opci\u00f3n para aquellos que buscan rendimiento en una computadora port\u00e1til cuenta con un procesador AMD Ryzen 5 5500U, una memoria RAM de 8 GB DDR4 y una unidad de almacenamiento SSD de 256 GB. Brind\u00e1ndote as\u00ed mayor agilidad para operar diversos programas sin problemas. Este port\u00e1til redefine tu manera de trabajar y entretenerte. Su pantalla de 15.6\u2033 FHD antirreflejo te ofrece im\u00e1genes n\u00edtidas y vibrantes, perfectas para cualquier tarea.<\/p>\n<p><strong>ESPECIFICACIONES T\u00c9CNICAS:<\/strong><\/p>\n<ul>\n<li>Procesador: AMD Ryzen 5 5500U (6 n\u00facleos \/12 subprocesos), Reloj base 2.1 GHz \/Reloj de aumento 4.0 GHz, Cache L3 Total 8 MB)<\/li>\n<li>Memoria Ram 8GB DDR4<\/li>\n<li>Almacenamiento: Disco de Estado S\u00f3lido 256GB SSD<\/li>\n<li>Tama\u00f1o de Pantalla: 15,6&#8243; FHD, antibrillo<\/li>\n<li>Resoluci\u00f3n de la Pantalla: 1920 x 1080<\/li>\n<li>Conectividad: Wi-Fi 5 y Bluetooth<\/li>\n<li>Puerto HDMI: 1<\/li>\n<li>Puertos USB: (1 x puerto USB 2.0) \u2013 (1 x puerto USB 3.2 Gen 1) \u2013 (1 x puerto UBS 3.2 Gen 1 Tipo-C)<\/li>\n<li>Puerto de audio: 1 puerto para auriculares (combinado para micr\u00f3fono y auriculares)<\/li>\n<li>Audio: 2 altavoces de 2 W, 4 W en total<\/li>\n<li>C\u00e1mara: 720p HD<\/li>\n<li>Sistema operativo: Windows 11 Home<\/li>\n<li>Color: Silver<\/li>\n<\/ul>\n<p><strong>DIMENSIONES:<\/strong><\/p>\n<ul>\n<li>Dimensiones del producto (An x Pr x Al): 35.85 cm x 23.55 cm x 2.10 cm<\/li>\n<li>Peso del producto: 1,68\u00a0kg<\/li>\n<li>Dimensiones del paquete (An x Pr x Al): 41 cm x 28.5 cm 7.5 cm<\/li>\n<li>Peso del paquete: 3.5 kg<\/li>\n<\/ul>\n<p>SKU: 0197<\/p>\n<p>EAN: 884116447030<\/p>\n<p>N\/P: 9MFMK<\/p>\n","protected":false},"excerpt":{"rendered":"<p style=\"text-align: justify\">El port\u00e1til Dell Inspiron 15-3525 es una excelente opci\u00f3n para aquellos que buscan rendimiento en una computadora port\u00e1til cuenta con un procesador AMD Ryzen 5 5500U, una memoria RAM de 8 GB DDR4 y una unidad de almacenamiento SSD de 256 GB.<\/p>\n","protected":false},"featured_media":5378,"comment_status":"closed","ping_status":"closed","template":"","meta":{"inline_featured_image":false},"pwb-brand":[216],"product_brand":[],"product_cat":[888,894],"product_tag":[1041,1042,336,1026,1082,488,1080,1037,321,489,1068,226,1029,1053,185,357,1081],"class_list":{"0":"post-5065","1":"product","2":"type-product","3":"status-publish","4":"has-post-thumbnail","6":"pwb-brand-dell","7":"product_cat-computo","8":"product_cat-portatiles-computo","9":"product_tag-amd-ryzen-5","10":"product_tag-amd-ryzen-5-5500u","11":"product_tag-bluetooth","12":"product_tag-camara-web","13":"product_tag-color-plata","14":"product_tag-dell","15":"product_tag-dell-inspiron-15-3525","16":"product_tag-fhd-1920-x-1080","17":"product_tag-hdmi","18":"product_tag-inspiron","19":"product_tag-pantalla-15-6","20":"product_tag-portatil","21":"product_tag-ram-8gb-ddr4","22":"product_tag-ssd-256gb","23":"product_tag-usb","24":"product_tag-wifi","25":"product_tag-windows-11-home","27":"first","28":"outofstock","29":"taxable","30":"shipping-taxable","31":"purchasable","32":"product-type-simple"},"brands":[{"id":216,"name":"DELL","slug":"dell"}],"_links":{"self":[{"href":"https:\/\/compuimpresion.com.co\/portal\/wp-json\/wp\/v2\/product\/5065","targetHints":{"allow":["GET"]}}],"collection":[{"href":"https:\/\/compuimpresion.com.co\/portal\/wp-json\/wp\/v2\/product"}],"about":[{"href":"https:\/\/compuimpresion.com.co\/portal\/wp-json\/wp\/v2\/types\/product"}],"replies":[{"embeddable":true,"href":"https:\/\/compuimpresion.com.co\/portal\/wp-json\/wp\/v2\/comments?post=5065"}],"wp:featuredmedia":[{"embeddable":true,"href":"https:\/\/compuimpresion.com.co\/portal\/wp-json\/wp\/v2\/media\/5378"}],"wp:attachment":[{"href":"https:\/\/compuimpresion.com.co\/portal\/wp-json\/wp\/v2\/media?parent=5065"}],"wp:term":[{"taxonomy":"pwb-brand","embeddable":true,"href":"https:\/\/compuimpresion.com.co\/portal\/wp-json\/wp\/v2\/pwb-brand?post=5065"},{"taxonomy":"product_brand","embeddable":true,"href":"https:\/\/compuimpresion.com.co\/portal\/wp-json\/wp\/v2\/product_brand?post=5065"},{"taxonomy":"product_cat","embeddable":true,"href":"https:\/\/compuimpresion.com.co\/portal\/wp-json\/wp\/v2\/product_cat?post=5065"},{"taxonomy":"product_tag","embeddable":true,"href":"https:\/\/compuimpresion.com.co\/portal\/wp-json\/wp\/v2\/product_tag?post=5065"}],"curies":[{"name":"wp","href":"https:\/\/api.w.org\/{rel}","templated":true}]}}