{"id":5045,"date":"2024-02-29T09:44:54","date_gmt":"2024-02-29T14:44:54","guid":{"rendered":"https:\/\/compuimpresion.com.co\/portal\/?post_type=product&#038;p=5045"},"modified":"2024-07-19T16:25:59","modified_gmt":"2024-07-19T21:25:59","slug":"impresora-kyocera-fs-p3145dn-laser-monocromatica","status":"publish","type":"product","link":"https:\/\/compuimpresion.com.co\/portal\/productos\/impresora-kyocera-fs-p3145dn-laser-monocromatica\/","title":{"rendered":"IMPRESORA KYOCERA FS-P3145DN LASER MONOCROM\u00c1TICA"},"content":{"rendered":"<p><strong>IMPRESORA KYOCERA FS-P3145DN LASER MONOCROM\u00c1TICA<\/strong><\/p>\n<p style=\"text-align: justify\">La tecnolog\u00eda de impresi\u00f3n blanco y negro ECOSYS P3145dn cuenta con un dise\u00f1o compacto y de alto desempe\u00f1o, brindando la confiabilidad y versatilidad que su entorno de trabajo requiere para la generaci\u00f3n y distribuci\u00f3n de sus documentos. En KYOCERA entendemos la importancia de contar con la tecnolog\u00eda adecuada, es por esta raz\u00f3n que desarrollamos productos que sean capaces de atender sus necesidades presentes y futuras. La seguridad juega un papel importante en nuestro d\u00eda a d\u00eda, hoy integramos opciones de seguridad a nuestra tecnolog\u00eda.<\/p>\n<p><strong>TECNOLOG\u00cdA ECOSYS<\/strong><\/p>\n<p style=\"text-align: justify\">Las impresoras ECOSYS de Kyocera brindan soluciones de oficina avanzadas que permiten a las empresas contar con tecnolog\u00eda de alto desempe\u00f1o, con m\u00ednimo impacto en el medio ambiente. Espec\u00edficamente, las impresoras ECOSYS utilizan tecnolog\u00edas de imagen que est\u00e1n integradas en nuestro cilindro de larga duraci\u00f3n y cartuchos de t\u00f3ner separados. Esto elimina la necesidad de reemplazar el cilindro cuando se agota el t\u00f3ner, lo cual reduce el costo por impresi\u00f3n y los desperdicios. Por eso, las impresoras ECOSYS de Kyocera apoyan las iniciativas de sostenibilidad de nuestros clientes y al mismo tiempo reducen los costos operativos.<\/p>\n<p><strong>ESPECIFICACIONES B\u00c1SICAS:<\/strong><\/p>\n<ul>\n<li>Configuraci\u00f3n: Impresora l\u00e1ser monocrom\u00e1tica<\/li>\n<li>P\u00e1ginas por minuto: Carta: 47 ppm; legal: 38 ppm; media carta R 23 ppm<\/li>\n<li>Velocidad de impresi\u00f3n d\u00faplex: Carta: 23.5 ppm; legal: 19 ppm<\/li>\n<li>Pantalla: Pantalla LCD de 5 l\u00edneas con panel de control de botones reales<\/li>\n<li>Tiempo de calentamiento: 16 segundos o menos (encendido), 15 segundos o menos desde el modo descanso<\/li>\n<li>Tiempo de salida de la primera p\u00e1gina: 5.3 segundos o menos<\/li>\n<li>Resoluci\u00f3n: Resoluci\u00f3n interpolada de 600 x 600 dpi, 300 x 300 dpi, 1200 x 1200 dpi a 47 ppm<\/li>\n<li>Memoria: Estd. \/m\u00e1x: 512 MB\/2.5 GB<\/li>\n<li>D\u00faplex: Est\u00e1ndar d\u00faplex sin apilador que admite de media carta a legal (5.5&#8243; x 8.5&#8243; &#8211; 8.5&#8243; x 14&#8243;), 60 &#8211; 120 g\/m\u00b2<\/li>\n<li>Ciclo de trabajo m\u00e1ximo: 150,000 p\u00e1ginas por mes<\/li>\n<li>Volumen mensual recomendado: 72,000 p\u00e1ginas<\/li>\n<\/ul>\n<p><strong>ESPECIFICACIONES DE LA IMPRESORA:<\/strong><\/p>\n<ul>\n<li>Controlador est\u00e1ndar: ARM Cortex-A9 1200 MHz<\/li>\n<li>Lenguajes de impresi\u00f3n soportados: PRESCRIBE, PCL6 (PCLXL\/PCL-5c), PS3, KPDL3, AES, PDF Direct Print, XPS, Open XPS (TIFF\/JPEG Direct Print)<\/li>\n<li>Fuentes: Fuentes Outline 93 (PCL 6\/KPDL3), 8 fuentes (Windows); Bitmap (1 fuente\/79 fuentes Outline procesadas)<\/li>\n<li>C\u00f3digos de barras: Unidimensional: tipo 45; bidimensional: PDF417 tipo 1<\/li>\n<li>Compatibilidad con SO Windows: Windows (34 y 64 bits) 7\/8\/8.1\/10 o superior; Windows Server 2008\/Server 2008 R2\/Server 2012\/Server 2012 R2\/Server 2016 o superior.<\/li>\n<li>Compatibilidad con SO Mac: MAC OS X v10.X.<\/li>\n<li>Compatibilidad con SO Linux: Linux Fedora 33 (kernek 5.x) de 64 bits.<\/li>\n<li>Interfaz: Gigabit Ethernet RJ-45; 10BaseT\/100 Base TX\/1000 BaseT, Wi-Fi 802.11 b\/g\/n, 1 host USB 2.0 y 2 hosts USB 2.0 (USB de alta velocidad (High Speed)), 1 ranura de expansi\u00f3n; opcional: LAN inal\u00e1mbrica IB-36 (alcance aprox. de 30 m y Wi-Fi-Direct), IB-51 (alcance aprox. de 100 m), tarjeta de red dual IB-50, interfaz paralela IB-32B, tarjeta SD<\/li>\n<li>Impresi\u00f3n en red y protocolos soportados: TCP\/IP, IPv4, IPv6, NetBEUI, Port 9100, IPP\/1.0, SNMP, HTTP, DNS, PNP USB, PnP-X (WS-Discovery para WSD Print Service), PDF Direct Print, Apple Bonjour<\/li>\n<li>Impresi\u00f3n m\u00f3vil: KYOCERA Mobile Print, KYOCERA Mobile Print For Students, KYOCERA MyPanel, Apple AirPrint, Wi\u2011Fi Direct3, Google Cloud Print y Mopria<\/li>\n<li>Drivers: KX Driver, KX (XPS) Driver, PCL Mini Driver, KPDL Mini, WIA driver, MAC Driver, Linux Driver<\/li>\n<li>Utilitarios: KYOCERA Net Direct Print, File Management Utility, KYOCERA Mobile Print, KYOCERA MyPanel, KYOCERA Print Center, KYOCERA Cluster Printing, KYOCERA Net Admin, KYOCERA Net Viewer, KYOCERA Device Manager, Quick Setup, Maintenance Menu, Remote Panel, Listo para KFS<\/li>\n<li>Otras funciones de impresi\u00f3n: EcoPrint; Impresi\u00f3n N-Arriba, Impresi\u00f3n Privada; Prueba y Retenci\u00f3n; Copia R\u00e1pida1 y almacenamiento de trabajos<\/li>\n<li>Administraci\u00f3n de trabajos por medio de pin: Conteo de trabajos, 100 c\u00f3digos\/pin de departamentos<\/li>\n<\/ul>\n<p><strong>ESPECIFICACIONES DE SEGURIDAD:<\/strong><\/p>\n<ul>\n<li>Est\u00e1ndar: Gesti\u00f3n de identidades, autenticaci\u00f3n\/o b\u00fasqueda en la libreta de direcciones a trav\u00e9s de LDAP. Control de Impresi\u00f3n por PIN. ***Autenticaci\u00f3n local, Autenticaci\u00f3n de red, IPsec, HTTPS, LDAP sobre SSL, SNMPv3, Kit de Seguridad de Datos (E) con Activaci\u00f3n opcional Seguridad de Red inal\u00e1mbrica: WEP 64\/128, WPA-PSK (TKIP\/AES), WPA2-PSK (AES).<\/li>\n<\/ul>\n<p><strong>SUMINISTRO DE PAPEL:<\/strong><\/p>\n<ul>\n<li>Fuentes de papel est\u00e1ndar: Bandeja de papel simple para 500 hojas, bandeja multiprop\u00f3sito para 100 hojas<\/li>\n<li>Fuentes de papel est\u00e1ndar\/m\u00e1ximas: 2\/6 incluida la bandeja multiprop\u00f3sito<\/li>\n<li>Capacidad de papel est\u00e1ndar\/m\u00e1xima: 600 hojas\/2,600 hojas<\/li>\n<li>Tama\u00f1o de papel: Carta, Oficio, Legal, A4, A5, A6, B5 (JIS), B6 (JIS), personalizado; MPT solamente: Sobre, banner<\/li>\n<li>Densidad del papel: Bandeja est\u00e1ndar: 60 &#8211; 120 g\/m\u00b2; MPT: 60 &#8211; 220 g\/m\u00b2<\/li>\n<li>Capacidad de la bandeja de salida de papel est\u00e1ndar: 250 hojas (cara hacia abajo)<\/li>\n<li>Tipos de papel: Est\u00e1ndar: papel com\u00fan, bond, reciclado, media carta R, personalizado; MPT (bandeja multiprop\u00f3sito): papel com\u00fan, bond, etiquetas, sobres, papel membretado, preimpreso, de tarjetas, delgado, denso, banner<\/li>\n<\/ul>\n<p><strong>CONSUMIBLES: <\/strong>cartucho inicial entre un 3% al 7% de su llenado aproximadamente<\/p>\n<p><strong>DIMENSIONES:<\/strong><\/p>\n<ul>\n<li>Dimensiones: 38 cm de ancho x 41 cm de prof. x 28.5 cm de altura<\/li>\n<li>Peso: 14.1 kg<\/li>\n<li>Dimensiones del paquete: 48 cm de ancho x 51 cm de prof. x 38.5 cm de altura<\/li>\n<li>Peso del paquete: 19.1 kg<\/li>\n<\/ul>\n<p>Sku: 2084<\/p>\n<p>Ean: 0632983051078<\/p>\n<p>N\/P: 1102TT2US0<\/p>\n","protected":false},"excerpt":{"rendered":"<p style=\"text-align: justify\">La tecnolog\u00eda de impresi\u00f3n blanco y negro ECOSYS P3145dn cuenta con un dise\u00f1o compacto y de alto desempe\u00f1o, brindando la confiabilidad y versatilidad que su entorno de trabajo requiere para la generaci\u00f3n y distribuci\u00f3n de sus documentos.<\/p>\n","protected":false},"featured_media":5046,"comment_status":"closed","ping_status":"closed","template":"","meta":{"inline_featured_image":false},"pwb-brand":[569],"product_brand":[],"product_cat":[891,893],"product_tag":[792,519,721,651,611,650,1071,155,493,992,150,703,185,990],"class_list":{"0":"post-5045","1":"product","2":"type-product","3":"status-publish","4":"has-post-thumbnail","6":"pwb-brand-kyocera","7":"product_cat-impresion","8":"product_cat-laser","9":"product_tag-cartucho","10":"product_tag-cartucho-de-toner","11":"product_tag-duplex","12":"product_tag-ecosys","13":"product_tag-ethernet","14":"product_tag-kyocera","15":"product_tag-kyocera-p3145dn","16":"product_tag-laser","17":"product_tag-linux","18":"product_tag-mac","19":"product_tag-monocromatica","20":"product_tag-toner","21":"product_tag-usb","22":"product_tag-windows","24":"first","25":"outofstock","26":"taxable","27":"shipping-taxable","28":"purchasable","29":"product-type-simple"},"brands":[{"id":569,"name":"Kyocera","slug":"kyocera"}],"_links":{"self":[{"href":"https:\/\/compuimpresion.com.co\/portal\/wp-json\/wp\/v2\/product\/5045","targetHints":{"allow":["GET"]}}],"collection":[{"href":"https:\/\/compuimpresion.com.co\/portal\/wp-json\/wp\/v2\/product"}],"about":[{"href":"https:\/\/compuimpresion.com.co\/portal\/wp-json\/wp\/v2\/types\/product"}],"replies":[{"embeddable":true,"href":"https:\/\/compuimpresion.com.co\/portal\/wp-json\/wp\/v2\/comments?post=5045"}],"wp:featuredmedia":[{"embeddable":true,"href":"https:\/\/compuimpresion.com.co\/portal\/wp-json\/wp\/v2\/media\/5046"}],"wp:attachment":[{"href":"https:\/\/compuimpresion.com.co\/portal\/wp-json\/wp\/v2\/media?parent=5045"}],"wp:term":[{"taxonomy":"pwb-brand","embeddable":true,"href":"https:\/\/compuimpresion.com.co\/portal\/wp-json\/wp\/v2\/pwb-brand?post=5045"},{"taxonomy":"product_brand","embeddable":true,"href":"https:\/\/compuimpresion.com.co\/portal\/wp-json\/wp\/v2\/product_brand?post=5045"},{"taxonomy":"product_cat","embeddable":true,"href":"https:\/\/compuimpresion.com.co\/portal\/wp-json\/wp\/v2\/product_cat?post=5045"},{"taxonomy":"product_tag","embeddable":true,"href":"https:\/\/compuimpresion.com.co\/portal\/wp-json\/wp\/v2\/product_tag?post=5045"}],"curies":[{"name":"wp","href":"https:\/\/api.w.org\/{rel}","templated":true}]}}