{"id":5038,"date":"2024-02-28T10:37:01","date_gmt":"2024-02-28T15:37:01","guid":{"rendered":"https:\/\/compuimpresion.com.co\/portal\/?post_type=product&#038;p=5038"},"modified":"2024-10-02T14:36:45","modified_gmt":"2024-10-02T19:36:45","slug":"impresora-hp-m141w-laser-multifuncional-monocromatica","status":"publish","type":"product","link":"https:\/\/compuimpresion.com.co\/portal\/productos\/impresora-hp-m141w-laser-multifuncional-monocromatica\/","title":{"rendered":"IMPRESORA HP M141W LASER MULTIFUNCIONAL MONOCROM\u00c1TICA"},"content":{"rendered":"<p><strong>IMPRESORA HP M141W LASER MULTIFUNCIONAL MONOCROM\u00c1TICA<\/strong><\/p>\n<p style=\"text-align: justify\">La impresora multifunci\u00f3n l\u00e1ser HP M141W es eficiente y de alta calidad que se adapta a su espacio. Obtenga impresiones r\u00e1pidas en la impresora l\u00e1ser m\u00e1s peque\u00f1a de su clase a nivel mundial, adem\u00e1s de la aplicaci\u00f3n HP Smart que permite ahorrar tiempo. Conf\u00ede en que obtendr\u00e1 impresiones l\u00e1ser de calidad profesional con una instalaci\u00f3n que no presentar\u00e1 inconvenientes.<\/p>\n<p style=\"text-align: justify\">Obtenga escaneos e impresiones de alta calidad desde su tel\u00e9fono. Adem\u00e1s, organice documentos en la mitad del tiempo gracias a Accesos directos, usando HP Smart, la mejor aplicaci\u00f3n de impresi\u00f3n de su clase.<\/p>\n<p><strong>ESPECIFICACIONES T\u00c9CNICAS: <\/strong><\/p>\n<ul>\n<li>Tecnolog\u00eda de impresi\u00f3n: L\u00e1ser<\/li>\n<li>Funciones: Impresi\u00f3n, copia, escaneado<\/li>\n<li>Tipo de impresi\u00f3n: No<\/li>\n<li>Impresi\u00f3n autom\u00e1tica a doble cara: No<\/li>\n<li>Tipo de soportes admitidos: Papel com\u00fan, sobre, postal, etiqueta<\/li>\n<\/ul>\n<p style=\"text-align: justify\"><strong>CONECTIVIDAD: <\/strong><\/p>\n<ul style=\"text-align: justify\">\n<li style=\"text-align: justify\">Conexiones: 1 USB de alta velocidad (compatible con especificaciones de USB 2.0); Radio Wi-Fi 802.11b\/g\/n (2,4 GHz) + BLE; Conexi\u00f3n inal\u00e1mbrica<\/li>\n<\/ul>\n<p style=\"text-align: justify\"><strong>RENDIMIENTO:<\/strong><\/p>\n<ul style=\"text-align: justify\">\n<li>Velocidad b\/n: Hasta 20 ppm<\/li>\n<li>Capacidad de hojas: Hasta 150 hojas<\/li>\n<li>Ciclo mensual (a4): Hasta 8000 p\u00e1ginas Aprox.<\/li>\n<li>Resoluci\u00f3n de impresi\u00f3n: Hasta 600 x 600 ppp<\/li>\n<li>Resoluci\u00f3n de escaneado: Hasta 600 ppi<\/li>\n<li>Profundidad de bits\/niveles de escala grises: 24 bits<\/li>\n<\/ul>\n<p style=\"text-align: justify\"><strong>MANEJO DE MEDIOS DE IMPRESI\u00d3N:<\/strong><\/p>\n<ul style=\"text-align: justify\">\n<li>Capacidad De Entrada De Sobre: Hasta 10 sobres<\/li>\n<li>Capacidad De Salida: Hasta 100 hojas<\/li>\n<li>Capacidad De Salida M\u00e1xima (Hojas): Hasta 100 hojas<\/li>\n<li>Tipo De Papel Y Capacidad, Bandeja 1: Hojas: 150; Sobres: 10<\/li>\n<li>Entrada De Manejo De Papel, Est\u00e1ndar: Bandeja de entrada 150 hojas<\/li>\n<li>Capacidad De Entrada: Hasta 150 hojas<\/li>\n<li>Salida De Manejo De Papel, Est\u00e1ndar: Bandeja salida de 100 hojas<\/li>\n<li>Capacidad De Salida Est\u00e1ndar (Sobres): Hasta 10 sobres<\/li>\n<li>Capacidad De Entrada M\u00e1xima (Hojas): Hasta 150 hojas<\/li>\n<\/ul>\n<p style=\"text-align: justify\"><strong>ESPECIFICACIONES DE LA PANTALLA: <\/strong><\/p>\n<ul style=\"text-align: justify\">\n<li>Monitor: LCD DE ICONOS<\/li>\n<\/ul>\n<p style=\"text-align: justify\"><strong>CARTUCHOS Y CABEZALES DE IMPRESI\u00d3N:<\/strong><\/p>\n<ul style=\"text-align: justify\">\n<li>Cartucho inicial entre un 5% y un 10% de llenado aproximadamente<\/li>\n<li>N\u00famero De Cartuchos De Impresi\u00f3n: 1 (negro)<\/li>\n<li>Cartuchos De Reemplazo: Cartucho de t\u00f3ner HP LaserJet 150A, negro (aproximadamente 975 p\u00e1ginas), W1500A<\/li>\n<\/ul>\n<p style=\"text-align: justify\"><strong>VELOCIDAD DE IMPRESI\u00d3N: <\/strong><\/p>\n<ul style=\"text-align: justify\">\n<li>Velocidad De Impresi\u00f3n En Negro (Normal, Carta): Hasta 21 ppm<\/li>\n<li>Velocidad De Impresi\u00f3n En Negro (Normal, A4): Hasta 20 ppm<\/li>\n<li>Velocidad De Impresi\u00f3n: Velocidad de impresi\u00f3n de hasta 21 ppm (en negro)<\/li>\n<li>Velocidad De Impresi\u00f3n En Negro (Vertical, A5): Hasta 7 ppm<\/li>\n<\/ul>\n<p style=\"text-align: justify\"><strong>VELOCIDAD DE COPIA:<\/strong><\/p>\n<ul style=\"text-align: justify\">\n<li>Velocidad De Copia (Negro, Calidad Normal, A4): Hasta 20 cpm<\/li>\n<li>Velocidad De Copiado En Negro (Normal, Carta): Up to 21 cpm<\/li>\n<li>Nota Sobre Velocidad De Copiado: Salida de primera copia una vez lista y velocidad preparada para copia a una cara medida seg\u00fan ISO\/IEC 29183, velocidad de copia a doble cara medida seg\u00fan ISO\/IEC 24735; no incluye el primer juego de documentos de prueba. Para obtener m\u00e1s informaci\u00f3n, consulte http:\/\/www.hp.com\/go\/printerclaims. La velocidad exacta var\u00eda seg\u00fan la configuraci\u00f3n del sistema, la aplicaci\u00f3n del software y la complejidad del documento.<\/li>\n<\/ul>\n<p style=\"text-align: justify\"><strong>TIEMPO DE IMPRESI\u00d3N:<\/strong><\/p>\n<ul style=\"text-align: justify\">\n<li>Salida De Primera P\u00e1gina Impresa En Negro (A4, Preparada): 8,5 segundos<\/li>\n<li>Primera P\u00e1gina Impresa En Negro (A4, Reposo): Hasta apenas 9,1 segundos<\/li>\n<\/ul>\n<p style=\"text-align: justify\"><strong>ESPECIFICACIONES DE LA IMPRESORA:<\/strong><\/p>\n<ul style=\"text-align: justify\">\n<li>Compatibilidad Con Impresi\u00f3n Directa Y Dispositivos De Almacenamiento: Impresi\u00f3n directa inal\u00e1mbrica<\/li>\n<li>Ciclo De Trabajo (Mensual, Carta): Hasta 8000 p\u00e1ginas aprox.<\/li>\n<li>Nota Sobre Ciclo De Trabajo: El ciclo de trabajo se define como la cantidad m\u00e1xima de p\u00e1ginas o im\u00e1genes impresas por mes. Este valor proporciona una evaluaci\u00f3n de la robustez del producto comparado con otros dispositivos HP LaserJet o HP Color LaserJet, y permite que se instalen las impresoras y los MFP seg\u00fan las necesidades de los grupos o individuos que las usan.<\/li>\n<li>Nota Sobre Volumen Mensual De P\u00e1ginas Recomendado: HP recomienda que el n\u00famero de p\u00e1ginas impresas por mes est\u00e9 dentro del rango establecido para el \u00f3ptimo desempe\u00f1o del dispositivo, basado en factores tales como los intervalos de reemplazo de consumibles y la vida del dispositivo en un per\u00edodo de garant\u00eda extendido.<\/li>\n<li>Funciones: Impresi\u00f3n, copia, escaneado<\/li>\n<li>Lenguajes De Impresi\u00f3n: PCLmS; URF; PWG<\/li>\n<li>Bandejas Para Papel, M\u00e1ximo: 1 bandeja de entrada<\/li>\n<li>Ciclo De Trabajo (Mensual, A4): Hasta 8000 p\u00e1ginas aprox.<\/li>\n<li>Bandejas Para Papel, Est\u00e1ndar: 1 bandeja de entrada<\/li>\n<li>Volumen De P\u00e1ginas Mensuales Recomendado: 100 a 1000<\/li>\n<li>Tecnolog\u00eda De Impresi\u00f3n: L\u00e1ser<\/li>\n<li>Impresi\u00f3n A Doble Cara: No<\/li>\n<li>Tiempo De Calentamiento: 20 segundos<\/li>\n<li>Sensor De Papel Autom\u00e1tico: S\u00ed<\/li>\n<li>Administraci\u00f3n De Impresoras: HP Printer Assistant, HP Device Toolbox<\/li>\n<li>Colores De Impresi\u00f3n: No<\/li>\n<li>Principales Caracter\u00edsticas: Escanear y enviar por correo electr\u00f3nico; Escanear y guardar como PDF; Tama\u00f1o compacto<\/li>\n<li>Cantidad De Usuarios Y Volumen De Impresi\u00f3n: Para equipos de hasta 3usuarios<\/li>\n<\/ul>\n<p style=\"text-align: justify\"><strong>CONECTIVIDAD Y COMUNICACIONES: <\/strong><\/p>\n<ul style=\"text-align: justify\">\n<li>Conectividad, Est\u00e1ndar: 1 USB de alta velocidad (compatible con especificaciones de USB 2.0); Radio Wi-Fi 802.11b\/g\/n (2,4 GHz) + BLE; Conexi\u00f3n inal\u00e1mbrica<\/li>\n<li>Capacidad Inal\u00e1mbrica: S\u00ed<\/li>\n<li>Capacidad De Impresi\u00f3n M\u00f3vil: Aplicaci\u00f3n HP Smart; Apple AirPrint; Con certificaci\u00f3n Mopria; Impresi\u00f3n Wi-Fi Direct<\/li>\n<li>Protocolos De Red, Admitidos: TCP\/IP; IPv4; IPv6; Modo IP Direct; LPD; SLP; Bonjour; WS-Discovery; BOOTP\/DHCP\/AutoIP; SNMP v 1\/2\/3; HTTP\/HTTPS;Transferencia de WS; FQDN; DNS<\/li>\n<li>\u00abPlug And Play\u00bb: Auto Wireless Connect<\/li>\n<\/ul>\n<p style=\"text-align: justify\"><strong>COMPONENTES DEL SISTEMA: <\/strong><\/p>\n<ul style=\"text-align: justify\">\n<li>Panel De Control: 8 botones (Encendido\/Apagado, Cancelar, Copiar, Copia de ID, Conexi\u00f3n inal\u00e1mbrica, Configuraci\u00f3n de copia, M\u00e1s, Menos), 4 LED (Lista\/Encendido\/Apagado, Error, T\u00f3ner, Conexi\u00f3n inal\u00e1mbrica)<\/li>\n<li>Velocidad Del Procesador: 500 MHz<\/li>\n<\/ul>\n<p style=\"text-align: justify\"><strong>MEMORIA:<\/strong><\/p>\n<ul style=\"text-align: justify\">\n<li>Memoria, Est\u00e1ndar: 64 MB<\/li>\n<li>Memoria, M\u00e1xima: ROM flash de 64 MB; DDR1 de 64 MB; NVRAM DE 32 KB<\/li>\n<\/ul>\n<p style=\"text-align: justify\"><strong>MEDIOS DE IMPRESI\u00d3N COMPATIBLES:<\/strong><\/p>\n<ul style=\"text-align: justify\">\n<li>Tama\u00f1os De Soportes De Impresi\u00f3n Admitidos: A4; A5; A6; sobres (C5, DL); personalizado<\/li>\n<li>Tama\u00f1o Del Soporte, Bandeja 1: A4; A5; A6; sobres (C5, DL); personalizado<\/li>\n<li>Peso De Soporte, Admitido: 65 a 120 g\/m\u00b2<\/li>\n<li>Tipos De Soportes: Papel com\u00fan, sobre, postal, etiqueta<\/li>\n<li>Peso Del Soporte De Impresi\u00f3n (Bandeja 1): 65 a 120 g\/m\u00b2<\/li>\n<li>Tama\u00f1os De Soportes, Personalizado: 105 x 148 a 216 a 297 mm<\/li>\n<li>Tama\u00f1os De Soporte Admitidos, Clave: A4; Sobres<\/li>\n<\/ul>\n<p style=\"text-align: justify\"><strong>REQUISITOS DEL SISTEMA: <\/strong><\/p>\n<ul style=\"text-align: justify\">\n<li>Requisitos M\u00ednimos Del Sistema Para Macintosh: Apple macOS Catalina (v10.15) macOS Big Sur (v11.0) macOS Monterey (v12.0); Disco duro de 2 GB; Se requiere acceso a Internet<\/li>\n<li>Requisitos M\u00ednimos Del Sistema: Microsoft Windows 11, 10 y 7 SP1: 32 bits o 64 bits, 2 GB de espacio disponible en el disco duro, conexi\u00f3n a Internet, Microsoft\u00ae Internet Explorer o Edge.<\/li>\n<li>Software Incluido: La caja No viene con CD. Descargue el software desde hp.com o 123.hp.com.<\/li>\n<\/ul>\n<p style=\"text-align: justify\"><strong>SISTEMAS OPERATIVOS SOPORTADOS:<\/strong><\/p>\n<ul style=\"text-align: justify\">\n<li>Sistemas Operativos Compatibles: Windows 11; Windows 10; Windows 7; macOS 10.14 Mojave; macOS 10.15 Catalina; Linux<\/li>\n<li>Sistemas Operativos De Red Compatibles: Windows 11; Windows Server; Linux<\/li>\n<li style=\"text-align: justify\">Sistema Operativo (Tipo De Compatibilidad): No es compatible con Windows XP (64 bits) ni Windows Vista (64 bits), Windows 8, 8.1. El software de soluci\u00f3n completa solo est\u00e1 disponible para Windows 7, Windows 10 y versiones posteriores; Solo se instala el controlador de impresi\u00f3n para Windows Server 2008 R2 de 64 bits, 2012 de 64 bits, 2012 R2 de 64 bits y 2016 de 64 bits. El sistema operativo Windows RT para tablets (de 32 y 64 bits) usa un controlador de impresi\u00f3n HP simplificado que est\u00e1 integrado al sistema operativo RT; Los sistemas Linux usan el software HPLIP integrado al sistema operativo.<\/li>\n<\/ul>\n<p style=\"text-align: justify\"><strong>\u00c1REA DE IMPRESI\u00d3N: <\/strong><\/p>\n<ul style=\"text-align: justify\">\n<li>\u00c1rea De Impresi\u00f3n M\u00e1xima: 216 x 297 mm<\/li>\n<li>Margen Derecho (A4): 2 mm<\/li>\n<li>Margen Superior (A4): 2 mm<\/li>\n<li>Margen Inferior (A4): 2 mm<\/li>\n<li>Margen Izquierdo (A4): 2 mm<\/li>\n<\/ul>\n<p style=\"text-align: justify\"><strong>ESPECIFICACIONES DEL ESC\u00c1NER: <\/strong><\/p>\n<ul style=\"text-align: justify\">\n<li>Formato Del Archivo De Digitalizaci\u00f3n: JPG, RAW (BMP), PNG, TIFF, PDF<\/li>\n<li>Escaneado Color: S\u00ed<\/li>\n<li>Tipo De Esc\u00e1ner: Cama plana<\/li>\n<li>Tama\u00f1o De Escaneo, M\u00e1ximo: 216 a 297 mm<\/li>\n<li>Niveles De Escala De Grises: 256<\/li>\n<li>Modos De Entrada De Digitalizaci\u00f3n: Escaneado a trav\u00e9s del software de escaneado HP LaserJet o del software compatible con TWAIN o WIA<\/li>\n<li>Profundidad En Bits: 24 bits<\/li>\n<li>Versi\u00f3n Twain: Versi\u00f3n 2.1 (Windows 7 o posteriores)<\/li>\n<li>Volumen Mensual Recomendado De P\u00e1ginas Escaneadas Mensual: 250 a 2000<\/li>\n<li>Formato De Archivo De Escaneo Con Software: JPG, RAW (BMP), PNG, TIFF, PDF<\/li>\n<li>Formato De Archivo De Escaneo Nativo: JPG; PDF<\/li>\n<li>Tecnolog\u00eda De Escaneado: CIS<\/li>\n<\/ul>\n<p style=\"text-align: justify\">Nota Sobre El Volumen Mensual Recomendado De P\u00e1ginas Escaneadas: HP recomienda mantener la cantidad de p\u00e1ginas impresas o digitalizadas a im\u00e1genes por mes en este rango para obtener el rendimiento \u00f3ptimo, en base a factores que incluyen los intervalos de sustituci\u00f3n de consumibles y la vida \u00fatil del producto durante un per\u00edodo de garant\u00eda ampliado.<\/p>\n<p style=\"text-align: justify\"><strong>ESPECIFICACIONES DE COPIADORA:<\/strong><\/p>\n<ul style=\"text-align: justify\">\n<li>Copias, M\u00e1ximo: Hasta 99 copias aprox.<\/li>\n<li>Configuraci\u00f3n De Reducci\u00f3n\/Ampliaci\u00f3n De Copias: 25 to 400%<\/li>\n<li>Configuraciones De Copia: Cantidad de copias; M\u00e1s claro o m\u00e1s oscuro; Optimizar; Papel<\/li>\n<\/ul>\n<p style=\"text-align: justify\">Descargos De Responsabilidad Sobre La Descripci\u00f3n Del Producto: Esta impresora est\u00e1 dise\u00f1ada para funcionar solo con cartuchos que dispongan de un chip de HP nuevo o reutilizado, y utiliza medidas de seguridad din\u00e1mica para bloquear los cartuchos que usan un chip que no sea de HP.<\/p>\n<p style=\"text-align: justify\"><strong>DIMENSIONES: <\/strong><\/p>\n<ul style=\"text-align: justify\">\n<li>Dimensiones M\u00ednimas (Anch. X Prof. X Alt.): 36 x 26,4 x 19,7 cm<\/li>\n<li>Peso: 5,3 kg<\/li>\n<li>Dimensiones M\u00e1ximas (An X F X Al): 36 x 42,7 x 34,7 cm<\/li>\n<li>Peso Del Embalaje: 6,9 kg<\/li>\n<\/ul>\n<p>&nbsp;<\/p>\n<p>SKU: 0169<\/p>\n<p>EAN: 0194850677472<\/p>\n<p>N\/P: 7MD74A<\/p>\n","protected":false},"excerpt":{"rendered":"<p style=\"text-align: justify\">La impresora multifunci\u00f3n l\u00e1ser HP M141W es eficiente y de alta calidad que se adapta a su espacio. Obtenga impresiones r\u00e1pidas en la impresora l\u00e1ser m\u00e1s peque\u00f1a de su clase a nivel mundial, adem\u00e1s de la aplicaci\u00f3n HP Smart que permite ahorrar tiempo.<\/p>\n","protected":false},"featured_media":5404,"comment_status":"closed","ping_status":"closed","template":"","meta":{"inline_featured_image":false},"pwb-brand":[124],"product_brand":[],"product_cat":[891,1257],"product_tag":[792,519,374,297,1070,155,307,493,992,150,143,703,185,357,990],"class_list":{"0":"post-5038","1":"product","2":"type-product","3":"status-publish","4":"has-post-thumbnail","6":"pwb-brand-hp","7":"product_cat-impresion","8":"product_cat-laser-multifuncional-monocromatica","9":"product_tag-cartucho","10":"product_tag-cartucho-de-toner","11":"product_tag-escaner","12":"product_tag-hp","13":"product_tag-hp-m141w","14":"product_tag-laser","15":"product_tag-laserjet","16":"product_tag-linux","17":"product_tag-mac","18":"product_tag-monocromatica","19":"product_tag-multifuncional","20":"product_tag-toner","21":"product_tag-usb","22":"product_tag-wifi","23":"product_tag-windows","25":"first","26":"instock","27":"taxable","28":"shipping-taxable","29":"purchasable","30":"product-type-simple"},"brands":[{"id":124,"name":"HP","slug":"hp"}],"_links":{"self":[{"href":"https:\/\/compuimpresion.com.co\/portal\/wp-json\/wp\/v2\/product\/5038","targetHints":{"allow":["GET"]}}],"collection":[{"href":"https:\/\/compuimpresion.com.co\/portal\/wp-json\/wp\/v2\/product"}],"about":[{"href":"https:\/\/compuimpresion.com.co\/portal\/wp-json\/wp\/v2\/types\/product"}],"replies":[{"embeddable":true,"href":"https:\/\/compuimpresion.com.co\/portal\/wp-json\/wp\/v2\/comments?post=5038"}],"wp:featuredmedia":[{"embeddable":true,"href":"https:\/\/compuimpresion.com.co\/portal\/wp-json\/wp\/v2\/media\/5404"}],"wp:attachment":[{"href":"https:\/\/compuimpresion.com.co\/portal\/wp-json\/wp\/v2\/media?parent=5038"}],"wp:term":[{"taxonomy":"pwb-brand","embeddable":true,"href":"https:\/\/compuimpresion.com.co\/portal\/wp-json\/wp\/v2\/pwb-brand?post=5038"},{"taxonomy":"product_brand","embeddable":true,"href":"https:\/\/compuimpresion.com.co\/portal\/wp-json\/wp\/v2\/product_brand?post=5038"},{"taxonomy":"product_cat","embeddable":true,"href":"https:\/\/compuimpresion.com.co\/portal\/wp-json\/wp\/v2\/product_cat?post=5038"},{"taxonomy":"product_tag","embeddable":true,"href":"https:\/\/compuimpresion.com.co\/portal\/wp-json\/wp\/v2\/product_tag?post=5038"}],"curies":[{"name":"wp","href":"https:\/\/api.w.org\/{rel}","templated":true}]}}