{"id":5025,"date":"2024-02-22T12:17:23","date_gmt":"2024-02-22T17:17:23","guid":{"rendered":"https:\/\/compuimpresion.com.co\/portal\/?post_type=product&#038;p=5025"},"modified":"2025-01-14T09:20:09","modified_gmt":"2025-01-14T14:20:09","slug":"todo-en-uno-lenovo-aio-3-22itl6-intel-core-i3-1115g4-ssd-256gb-ddr4-8gb-pantalla-215","status":"publish","type":"product","link":"https:\/\/compuimpresion.com.co\/portal\/productos\/todo-en-uno-lenovo-aio-3-22itl6-intel-core-i3-1115g4-ssd-256gb-ddr4-8gb-pantalla-215\/","title":{"rendered":"TODO EN UNO LENOVO AIO 3 22ITL6, INTEL CORE I3 1115G4, SSD 256GB, DDR4 8GB, PANTALLA 21,5&#8243;"},"content":{"rendered":"<p><strong>TODO EN UNO LENOVO AIO 3 22ITL6, INTEL CORE I3 1115G4, SSD 256GB, DDR4 8GB, PANTALLA 21,5&#8243;<\/strong><\/p>\n<p style=\"text-align: justify\">El elegante IdeaCentre AIO 3 22ITL6 se ha creado para destacar con sus l\u00edneas depuradas y su dise\u00f1o compacto. La espectacular pantalla FHD de 21,5\u2033 muestra im\u00e1genes n\u00edtidas, mientras que los altavoces duales emiten un sonido claro. Adem\u00e1s, funciona de ensue\u00f1o con el procesador Intel Core i3. Tiene varios puertos para todos los accesorios de tu ordenador, un disco s\u00f3lido de almacenamiento SSD de 256 GB y una Ram DDR4 de 8GB.<\/p>\n<p><strong>ESPECIFICACIONES DEL PRODUCTO: <\/strong><\/p>\n<ul>\n<li>Procesador: Intel Core i3-1115G4 (hasta 4,1 GHz con tecnolog\u00eda Intel Turbo Boost, 6 MB de cach\u00e9 L3, 2 n\u00facleos y 4 subprocesos)<\/li>\n<li>Color: Negro<\/li>\n<li>Memoria: 8 GB de RAM DDR4<\/li>\n<li>Almacenamiento interno: Unidad de estado s\u00f3lido M.2 de 256 GB<\/li>\n<li>Pantalla: Pantalla IPS FHD (1920 x 1080) de hasta 21,5&#8243;, antirreflejo 16:9- 250 nits<\/li>\n<li>Altavoces: 3Wx2<\/li>\n<li>C\u00e1mara : c\u00e1mara web 720p<\/li>\n<li>Pantalla t\u00e1ctil: No<\/li>\n<li>Teclado: Teclado USB Calliope, Negro, espa\u00f1ol (LA)<\/li>\n<li>Rat\u00f3n: Rat\u00f3n USB Calliope, negro<\/li>\n<\/ul>\n<p><strong>CONECTIVIDAD:<\/strong><\/p>\n<ul>\n<li>Ethernet: Integrado 100\/1000M<\/li>\n<li>WiFi y Bluetooth<\/li>\n<li>Puertos traseros: (2x USB 2.0) \u2013 (2x USB 3.2 Generaci\u00f3n 1) \u2013 (1x HDMI 1.4) \u2013 (1x Ethernet (RJ-45)) &#8211; (1x conector de alimentaci\u00f3n)<\/li>\n<\/ul>\n<p><strong>SOFTWARE:<\/strong><\/p>\n<ul>\n<li>Sistema operativo: Windows 11 Home<\/li>\n<\/ul>\n<p><strong>DIMENSIONES: <\/strong><\/p>\n<ul>\n<li>Dimensiones: (AnxPrxAl) 49.02 x 18.53 x 40.48 cm<\/li>\n<li>Peso: 6.07 kg<\/li>\n<li>Dimensiones Empaquetado: (AnxPrxAl) 56 x 22 x 45 cm<\/li>\n<li>Peso Empaquetado: 8.07 kg<\/li>\n<\/ul>\n<p>SKU: 0850<\/p>\n<p>EAN: 0196803279573<\/p>\n<p>N\/P: F0G500E6LD<\/p>\n","protected":false},"excerpt":{"rendered":"<p style=\"text-align: justify\">El elegante IdeaCentre AIO 3 22ITL6 se ha creado para destacar con sus l\u00edneas depuradas y su dise\u00f1o compacto. La espectacular pantalla FHD de 21,5\u2033 muestra im\u00e1genes n\u00edtidas, mientras que los altavoces duales emiten un sonido claro. Adem\u00e1s, funciona de ensue\u00f1o con el procesador Intel Core i3.<\/p>\n","protected":false},"featured_media":5372,"comment_status":"closed","ping_status":"closed","template":"","meta":{"inline_featured_image":false},"pwb-brand":[420],"product_brand":[],"product_cat":[889,888],"product_tag":[1048,1059,336,1026,611,788,1037,321,1060,1061,1036,1063,499,1058,389,1062,1029,1053,208,185,357,1044],"class_list":{"0":"post-5025","1":"product","2":"type-product","3":"status-publish","4":"has-post-thumbnail","6":"pwb-brand-lenovo","7":"product_cat-todo-en-uno-computo","8":"product_cat-computo","9":"product_tag-aio","10":"product_tag-aio-3-22itl6","11":"product_tag-bluetooth","12":"product_tag-camara-web","13":"product_tag-ethernet","14":"product_tag-fhd","15":"product_tag-fhd-1920-x-1080","16":"product_tag-hdmi","17":"product_tag-ideacentre","18":"product_tag-ideacentre-aio-3-22itl6","19":"product_tag-intel-core-i3","20":"product_tag-intel-core-i3-1115g4","21":"product_tag-lenovo","22":"product_tag-lenovo-aio-3-22itl6","23":"product_tag-negro","24":"product_tag-pantalla-21-5","25":"product_tag-ram-8gb-ddr4","26":"product_tag-ssd-256gb","27":"product_tag-todo-en-uno","28":"product_tag-usb","29":"product_tag-wifi","30":"product_tag-windows-11","32":"first","33":"outofstock","34":"taxable","35":"shipping-taxable","36":"purchasable","37":"product-type-simple"},"brands":[{"id":420,"name":"Lenovo","slug":"lenovo"}],"_links":{"self":[{"href":"https:\/\/compuimpresion.com.co\/portal\/wp-json\/wp\/v2\/product\/5025","targetHints":{"allow":["GET"]}}],"collection":[{"href":"https:\/\/compuimpresion.com.co\/portal\/wp-json\/wp\/v2\/product"}],"about":[{"href":"https:\/\/compuimpresion.com.co\/portal\/wp-json\/wp\/v2\/types\/product"}],"replies":[{"embeddable":true,"href":"https:\/\/compuimpresion.com.co\/portal\/wp-json\/wp\/v2\/comments?post=5025"}],"wp:featuredmedia":[{"embeddable":true,"href":"https:\/\/compuimpresion.com.co\/portal\/wp-json\/wp\/v2\/media\/5372"}],"wp:attachment":[{"href":"https:\/\/compuimpresion.com.co\/portal\/wp-json\/wp\/v2\/media?parent=5025"}],"wp:term":[{"taxonomy":"pwb-brand","embeddable":true,"href":"https:\/\/compuimpresion.com.co\/portal\/wp-json\/wp\/v2\/pwb-brand?post=5025"},{"taxonomy":"product_brand","embeddable":true,"href":"https:\/\/compuimpresion.com.co\/portal\/wp-json\/wp\/v2\/product_brand?post=5025"},{"taxonomy":"product_cat","embeddable":true,"href":"https:\/\/compuimpresion.com.co\/portal\/wp-json\/wp\/v2\/product_cat?post=5025"},{"taxonomy":"product_tag","embeddable":true,"href":"https:\/\/compuimpresion.com.co\/portal\/wp-json\/wp\/v2\/product_tag?post=5025"}],"curies":[{"name":"wp","href":"https:\/\/api.w.org\/{rel}","templated":true}]}}