{"id":5019,"date":"2024-02-22T09:47:48","date_gmt":"2024-02-22T14:47:48","guid":{"rendered":"https:\/\/compuimpresion.com.co\/portal\/?post_type=product&#038;p=5019"},"modified":"2025-09-09T09:51:08","modified_gmt":"2025-09-09T14:51:08","slug":"todo-en-uno-lenovo-3-24alc6-amd-ryzen-5-5500u-ssd-512gb-ddr4-8gb-pantalla-23-8","status":"publish","type":"product","link":"https:\/\/compuimpresion.com.co\/portal\/productos\/todo-en-uno-lenovo-3-24alc6-amd-ryzen-5-5500u-ssd-512gb-ddr4-8gb-pantalla-23-8\/","title":{"rendered":"TODO EN UNO LENOVO 3 24ALC6, AMD RYZEN 5 5500U, SSD 512GB, DDR4 8GB, PANTALLA 23.8&#8243;"},"content":{"rendered":"<p><strong>TODO EN UNO LENOVO 3 24ALC6, AMD RYZEN 5 5500U, SSD 512GB, DDR4 8GB, PANTALLA 23.8&#8243;<\/strong><\/p>\n<p style=\"text-align: justify\">Ahorra espacio con el Lenovo AIO IdeaCentre 3 24ALC6. Ya sea para trabajar, ver tus videos o hacer una videollamada, solo tienes que recurrir a este impresionante todo en uno. Con su elegante soporte y base, te permitir\u00e1 disponer de m\u00e1s espacio y quedar\u00e1 genial en cualquier lugar. Maneja tus aplicaciones con facilidad y sin interrupciones gracias a la capacidad de su procesador AMD Ryzen 5, memoria Ram DDR4 de 8GB, y gran capacidad de almacenamiento en estado s\u00f3lido de 512 GB. la elegante herramienta para tus proyectos.<\/p>\n<p><strong>ESPECIFICACIONES DEL PRODUCTO:<\/strong><\/p>\n<ul>\n<li>Procesador: AMD Ryzen 5 5500U (6 n\u00facleos \/12 subprocesos), Reloj base 2.1 GHz \/Reloj de aumento 4.0 GHz, Cache L3 Total 8 MB)<\/li>\n<li>Color: Negro<\/li>\n<li>Memoria: 8 GB de RAM DDR4<\/li>\n<li>Almacenamiento interno: Unidad de estado s\u00f3lido M.2 de 512 GB<\/li>\n<li>Pantalla: 23,8&#8243; FHD (1920&#215;1080) IPS 250 nits antirreflejos<\/li>\n<li>Altavoces: 3Wx2<\/li>\n<li>C\u00e1mara : alta definici\u00f3n 720p<\/li>\n<li>Teclado : Teclado inal\u00e1mbrico Calliope, negro<\/li>\n<li>Rat\u00f3n: Rat\u00f3n inal\u00e1mbrico Calliope, negro<\/li>\n<li>Conectividad: Wi- Fi + Bluetooth 5.1, Ethernet LAN 100\/1000Mbps<\/li>\n<li>Puertos traseros: (2x USB 2.0) \u2013 (2x USB 3.2 Generaci\u00f3n 1) \u2013 (1x HDMI 1.4) \u2013 (1x Ethernet (RJ-45)) &#8211; (1x conector de alimentaci\u00f3n)<\/li>\n<\/ul>\n<p><strong>SOFTWARE:<\/strong><\/p>\n<ul>\n<li>Sistema operativo: Linux<\/li>\n<\/ul>\n<p><strong>DIMENSIONES:<\/strong><\/p>\n<ul>\n<li>Dimensiones (AnxPrxAl): 54,1 x 18,5 x 43,3 cm<\/li>\n<li>Peso: 6,81 kg<\/li>\n<li>Dimensiones Empaquetado: (AnxPrxAl) 64 x 27 x 52 cm<\/li>\n<li>Peso Empaquetado: 8.9 kg<\/li>\n<\/ul>\n<p>&nbsp;<\/p>\n<p>SKU: 2489<\/p>\n<p>EAN: 0196803434507<\/p>\n<p>N\/P: F0G100PJDL<\/p>\n","protected":false},"excerpt":{"rendered":"<p style=\"text-align: justify\">Ahorra espacio con el Lenovo AIO IdeaCentre 3 24ALC6. Ya sea para trabajar, ver tus videos o hacer una videollamada, solo tienes que recurrir a este impresionante todo en uno. Con su elegante soporte y base, te permitir\u00e1 disponer de m\u00e1s espacio y quedar\u00e1 genial en cualquier lugar.<\/p>\n","protected":false},"featured_media":5369,"comment_status":"closed","ping_status":"closed","template":"","meta":{"inline_featured_image":false},"pwb-brand":[420],"product_brand":[],"product_cat":[889,888],"product_tag":[1048,1035,480,1041,1042,336,1026,611,1056,499,1054,1055,493,389,1043,1029,1057,208,185,357],"class_list":{"0":"post-5019","1":"product","2":"type-product","3":"status-publish","4":"has-post-thumbnail","6":"pwb-brand-lenovo","7":"product_cat-todo-en-uno-computo","8":"product_cat-computo","9":"product_tag-aio","10":"product_tag-all-in-one","11":"product_tag-amd","12":"product_tag-amd-ryzen-5","13":"product_tag-amd-ryzen-5-5500u","14":"product_tag-bluetooth","15":"product_tag-camara-web","16":"product_tag-ethernet","17":"product_tag-ideacentre-3-24alc6","18":"product_tag-lenovo","19":"product_tag-lenovo-3-24alc6","20":"product_tag-lenovo-ideacentre-3-24alc6","21":"product_tag-linux","22":"product_tag-negro","23":"product_tag-pantalla-23-8","24":"product_tag-ram-8gb-ddr4","25":"product_tag-ssd-512gb","26":"product_tag-todo-en-uno","27":"product_tag-usb","28":"product_tag-wifi","30":"first","31":"outofstock","32":"taxable","33":"shipping-taxable","34":"purchasable","35":"product-type-simple"},"brands":[{"id":420,"name":"Lenovo","slug":"lenovo"}],"_links":{"self":[{"href":"https:\/\/compuimpresion.com.co\/portal\/wp-json\/wp\/v2\/product\/5019","targetHints":{"allow":["GET"]}}],"collection":[{"href":"https:\/\/compuimpresion.com.co\/portal\/wp-json\/wp\/v2\/product"}],"about":[{"href":"https:\/\/compuimpresion.com.co\/portal\/wp-json\/wp\/v2\/types\/product"}],"replies":[{"embeddable":true,"href":"https:\/\/compuimpresion.com.co\/portal\/wp-json\/wp\/v2\/comments?post=5019"}],"wp:featuredmedia":[{"embeddable":true,"href":"https:\/\/compuimpresion.com.co\/portal\/wp-json\/wp\/v2\/media\/5369"}],"wp:attachment":[{"href":"https:\/\/compuimpresion.com.co\/portal\/wp-json\/wp\/v2\/media?parent=5019"}],"wp:term":[{"taxonomy":"pwb-brand","embeddable":true,"href":"https:\/\/compuimpresion.com.co\/portal\/wp-json\/wp\/v2\/pwb-brand?post=5019"},{"taxonomy":"product_brand","embeddable":true,"href":"https:\/\/compuimpresion.com.co\/portal\/wp-json\/wp\/v2\/product_brand?post=5019"},{"taxonomy":"product_cat","embeddable":true,"href":"https:\/\/compuimpresion.com.co\/portal\/wp-json\/wp\/v2\/product_cat?post=5019"},{"taxonomy":"product_tag","embeddable":true,"href":"https:\/\/compuimpresion.com.co\/portal\/wp-json\/wp\/v2\/product_tag?post=5019"}],"curies":[{"name":"wp","href":"https:\/\/api.w.org\/{rel}","templated":true}]}}