{"id":5006,"date":"2024-02-21T17:41:37","date_gmt":"2024-02-21T22:41:37","guid":{"rendered":"https:\/\/compuimpresion.com.co\/portal\/?post_type=product&#038;p=5006"},"modified":"2024-11-07T13:27:41","modified_gmt":"2024-11-07T18:27:41","slug":"todo-en-uno-hp-24-cb0009la-amd-ryzen-5-5500u-8gb-ddr4-256gb-ssd-pantalla-238","status":"publish","type":"product","link":"https:\/\/compuimpresion.com.co\/portal\/productos\/todo-en-uno-hp-24-cb0009la-amd-ryzen-5-5500u-8gb-ddr4-256gb-ssd-pantalla-238\/","title":{"rendered":"TODO EN UNO HP 24-CB0009LA &#8211; AMD RYZEN 5 5500U &#8211; 8GB DDR4 &#8211; 256GB SSD &#8211; PANTALLA 23,8&#8243;"},"content":{"rendered":"<p><strong>TODO EN UNO HP 24-CB0009LA &#8211; AMD RYZEN 5 5500U &#8211; 8GB DDR4 &#8211; 256GB SSD &#8211; PANTALLA 23,8&#8243;<\/strong><\/p>\n<p style=\"text-align: justify\">La All-in-One de HP combina la potencia de una computadora de escritorio con la belleza de una pantalla moderna. Con el procesador AMD, podr\u00e1s disfrutar de una experiencia cinematogr\u00e1fica en la pantalla FHD de microbordes en tres lados con altavoces duales. El dise\u00f1o All-in-One incluye materiales sustentables que dise\u00f1aron a conciencia para mantener tu espacio ordenado mediante una cuidadosa ubicaci\u00f3n de los puertos.<\/p>\n<p><strong>Especificaciones T\u00e9cnicas: <\/strong><\/p>\n<p><strong>Rendimiento:<\/strong><\/p>\n<ul>\n<li>Sistema Operativo: Windows 11 Home<\/li>\n<li>Procesador: AMD Ryzen 5 5500U (velocidad de r\u00e1faga m\u00e1xima de hasta 4,0 GHz, 8 MB de cach\u00e9 L3, 6 n\u00facleos y 12 subprocesos)<\/li>\n<li>Memoria: 8 GB de RAM DDR4-3200 MHz (1 x 8 GB)<\/li>\n<li>Almacenamiento: Unidad de estado s\u00f3lido PCIe NVMe M.2 de 256 GB<\/li>\n<\/ul>\n<p><strong>Pantalla: <\/strong><\/p>\n<ul>\n<li>Tipo de Pantalla: Pantalla FHD de 60,4 cm (23,8&#8243;) en diagonal<\/li>\n<li>Pantalla Touch: No<\/li>\n<li>Conectividad: Combinaci\u00f3n de Realtek RTL8822CE 802.11a\/b\/g\/n\/ac (2&#215;2) Wi-Fi y Bluetooth 5<\/li>\n<li>Interfaz De Red: LAN 10\/100\/1000 GbE integrada<\/li>\n<li>Teclado: Combinaci\u00f3n de teclado y mouse inal\u00e1mbricos HP 230, blanco. Teclado en espa\u00f1ol.<\/li>\n<\/ul>\n<p><strong>Dimensiones:<\/strong><\/p>\n<ul>\n<li>Dimensiones: (Anch. X Prof. X Alt.) 54,06 x 18,37 x 41,9 cm<\/li>\n<li>Peso: 5,37 kg<\/li>\n<li>Dimensiones del paquete: (Anch. X Prof. X Alt.) 64.1 x 27.7 x 52.5 cm<\/li>\n<li>Peso: 8.8 kg<\/li>\n<\/ul>\n<p><strong>Sku: <\/strong>2610<\/p>\n<p><strong>Ean: <\/strong>0196548561445<\/p>\n<p><strong>N\/P: <\/strong>69K40LA#ABM<\/p>\n","protected":false},"excerpt":{"rendered":"<p style=\"text-align: justify\">La All-in-One de HP combina la potencia de una computadora de escritorio con la belleza de una pantalla moderna. Con el procesador AMD, podr\u00e1s disfrutar de una experiencia cinematogr\u00e1fica en la pantalla FHD de microbordes en tres lados con altavoces duales.<\/p>\n","protected":false},"featured_media":5367,"comment_status":"closed","ping_status":"closed","template":"","meta":{"inline_featured_image":false},"pwb-brand":[124],"product_brand":[],"product_cat":[889,888],"product_tag":[1038,482,480,1040,1041,1042,1045,336,1026,611,788,1037,297,1039,1047,1043,1029,1046,208,357,990,1044],"class_list":{"0":"post-5006","1":"product","2":"type-product","3":"status-publish","4":"has-post-thumbnail","6":"pwb-brand-hp","7":"product_cat-todo-en-uno-computo","8":"product_cat-computo","9":"product_tag-24-cb0009la","10":"product_tag-256gb-ssd","11":"product_tag-amd","12":"product_tag-amd-ryzen","13":"product_tag-amd-ryzen-5","14":"product_tag-amd-ryzen-5-5500u","15":"product_tag-blanco","16":"product_tag-bluetooth","17":"product_tag-camara-web","18":"product_tag-ethernet","19":"product_tag-fhd","20":"product_tag-fhd-1920-x-1080","21":"product_tag-hp","22":"product_tag-hp-24-cb0009la","23":"product_tag-mouse-inalambricos","24":"product_tag-pantalla-23-8","25":"product_tag-ram-8gb-ddr4","26":"product_tag-teclado-inalambrico","27":"product_tag-todo-en-uno","28":"product_tag-wifi","29":"product_tag-windows","30":"product_tag-windows-11","32":"first","33":"outofstock","34":"taxable","35":"shipping-taxable","36":"purchasable","37":"product-type-simple"},"brands":[{"id":124,"name":"HP","slug":"hp"}],"_links":{"self":[{"href":"https:\/\/compuimpresion.com.co\/portal\/wp-json\/wp\/v2\/product\/5006","targetHints":{"allow":["GET"]}}],"collection":[{"href":"https:\/\/compuimpresion.com.co\/portal\/wp-json\/wp\/v2\/product"}],"about":[{"href":"https:\/\/compuimpresion.com.co\/portal\/wp-json\/wp\/v2\/types\/product"}],"replies":[{"embeddable":true,"href":"https:\/\/compuimpresion.com.co\/portal\/wp-json\/wp\/v2\/comments?post=5006"}],"wp:featuredmedia":[{"embeddable":true,"href":"https:\/\/compuimpresion.com.co\/portal\/wp-json\/wp\/v2\/media\/5367"}],"wp:attachment":[{"href":"https:\/\/compuimpresion.com.co\/portal\/wp-json\/wp\/v2\/media?parent=5006"}],"wp:term":[{"taxonomy":"pwb-brand","embeddable":true,"href":"https:\/\/compuimpresion.com.co\/portal\/wp-json\/wp\/v2\/pwb-brand?post=5006"},{"taxonomy":"product_brand","embeddable":true,"href":"https:\/\/compuimpresion.com.co\/portal\/wp-json\/wp\/v2\/product_brand?post=5006"},{"taxonomy":"product_cat","embeddable":true,"href":"https:\/\/compuimpresion.com.co\/portal\/wp-json\/wp\/v2\/product_cat?post=5006"},{"taxonomy":"product_tag","embeddable":true,"href":"https:\/\/compuimpresion.com.co\/portal\/wp-json\/wp\/v2\/product_tag?post=5006"}],"curies":[{"name":"wp","href":"https:\/\/api.w.org\/{rel}","templated":true}]}}