{"id":5000,"date":"2024-02-21T17:03:16","date_gmt":"2024-02-21T22:03:16","guid":{"rendered":"https:\/\/compuimpresion.com.co\/portal\/?post_type=product&#038;p=5000"},"modified":"2024-10-10T11:34:25","modified_gmt":"2024-10-10T16:34:25","slug":"todo-en-uno-hp-22-dd2016la-intel-core-i3-1215u-8gb-ddr4-256gb-ssd-215","status":"publish","type":"product","link":"https:\/\/compuimpresion.com.co\/portal\/productos\/todo-en-uno-hp-22-dd2016la-intel-core-i3-1215u-8gb-ddr4-256gb-ssd-215\/","title":{"rendered":"TODO EN UNO HP 22-DD2016LA, INTEL CORE I3 1215U, 8GB DDR4, 256GB SSD, 21,5&#8243;"},"content":{"rendered":"<p><strong>TODO EN UNO HP 22-DD2016LA, INTEL CORE I3 1215U, 8GB DDR4, 256GB SSD, 21,5&#8243;<\/strong><\/p>\n<p style=\"text-align: justify\">El Todo En Uno HP 22-DD2016LA, est\u00e1 dise\u00f1ada para satisfacer todas tus necesidades inform\u00e1ticas. Este equipo de color negro, elegante y sofisticado, es m\u00e1s que un simple ordenador. Con su procesador Intel Core i3 y 8GB de RAM, ofrece una experiencia de usuario fluida y r\u00e1pida, ideal para multitareas.<\/p>\n<p style=\"text-align: justify\">La capacidad de almacenamiento de 256GB SSD proporciona un espacio amplio para guardar todos tus archivos importantes, mientras que el sistema operativo FreeDOS te da la libertad de elegir e instalar el sistema operativo que prefieras. Adem\u00e1s, la resoluci\u00f3n de pantalla de 1920 x 1080 garantiza una visualizaci\u00f3n n\u00edtida y detallada, lo que hace que este Todo En Uno sea perfecto para ver pel\u00edculas, jugar o trabajar.<\/p>\n<p style=\"text-align: justify\">Su dise\u00f1o compacto y todo en uno ahorra espacio en tu escritorio, mientras que su color negro aporta un toque de elegancia. Ya sea para trabajo, estudio o entretenimiento.<\/p>\n<p><strong>CARACTER\u00cdSTICAS PRINCIPALES:<\/strong><\/p>\n<ul>\n<li>Color: Negro<\/li>\n<li>Procesador: Intel Corei3-1215U (hasta 4,4 GHz con tecnolog\u00eda Intel Turbo Boost, 10 MB de cach\u00e9, 6 n\u00facleos y 8 subprocesos)<\/li>\n<li>Memoria: 8 GB de RAM DDR4<\/li>\n<li>Almacenamiento interno: Unidad de estado s\u00f3lido M.2 de 256 GB<\/li>\n<li>Pantalla: Pantalla FHD (1920 x 1080), VA, de 21,5&#8243; (54,6 cm) en diagonal, con microborde en tres lados, antirreflejante, 250 nits y 72% de NTSC 4<\/li>\n<li>Inal\u00e1mbrico: Combinaci\u00f3n de Realtek Wi-Fi\u00ae RTL8821CE-M 802.11a\/b\/g\/n\/ac (1\u00d71) y tarjeta inal\u00e1mbrica Bluetooth 4.2<\/li>\n<li>Interfaz de red: LAN 10\/100\/1000 GbE integrada<\/li>\n<li>C\u00e1mara Web: C\u00e1mara de privacidad HP True Vision 720p HD con micr\u00f3fonos digitales de matriz doble integrados<\/li>\n<li>Audio: Altavoces dobles de 2 W<\/li>\n<li>Mouse HP USB 125 con cable, negro<\/li>\n<li>Puertos: Trasero 1 USB Tipo-A con velocidad de se\u00f1alizaci\u00f3n de 5 Gb\/s; 2 USB 2.0 Tipo-A; 1 combinaci\u00f3n de aud\u00edfonos\/micr\u00f3fono; 1 RJ-45; Lateral 1 USB Tipo-A con velocidad de se\u00f1alizaci\u00f3n de 5 Gb\/s<\/li>\n<li>Salida de video: 1 salida HDMI 1.4<\/li>\n<li>Sistema operativo: FreeDos (<span style=\"text-decoration: underline\">Sin Sistema Operativo<\/span>)<\/li>\n<\/ul>\n<p><strong>DIMENSIONES: <\/strong><\/p>\n<ul>\n<li>Dimensiones: 49,03 x 20,45 x 38,07 cm<\/li>\n<li>Peso: 5,7 kg<\/li>\n<li>Dimensiones Empaquetado: 54,3 x 24,3 x 43,8 cm<\/li>\n<li>Peso Empaquetado: 8,7 kg<\/li>\n<\/ul>\n<p>SKU: 2124<\/p>\n<p>EAN: 0197029978745<\/p>\n<p>N\/P: 7B905LA#ABM<\/p>\n","protected":false},"excerpt":{"rendered":"<p style=\"text-align: justify\">El Todo En Uno HP 22-DD2016LA, est\u00e1 dise\u00f1ada para satisfacer todas tus necesidades inform\u00e1ticas. Este equipo de color negro, elegante y sofisticado, es m\u00e1s que un simple ordenador. Con su procesador Intel Core i3 y 8GB de RAM, ofrece una experiencia de usuario fluida y r\u00e1pida, ideal para multitareas.<\/p>\n<p style=\"text-align: justify\">La capacidad de almacenamiento de 256GB SSD proporciona un espacio amplio para guardar todos tus archivos importantes.<\/p>\n","protected":false},"featured_media":5001,"comment_status":"closed","ping_status":"closed","template":"","meta":{"inline_featured_image":false},"pwb-brand":[124],"product_brand":[],"product_cat":[889,888],"product_tag":[1034,1032,482,1022,1035,336,1026,611,788,1037,483,321,297,1033,1036,1021,389,208,185,357],"class_list":{"0":"post-5000","1":"product","2":"type-product","3":"status-publish","4":"has-post-thumbnail","6":"pwb-brand-hp","7":"product_cat-todo-en-uno-computo","8":"product_cat-computo","9":"product_tag-21-5-pulgadas","10":"product_tag-22-dd2016la","11":"product_tag-256gb-ssd","12":"product_tag-8gb-ddr4","13":"product_tag-all-in-one","14":"product_tag-bluetooth","15":"product_tag-camara-web","16":"product_tag-ethernet","17":"product_tag-fhd","18":"product_tag-fhd-1920-x-1080","19":"product_tag-freedos","20":"product_tag-hdmi","21":"product_tag-hp","22":"product_tag-hp-22-dd2016la","23":"product_tag-intel-core-i3","24":"product_tag-intel-core-i3-1215u","25":"product_tag-negro","26":"product_tag-todo-en-uno","27":"product_tag-usb","28":"product_tag-wifi","30":"first","31":"outofstock","32":"taxable","33":"shipping-taxable","34":"purchasable","35":"product-type-simple"},"brands":[{"id":124,"name":"HP","slug":"hp"}],"_links":{"self":[{"href":"https:\/\/compuimpresion.com.co\/portal\/wp-json\/wp\/v2\/product\/5000","targetHints":{"allow":["GET"]}}],"collection":[{"href":"https:\/\/compuimpresion.com.co\/portal\/wp-json\/wp\/v2\/product"}],"about":[{"href":"https:\/\/compuimpresion.com.co\/portal\/wp-json\/wp\/v2\/types\/product"}],"replies":[{"embeddable":true,"href":"https:\/\/compuimpresion.com.co\/portal\/wp-json\/wp\/v2\/comments?post=5000"}],"wp:featuredmedia":[{"embeddable":true,"href":"https:\/\/compuimpresion.com.co\/portal\/wp-json\/wp\/v2\/media\/5001"}],"wp:attachment":[{"href":"https:\/\/compuimpresion.com.co\/portal\/wp-json\/wp\/v2\/media?parent=5000"}],"wp:term":[{"taxonomy":"pwb-brand","embeddable":true,"href":"https:\/\/compuimpresion.com.co\/portal\/wp-json\/wp\/v2\/pwb-brand?post=5000"},{"taxonomy":"product_brand","embeddable":true,"href":"https:\/\/compuimpresion.com.co\/portal\/wp-json\/wp\/v2\/product_brand?post=5000"},{"taxonomy":"product_cat","embeddable":true,"href":"https:\/\/compuimpresion.com.co\/portal\/wp-json\/wp\/v2\/product_cat?post=5000"},{"taxonomy":"product_tag","embeddable":true,"href":"https:\/\/compuimpresion.com.co\/portal\/wp-json\/wp\/v2\/product_tag?post=5000"}],"curies":[{"name":"wp","href":"https:\/\/api.w.org\/{rel}","templated":true}]}}