{"id":4994,"date":"2024-02-12T10:30:09","date_gmt":"2024-02-12T15:30:09","guid":{"rendered":"https:\/\/compuimpresion.com.co\/portal\/?post_type=product&#038;p=4994"},"modified":"2025-10-22T18:58:39","modified_gmt":"2025-10-22T23:58:39","slug":"impresora-brother-mfc-l9570cdw-multifuncional-laser-color","status":"publish","type":"product","link":"https:\/\/compuimpresion.com.co\/portal\/productos\/impresora-brother-mfc-l9570cdw-multifuncional-laser-color\/","title":{"rendered":"IMPRESORA BROTHER MFC-L9570CDW MULTIFUNCIONAL LASER COLOR"},"content":{"rendered":"<p style=\"text-align: justify\">El multifuncional l\u00e1ser a color MFC-L9570CDW de Brother es una opci\u00f3n excelente para grupos de trabajo medianos que imprimen en alto volumen y que necesitan un costo total de propiedad bajo y resultados de nivel empresarial. Los cartuchos de t\u00f3ner incluidos de 6.500 p\u00e1ginas ofrecen valor agregado, mientras que los cartuchos de t\u00f3ner de reemplazo de ultra alto rendimiento de 9.000 p\u00e1ginas proporcionan resultados econ\u00f3micos\u2021. Este todo en uno de alto rendimiento le ayudar\u00e1 a aumentar su productividad con velocidades de impresi\u00f3n de hasta 33 ppm y velocidades de escaneado de hasta 104 ipm por ambas caras del papel. Se acopla a pr\u00e1cticamente cualquier oficina ya que se le pueden a\u00f1adir bandejas opcionales para aumentar la capacidad a 1.300 hojas o una torre de bandejas opcional (520 hojas en 4 bandejas). Las funciones de seguridad avanzadas permiten la autenticaci\u00f3n de usuarios de red y ayudan a limitar el acceso al dispositivo y a los documentos impresos.<\/p>\n<p><strong>ESPECIFICACIONES: <\/strong><\/p>\n<ul>\n<li>Impresi\u00f3n d\u00faplex est\u00e1ndar: S\u00ed (predeterminado)<\/li>\n<li>Velocidad de impresi\u00f3n en negro (m\u00e1x. ppm): 33<\/li>\n<li>Impresi\u00f3n sin bordes: No<\/li>\n<li>Velocidad de impresi\u00f3n en color (m\u00e1x. ppm): 33<\/li>\n<li>Tipo de suministro: 4 Toner y Drum<\/li>\n<li>Velocidad de CPU (MhZ): 800<\/li>\n<li>Emulaciones: BR-Script3, PCL5c, PCL5e, PCL6 (PCL XL Class 3.0), PDF Version 1.7, XPS Version 1.0<\/li>\n<li>Tiempo de salida de la primera p\u00e1gina: 15 (Negro) \/ 15 (Color)<\/li>\n<li>PANTONE\u00ae Calibrado: S\u00ed<\/li>\n<li>Resoluci\u00f3n de impresi\u00f3n (dpi): 2400 x 600 dpi<\/li>\n<li>Tecnolog\u00eda de impresi\u00f3n: L\u00e1ser Color<\/li>\n<li>Compatibilidad de controlador de impresora: Windows, Mac OS, Linux<\/li>\n<\/ul>\n<p><strong>CONECTIVIDAD Y COMPATIBILIDAD: <\/strong><\/p>\n<ul>\n<li>Brother Cloud Apps: Escanear a m\u00f3vil, Escanear a PDF con capacidad de b\u00fasqueda, Reenv\u00edo de fax a la nube \/ Email, Escanear a PowerPoint, Escanear a Excel, Escanear a Word, Ampliar copia de texto, Imprimir plantillas de \u00abCreativeCenter\u00bb, Adjuntar Emal e Imprimir, Cloud Secure Print, Escaneo f\u00e1cil a correo electr\u00f3nico<\/li>\n<li>Servicios en la nube (Web Connect): GOOGLE DRIVE\u2122\/GOOGLE DRIVE for Business, OneNote, Box\/Box for Business, EVERNOTE \/EVERNOTE Business, OneDrive\/OneDrive for Business, DROPBOX\/DROPBOX for Business<\/li>\n<li>Certificaciones espec\u00edficas de la industria: Certificado Cerner, Citrix Ready<\/li>\n<li>Compatibilidad con dispositivos m\u00f3viles: AirPrint, Brother iPrint&amp;Scan, Mopria, Cortado Workplace, Wi-Fi Direct, NFC<\/li>\n<li>Configuraci\u00f3n inal\u00e1mbrica One-Push: Wi-Fi Protected Setup<\/li>\n<li>Interfaz est\u00e1ndar: Wireless 802.11 b\/g\/n, Gigabit Ethernet, Hi-Speed USB 2.0<\/li>\n<li>Funciones de red est\u00e1ndar: Impresi\u00f3n, Escaneo, PC Fax Enviar \/ Recibir, I-Fax, Libreta de direcciones corporativa<\/li>\n<li>Protocolos de red compatibles (IPv4): APIPA (Auto IP), ARP, BOOTP, CIFS Client, Custom Raw Port\/Port 9100, DHCP, DNS Resolver, FTP Client and Server, HTTP\/HTTPS Server, ICMP, IMAP4, IPP\/IPPS, LDAP, LLMNR Responder, LPR\/LPD, mDNS, POP3, RARP, SMTP Client, SNMPv1\/v2c\/v3, SNTP Client, TELNET Server, TFTP Client and Server, Web Services (Print\/Scan), WINS\/NetBIOS Name Resolution<\/li>\n<li>Protocolos de red compatibles (IPv6): NDP, RA, DNS Resolver, mDNS, LLMNR Responder, LPR\/LPD, Custom Raw Port\/Port 9100, IPP\/IPPS, POP3, SMTP Client, FTP Client and Server, CIFS Client, TELNET Server, SNMPv1\/v2c, HTTP\/HTTPS Server, TFTP Client and Server, ICMPv6, SNTP Client, LDAP, Web Services (Print\/Scan), IMAP4<\/li>\n<li>Ubicaciones de host USB: Frente: Imprimir y escanear en memoria USB; lector de tarjetas externo, Atr\u00e1s: Lector de tarjetas externo<\/li>\n<\/ul>\n<p><strong>COPIAR: <\/strong><\/p>\n<ul>\n<li>Velocidad de copia en negro (m\u00e1x. ppm): 33<\/li>\n<li>Velocidad de copia a color (m\u00e1x. ppm): 33<\/li>\n<li>Capacidad de copia: Color<\/li>\n<li>Resoluci\u00f3n de copia: 1200 x 600 dpi<\/li>\n<li>Estilo de dise\u00f1o: Cama plana<\/li>\n<li>Copia d\u00faplex: S\u00ed<\/li>\n<li>Copia de identificaci\u00f3n: S\u00ed<\/li>\n<li>Funciones N en 1: 2en1 \/ 4en1<\/li>\n<li>Funci\u00f3n de poster: No<\/li>\n<li>Reducci\u00f3n \/ Ampliaci\u00f3n: 25%-400%<\/li>\n<li>Funci\u00f3n de clasificaci\u00f3n: S\u00ed<\/li>\n<li>Copia independiente: S\u00ed<\/li>\n<\/ul>\n<p><strong>ESCANEADO: <\/strong><\/p>\n<ul>\n<li>Funciones de escaneo avanzadas: Escaneo continuo, Inclinaci\u00f3n autom\u00e1tica de ADF, Saltar p\u00e1gina en blanco, ID Scan, Perfiles de Escaneo<\/li>\n<li>Velocidades de escaneo d\u00faplex (negro \/ color) (m\u00e1x. ipm): 104ipm \/ 104ipm<\/li>\n<li>Escaneo d\u00faplex : S\u00ed<\/li>\n<li>Software incluido: Kofax PaperPort SE com OCR para Windows, Brother ControlCenter2 com OCR para Mac OS<\/li>\n<li>Resoluci\u00f3n de escaneo interpolada (max. dpi): 19200 x 19200 dpi<\/li>\n<li>Aplicaciones m\u00f3viles para escaneos: Brother iPrint&amp;Scan<\/li>\n<li>Resoluci\u00f3n de escaneo \u00f3ptico (m\u00e1x. Ppp): 1200 x 2400 dpi (cama plana), 1200 x 600 dpi (ADF)<\/li>\n<li>Compatibilidad de SO del controlador de escaneo: Windows, Mac OS, Linux<\/li>\n<li>Controladores de escaneo incluido: TWAIN, WIA, ICA, ISIS, SANE<\/li>\n<li>Formatos de archivo a Escanear: PDF Simple \/ Multi p\u00e1gina (Secure PDF, Searchable PDF, PDF\/A), WordPerfect 9\/10 (WPD), Microsoft Office Excel (XLSX), Windows Bitmap (BMP), Microsoft Office Word (DOCX), HTML 3.2\/4.0 (HTM), JPEG (JPG), XML Paper Specification (XPS), Gr\u00e1ficos de red port\u00e1tiles (PNG), Microsoft Office PowerPoint (PPTX), RTF Word 2000\/WordPad (RTF), TIFF de una p\u00e1gina \/ varias p\u00e1ginas (TIF), Texto (TXT), Microsoft Excel 2003 XP (XLS)<\/li>\n<li>Escanear a funci\u00f3n: Email, Escaneo f\u00e1cil a correo electr\u00f3nico, Imagen, FTP, USB, Carpeta de red (CIFS &#8211; solo Windows), Servidor de correo electr\u00f3nico, SharePoint, SSH Server (SFTP), Cloud Services (Web Connect)<\/li>\n<li>Capacidad de escaneo: B\/N y Color<\/li>\n<li>Velocidades de escaneo simple (negro \/ color) (max. ipm): 52ipm \/ 52ipm<\/li>\n<\/ul>\n<p><strong>FAX: <\/strong><\/p>\n<ul>\n<li>Fecha y Hora de recepci\u00f3n de fax autom\u00e1tica: S\u00ed<\/li>\n<li>Radiodifusi\u00f3n (n\u00famero de ubicaciones): 350<\/li>\n<li>Llamada en espera \/ Identificador de llamadas \/ Timbres: No\/No\/S\u00ed<\/li>\n<li>Copia de seguridad de la memoria de documentos: S\u00ed<\/li>\n<li>Fax d\u00faplex: S\u00ed<\/li>\n<li>Interfaz externa TAD: S\u00ed<\/li>\n<li>Velocidad del m\u00f3dem de fax: 33.6K bps<\/li>\n<li>Memoria de p\u00e1gina de fax: 500 p\u00e1ginas<\/li>\n<li>Capacidad de fax: Blanco y Negro<\/li>\n<li>Fax \/ conmutador telef\u00f3nico: S\u00ed<\/li>\n<li>Recepci\u00f3n sin papel: S\u00ed<\/li>\n<li>Capacidad de PC-Fax (env\u00edo \/ recepci\u00f3n): S\u00ed<\/li>\n<li>Escaneo r\u00e1pido \/ Transmisi\u00f3n de memoria:\u00a0 2.5<\/li>\n<li>Total de ubicaciones de marcaci\u00f3n autom\u00e1tica: 300<\/li>\n<\/ul>\n<p><strong>MANEJO DE PAPEL: <\/strong><\/p>\n<ul>\n<li>Alimentador autom\u00e1tico de documentos (m\u00e1x. p\u00e1g.): 80<\/li>\n<li>Capacidad de impresi\u00f3n d\u00faplex : S\u00ed<\/li>\n<li>Entrada m\u00e1xima para ADF (ancho \/ alto): 21.6\/35.56 cm (8.5&#8243;\/14&#8243;)<\/li>\n<li>Tipos de papel: Plano, Papel brillante, Sobres (#10), Enlace, Etiquetas, Papel reciclado, Papel de color, Membrete<\/li>\n<li>Entrada m\u00ednima para ADF (ancho \/ alto): 10.16 \/ 14.73 cm (4.1&#8243;\/5.8&#8243;)<\/li>\n<li>Capacidad de bandeja multiprop\u00f3sito (p\u00e1gs.): 50<\/li>\n<li>Capacidad de papel opcional: LT-330CL (250 hojas x 3) o LT-340CL (500 hojas x 2); TT-4000 y TC-4000 (Bandeja de torre con estabilizador y conector, incluye 520 hojas x 4)<\/li>\n<li>Capacidad de salida de papel (p\u00e1gs.): 150<\/li>\n<li>Tama\u00f1os papel impresi\u00f3n d\u00faplex: Carta, Legal<\/li>\n<li>Tama\u00f1o de papel &#8211; Bandeja multiprop\u00f3sito: Carta, Sobre, Tama\u00f1os personalizados (3.0-8.5 \u00ab(w), 5.0-14\u201d (l)), Legal, Ejecutivo, A4, A5, A6<\/li>\n<li>Tama\u00f1o de papel \u2013 Bandeja: Carta, Legal, Ejecutivo, A4, A5, A6<\/li>\n<li>Gramaje &#8211; ADF (Min \/ Max)\u00a0\u00a0\u00a0\u00a0\u00a0\u00a0\u00a0\u00a0 64-90 g\/m\u00b2<\/li>\n<li>Gramaje: bandeja multiprop\u00f3sito (m\u00edn. \/ M\u00e1x.): 60-163 g\/m\u00b2<\/li>\n<li>Gramaje &#8211; Bandeja de papel (m\u00edn. \/ M\u00e1x.): 60-105 g\/m\u00b2<\/li>\n<li>Funci\u00f3n de clasificaci\u00f3n: S\u00ed<\/li>\n<li>Capacidad de entrada de papel est\u00e1ndar (p\u00e1gs.): 250<\/li>\n<\/ul>\n<p><strong>GENERAL:<\/strong><\/p>\n<ul>\n<li>Pantalla LCD: 7&#8243; Pantalla T\u00e1ctil Color<\/li>\n<li>Ciclo de trabajo mensual m\u00e1ximo: 80.000 p\u00e1ginas<\/li>\n<li>Volumen de impresi\u00f3n mensual recomendado: Hasta 6.000 p\u00e1ginas<\/li>\n<li>Memoria Est\u00e1ndar: 1024 Mb<\/li>\n<li>Modo de ahorro de t\u00f3ner: S\u00ed<\/li>\n<\/ul>\n<p><strong>CARACTER\u00cdSTICAS DE SEGURIDAD: <\/strong><\/p>\n<ul>\n<li>Funciones de seguridad: Lector de tarjetas NFC integrado, Ajuste de bloqueo, Active Directory (LDAP), Secure Function Lock, Secure Print<\/li>\n<li>Protocolos de Seguridad (cableado): APOP, SMTP-AUTH, SSL\/TLS (IPPS, HTTPS, SMTP, POP3, IMAP4), SNMP v3, Kerberos, IPSec, 802.1x (EAP-MD5, EAP-FAST, PEAP, EAP-TLS, EAP-TTLS)<\/li>\n<li>Protocolos de Seguridad (inal\u00e1mbrico): APOP, SMTP-AUTH, SSL\/TLS (IPPS, HTTPS, SMTP, POP3, IMAP4), SNMP v3, 802.1x (LEAP, EAP-FAST, PEAP, EAP-TLS, EAP-TTLS), Kerberos, IPSec<\/li>\n<li>Seguridad de red inal\u00e1mbrica: WEP 64\/128 bit, WPA \/ PSK (TKIP \/ AES), WPA2-PSK (AES)<\/li>\n<\/ul>\n<p><strong>DIMENSIONES:<\/strong><\/p>\n<ul>\n<li>Dimensiones de la Unidad (L x P x A): 19.5&#8243; (49 cm) x 20.7&#8243; (52 cm) x 21.6&#8243; (54 cm)<\/li>\n<li>Peso de la unidad (kg.): 29.66<\/li>\n<li>Dimensiones con caja (An x F x Al): 67,5cm x 65,2 cm x 72,6cm \u2013 Peso 36,1kg<\/li>\n<\/ul>\n<p><strong>Sku: <\/strong>2016<\/p>\n<p><strong>Ean: <\/strong>0012502646471<\/p>\n<p><strong>N\/P: <\/strong>8CE88800101<\/p>\n","protected":false},"excerpt":{"rendered":"<p>El multifuncional l\u00e1ser a color MFC-L9570CDW de Brother es una opci\u00f3n excelente para grupos de trabajo medianos que imprimen en alto volumen y que necesitan un costo total de propiedad bajo y resultados de nivel empresarial.<\/p>\n","protected":false},"featured_media":5402,"comment_status":"closed","ping_status":"closed","template":"","meta":{"inline_featured_image":false},"pwb-brand":[129],"product_brand":[],"product_cat":[891,1258],"product_tag":[1000,398,792,721,374,611,155,493,992,1031,143,703,185,357,990],"class_list":{"0":"post-4994","1":"product","2":"type-product","3":"status-publish","4":"has-post-thumbnail","6":"pwb-brand-brother","7":"product_cat-impresion","8":"product_cat-laser-multifuncional-a-color","9":"product_tag-a-color","10":"product_tag-brother","11":"product_tag-cartucho","12":"product_tag-duplex","13":"product_tag-escaner","14":"product_tag-ethernet","15":"product_tag-laser","16":"product_tag-linux","17":"product_tag-mac","18":"product_tag-mfc-l9570cdw","19":"product_tag-multifuncional","20":"product_tag-toner","21":"product_tag-usb","22":"product_tag-wifi","23":"product_tag-windows","25":"first","26":"outofstock","27":"taxable","28":"shipping-taxable","29":"purchasable","30":"product-type-simple"},"brands":[{"id":129,"name":"Brother","slug":"brother"}],"_links":{"self":[{"href":"https:\/\/compuimpresion.com.co\/portal\/wp-json\/wp\/v2\/product\/4994","targetHints":{"allow":["GET"]}}],"collection":[{"href":"https:\/\/compuimpresion.com.co\/portal\/wp-json\/wp\/v2\/product"}],"about":[{"href":"https:\/\/compuimpresion.com.co\/portal\/wp-json\/wp\/v2\/types\/product"}],"replies":[{"embeddable":true,"href":"https:\/\/compuimpresion.com.co\/portal\/wp-json\/wp\/v2\/comments?post=4994"}],"wp:featuredmedia":[{"embeddable":true,"href":"https:\/\/compuimpresion.com.co\/portal\/wp-json\/wp\/v2\/media\/5402"}],"wp:attachment":[{"href":"https:\/\/compuimpresion.com.co\/portal\/wp-json\/wp\/v2\/media?parent=4994"}],"wp:term":[{"taxonomy":"pwb-brand","embeddable":true,"href":"https:\/\/compuimpresion.com.co\/portal\/wp-json\/wp\/v2\/pwb-brand?post=4994"},{"taxonomy":"product_brand","embeddable":true,"href":"https:\/\/compuimpresion.com.co\/portal\/wp-json\/wp\/v2\/product_brand?post=4994"},{"taxonomy":"product_cat","embeddable":true,"href":"https:\/\/compuimpresion.com.co\/portal\/wp-json\/wp\/v2\/product_cat?post=4994"},{"taxonomy":"product_tag","embeddable":true,"href":"https:\/\/compuimpresion.com.co\/portal\/wp-json\/wp\/v2\/product_tag?post=4994"}],"curies":[{"name":"wp","href":"https:\/\/api.w.org\/{rel}","templated":true}]}}