{"id":4967,"date":"2024-02-09T16:02:42","date_gmt":"2024-02-09T21:02:42","guid":{"rendered":"https:\/\/compuimpresion.com.co\/portal\/?post_type=product&#038;p=4967"},"modified":"2026-04-14T17:25:05","modified_gmt":"2026-04-14T22:25:05","slug":"scanner-epson-es-400ii-workforce-documental","status":"publish","type":"product","link":"https:\/\/compuimpresion.com.co\/portal\/productos\/scanner-epson-es-400ii-workforce-documental\/","title":{"rendered":"SCANNER EPSON ES-400II WORKFORCE DOCUMENTAL"},"content":{"rendered":"<p><strong>SCANNER EPSON ES-400II WORKFORCE DOCUMENTAL <\/strong><\/p>\n<p style=\"text-align: justify\">Organ\u00edcese r\u00e1pidamente con el esc\u00e1ner d\u00faplex de documentos WorkForce ES-400 II. Este confiable, r\u00e1pido y f\u00e1cil de usar dispositivo realiza escaneos de hasta 35 ppm \/ 70 ppm, capturando ambas caras de cada hoja en una sola pasada. Su alimentador autom\u00e1tico de documentos de 50 hojas le permite pasar r\u00e1pidamente a trav\u00e9s de pilas de documentos de diferentes tama\u00f1os. El intuitivo software Epson ScanSmart permite obtener una vista previa, enviar por correo electr\u00f3nico y cargar sus escaneos f\u00e1cilmente. El controlador TWAIN garantiza la compatibilidad con la mayor\u00eda del software de gesti\u00f3n de documentos. Escanee a cuentas de almacenamiento en la nube o PDF con capacidad de b\u00fasqueda. Las funciones de ajuste de color e imagen, como el recorte autom\u00e1tico, la detecci\u00f3n de suciedad, la protecci\u00f3n de grapas y la correcci\u00f3n de la inclinaci\u00f3n del papel, ayudan a garantizar una calidad de imagen notable, sea cual sea el escaneo.<\/p>\n<p style=\"text-align: justify\"><strong>ESPECIFI\u00adCACIONES T\u00c9CNICAS:<\/strong><\/p>\n<p><strong>Escaneo: <\/strong><\/p>\n<ul>\n<li>Tipo de esc\u00e1ner: Alimentaci\u00f3n vertical, esc\u00e1ner d\u00faplex a color de una pasada<\/li>\n<li>M\u00e9todo de escaneo: Carro fi\u00adjo y documento en movimiento<\/li>\n<li>Alimentaci\u00f3n de papel: Alimentaci\u00f3n vertical (cara abajo)<\/li>\n<li>Sensor \u00f3ptico: Sensor de imagen de contacto a color (CIS)<\/li>\n<li>Fuente de luz: LED RGB de 3 colores<\/li>\n<li>Resoluci\u00f3n \u00f3ptica: 600 dpi<\/li>\n<li>M\u00e1xima resoluci\u00f3n interpolada: 1.200 dpi<\/li>\n<li>Velocidad del esc\u00e1ner (ADF): Blanco y negro, color, escala de grises, 300 dpi: 35 ppm (simplex)\/70 ppm (d\u00faplex)<\/li>\n<li>\u00c1rea m\u00e1xima de escaneo: A 200 dpi: m\u00e1x. 21,6 cm x 609,6 cm (8,5&#8243; x 240&#8243;); m\u00edn. 5,1 cm x 5,1 cm (2&#8243; x 2&#8243;)<\/li>\n<li>Profundidad de bits del esc\u00e1ner: RGB: 30 bits de entrada\/24 bits de salida<\/li>\n<\/ul>\n<p><strong>Formatos soportados: <\/strong>BMP, JPEG, PDF, PDF habilitado para b\u00fasqueda, PNG, TIFF<\/p>\n<p><strong>ALIMENTADOR AUTOM\u00c1TICO DE DOCUMENTOS: <\/strong><\/p>\n<ul>\n<li>Gramaje de papel: 27 g\/m2 \u2013 413 g\/m2<\/li>\n<li>Capacidad m\u00e1xima: 50 p\u00e1ginas<\/li>\n<li>Escaneo autom\u00e1tico a dos caras: S\u00ed<\/li>\n<li>Ciclo m\u00e1ximo de trabajo diario: Hasta 4.000 p\u00e1ginas<\/li>\n<\/ul>\n<p><strong>CONECTIVIDAD: <\/strong><\/p>\n<ul>\n<li>Sistemas operativos: Windows 10 (32-bit, 64-bit), Windows 8\/8.1 (32-bit, 64-bit), Windows 7 (32-bit, 64-bit) SP1 Mac OS X 10.11.x a Mac OS 10.15x El software requiere conexi\u00f3n a internet para descargar e instalar<\/li>\n<\/ul>\n<p><strong>GENERAL <\/strong><\/p>\n<ul>\n<li>Fuente de alimentaci\u00f3n: Adaptador CA universal 100-240 VAC (50 Hz\/60 Hz)<\/li>\n<li>Interfaz: USB 3.2 de alta velocidad<\/li>\n<li>\u00bfQu\u00e9 hay en la caja?: Epson ES- 400 II, USB 3.2 cable de alta velocidad, Adaptador de corriente, Gu\u00eda de inicio<\/li>\n<li>Drivers compatibles: TWAIN<\/li>\n<li>Dimensiones de la unidad (ancho x profundidad x altura): 16,8 cm x 29,5 cm x 17,5 cm<\/li>\n<li>Peso de la unidad: 3,7 kg<\/li>\n<li>Dimensiones del paquete (ancho x profundidad x altura): 36,576 cm x 25,1 cm x 29,2 cm<\/li>\n<li>Peso del paquete: 4.8 kg<\/li>\n<\/ul>\n<p>Sku: 2546<\/p>\n<p>Ean: 0010343960183<\/p>\n<p>N\/P: B11B261201<\/p>\n","protected":false},"excerpt":{"rendered":"<p>Organ\u00edcese r\u00e1pidamente con el esc\u00e1ner d\u00faplex de documentos WorkForce ES-400 II. Este confiable, r\u00e1pido y f\u00e1cil de usar dispositivo realiza escaneos de hasta 35 ppm \/ 70 ppm, capturando ambas caras de cada hoja en una sola pasada. Su alimentador autom\u00e1tico de documentos de 50 hojas le permite pasar r\u00e1pidamente a trav\u00e9s de pilas de documentos de diferentes tama\u00f1os.<\/p>\n","protected":false},"featured_media":5416,"comment_status":"closed","ping_status":"closed","template":"","meta":{"inline_featured_image":false},"pwb-brand":[125],"product_brand":[],"product_cat":[895],"product_tag":[568,721,245,1012,1011,1007,374,992,990,375],"class_list":{"0":"post-4967","1":"product","2":"type-product","3":"status-publish","4":"has-post-thumbnail","6":"pwb-brand-epson","7":"product_cat-escaner","8":"product_tag-documental","9":"product_tag-duplex","10":"product_tag-epson","11":"product_tag-epson-es-400ii-workforce","12":"product_tag-es-400ii","13":"product_tag-escaneo-b-n-color","14":"product_tag-escaner","15":"product_tag-mac","16":"product_tag-windows","17":"product_tag-workforce","19":"first","20":"instock","21":"taxable","22":"shipping-taxable","23":"purchasable","24":"product-type-simple"},"brands":[{"id":125,"name":"Epson","slug":"epson"}],"_links":{"self":[{"href":"https:\/\/compuimpresion.com.co\/portal\/wp-json\/wp\/v2\/product\/4967","targetHints":{"allow":["GET"]}}],"collection":[{"href":"https:\/\/compuimpresion.com.co\/portal\/wp-json\/wp\/v2\/product"}],"about":[{"href":"https:\/\/compuimpresion.com.co\/portal\/wp-json\/wp\/v2\/types\/product"}],"replies":[{"embeddable":true,"href":"https:\/\/compuimpresion.com.co\/portal\/wp-json\/wp\/v2\/comments?post=4967"}],"wp:featuredmedia":[{"embeddable":true,"href":"https:\/\/compuimpresion.com.co\/portal\/wp-json\/wp\/v2\/media\/5416"}],"wp:attachment":[{"href":"https:\/\/compuimpresion.com.co\/portal\/wp-json\/wp\/v2\/media?parent=4967"}],"wp:term":[{"taxonomy":"pwb-brand","embeddable":true,"href":"https:\/\/compuimpresion.com.co\/portal\/wp-json\/wp\/v2\/pwb-brand?post=4967"},{"taxonomy":"product_brand","embeddable":true,"href":"https:\/\/compuimpresion.com.co\/portal\/wp-json\/wp\/v2\/product_brand?post=4967"},{"taxonomy":"product_cat","embeddable":true,"href":"https:\/\/compuimpresion.com.co\/portal\/wp-json\/wp\/v2\/product_cat?post=4967"},{"taxonomy":"product_tag","embeddable":true,"href":"https:\/\/compuimpresion.com.co\/portal\/wp-json\/wp\/v2\/product_tag?post=4967"}],"curies":[{"name":"wp","href":"https:\/\/api.w.org\/{rel}","templated":true}]}}