{"id":4955,"date":"2024-02-09T12:18:49","date_gmt":"2024-02-09T17:18:49","guid":{"rendered":"https:\/\/compuimpresion.com.co\/portal\/?post_type=product&#038;p=4955"},"modified":"2026-04-14T16:54:07","modified_gmt":"2026-04-14T21:54:07","slug":"scanner-brother-ds-640-mobile","status":"publish","type":"product","link":"https:\/\/compuimpresion.com.co\/portal\/productos\/scanner-brother-ds-640-mobile\/","title":{"rendered":"SCANNER BROTHER DS-640 MOBILE"},"content":{"rendered":"<p><strong>SCANNER BROTHER DS-640 MOBILE\u00a0<\/strong><\/p>\n<p style=\"text-align: justify\">Esc\u00e1ner m\u00f3vil color para los profesionales que necesitan escanear, guardar y compartir sus documentos dentro y\/o fuera de la oficina. Peque\u00f1o y compacto es una excelente opci\u00f3n para \u00e1reas de recepci\u00f3n o trabajos en movilidad. Escanea en forma sencilla tarjetas de visitas, tarjetas pl\u00e1sticas, fotos o documentos.<\/p>\n<p style=\"text-align: justify\">Escanea hasta 15 p\u00e1ginas por minuto (Carta\/A4).<\/p>\n<p style=\"text-align: justify\">Escanea desde casi cualquier lugar con el cable micro USB 3.0 incluido para conectar el dispositivo a una PC o computadora port\u00e1til.<\/p>\n<p><strong>ESPECIFICACIONES: <\/strong><\/p>\n<ul>\n<li>Compatibilidad Bluetooth: N\/A<\/li>\n<li>Servicios en la nube (Brother iPrint &amp; Scan): OneDrive, Google Drive, DropBox, Evernote<\/li>\n<li>Comunicaciones de Near Field: N\/A<\/li>\n<li>Interfaz est\u00e1ndar: Micro USB 3.0<\/li>\n<li>Ubicaciones de host USB: Lado<\/li>\n<li>Certificado Wi-Fi: N\/A<\/li>\n<\/ul>\n<p><strong>Escaneado: <\/strong><\/p>\n<ul>\n<li>Funciones de escaneo avanzadas: Escaneo continuo, Inclinaci\u00f3n autom\u00e1tica de ADF, Saltar p\u00e1gina en blanco<\/li>\n<li>Escaneo d\u00faplex: No<\/li>\n<li>Sensor de imagen: Single CIS<\/li>\n<li>Software incluido: Kofax PaperPort SE com OCR para Windows, Brother iPrint&amp;Scan para Windows y Mac, Presto PageManager com OCR para Mac OS<\/li>\n<li>Resoluci\u00f3n de escaneo interpolado (ppp m\u00e1x.): Hasta 1200 x 1200 dpi<\/li>\n<li>Compatibilidad de SO del controlador de escaneo: Windows, Mac OS, Linux<\/li>\n<li>Controladores de escaneo incluido: TWAIN, WIA, ICA, SANE<\/li>\n<li>Formatos de archivo a Escanear : PDF Simple \/ Multi p\u00e1gina (Secure PDF, Searchable PDF, PDF\/A)<\/li>\n<li>Escanear a funci\u00f3n: Email, Imagen, Flujo de trabajo (Brother iPrint &amp; Scan), Cloud Services (Brother iPrint&amp;Scan), OCR, Archivo<\/li>\n<li>Capacidad de escaneo: Blanco y Negro, Color<\/li>\n<li>Modos de escaneo: 24-Bit Color, 8-Bit Escala de Grises, 1-Bit monocromo<\/li>\n<li>Velocidades de escaneo simple (negro \/ color) (max. ipm): 16<\/li>\n<\/ul>\n<p><strong>MANEJO DE DOCUMENTOS: <\/strong><\/p>\n<ul>\n<li>Tipos de medios: Plano, Recibos (se recomienda hoja de soporte), Ingresos, Tarjetas de negocios, Tarjetas de pl\u00e1stico \/ laminadas (incluidas en relieve)<\/li>\n<li>Capacidad de papel (hojas m\u00e1x.): 1<\/li>\n<\/ul>\n<p><strong>GENERAL: <\/strong><\/p>\n<ul>\n<li>Tipo de esc\u00e1ner: Alimentador de hojas<\/li>\n<\/ul>\n<p><strong>FUNCIONES DE ESCANEO AVANZADAS: <\/strong><\/p>\n<ul>\n<li>Sensor de atasco de papel: N\/A<\/li>\n<li>Servicios del esc\u00e1ner: Remoci\u00f3n de perforaciones, Eliminaci\u00f3n de p\u00e1gina en blanco, Escaneo de tarjetas de pl\u00e1stico, Restablecer soporte<\/li>\n<\/ul>\n<p><strong>ENERG\u00cdA:<\/strong><\/p>\n<ul>\n<li>Voltaje: 110-120V 50\/60Hz<\/li>\n<\/ul>\n<p><strong>DIMENSIONES: \u00a0<\/strong><\/p>\n<ul>\n<li>Dimensiones del equipo: 30,22 cm x 5,58 cm x 3,55 cm (ancho x prof. x alto)<\/li>\n<li>Peso del equipo (kg.): 0.5<\/li>\n<li>Dimensiones de la caja: 37,59 cm x 16,25 cm x 7,62 cm (ancho x prof. x alto)<\/li>\n<li>Peso de la caja: 0,8 kg<\/li>\n<\/ul>\n<p><strong>Sku: <\/strong>2890<\/p>\n<p><strong>Ean: 012502657477 <\/strong><\/p>\n<p><strong>N\/P: 5WDD0100101<\/strong><\/p>\n","protected":false},"excerpt":{"rendered":"<p style=\"text-align: justify\">Esc\u00e1ner m\u00f3vil color para los profesionales que necesitan escanear, guardar y compartir sus documentos dentro y\/o fuera de la oficina. Peque\u00f1o y compacto es una excelente opci\u00f3n para \u00e1reas de recepci\u00f3n o trabajos en movilidad. Escanea en forma sencilla tarjetas de visitas, tarjetas pl\u00e1sticas, fotos o documentos.<\/p>\n","protected":false},"featured_media":4956,"comment_status":"closed","ping_status":"closed","template":"","meta":{"inline_featured_image":false},"pwb-brand":[129],"product_brand":[],"product_cat":[895],"product_tag":[1006,398,1010,1007,374,493,992,392,185,990],"class_list":{"0":"post-4955","1":"product","2":"type-product","3":"status-publish","4":"has-post-thumbnail","6":"pwb-brand-brother","7":"product_cat-escaner","8":"product_tag-15-ppm","9":"product_tag-brother","10":"product_tag-ds-640","11":"product_tag-escaneo-b-n-color","12":"product_tag-escaner","13":"product_tag-linux","14":"product_tag-mac","15":"product_tag-mobile","16":"product_tag-usb","17":"product_tag-windows","19":"first","20":"instock","21":"sale","22":"taxable","23":"shipping-taxable","24":"purchasable","25":"product-type-simple"},"brands":[{"id":129,"name":"Brother","slug":"brother"}],"_links":{"self":[{"href":"https:\/\/compuimpresion.com.co\/portal\/wp-json\/wp\/v2\/product\/4955","targetHints":{"allow":["GET"]}}],"collection":[{"href":"https:\/\/compuimpresion.com.co\/portal\/wp-json\/wp\/v2\/product"}],"about":[{"href":"https:\/\/compuimpresion.com.co\/portal\/wp-json\/wp\/v2\/types\/product"}],"replies":[{"embeddable":true,"href":"https:\/\/compuimpresion.com.co\/portal\/wp-json\/wp\/v2\/comments?post=4955"}],"wp:featuredmedia":[{"embeddable":true,"href":"https:\/\/compuimpresion.com.co\/portal\/wp-json\/wp\/v2\/media\/4956"}],"wp:attachment":[{"href":"https:\/\/compuimpresion.com.co\/portal\/wp-json\/wp\/v2\/media?parent=4955"}],"wp:term":[{"taxonomy":"pwb-brand","embeddable":true,"href":"https:\/\/compuimpresion.com.co\/portal\/wp-json\/wp\/v2\/pwb-brand?post=4955"},{"taxonomy":"product_brand","embeddable":true,"href":"https:\/\/compuimpresion.com.co\/portal\/wp-json\/wp\/v2\/product_brand?post=4955"},{"taxonomy":"product_cat","embeddable":true,"href":"https:\/\/compuimpresion.com.co\/portal\/wp-json\/wp\/v2\/product_cat?post=4955"},{"taxonomy":"product_tag","embeddable":true,"href":"https:\/\/compuimpresion.com.co\/portal\/wp-json\/wp\/v2\/product_tag?post=4955"}],"curies":[{"name":"wp","href":"https:\/\/api.w.org\/{rel}","templated":true}]}}