{"id":4951,"date":"2024-02-09T11:25:06","date_gmt":"2024-02-09T16:25:06","guid":{"rendered":"https:\/\/compuimpresion.com.co\/portal\/?post_type=product&#038;p=4951"},"modified":"2025-02-24T09:37:06","modified_gmt":"2025-02-24T14:37:06","slug":"impresora-laser-brother-mfc-l2750dw-multifuncional","status":"publish","type":"product","link":"https:\/\/compuimpresion.com.co\/portal\/productos\/impresora-laser-brother-mfc-l2750dw-multifuncional\/","title":{"rendered":"IMPRESORA LASER MFC-L2750DW BROTHER MULTIFUNCIONAL"},"content":{"rendered":"<p><strong>IMPRESORA LASER BROTHER MFC-L2750DW MULTIFUNCIONAL <\/strong><\/p>\n<p style=\"text-align: justify\">Brother MFC-L2750DW ofrece un rendimiento completo para hogares ocupados o peque\u00f1as oficinas. El alimentador autom\u00e1tico de documentos de hasta 50 hojas ayuda a ahorrar tiempo con la copia y escaneo d\u00faplex de una sola pasada (2 caras), al tiempo que ofrece copia y escaneo de varias p\u00e1ginas; fax. Sus velocidades de impresi\u00f3n l\u00edderes en su clase de hasta 36 p\u00e1ginas por minuto; Proporcionar mayor eficiencia. La impresi\u00f3n de dispositivos m\u00f3viles inal\u00e1mbricos y la impresi\u00f3n y escaneo \u00abt\u00e1ctil para conectar\u00bb con NFC brindan mayor comodidad. Puede imprimir desde y escanear a los servicios populares de Cloud directamente desde la pantalla t\u00e1ctil a color de 2.7 \u00bb y ayudar a ahorrar tiempo al crear accesos directos personalizados para sus funciones m\u00e1s utilizadas. La capacidad de papel de 250 hojas ayuda a mejorar la eficiencia con menos recargas y maneja cartas o documentos legales papel de tama\u00f1o.<\/p>\n<p><strong>ESPECIFICACIONES<\/strong><\/p>\n<p><strong>Impresi\u00f3n <\/strong><\/p>\n<ul>\n<li>Impresi\u00f3n d\u00faplex est\u00e1ndar: S\u00ed<\/li>\n<li>Velocidad de impresi\u00f3n en negro (m\u00e1x. ppm): 36<\/li>\n<li>Tipo de suministro: Cartucho de t\u00f3ner y Drum<\/li>\n<li>Velocidad de CPU (MhZ): 600<\/li>\n<li>Emulaciones: BR-Script3, PCL6 (PCL XL Class 3.0), PDF Version 1.7<\/li>\n<li>Tiempo de salida de la primera p\u00e1gina: 8.5<\/li>\n<li>Resoluci\u00f3n de impresi\u00f3n (dpi): 2400 x 600 dpi<\/li>\n<li>Tecnolog\u00eda de impresi\u00f3n: L\u00e1ser B\/N<\/li>\n<li>Compatibilidad de controlador de impresora: Windows, Mac OS, Linux<\/li>\n<\/ul>\n<p><strong>Conectividad y compatibilidad: <\/strong><\/p>\n<ul>\n<li>Brother Cloud Apps: Escanear a m\u00f3vil, Escaneo f\u00e1cil a correo electr\u00f3nico<\/li>\n<li>Compatibilidad con dispositivos m\u00f3viles: AirPrint, Brother iPrint&amp;Scan, Mopria , Wi-Fi Direct<\/li>\n<li>Comunicaciones de Near Field: S\u00ed<\/li>\n<li>Configuraci\u00f3n inal\u00e1mbrica One-Push: Wi-Fi Protected Setup<\/li>\n<li>Interfaz est\u00e1ndar: Wireless 802.11 b\/g\/n, 10\/100 Base-TX Red, Wi-Fi Direct, Hi-Speed USB 2.0<\/li>\n<li>Funciones de red est\u00e1ndar: Impresi\u00f3n, I-Fax (descargar), Escaneo, PC Fax Enviar \/ Recibir<\/li>\n<li>Protocolos de red compatibles (IPv4): APIPA (Auto IP), ARP, BOOTP, Custom Raw Port\/Port 9100, DHCP, DNS Resolver, FTP Client and Server, HTTP\/HTTPS Server, ICMP, IMAP4, IPP, IPP\/IPPS, LLMNR Responder, LPR\/LPD, mDNS, RARP, SMTP Client, SNMPv1\/v2c\/v3, SNTP Client, TFTP Client and Server, Web Services (Print\/Scan), WINS\/NetBIOS Name Resolution<\/li>\n<li>Protocolos de red compatibles (IPv6): LLTD Responder, NDP, RA, DNS Resolver, mDNS, LLMNR Responder, LPR\/LPD, Custom Raw Port\/Port 9100, IPP\/IPPS, SMTP Client, FTP Server, SNMPv1\/v2c\/v3, HTTP\/HTTPS Server, TFTP Client and Server, ICMPv6, Web Services (Print\/Scan)<\/li>\n<li>Certificado Wi-Fi: S\u00ed<\/li>\n<\/ul>\n<p><strong>Copiar <\/strong><\/p>\n<ul>\n<li>Velocidad de copia en negro (m\u00e1x. ppm): 36<\/li>\n<li>Capacidad de copia: Blanco y Negro<\/li>\n<li>Resoluci\u00f3n de copia: 600 x 600 max. Dpi<\/li>\n<li>Estilo de dise\u00f1o: Cama plana<\/li>\n<li>Copia d\u00faplex: S\u00ed<\/li>\n<li>Copia de identificaci\u00f3n: S\u00ed<\/li>\n<li>Funciones N en 1: 2en1 \/ 4en1<\/li>\n<li>Funci\u00f3n de poster: No<\/li>\n<li>Reducci\u00f3n \/ Ampliaci\u00f3n: 25%-400%<\/li>\n<li>Funci\u00f3n de clasificaci\u00f3n: S\u00ed<\/li>\n<li>Copia independiente: S\u00ed<\/li>\n<\/ul>\n<p><strong>Escaneado <\/strong><\/p>\n<ul>\n<li>Funciones de escaneo avanzadas: Inclinaci\u00f3n autom\u00e1tica de ADF, Saltar p\u00e1gina en blanco, ID Scan<\/li>\n<li>Servicios en la nube: GOOGLE DRIVE\u2122\/GOOGLE DRIVE for Business, OneNote, Box\/Box for Business, EVERNOTE\u00ae\/EVERNOTE Business, OneDrive\/OneDrive for Business, DROPBOX\/DROPBOX for Business<\/li>\n<li>Escaneo d\u00faplex: S\u00ed<\/li>\n<li>Software incluido: Presto! PageManager com OCR para Mac OS<\/li>\n<li>Resoluci\u00f3n de escaneo interpolada (max. dpi): 19200 x 19200 dpi<\/li>\n<li>Aplicaciones m\u00f3viles para escaneos: Brother iPrint&amp;Scan<\/li>\n<li>Resoluci\u00f3n de escaneo \u00f3ptico (m\u00e1x. Ppp): 600 x 2400 dpi (cama plana); 600 x 600 dpi (ADF)<\/li>\n<li>Compatibilidad de SO del controlador de escaneo: Windows, Mac OS, Linux<\/li>\n<li>Controladores de escaneo incluido: TWAIN, WIA, ICA, SANE<\/li>\n<li>Formatos de archivo a Escanear: PDF Simple \/ Multi p\u00e1gina (Secure PDF, Searchable PDF, PDF\/A), Windows Bitmap (BMP), JPEG (JPG), MAX, PDF Simple \/ Multi p\u00e1gina (PDF\/A, High Compression PDF), XML Paper Specification (XPS), Gr\u00e1ficos de red port\u00e1tiles (PNG), TIFF de una p\u00e1gina \/ varias p\u00e1ginas (TIF)<\/li>\n<li>Escanear a funci\u00f3n: SharePoint, Email, Imagen, FTP, SSH Server (SFTP)<\/li>\n<li>Capacidad de escaneo: B\/N y Color<\/li>\n<\/ul>\n<p><strong>Fax <\/strong><\/p>\n<ul>\n<li>Fecha y Hora de recepci\u00f3n de fax autom\u00e1tica: S\u00ed<\/li>\n<li>Radiodifusi\u00f3n (n\u00famero de ubicaciones): 200<\/li>\n<li>Llamada en espera \/ Identificador de llamadas \/ Timbres: No\/S\u00ed\/S\u00ed<\/li>\n<li>Copia de seguridad de la memoria de documentos: S\u00ed<\/li>\n<li>Fax d\u00faplex: S\u00ed<\/li>\n<li>Interfaz externa TAD: S\u00ed<\/li>\n<li>Velocidad del m\u00f3dem de fax : 33.6K bps<\/li>\n<li>Memoria de p\u00e1gina de fax: 500<\/li>\n<li>Capacidad de fax: Blanco y Negro<\/li>\n<li>Fax \/ conmutador telef\u00f3nico : S\u00ed<\/li>\n<li>Recepci\u00f3n sin papel: S\u00ed<\/li>\n<li>Capacidad de PC-Fax (env\u00edo \/ recepci\u00f3n): S\u00ed<\/li>\n<li>Escaneo r\u00e1pido \/ Transmisi\u00f3n de memoria: 2.5<\/li>\n<li>Total de ubicaciones de marcaci\u00f3n autom\u00e1tica: 200<\/li>\n<\/ul>\n<p><strong>Manejo de papel <\/strong><\/p>\n<ul>\n<li>Alimentador autom\u00e1tico de documentos (m\u00e1x. p\u00e1g.): 50<\/li>\n<li>Capacidad m\u00e1xima del alimentador autom\u00e1tico de documentos: 50<\/li>\n<li>Capacidad de impresi\u00f3n d\u00faplex: S\u00ed<\/li>\n<li>Capacidad de alimentaci\u00f3n manual (p\u00e1g.): 1<\/li>\n<li>Entrada m\u00e1xima para ADF (ancho \/ alto) 6\/35.56 cm (8.5&#8243;\/14&#8243;)<\/li>\n<li>Tipos de papel Plano, Papel reciclado<\/li>\n<li>Entrada m\u00ednima para ADF (ancho \/ alto): 10.16 \/ 14.73 cm (4.1&#8243;\/5.8&#8243;)<\/li>\n<li>Capacidad de salida de papel (p\u00e1gs.): 100<\/li>\n<li>Tama\u00f1os papel impresi\u00f3n d\u00faplex: Carta, Legal, Folio (8&#8243; x 13&#8243;)<\/li>\n<li>Tama\u00f1o de papel &#8211; Alimentaci\u00f3n manual: Carta, Legal, Ejecutivo, A4, A5, A6, B5, B6, Sobre, tama\u00f1os personalizados (3.0-8.5 \u00ab(w), 5.0-14\u201d (l))<\/li>\n<li>Tama\u00f1o de papel \u2013 Bandeja: Carta, Legal, Ejecutivo, A4, A5, B5<\/li>\n<li>Gramaje &#8211; ADF (Min \/ Max): 64-90 g\/m\u00b2<\/li>\n<li>Gramaje: alimentaci\u00f3n manual (m\u00edn. \/ M\u00e1x.): 60-230 g\/m\u00b2<\/li>\n<li>Gramaje &#8211; Bandeja de papel (m\u00edn. \/ M\u00e1x.): 60-163 g\/m\u00b2<\/li>\n<li>Funci\u00f3n de clasificaci\u00f3n: S\u00ed<\/li>\n<li>Capacidad de entrada de papel est\u00e1ndar (p\u00e1gs.): 250<\/li>\n<\/ul>\n<p><strong>General <\/strong><\/p>\n<ul>\n<li>Pantalla LCD: 2.7&#8243; Pantalla t\u00e1ctil Color<\/li>\n<li>Memoria Est\u00e1ndar: 256 MB<\/li>\n<li>Modo de ahorro de t\u00f3ner: S\u00ed<\/li>\n<\/ul>\n<p><strong>Dimensiones y peso:<\/strong><\/p>\n<ul>\n<li>Peso con caja: 14.9 kg<\/li>\n<li>Peso sin caja: 12.02 Kg<\/li>\n<li>Con caja: 580(An) x 517(F) x 434(Al) mm<\/li>\n<li>Sin caja: 410(An) x 398.5(F) x 318.5(Al) mm<\/li>\n<\/ul>\n<p><strong>Sku: 2015<\/strong><\/p>\n<p><strong>Ean: 0012502649885<\/strong><\/p>\n<p><strong>N\/P: 8C5K8J05101<\/strong><\/p>\n","protected":false},"excerpt":{"rendered":"<p>Brother MFC-L2750DW ofrece un rendimiento completo para hogares ocupados o peque\u00f1as oficinas. El alimentador autom\u00e1tico de documentos de hasta 50 hojas ayuda a ahorrar tiempo con la copia y escaneo d\u00faplex de una sola pasada (2 caras).<\/p>\n","protected":false},"featured_media":5533,"comment_status":"closed","ping_status":"closed","template":"","meta":{"inline_featured_image":false},"pwb-brand":[129],"product_brand":[],"product_cat":[891,1257],"product_tag":[519,721,155,493,992,150,143,703,185,357,990],"class_list":{"0":"post-4951","1":"product","2":"type-product","3":"status-publish","4":"has-post-thumbnail","6":"pwb-brand-brother","7":"product_cat-impresion","8":"product_cat-laser-multifuncional-monocromatica","9":"product_tag-cartucho-de-toner","10":"product_tag-duplex","11":"product_tag-laser","12":"product_tag-linux","13":"product_tag-mac","14":"product_tag-monocromatica","15":"product_tag-multifuncional","16":"product_tag-toner","17":"product_tag-usb","18":"product_tag-wifi","19":"product_tag-windows","21":"first","22":"outofstock","23":"taxable","24":"shipping-taxable","25":"purchasable","26":"product-type-simple"},"brands":[{"id":129,"name":"Brother","slug":"brother"}],"_links":{"self":[{"href":"https:\/\/compuimpresion.com.co\/portal\/wp-json\/wp\/v2\/product\/4951","targetHints":{"allow":["GET"]}}],"collection":[{"href":"https:\/\/compuimpresion.com.co\/portal\/wp-json\/wp\/v2\/product"}],"about":[{"href":"https:\/\/compuimpresion.com.co\/portal\/wp-json\/wp\/v2\/types\/product"}],"replies":[{"embeddable":true,"href":"https:\/\/compuimpresion.com.co\/portal\/wp-json\/wp\/v2\/comments?post=4951"}],"wp:featuredmedia":[{"embeddable":true,"href":"https:\/\/compuimpresion.com.co\/portal\/wp-json\/wp\/v2\/media\/5533"}],"wp:attachment":[{"href":"https:\/\/compuimpresion.com.co\/portal\/wp-json\/wp\/v2\/media?parent=4951"}],"wp:term":[{"taxonomy":"pwb-brand","embeddable":true,"href":"https:\/\/compuimpresion.com.co\/portal\/wp-json\/wp\/v2\/pwb-brand?post=4951"},{"taxonomy":"product_brand","embeddable":true,"href":"https:\/\/compuimpresion.com.co\/portal\/wp-json\/wp\/v2\/product_brand?post=4951"},{"taxonomy":"product_cat","embeddable":true,"href":"https:\/\/compuimpresion.com.co\/portal\/wp-json\/wp\/v2\/product_cat?post=4951"},{"taxonomy":"product_tag","embeddable":true,"href":"https:\/\/compuimpresion.com.co\/portal\/wp-json\/wp\/v2\/product_tag?post=4951"}],"curies":[{"name":"wp","href":"https:\/\/api.w.org\/{rel}","templated":true}]}}