{"id":4945,"date":"2024-02-09T10:54:34","date_gmt":"2024-02-09T15:54:34","guid":{"rendered":"https:\/\/compuimpresion.com.co\/portal\/?post_type=product&#038;p=4945"},"modified":"2025-02-18T15:45:17","modified_gmt":"2025-02-18T20:45:17","slug":"impresora-epson-workforce-pro-wf-6590-multifuncional","status":"publish","type":"product","link":"https:\/\/compuimpresion.com.co\/portal\/productos\/impresora-epson-workforce-pro-wf-6590-multifuncional\/","title":{"rendered":"IMPRESORA EPSON WF-6590 WORKFORCE PRO MULTIFUNCIONAL"},"content":{"rendered":"<p><strong>IMPRESORA EPSON WORKFORCE PRO WF-6590 MULTIFUNCIONAL <\/strong><\/p>\n<p>La impresora multifuncional WorkForce Pro WF-6590, con tecnolog\u00eda PrecisionCore, es ideal para grupos de trabajo. Ahorra hasta un 50% en costos de impresi\u00f3n en comparaci\u00f3n con las impresoras l\u00e1ser de color y reduce al m\u00ednimo el tiempo de inactividad gracias a los cartuchos de alta capacidad de Epson, que imprimen hasta 10.000\/7.000 p\u00e1ginas en negro\/color.<\/p>\n<p>Adem\u00e1s, cuenta con una capacidad de papel de hasta 1580 hojas. La multifuncional de oficina WF-6590, imprime documentos de calidad profesional tan r\u00e1pido como 34 ppm negro\/color y es compatible con las principales soluciones de software MPS.<\/p>\n<p><strong>Especificaciones de la Epson WorkForce Pro WF-6590<\/strong><\/p>\n<p><strong>Impresi\u00f3n<\/strong><\/p>\n<ul>\n<li><strong>Tecnolog\u00eda de impresi\u00f3n: <\/strong>Cabezal de impresi\u00f3n PrecisionCore 4S por inyecci\u00f3n de tinta de 4 colores<\/li>\n<li><strong>Lenguaje de impresora: <\/strong>Epson ESC\/PR, emulaci\u00f3n PCL 54, emulaci\u00f3n PCL 64, PostScript 3<\/li>\n<li><strong>Resoluci\u00f3n m\u00e1xima de impresi\u00f3n: <\/strong>800 dpi x 1.200 dpi optimizados<\/li>\n<li><strong>Velocidad de impresi\u00f3n ISO: <\/strong>24 ppm ISO en negro, 24 ppm ISO en color<\/li>\n<li><strong>Velocidad de impresi\u00f3n ISO en doble cara: <\/strong>16 ppm ISO en negro,16 ppm ISO en color<\/li>\n<li><strong>Velocidad m\u00e1xima de impresi\u00f3n (borrador): <\/strong>34 ppm en negro, 34 ppm en colores<\/li>\n<li><strong>Tama\u00f1o m\u00ednimo de gota de tinta: <\/strong>Tres tama\u00f1os de gota, desde tan solo 3,7 picolitros<\/li>\n<li><strong>Ciclo de trabajo3 mensual m\u00e1ximo: <\/strong>Hasta 75.000 p\u00e1ginas<\/li>\n<\/ul>\n<p><strong>Copiado<\/strong><\/p>\n<ul>\n<li><strong>Velocidad de copiado ISO:<\/strong> 22 ISO cpm en negro, 21 ISO cpm en colores<\/li>\n<li><strong>Calidad de copia:<\/strong> En colores: est\u00e1ndar, en blanco y negro: mejor<\/li>\n<li><strong>Cantidad de copias:<\/strong> 1-999 (sin PC)<\/li>\n<li><strong>Tama\u00f1o m\u00e1ximo de copia:<\/strong> 21,6 cm x 35,6 cm<\/li>\n<li><strong>Funciones de copiado:<\/strong> Autom\u00e1tico de doble cara, vista previa, cambio de tama\u00f1o, intercalaci\u00f3n, densidad de copia ajustable<\/li>\n<\/ul>\n<p><strong>Escaneo<\/strong><\/p>\n<ul>\n<li><strong>Tipo de esc\u00e1ner:<\/strong> Color con cama plana, ADF autom\u00e1tico de doble cara<\/li>\n<li><strong>Dispositivo fotoel\u00e9ctrico:<\/strong> Sensor de l\u00edneas ColorCIS<\/li>\n<li><strong>Tama\u00f1o de cama de escaneo:<\/strong> 21,6 cm x 35,6 cm<\/li>\n<li><strong>Resoluci\u00f3n \u00f3ptica:<\/strong>200 dpi<\/li>\n<li><strong>Resoluci\u00f3n de hardware:<\/strong>200 dpi x 2.400 dp<\/li>\n<li><strong>Resoluci\u00f3n m\u00e1xima:<\/strong>600 dpi x 9.600 x dpi interpolados<\/li>\n<li><strong>Profundidad de bits del esc\u00e1ner:<\/strong> Entrada de colores: 30 bits, salida de colores: 24 bits<\/li>\n<li><strong>Funciones de escaneo:<\/strong> Escaneo a PC mediante Document Capture Pro, escaneo a la nube7 (inclusive correo electr\u00f3nico), dispositivo de memoria, archivos PDF protegidos por contrase\u00f1a, libreta de direcciones mediante LDAP<\/li>\n<\/ul>\n<p><strong>Especi\u00adficaciones del fax:<\/strong><\/p>\n<p>Blanco y negro, y color M\u00f3dem: 33,6 kbps; hasta 3 segundos por p\u00e1gina Memoria: hasta 550 p\u00e1ginas Memoria de marcaci\u00f3n r\u00e1pida: 200 (m\u00e1x.) Fax desde PC<\/p>\n<p><strong>Seguridad<\/strong><\/p>\n<ul>\n<li><strong>Funciones de seguridad:<\/strong> Certificaci\u00f3n de n\u00famero de PIN para liberaci\u00f3n de tareas, acceso de\u00a0usuario\u00a0de control, ajustes de impresora y de red a trav\u00e9s de la web\u00a0usando\u00a0a direcci\u00f3n IP de la impresora, seguridad SSL\/TLS, IPsec<\/li>\n<\/ul>\n<p><strong>Conectividad<\/strong><\/p>\n<ul>\n<li><strong>Conectividad est\u00e1ndar: <\/strong>USB de alta velocidad (compatible con la especifi\u00adcaci\u00f3n USB 2.0) Norma IEEE de LAN inal\u00e1mbrica (802.11 b\/g\/n)5 Ethernet cableada (1000 Base-T\/100 Base-TX\/10 Base-T) Wi-Fi Direct5 NFC12<\/li>\n<li><strong>Sistemas operativos: <\/strong>Windows 10 (32 bits, 64 bits), Windows 8.x (32 bits, 64 bits), Windows 7 (32 bits, 64 bits), Windows VistaTM (32 bits, 64 bits), Windows XP SP3 (32 bits), Windows XP Professional x64 Edition, Windows Server 2012 R28, Windows Server 20128, Windows Server 2008 R28, Windows Server 20088, Windows Server 2003 R28, Windows Server 20038, Mac OS X 10.6.x, Mac OS 10.11.x9, Mac OS X Server.<\/li>\n<\/ul>\n<p><strong>Impresi\u00f3n m\u00f3vil<\/strong><\/p>\n<ul>\n<li><strong>Epson Connect:<\/strong> Epson Email Print, Epson iPrint Mobile App, Epson Remote Print<\/li>\n<li><strong>Otros: <\/strong>Apple AirPrint, Google Cloud Print<\/li>\n<\/ul>\n<p><strong>Manejo del papel<\/strong><\/p>\n<ul>\n<li><strong>Soporte de papel sin PC:<\/strong> Papel com\u00fan (carta, o\u00adcio, A4), fotos (carta, A4, 20,3 cm x 25,4 cm, 12,7 cm x 10,2 cm x 15,2 cm)<\/li>\n<li><strong>Tama\u00f1o m\u00e1ximo de papel:<\/strong> 21,6 cm x 119,9 cm<\/li>\n<li><strong>Tama\u00f1os de papel:<\/strong> 8,9 cm x 12,7 cm, 10,2 cm x 15,2 cm, 12,5 cm x 17,8 cm, 20,3 cm x 25,4 cm, 21,6 cm x 27,9 cm, 21,6 cm x 35,6 cm, A4, A6, media carta, ejecutivo, de\u00adfinible por el usuario (8,9\u00a8 &#8211; 119,9\u00a8 de largo)<\/li>\n<li><strong>Tipos de papel:<\/strong> Papel com\u00fan, Epson Bright White (blanco luminoso), Epson Presentation Paper Matte (presentaci\u00f3n mate), Epson Premium Presentation Paper Matte (presentaci\u00f3n mate superior), Epson Premium Presentation Paper Matte Double-sided (presentaci\u00f3n mate superior doble cara), Epson Photo Paper Glossy (brillante para fotos), Epson Premium Photo Paper Glossy (brillante para fotos superior), Epson Ultra Premium Photo Paper Glossy (brillante para fotos ultrasuperior), Epson Premium Photo Paper Semi-gloss (semibrillante para fotos superior), Epson Ultra Premium Photo Paper Luster (lustrado para fotos ultrasuperior)<\/li>\n<\/ul>\n<p><strong>Manejo del papel (cont.): <\/strong><\/p>\n<ul>\n<li><strong>Tipos de sobres:<\/strong>\u00ba 10; papel corriente, papel bond, correo a\u00e9reo<\/li>\n<li><strong>Capacidad de entrada de papel:<\/strong> 500 hojas de papel com\u00fan (500 hojas de papel com\u00fan x 1 bandeja) Alimentador posterior: 80 hojas (1.580 hojas en total, con dos bandejas de papel de 500 hojas opcionales), 10 sobres<\/li>\n<li><strong>Alimentador autom\u00e1tico de documentos:<\/strong> 50 hojas<\/li>\n<\/ul>\n<p><strong>Caracter\u00edsticas generales: <\/strong><\/p>\n<p><strong>Pantalla:<\/strong> T\u00e1ctil de colores de 4,3&#8243; (10,9 cm)<\/p>\n<p><strong>\u00bfQu\u00e9 hay en la caja?: <\/strong>Impresora multifuncional WorkForce Pro WF-6590, manual, CD-ROM para confi\u00adguraci\u00f3n del producto, cable de alimentaci\u00f3n, cartuchos de tinta DURABrite Pro iniciales (No est\u00e1n llenas): 2.000 p\u00e1ginas Aprox ISO (negra), 1.000 p\u00e1ginas\u00a0 aprox ISO (cian, magenta, amarilla) texto al 5% de la pag calidad borrador.<\/p>\n<p><strong>Peso y dimensiones (ancho x profundo x alto): <\/strong>Impresi\u00f3n: 51,6 cm x 75,6 cm x 54,0 cm Almacenamiento: 51,6 cm x 52,2 cm x 51,4 cm Peso: 31,0 kg<\/p>\n<p><strong>Sku: 4947<\/strong><\/p>\n<p><strong>Ean: 0010343921504<\/strong><\/p>\n<p><strong>N\/P: C11CD49201<\/strong><\/p>\n","protected":false},"excerpt":{"rendered":"<p>La impresora multifuncional WorkForce Pro WF-6590, con tecnolog\u00eda PrecisionCore, es ideal para grupos de trabajo. Ahorra hasta un 50% en costos de impresi\u00f3n en comparaci\u00f3n con las impresoras l\u00e1ser de color y reduce al m\u00ednimo el tiempo de inactividad gracias a los cartuchos de alta capacidad de Epson, que imprimen hasta 10.000\/7.000 p\u00e1ginas en negro\/color.<\/p>\n","protected":false},"featured_media":5387,"comment_status":"closed","ping_status":"closed","template":"","meta":{"inline_featured_image":false},"pwb-brand":[125],"product_brand":[],"product_cat":[891,1259],"product_tag":[1000,792,721,611,992,143,1005,185,1004,357,990],"class_list":{"0":"post-4945","1":"product","2":"type-product","3":"status-publish","4":"has-post-thumbnail","6":"pwb-brand-epson","7":"product_cat-impresion","8":"product_cat-inyeccion-de-tinta","9":"product_tag-a-color","10":"product_tag-cartucho","11":"product_tag-duplex","12":"product_tag-ethernet","13":"product_tag-mac","14":"product_tag-multifuncional","15":"product_tag-pro-wf-6590","16":"product_tag-usb","17":"product_tag-wf-6590","18":"product_tag-wifi","19":"product_tag-windows","21":"first","22":"outofstock","23":"taxable","24":"shipping-taxable","25":"purchasable","26":"product-type-simple"},"brands":[{"id":125,"name":"Epson","slug":"epson"}],"_links":{"self":[{"href":"https:\/\/compuimpresion.com.co\/portal\/wp-json\/wp\/v2\/product\/4945","targetHints":{"allow":["GET"]}}],"collection":[{"href":"https:\/\/compuimpresion.com.co\/portal\/wp-json\/wp\/v2\/product"}],"about":[{"href":"https:\/\/compuimpresion.com.co\/portal\/wp-json\/wp\/v2\/types\/product"}],"replies":[{"embeddable":true,"href":"https:\/\/compuimpresion.com.co\/portal\/wp-json\/wp\/v2\/comments?post=4945"}],"wp:featuredmedia":[{"embeddable":true,"href":"https:\/\/compuimpresion.com.co\/portal\/wp-json\/wp\/v2\/media\/5387"}],"wp:attachment":[{"href":"https:\/\/compuimpresion.com.co\/portal\/wp-json\/wp\/v2\/media?parent=4945"}],"wp:term":[{"taxonomy":"pwb-brand","embeddable":true,"href":"https:\/\/compuimpresion.com.co\/portal\/wp-json\/wp\/v2\/pwb-brand?post=4945"},{"taxonomy":"product_brand","embeddable":true,"href":"https:\/\/compuimpresion.com.co\/portal\/wp-json\/wp\/v2\/product_brand?post=4945"},{"taxonomy":"product_cat","embeddable":true,"href":"https:\/\/compuimpresion.com.co\/portal\/wp-json\/wp\/v2\/product_cat?post=4945"},{"taxonomy":"product_tag","embeddable":true,"href":"https:\/\/compuimpresion.com.co\/portal\/wp-json\/wp\/v2\/product_tag?post=4945"}],"curies":[{"name":"wp","href":"https:\/\/api.w.org\/{rel}","templated":true}]}}