{"id":4924,"date":"2024-02-04T18:08:17","date_gmt":"2024-02-04T23:08:17","guid":{"rendered":"https:\/\/compuimpresion.com.co\/portal\/?post_type=product&#038;p=4924"},"modified":"2026-04-14T17:33:13","modified_gmt":"2026-04-14T22:33:13","slug":"impresora-kyocera-ma5500ifx-laser-multifuncional-ecosys","status":"publish","type":"product","link":"https:\/\/compuimpresion.com.co\/portal\/productos\/impresora-kyocera-ma5500ifx-laser-multifuncional-ecosys\/","title":{"rendered":"IMPRESORA KYOCERA MA5500IFX ECOSYS L\u00c1SER MULTIFUNCIONAL MONOCROM\u00c1TICA"},"content":{"rendered":"<p><strong>IMPRESORA KYOCERA MA5500IFX ECOSYS L\u00c1SER MULTIFUNCIONAL MONOCROM\u00c1TICA<\/strong><\/p>\n<p>La ECOSYS MA5500ifx es una impresora de alta velocidad con una gran calidad de salida. Ofrece una fiabilidad inigualable, funciones de seguridad s\u00f3lidas y capacidades de fax. Todo ello lo convierte en el dispositivo perfecto para espacios de trabajo peque\u00f1os y medianos.<\/p>\n<p>Adem\u00e1s, minimice sus costes operativos y agilice su trabajo con m\u00e1quinas pensadas para optimizar\u00a0su tiempo gracias a sus funciones de impresi\u00f3n, escaneo e impresi\u00f3n a doble cara.<\/p>\n<p>Es perfecta para equipos din\u00e1micos con altas exigencias de productividad y eficiencia.<\/p>\n<p><strong>ESPECIFICACIONES B\u00c1SICAS: <\/strong><\/p>\n<p>Configuraci\u00f3n: Impresora multifunci\u00f3n &#8211; Impresi\u00f3n\/Copia\/Esc\u00e1ner\/Fax<\/p>\n<p>P\u00e1ginas por minuto: Carta: 57 ppm; Legal: 46 ppm, Velocidad de impresi\u00f3n a doble cara: Carta 40 ppm; Legal: 23 ppm<\/p>\n<p>Pantalla: Panel de control con pantalla t\u00e1ctil en color de 7\u201d (TSI)<\/p>\n<p>Tiempo de calentamiento: 25 segundos o menos (encendido)<\/p>\n<p>Tiempo de salida de la primera p\u00e1gina: Copia: 6 segundos o menos (con procesador de documentos), 7 segundos o menos (sin procesador de documentos),<\/p>\n<p>Impresi\u00f3n: 4,5 segundos o menos<\/p>\n<p>Resoluci\u00f3n: 600 x 600 ppp, Fine1200 (1200 x 1200 ppp) y Fast1200 (1800 x 600 ppp) Resoluci\u00f3n interpolada<\/p>\n<p>Memoria: Est\u00e1ndar\/M\u00e1xima: 1,5 GB \/ 3,5 GB<\/p>\n<p>Ciclo de trabajo mensual m\u00e1ximo: 250,000 p\u00e1ginas al mes<\/p>\n<p>Salida de la impresora: Monocromo<\/p>\n<p><strong>ESPECIFICACIONES DE LA IMPRESORA:<\/strong><\/p>\n<p><strong>Compatibilidad con SO Windows: <\/strong>Windows 8.1, Windows 10 (32\/64\/arm64), Windows 11 (32\/64\/arm64), Windows Server 2012\/R2, 2016, 2019<\/p>\n<p><strong>Compatibilidad con SO MAC:<\/strong> Requiere Mac OS X v10.5 o posterior<\/p>\n<p><strong>Compatibilidad con SO Linux:<\/strong> Versi\u00f3n de distribuci\u00f3n Linux: Debian 11, Ubuntu 20.04, RHEL 8, CentOS Linux 8, Fedora 34, 35, OpenSUSE 15.3<\/p>\n<p><strong>Interfaz:<\/strong> 10BASE-T\/100BASE-TX\/1000BASE-T (TCP\/IP, NetBEUI), 1 USB 2.0 de alta velocidad, 1 Host USB 2.0 de alta velocidad, 1 ranura de expansi\u00f3n; opcional: LAN inal\u00e1mbrica IB-37\/38 (alcance aprox. 98 pies de alcance y Wi-Fi Direct), IB-51 (aprox. 328 pies de alcance); IB-50 Doble LAN NIC<\/p>\n<p><strong>Impresi\u00f3n m\u00f3vil:<\/strong> KYOCERA Mobile Print, KYOCERA My Panel, KYOCERA Print Service Plug-in, Apple AirPrint, Mopria y Wi-Fi Direct 1<\/p>\n<p><strong>ESPECIFICACIONES DEL ESC\u00c1NER: <\/strong><strong>\u00a0<\/strong><\/p>\n<p><strong>Tipo de escaneo:<\/strong> Esc\u00e1ner en color y blanco y negro<\/p>\n<p><strong>Resoluci\u00f3n de escaneo:<\/strong> 300dpi x 300dpi, 200dpi x 200dpi (Por defecto), 200dpi x 100dpi, 600dpi x 600dpi, 400dpi x 400dpi, y 200 dpi x 400dpi<\/p>\n<p><strong>Tipo de escaneado:<\/strong> Esc\u00e1ner en color y blanco y negro<\/p>\n<p><strong>Resoluci\u00f3n de escaneado:<\/strong> 300dpi x 300dpi, 200dpi x 200dpi (Por defecto), 200dpi x 100dpi, 600dpi x 600dpi,400dpi x 400dpi, y 200 ppp x 400 ppp<\/p>\n<p><strong>Formatos de archivo:<\/strong> TIFF\/PDF (MMR\/JPEG), XPS, OpenXPS, PDF\/A, PDF de alta compresi\u00f3n; Opcional: PDF con opci\u00f3n de b\u00fasqueda y OOXML \/ OOXML(OCR)3<\/p>\n<p><strong>FUNCIONES DE FAX <\/strong><\/p>\n<p>Compatibilidad: Super G3.<\/p>\n<p>Velocidad de m\u00f3dem: m\u00e1x. 33,6 kbps.<\/p>\n<p>Velocidad de escaneo: 2 segundos o menos.<\/p>\n<p>Libreta de direcciones: 200 n\u00fameros<\/p>\n<p>Funciones: fax de red, transmisi\u00f3n y recepci\u00f3n de faxes en d\u00faplex, transmisi\u00f3n y recepci\u00f3n encriptadas, sondeo transmisi\u00f3n y recepci\u00f3n, difusi\u00f3n.<\/p>\n<p>Dimensiones: 18.8\u201d An (47.752 cm) x 19.4 (49.276 cm)\u201d Pr x 24.1 (61.214 cm)\u201d Al<\/p>\n<p>Peso: 53.1 lb. (24.08 kg)<\/p>\n","protected":false},"excerpt":{"rendered":"<p>La ECOSYS MA5500ifx es una impresora de alta velocidad con una gran calidad de salida. Ofrece una fiabilidad inigualable, funciones de seguridad s\u00f3lidas y capacidades de fax.<\/p>\n","protected":false},"featured_media":5409,"comment_status":"closed","ping_status":"closed","template":"","meta":{"inline_featured_image":false},"pwb-brand":[569],"product_brand":[],"product_cat":[891,1257],"product_tag":[999,965,996,651,611,155,493,998,997,992,150,143,185,990],"class_list":{"0":"post-4924","1":"product","2":"type-product","3":"status-publish","4":"has-post-thumbnail","6":"pwb-brand-kyocera","7":"product_cat-impresion","8":"product_cat-laser-multifuncional-monocromatica","9":"product_tag-55-ppm","10":"product_tag-a-negro","11":"product_tag-chromeos","12":"product_tag-ecosys","13":"product_tag-ethernet","14":"product_tag-laser","15":"product_tag-linux","16":"product_tag-ma5500","17":"product_tag-ma5500ifx","18":"product_tag-mac","19":"product_tag-monocromatica","20":"product_tag-multifuncional","21":"product_tag-usb","22":"product_tag-windows","24":"first","25":"instock","26":"taxable","27":"shipping-taxable","28":"purchasable","29":"product-type-simple"},"brands":[{"id":569,"name":"Kyocera","slug":"kyocera"}],"_links":{"self":[{"href":"https:\/\/compuimpresion.com.co\/portal\/wp-json\/wp\/v2\/product\/4924","targetHints":{"allow":["GET"]}}],"collection":[{"href":"https:\/\/compuimpresion.com.co\/portal\/wp-json\/wp\/v2\/product"}],"about":[{"href":"https:\/\/compuimpresion.com.co\/portal\/wp-json\/wp\/v2\/types\/product"}],"replies":[{"embeddable":true,"href":"https:\/\/compuimpresion.com.co\/portal\/wp-json\/wp\/v2\/comments?post=4924"}],"wp:featuredmedia":[{"embeddable":true,"href":"https:\/\/compuimpresion.com.co\/portal\/wp-json\/wp\/v2\/media\/5409"}],"wp:attachment":[{"href":"https:\/\/compuimpresion.com.co\/portal\/wp-json\/wp\/v2\/media?parent=4924"}],"wp:term":[{"taxonomy":"pwb-brand","embeddable":true,"href":"https:\/\/compuimpresion.com.co\/portal\/wp-json\/wp\/v2\/pwb-brand?post=4924"},{"taxonomy":"product_brand","embeddable":true,"href":"https:\/\/compuimpresion.com.co\/portal\/wp-json\/wp\/v2\/product_brand?post=4924"},{"taxonomy":"product_cat","embeddable":true,"href":"https:\/\/compuimpresion.com.co\/portal\/wp-json\/wp\/v2\/product_cat?post=4924"},{"taxonomy":"product_tag","embeddable":true,"href":"https:\/\/compuimpresion.com.co\/portal\/wp-json\/wp\/v2\/product_tag?post=4924"}],"curies":[{"name":"wp","href":"https:\/\/api.w.org\/{rel}","templated":true}]}}