{"id":4917,"date":"2024-02-04T17:21:14","date_gmt":"2024-02-04T22:21:14","guid":{"rendered":"https:\/\/compuimpresion.com.co\/portal\/?post_type=product&#038;p=4917"},"modified":"2024-07-19T16:30:07","modified_gmt":"2024-07-19T21:30:07","slug":"impresora-multifuncional-hp-laserjet-tank-mfp-2602sdw","status":"publish","type":"product","link":"https:\/\/compuimpresion.com.co\/portal\/productos\/impresora-multifuncional-hp-laserjet-tank-mfp-2602sdw\/","title":{"rendered":"IMPRESORA HP MFP 2602SDW MULTIFUNCIONAL LASERJET TANK"},"content":{"rendered":"<p>Obtenga un costo de funcionamiento ultra bajo con t\u00f3ner precargado para 5000 p\u00e1ginas y ahorre con el kit de recarga de t\u00f3ner HP.<\/p>\n<p>Dise\u00f1ada para imprimir grandes vol\u00famenes: precargada con t\u00f3ner para 5000 p\u00e1ginas en el dep\u00f3sito.<\/p>\n<p>Logre menos tiempo de inactividad y rellene el t\u00f3ner en solo 15 segundos con las opciones de relleno de t\u00f3ner HP de ultra alto rendimiento.<\/p>\n<p>Rellene el t\u00f3ner original HP con facilidad en 15 segundos.<\/p>\n<p>Trabaje eficientemente con la impresi\u00f3n a dos caras, un alimentador autom\u00e1tico de 40 p\u00e1ginas, un tambor de imagen de 50.000 p\u00e1ginas y la aplicaci\u00f3n HP Smart<\/p>\n<p>Agilice el procesamiento de documentos con muchas p\u00e1ginas con la impresi\u00f3n autom\u00e1tica a dos caras.<\/p>\n<p><strong>Caracter\u00edsticas:<\/strong><\/p>\n<p>Escaneo a PDF<\/p>\n<p>Impresi\u00f3n doble cara<\/p>\n<p>Imprime desde dispositivos m\u00f3viles<\/p>\n<p>Alimentaci\u00f3n Autom\u00e1tica<\/p>\n<p>Escaneo a Email<\/p>\n<p>Inal\u00e1mbrico<\/p>\n<p><strong>Especificaciones t\u00e9cnicas\u00a0\u00a0\u00a0\u00a0\u00a0\u00a0\u00a0\u00a0\u00a0\u00a0\u00a0 <\/strong><\/p>\n<p>Tecnolog\u00eda de impresi\u00f3n: L\u00e1ser<\/p>\n<p>Funciones: Impresi\u00f3n, copia, escaneado<\/p>\n<p>Tipo de impresi\u00f3n: No<\/p>\n<p>Impresi\u00f3n autom\u00e1tica a doble cara: Autom\u00e1tico<\/p>\n<p>Tipo de soportes admitidos: Papel normal, papel de gramaje alto, papel bond, etiqueta, papel ligero, sobre<\/p>\n<p><strong>Conectividad:\u00a0\u00a0 <\/strong><\/p>\n<p>Conexiones: USB de alta velocidad (compatible con especificaciones de USB 2.0); Ethernet 10\/100 BT; Radio Wi-Fi 802.11a\/b\/g\/n (2,4\/5 GHz) + BLE<\/p>\n<p><strong>Rendimiento: <\/strong><\/p>\n<p>Velocidad b\/n:\u00a0 Hasta 22 ppm<\/p>\n<p>Capacidad de hojas: Hasta 250 hojas<\/p>\n<p>Ciclo mensual (a4): Hasta 25,000 p\u00e1ginas<\/p>\n<p>Resoluci\u00f3n de impresi\u00f3n: Hasta 600 x 600 ppp<\/p>\n<p>Resoluci\u00f3n de escaneado: Hasta 600 ppp<\/p>\n<p><strong>\u00a0<\/strong><\/p>\n<p><strong>Otros<\/strong>:<\/p>\n<p><strong>Consumibles:<\/strong> Kit de recarga de t\u00f3ner de tanque HP LaserJet 154A, negro (rendimiento de aproximadamente 2500 p\u00e1ginas); Kit de recarga de t\u00f3ner de tanque HP LaserJet 153X, negro (rendimiento de aproximadamente 5000 p\u00e1ginas);<\/p>\n<p><strong>Contenido de la caja:<\/strong> Tambor de imagen de tanque LaserJet HP original negro (T\u00f3ner negro suministrado de aproximadamente 5.000 p\u00e1ginas), cable de alimentaci\u00f3n, gu\u00eda de configuraci\u00f3n, gu\u00eda de referencia, folletos reglamentarios\/de ayuda.<\/p>\n<p><strong>Conectividad y Comunicaciones<\/strong><\/p>\n<p>Conectividad, Est\u00e1ndar: USB de alta velocidad (compatible con especificaciones de USB 2.0; Ethernet 10\/100 Base-TX; Radio Wi-Fi 802.11a\/b\/g\/n (2,4\/5 GHz) + BLE<\/p>\n<p>Capacidades De Red: Ethernet 10\/100Base-TX; Wi-Fi 802.11b\/g\/n integrada (2,4\/5 GHz)<\/p>\n<p>Capacidad Inal\u00e1mbrica: Wi-Fi 802.11b\/g\/n integrada (2,4\/5 GHz)<\/p>\n<p>Capacidad De Impresi\u00f3n M\u00f3vil: Aplicaci\u00f3n HP Smart; Apple AirPrint; Con certificaci\u00f3n Mopria; Impresi\u00f3n Wi-Fi Direct<\/p>\n<p>Protocolos De Red, Admitidos: TCP\/IP: IPv4; IPv6; LPD; SLP; Bonjour; WS-Discovery; BOOTP\/DHCP\/AutoIP; SNMP v 1\/2\/3; HTTP\/HTTPS; UDP; IPP<\/p>\n<p><strong>Sistemas Operativos Compatibles: <\/strong>Windows 11; Windows 10; Windows 7; macOS 10.15 Catalina; macOS 11 Big Sur; macOS 12 Monterey; Linux<\/p>\n<p><strong>Dimensiones del producto:<\/strong> 418 x 345 x 311,4 mm<\/p>\n<p>Peso: 12,6 kg<\/p>\n<p><strong>Sku: <\/strong>4697<\/p>\n<p><strong>Ean: <\/strong>019590872902<\/p>\n<p><strong>N\/P: <\/strong>2R7F5A<\/p>\n","protected":false},"excerpt":{"rendered":"<p>Obtenga un costo de funcionamiento ultra bajo con t\u00f3ner precargado para 5000 p\u00e1ginas y ahorre con el kit de recarga de t\u00f3ner HP.<\/p>\n","protected":false},"featured_media":4918,"comment_status":"closed","ping_status":"closed","template":"","meta":{"inline_featured_image":false},"pwb-brand":[124],"product_brand":[],"product_cat":[891,1257],"product_tag":[995,994,991,611,155,493,992,993,150,143,185,357,990],"class_list":{"0":"post-4917","1":"product","2":"type-product","3":"status-publish","4":"has-post-thumbnail","6":"pwb-brand-hp","7":"product_cat-impresion","8":"product_cat-laser-multifuncional-monocromatica","9":"product_tag-22-ppm","10":"product_tag-2602sdw","11":"product_tag-android","12":"product_tag-ethernet","13":"product_tag-laser","14":"product_tag-linux","15":"product_tag-mac","16":"product_tag-mfp-2602sdw","17":"product_tag-monocromatica","18":"product_tag-multifuncional","19":"product_tag-usb","20":"product_tag-wifi","21":"product_tag-windows","23":"first","24":"outofstock","25":"taxable","26":"shipping-taxable","27":"purchasable","28":"product-type-simple"},"brands":[{"id":124,"name":"HP","slug":"hp"}],"_links":{"self":[{"href":"https:\/\/compuimpresion.com.co\/portal\/wp-json\/wp\/v2\/product\/4917","targetHints":{"allow":["GET"]}}],"collection":[{"href":"https:\/\/compuimpresion.com.co\/portal\/wp-json\/wp\/v2\/product"}],"about":[{"href":"https:\/\/compuimpresion.com.co\/portal\/wp-json\/wp\/v2\/types\/product"}],"replies":[{"embeddable":true,"href":"https:\/\/compuimpresion.com.co\/portal\/wp-json\/wp\/v2\/comments?post=4917"}],"wp:featuredmedia":[{"embeddable":true,"href":"https:\/\/compuimpresion.com.co\/portal\/wp-json\/wp\/v2\/media\/4918"}],"wp:attachment":[{"href":"https:\/\/compuimpresion.com.co\/portal\/wp-json\/wp\/v2\/media?parent=4917"}],"wp:term":[{"taxonomy":"pwb-brand","embeddable":true,"href":"https:\/\/compuimpresion.com.co\/portal\/wp-json\/wp\/v2\/pwb-brand?post=4917"},{"taxonomy":"product_brand","embeddable":true,"href":"https:\/\/compuimpresion.com.co\/portal\/wp-json\/wp\/v2\/product_brand?post=4917"},{"taxonomy":"product_cat","embeddable":true,"href":"https:\/\/compuimpresion.com.co\/portal\/wp-json\/wp\/v2\/product_cat?post=4917"},{"taxonomy":"product_tag","embeddable":true,"href":"https:\/\/compuimpresion.com.co\/portal\/wp-json\/wp\/v2\/product_tag?post=4917"}],"curies":[{"name":"wp","href":"https:\/\/api.w.org\/{rel}","templated":true}]}}