{"id":4892,"date":"2023-11-04T16:21:23","date_gmt":"2023-11-04T21:21:23","guid":{"rendered":"https:\/\/compuimpresion.com.co\/portal\/?post_type=product&#038;p=4892"},"modified":"2024-07-19T16:30:56","modified_gmt":"2024-07-19T21:30:56","slug":"impresora-hp-laserjet-pro-3003dw-monocromatica","status":"publish","type":"product","link":"https:\/\/compuimpresion.com.co\/portal\/productos\/impresora-hp-laserjet-pro-3003dw-monocromatica\/","title":{"rendered":"IMPRESORA HP PRO 3003DW LASERJET MONOCROM\u00c1TICA"},"content":{"rendered":"<p><strong>Impresora hp laserjet pro 3003dw monocrom\u00e1tica<\/strong><\/p>\n<p>&nbsp;<\/p>\n<p>Esta impresora se dise\u00f1\u00f3 para brindar potente productividad con velocidades r\u00e1pidas y hardware confiable. Adem\u00e1s, ofrecen uso diario sin esfuerzo desde cualquier lugar donde se realice el trabajo para que pueda concentrarse m\u00e1s en su negocio.<\/p>\n<p>Velocidad de impresi\u00f3n: Negro (normal, A4): Hasta 33 ppm; Negro (normal, carta): Hasta 35 ppm; Negro (a dos caras, A4): Hasta 20 ipm; Negro (a dos caras, carta): Hasta 21 ipm<\/p>\n<p>Dise\u00f1o compacto, r\u00e1pido y confiable con velocidades de hasta 35 ppm, recuperaci\u00f3n autom\u00e1tica de atascos y Wi-Fi de recuperaci\u00f3n autom\u00e1tica para mantener su impresora en funcionamiento. Aplicaci\u00f3n HP Smart habilitada para que pueda imprimir f\u00e1cilmente desde la nube, incluidas aplicaciones como Google Drive y Dropbox.<\/p>\n<p>&nbsp;<\/p>\n<p>Caracter\u00edsticas:<\/p>\n<p>&nbsp;<\/p>\n<p>-Tecnolog\u00eda de impresi\u00f3n: Laser<\/p>\n<p>-Funciones: Impresi\u00f3n<\/p>\n<p>-Velocidad: Negro (normal, A4): Hasta 33 ppm; Negro (normal, carta): Hasta 35 ppm<\/p>\n<p>-Primera p\u00e1gina impresa en negro (carta, lista): 6.6 seg aprox<\/p>\n<p>&#8211; Impresi\u00f3n a doble cara: Autom\u00e1tica (est\u00e1ndar)<\/p>\n<p>&#8211; Ciclo de trabajo (mensual, carta): Hasta 50.000<\/p>\n<p>&#8211; Volumen de p\u00e1ginas mensuales recomendado: 350 a 2500 p\u00e1ginas<\/p>\n<p>&#8211; Calidad de impresi\u00f3n en negro (\u00f3ptima)<strong>: Hasta 1200 x 1200 dpi<\/strong><\/p>\n<p>&#8211; Entrada de manejo de papel, est\u00e1ndar: 1 bandeja principal; 250 hojas o 10 sobres<\/p>\n<p>&#8211; Salida de manejo de papel, est\u00e1ndar: Bandeja de salida de 150 hojas<\/p>\n<p>&#8211; Tipos de soportes: Papel (hojas sueltas, lisas, brillantes, etiquetas), sobres, cartulinas, postales<\/p>\n<p>&#8211; Tama\u00f1os de soportes de impresi\u00f3n admitidos: A4, A5, A5-R, A6, B5(JIS); B6(JIS); Oficio (216 x 340);\u00a016.000 (195 x 270 mm);\u00a016.000 (195 x 270 mm);\u00a016.000 (197 x 273 mm);\u00a0Largo de 9 x 13 cm; 10 x 15 cm<\/p>\n<p>&#8211; Conectividad, est\u00e1ndar: Dispositivo USB de alta velocidad (compatible con especificaciones de USB 2.0); Ethernet de 10\/100 Mbps; Inal\u00e1mbrico 802.11b\/g\/n, doble banda de 2,4 GHz\/5 GHz; BLE<\/p>\n<p>&#8211; Capacidad de impresi\u00f3n m\u00f3vil: Aplicaci\u00f3n HP Smart; Apple AirPrint; Con certificaci\u00f3n Mopria; Impresi\u00f3n Wi-Fi Direct; HP Roam for Business<\/p>\n<p>&#8211; Sistemas operativos compatibles: Microsoft Windows 11, 10, 7 SP1: 32 bits o 64 bits, 2 GB de espacio disponible en el disco duro, conexi\u00f3n a Internet, Microsoft Internet Explorer o Edge. Apple macOS v10.15 Catalina, macOS v11 Big Sur, macOS v12 Monterey<\/p>\n<p>-Cartucho inicial: 145A Aprox Entre el 5 al 10% de su llenado.<\/p>\n<p>-Cartuchos de reemplazo: Cartucho de t\u00f3ner original HP LaserJet 145A, negro (rendimiento de aproximadamente 1700 p\u00e1ginas) W1450A; Cartucho de t\u00f3ner original HP LaserJet 145X, negro (rendimiento de aproximadamente 3800 p\u00e1ginas)\u00a0W1450X<\/p>\n<p>&#8211; Dimensiones m\u00ednimas (anch. x prof. x alt.): 367 x 398,2 x 216,2 mm<\/p>\n<p>&#8211; Peso: 7,5 kg<\/p>\n<p>&nbsp;<\/p>\n<p>&nbsp;<\/p>\n<p>Sku: 1910<\/p>\n<p>Ean: 0195122491147<\/p>\n<p>N\/p: 3G654A<\/p>\n<p>&nbsp;<\/p>\n","protected":false},"excerpt":{"rendered":"<p>Impresora hp laserjet pro 3003dw monocrom\u00e1tica &nbsp; Esta impresora se dise\u00f1\u00f3 para brindar potente productividad con velocidades r\u00e1pidas y hardware confiable. Adem\u00e1s, ofrecen uso diario sin esfuerzo desde cualquier lugar donde se realice el trabajo para que pueda concentrarse m\u00e1s en su negocio. Velocidad de impresi\u00f3n: Negro (normal, A4): Hasta 33 ppm; Negro (normal, carta): [&hellip;]<\/p>\n","protected":false},"featured_media":4893,"comment_status":"closed","ping_status":"closed","template":"","meta":{"inline_featured_image":false},"pwb-brand":[124],"product_brand":[],"product_cat":[891,893],"product_tag":[987,297,146,155,150,986],"class_list":{"0":"post-4892","1":"product","2":"type-product","3":"status-publish","4":"has-post-thumbnail","6":"pwb-brand-hp","7":"product_cat-impresion","8":"product_cat-laser","9":"product_tag-3g654a","10":"product_tag-hp","11":"product_tag-impresora","12":"product_tag-laser","13":"product_tag-monocromatica","14":"product_tag-pro-3003dw","16":"first","17":"outofstock","18":"taxable","19":"shipping-taxable","20":"purchasable","21":"product-type-simple"},"brands":[{"id":124,"name":"HP","slug":"hp"}],"_links":{"self":[{"href":"https:\/\/compuimpresion.com.co\/portal\/wp-json\/wp\/v2\/product\/4892","targetHints":{"allow":["GET"]}}],"collection":[{"href":"https:\/\/compuimpresion.com.co\/portal\/wp-json\/wp\/v2\/product"}],"about":[{"href":"https:\/\/compuimpresion.com.co\/portal\/wp-json\/wp\/v2\/types\/product"}],"replies":[{"embeddable":true,"href":"https:\/\/compuimpresion.com.co\/portal\/wp-json\/wp\/v2\/comments?post=4892"}],"wp:featuredmedia":[{"embeddable":true,"href":"https:\/\/compuimpresion.com.co\/portal\/wp-json\/wp\/v2\/media\/4893"}],"wp:attachment":[{"href":"https:\/\/compuimpresion.com.co\/portal\/wp-json\/wp\/v2\/media?parent=4892"}],"wp:term":[{"taxonomy":"pwb-brand","embeddable":true,"href":"https:\/\/compuimpresion.com.co\/portal\/wp-json\/wp\/v2\/pwb-brand?post=4892"},{"taxonomy":"product_brand","embeddable":true,"href":"https:\/\/compuimpresion.com.co\/portal\/wp-json\/wp\/v2\/product_brand?post=4892"},{"taxonomy":"product_cat","embeddable":true,"href":"https:\/\/compuimpresion.com.co\/portal\/wp-json\/wp\/v2\/product_cat?post=4892"},{"taxonomy":"product_tag","embeddable":true,"href":"https:\/\/compuimpresion.com.co\/portal\/wp-json\/wp\/v2\/product_tag?post=4892"}],"curies":[{"name":"wp","href":"https:\/\/api.w.org\/{rel}","templated":true}]}}