{"id":4886,"date":"2023-10-27T10:28:45","date_gmt":"2023-10-27T15:28:45","guid":{"rendered":"https:\/\/compuimpresion.com.co\/portal\/?post_type=product&#038;p=4886"},"modified":"2024-08-09T15:34:05","modified_gmt":"2024-08-09T20:34:05","slug":"impresora-multifuncional-hp-officejet-pro-7740-tabloide","status":"publish","type":"product","link":"https:\/\/compuimpresion.com.co\/portal\/productos\/impresora-multifuncional-hp-officejet-pro-7740-tabloide\/","title":{"rendered":"IMPRESORA HP PRO 7740 OFFICEJET TABLOIDE MULTIFUNCIONAL"},"content":{"rendered":"<p><strong>IMPRESORA<\/strong> MULTIFUNCIONAL <strong>HP OFFICEJET PRO 7740 TABLOIDE<\/strong><\/p>\n<p>&nbsp;<\/p>\n<p>Impresi\u00f3n, escaneo y copia en color extraordinario en tama\u00f1os hasta 11 x 17 pulg. (A3), para documentos y presentaciones impactantes por un costo de hasta un 50% menos por p\u00e1gina al de las impresoras l\u00e1ser a color\u00a0 Fax hasta 8,5 x 14 pulg. (21,6 x 35,6 cm).<\/p>\n<p>Cree gr\u00e1ficos en colores intensos y textos en negros intensos en una variedad de papeles de carta a tabloide<\/p>\n<p>Produzca impresiones resistentes al agua, a los borrones, a la decoloraci\u00f3n y a los marcadores de resaltado.<\/p>\n<p>Imprima p\u00e1ginas a color y texto en negro con los cartuchos de tinta original HP de alta capacidad opcionales.<\/p>\n<p>&nbsp;<\/p>\n<p>Caracter\u00edsticas:<\/p>\n<p>&#8211; Funciones\/Compatible con tareas m\u00faltiples: Impresi\u00f3n, copia, escaneado, fax\/ S\u00ed<\/p>\n<p>&#8211; Velocidad de impresi\u00f3n: Negro (ISO):<strong> Hasta 22 ppm<\/strong>; Color (ISO): Hasta 18 ppm Primera p\u00e1gina impresa en negro: 9 segundos; Impresi\u00f3n de la primera p\u00e1gina en color: Velocidad m\u00e1xima de 10 segundos; Negro (borrador): Hasta 34 ppm; Color (borrador): Hasta 34 ppm<\/p>\n<p>&#8211; Resoluci\u00f3n de impresi\u00f3n: Negro (\u00f3ptima): Hasta 1.200 x 1.200 ppp de reproducci\u00f3n; Color (\u00f3ptima): Hasta 4800 x 1200 dpi optimizados en papel fotogr\u00e1fico HP Advanced 1200 x 1200 dpi de entrada<\/p>\n<p>&#8211; Tecnolog\u00eda de impresi\u00f3n: Inyecci\u00f3n t\u00e9rmica de tinta HP<\/p>\n<p>&#8211; Cantidad de cartuchos de impresi\u00f3n: 4 (1 de cada color: negro, cian, magenta y amarillo)<\/p>\n<p>&#8211; Impresi\u00f3n sin bordes: S\u00ed, (hasta A3\/11 x 17 pulgadas)<\/p>\n<p>&#8211; Idiomas est\u00e1ndar de impresora: HP PCLXL (PCL6), PDF nativo, emulaci\u00f3n HP Postscript nivel 3<\/p>\n<p>&#8211; Tipo de escaneo\/tecnolog\u00eda: Cama plana, alimentador autom\u00e1tico de documentos (ADF)\/ (CIS) Sensor de imagen de contacto.<\/p>\n<p>&#8211; Resoluci\u00f3n de escaneado: Hardware: Hasta 1200 x 1200 ppp; \u00d3ptica: Hasta 1200 ppp<\/p>\n<p>&#8211; Modos de entrada de datos para escaneado: Escaneo, copia, fax en el panel frontal, o desde software<\/p>\n<p>&#8211; Tama\u00f1o M\u00e1ximo de Escaneo: ADF: ADF: 8.5 x 14 pulg.; A3: 11,69 x 16,53 B: 11 x 17 pulg.; Cama plana: 297 x 432 mm; 11,69 x 17 pulg.<\/p>\n<p>-Velocidad de escaneado: Simple: Hasta 8\/6 ipm (blanco y negro\/color 200 ppi; A dos caras: Hasta 14\/11 ipm(blanco y negro\/color 200 ppi)<\/p>\n<p>&#8211; Funciones est\u00e1ndar de env\u00edo digital: Escanear a equipo; Escanear a dispositivo de memoria; Escanear a correo electr\u00f3nico<\/p>\n<p>&#8211; Velocidad de copia: Negro (ISO): Hasta 18 cpm; Color (ISO): Hasta 13 cpm; Negro (borrador): Hasta 33 cpm; Color (borrador): Hasta 31 cpm<\/p>\n<p>&#8211; Resoluci\u00f3n de copia: Negro (texto y gr\u00e1ficos): Hasta 600 ppp; Hasta 600 ppp; Color (texto y gr\u00e1ficos): Hasta 600 ppp.<\/p>\n<p>&#8211; N\u00famero m\u00e1ximo de copias<strong>: Hasta 99 copias<\/strong><\/p>\n<p>&#8211; Redimensionado de copia<strong>: 25 to 400%<\/strong><\/p>\n<p>&#8211; velocidad del fax: Hasta: 4 segundos por p\u00e1gina<\/p>\n<p>&#8211; Resoluci\u00f3n de fax: Negro (\u00f3ptima): Hasta 300 x 300 ppp; Color (\u00f3ptima): 200 x 200 ppp; Negro (est\u00e1ndar): 203x 98 ppp; Color (est\u00e1ndar): 200 x 200 ppp<\/p>\n<p>&#8211; Conectividad est\u00e1ndar: 1 USB 2.0 con la compatibilidad con dispositivos USB 3.0; 1 USB host; 1 Ethernet; 1 WiFi 802.11b\/g\/n; 1 conexi\u00f3n inal\u00e1mbrica 802.11b\/g\/n; 2 puertos de m\u00f3dem RJ-11<\/p>\n<p>&#8211; Capacidad de impresi\u00f3n m\u00f3vil: Apple AirPrint, HP ePrint, HP Wireless direct printing, certificaci\u00f3n Mopria y Google Cloud Print<\/p>\n<p>&#8211; Memoria: Est\u00e1ndar: 512 MB; M\u00e1ximo: 512 MB; Velocidad del procesador 1,2 GHz<\/p>\n<p>&#8211; Ciclo de trabajo: Mensual, A4: Hasta 18.000 p\u00e1ginas<\/p>\n<p>&#8211; Volumen de p\u00e1ginas mensuales recomendado: 250 a 1500<\/p>\n<p>&#8211; Manejo de papel: Bandeja de entrada de 250 hojas, Bandeja para papel normal de 250 hojas; Bandeja salida de 75 hojas; Opciones de d\u00faplex: Autom\u00e1tico; Capacidad del alimentador autom\u00e1tico de documentos: Est\u00e1ndar, 35 hojas; Alimentador de sobres: No; Bandejas de papel est\u00e1ndar:2; Capacidades de entrada: Hasta 500 hojas Est\u00e1ndar; Hasta 30; Hasta 50 hojas; Hasta 50<\/p>\n<p>hojas etiquetas; Hasta 250 hojas oficio; Capacidades de salida: Hasta 75 hojas Est\u00e1ndar; Hasta 25 sobres; Hasta 35 tarjetas; Hasta 35 hojas etiquetas; Hasta 75 hojas oficio<\/p>\n<p>&#8211; Contenido de la caja: G5J38A Impresora HP OfficeJet Pro 7740 Todo-en-Uno de formato ancho; Cartucho de tinta de instalaci\u00f3n Inicial HP OffficeJet 954 negro , cartucho de tinta CMY de instalaci\u00f3n inicial HP OffficeJet 954 ; Cable de alimentaci\u00f3n; Cable telef\u00f3nico; CDROM; P\u00f3ster de instalaci\u00f3n.<\/p>\n<p>&#8211; Panel de control: Panel de control con pantalla t\u00e1ctil de 2,65&#8243; (6,75 cm) y pantalla gr\u00e1fica color; LED indicadora<\/p>\n<p>(indicadora de WiFi); 4 botones: (inicio, ayuda, volver, WiFi)<\/p>\n<p>&#8211; Dimensiones del producto Ancho x fondo x alto: 584 x 466,9 x 383,3 mm<\/p>\n<p>&#8211; Peso del producto: 19,5 kg<\/p>\n<p>&nbsp;<\/p>\n<p>Sku: 2716<\/p>\n<p>Ean: <strong>0889894812629<\/strong><\/p>\n<p>N\/p: <strong>G5J38A#AKY<\/strong><\/p>\n<p>&nbsp;<\/p>\n<p>&nbsp;<\/p>\n","protected":false},"excerpt":{"rendered":"<p>Cree gr\u00e1ficos en colores intensos y textos en negros intensos en una variedad de papeles de carta a tabloide<\/p>\n","protected":false},"featured_media":4887,"comment_status":"closed","ping_status":"closed","template":"","meta":{"inline_featured_image":false},"pwb-brand":[124],"product_brand":[],"product_cat":[891,1259],"product_tag":[982,649,981,132,984,983,980,297,146,985,143,139],"class_list":{"0":"post-4886","1":"product","2":"type-product","3":"status-publish","4":"has-post-thumbnail","6":"pwb-brand-hp","7":"product_cat-impresion","8":"product_cat-inyeccion-de-tinta","9":"product_tag-982","10":"product_tag-a3","11":"product_tag-cartuchos","12":"product_tag-color","13":"product_tag-copiar","14":"product_tag-escanear","15":"product_tag-g5j38a","16":"product_tag-hp","17":"product_tag-impresora","18":"product_tag-imprimir","19":"product_tag-multifuncional","20":"product_tag-tabloide","22":"first","23":"outofstock","24":"taxable","25":"shipping-taxable","26":"purchasable","27":"product-type-simple"},"brands":[{"id":124,"name":"HP","slug":"hp"}],"_links":{"self":[{"href":"https:\/\/compuimpresion.com.co\/portal\/wp-json\/wp\/v2\/product\/4886","targetHints":{"allow":["GET"]}}],"collection":[{"href":"https:\/\/compuimpresion.com.co\/portal\/wp-json\/wp\/v2\/product"}],"about":[{"href":"https:\/\/compuimpresion.com.co\/portal\/wp-json\/wp\/v2\/types\/product"}],"replies":[{"embeddable":true,"href":"https:\/\/compuimpresion.com.co\/portal\/wp-json\/wp\/v2\/comments?post=4886"}],"wp:featuredmedia":[{"embeddable":true,"href":"https:\/\/compuimpresion.com.co\/portal\/wp-json\/wp\/v2\/media\/4887"}],"wp:attachment":[{"href":"https:\/\/compuimpresion.com.co\/portal\/wp-json\/wp\/v2\/media?parent=4886"}],"wp:term":[{"taxonomy":"pwb-brand","embeddable":true,"href":"https:\/\/compuimpresion.com.co\/portal\/wp-json\/wp\/v2\/pwb-brand?post=4886"},{"taxonomy":"product_brand","embeddable":true,"href":"https:\/\/compuimpresion.com.co\/portal\/wp-json\/wp\/v2\/product_brand?post=4886"},{"taxonomy":"product_cat","embeddable":true,"href":"https:\/\/compuimpresion.com.co\/portal\/wp-json\/wp\/v2\/product_cat?post=4886"},{"taxonomy":"product_tag","embeddable":true,"href":"https:\/\/compuimpresion.com.co\/portal\/wp-json\/wp\/v2\/product_tag?post=4886"}],"curies":[{"name":"wp","href":"https:\/\/api.w.org\/{rel}","templated":true}]}}