{"id":4882,"date":"2023-10-27T09:49:44","date_gmt":"2023-10-27T14:49:44","guid":{"rendered":"https:\/\/compuimpresion.com.co\/portal\/?post_type=product&#038;p=4882"},"modified":"2026-04-14T17:44:03","modified_gmt":"2026-04-14T22:44:03","slug":"impresora-multifuncional-hp-4103fdw-wifi-ethernet-usb-monocromatica","status":"publish","type":"product","link":"https:\/\/compuimpresion.com.co\/portal\/productos\/impresora-multifuncional-hp-4103fdw-wifi-ethernet-usb-monocromatica\/","title":{"rendered":"IMPRESORA HP 4103FDW MULTIFUNCIONAL MONOCROM\u00c1TICA WIFI ETHERNET USB"},"content":{"rendered":"<p>IMPRESORA MULTIFUNCIONAL<strong> HP 4103FDW<\/strong> WIFI ETHERNET USB<strong> MONOCROM\u00c1TICA<\/strong><\/p>\n<p>&nbsp;<\/p>\n<p>Esta impresora est\u00e1 dise\u00f1ada para brindar m\u00e1xima productividad con velocidades r\u00e1pidas y<\/p>\n<p>hardware confiable. Adem\u00e1s, se puede usar a diario sin esfuerzos sin importar d\u00f3nde deba<\/p>\n<p>trabajar. De esta forma, podr\u00e1 enfocarse m\u00e1s en su negocio.<\/p>\n<p>M\u00e1ximo rendimiento: Ayude a su equipo de trabajo din\u00e1mico con esta impresora inteligente de alta velocidad, que es ideal para hasta 10 usuarios.<\/p>\n<p>M\u00e1xima productividad: Automatice para lograr m\u00e1s. Los accesos directos simples permiten a su gente completar tareas de varios pasos con solo un toque.<\/p>\n<p>Gesti\u00f3n perfecta: Conecte sus impresoras HP. Las s\u00f3lidas funciones y las herramientas inteligentes permiten al personal hacer m\u00e1s, no importa donde se realice el trabajo.<\/p>\n<p>&nbsp;<\/p>\n<p>Caracter\u00edsticas:<\/p>\n<p>-Tecnolog\u00eda de impresi\u00f3n: <strong>Laser Monocrom\u00e1tica<\/strong><\/p>\n<p>&#8211; Funciones:<strong> Impresi\u00f3n, copia, escaneado, fax<\/strong><\/p>\n<p>&#8211; Calidad de impresi\u00f3n en negro (\u00f3ptima) L\u00edneas finas (1200 x 1200 dpi)<\/p>\n<p>&#8211; Velocidad de impresi\u00f3n monocrom\u00e1tica (ISO, A4): <strong>Hasta 40 ppm<\/strong><\/p>\n<p>&#8211; Velocidad de impresi\u00f3n monocrom\u00e1tica (ISO,carta): Hasta 42 ppm<\/p>\n<p>&#8211; Impresi\u00f3n a doble cara: Autom\u00e1tico (por defecto)<\/p>\n<p>&#8211; Ciclo de trabajo (mensual, A4, carta): Hasta 80.000 p\u00e1ginas<\/p>\n<p>&#8211; Funciones del software inteligente de la impresora: Impresi\u00f3n autom\u00e1tica a doble cara e impresi\u00f3n de folletos, impresi\u00f3n N-up, compaginaci\u00f3n, marcas de agua, instalaci\u00f3n del controlador de impresora solamente, funci\u00f3n Eco Mode para ahorrar t\u00f3ner, acepta diferentes tama\u00f1os y tipos de papel.<\/p>\n<p>-Cartucho inicial: 151A, Entre el 5 al 10% de su llenado.<\/p>\n<p>&#8211; Cartuchos de reemplazo: Cartucho de t\u00f3ner original HP LaserJet 151A, negro (aproximadamente 3050 p\u00e1ginas), W1510A; Cartucho de t\u00f3ner original HP LaserJet 151X, negro (aproximadamente 9700 p\u00e1ginas).<\/p>\n<p>-Sistemas operativos compatibles: Windows 11; Windows 10; Windows 7; Windows Client OS; Android; iOS; SO m\u00f3viles; macOS 10.15 Catalina; macOS 11 Big Sur; macOS 12 Monterey<\/p>\n<p>-Velocidad de copia en negro d\u00faplex (A4\/carta): 34cpm\/36cpm<\/p>\n<p>-Resoluci\u00f3n de fax en negro (\u00f3ptima): Hasta 300 x 300 ppp<\/p>\n<p>-Velocidad de escaneo (normal, A4): Hasta 29 ppm\/46 ipm (blanco y negro), hasta 20 ppm\/34 ipm (color)<\/p>\n<p>-Velocidad de escaneo (normal, carta): Up to 31 ppm\/49 ipm (b&amp;w), up to 21 ppm\/36 ipm (color)<\/p>\n<p>-Tecnolog\u00eda de escaneado: (CIS) Sensor de imagen de contacto<\/p>\n<p>-Tipo de esc\u00e1ner: \u00a0Cama plana, alimentador autom\u00e1tico de documentos (ADF)<\/p>\n<p>-Pantalla: 2.7&#8243; (6.86 cm) intuitive color touchscreen (CGD)<\/p>\n<p>-Conectividad: Usb, wifi, ethernet<\/p>\n<p>-Capacidades de red: S\u00ed, a trav\u00e9s de 10\/100\/1000Base-TX Ethernet y Gigabit incorporados; Ethernet de cruzado autom\u00e1tico; Autenticaci\u00f3n mediante 802.1X<\/p>\n<p>-Capacidad de impresi\u00f3n m\u00f3vil: Aplicaci\u00f3n HP Smart; Apple AirPrint; Con certificaci\u00f3n Mopria; Impresi\u00f3n Wi-Fi Direct<\/p>\n<p>-Dimensiones m\u00ednimas (anch. x prof. x alt.): 420 x 390 x 323 mm<\/p>\n<p>-Peso: 12.6 kg<\/p>\n<p>&nbsp;<\/p>\n<p>Sku: 4108<\/p>\n<p>Ean: 0195161936609<\/p>\n<p>N\/p: 2Z629A<\/p>\n<p>&nbsp;<\/p>\n<p>&nbsp;<\/p>\n","protected":false},"excerpt":{"rendered":"<p>Esta impresora est\u00e1 dise\u00f1ada para brindar m\u00e1xima productividad con velocidades r\u00e1pidas y<\/p>\n<p>hardware confiable<\/p>\n","protected":false},"featured_media":4883,"comment_status":"closed","ping_status":"closed","template":"","meta":{"inline_featured_image":false},"pwb-brand":[124],"product_brand":[],"product_cat":[891,1257],"product_tag":[977,978,965,721,297,979,146,155,821,150,143],"class_list":{"0":"post-4882","1":"product","2":"type-product","3":"status-publish","4":"has-post-thumbnail","6":"pwb-brand-hp","7":"product_cat-impresion","8":"product_cat-laser-multifuncional-monocromatica","9":"product_tag-977","10":"product_tag-2z629a","11":"product_tag-a-negro","12":"product_tag-duplex","13":"product_tag-hp","14":"product_tag-hp-4103fdw","15":"product_tag-impresora","16":"product_tag-laser","17":"product_tag-laserjet-pro","18":"product_tag-monocromatica","19":"product_tag-multifuncional","21":"first","22":"instock","23":"taxable","24":"shipping-taxable","25":"purchasable","26":"product-type-simple"},"brands":[{"id":124,"name":"HP","slug":"hp"}],"_links":{"self":[{"href":"https:\/\/compuimpresion.com.co\/portal\/wp-json\/wp\/v2\/product\/4882","targetHints":{"allow":["GET"]}}],"collection":[{"href":"https:\/\/compuimpresion.com.co\/portal\/wp-json\/wp\/v2\/product"}],"about":[{"href":"https:\/\/compuimpresion.com.co\/portal\/wp-json\/wp\/v2\/types\/product"}],"replies":[{"embeddable":true,"href":"https:\/\/compuimpresion.com.co\/portal\/wp-json\/wp\/v2\/comments?post=4882"}],"wp:featuredmedia":[{"embeddable":true,"href":"https:\/\/compuimpresion.com.co\/portal\/wp-json\/wp\/v2\/media\/4883"}],"wp:attachment":[{"href":"https:\/\/compuimpresion.com.co\/portal\/wp-json\/wp\/v2\/media?parent=4882"}],"wp:term":[{"taxonomy":"pwb-brand","embeddable":true,"href":"https:\/\/compuimpresion.com.co\/portal\/wp-json\/wp\/v2\/pwb-brand?post=4882"},{"taxonomy":"product_brand","embeddable":true,"href":"https:\/\/compuimpresion.com.co\/portal\/wp-json\/wp\/v2\/product_brand?post=4882"},{"taxonomy":"product_cat","embeddable":true,"href":"https:\/\/compuimpresion.com.co\/portal\/wp-json\/wp\/v2\/product_cat?post=4882"},{"taxonomy":"product_tag","embeddable":true,"href":"https:\/\/compuimpresion.com.co\/portal\/wp-json\/wp\/v2\/product_tag?post=4882"}],"curies":[{"name":"wp","href":"https:\/\/api.w.org\/{rel}","templated":true}]}}