{"id":4839,"date":"2023-07-26T18:06:28","date_gmt":"2023-07-26T23:06:28","guid":{"rendered":"https:\/\/compuimpresion.com.co\/portal\/?post_type=product&#038;p=4839"},"modified":"2025-09-29T12:23:07","modified_gmt":"2025-09-29T17:23:07","slug":"impresora-kyocera-pa2000w-wifi-usb-monocromatica","status":"publish","type":"product","link":"https:\/\/compuimpresion.com.co\/portal\/productos\/impresora-kyocera-pa2000w-wifi-usb-monocromatica\/","title":{"rendered":"IMPRESORA KYOCERA PA2000W WIFI \u2013 USB MONOCROM\u00c1TICA"},"content":{"rendered":"<p><strong>IMPRESORA KYOCERA PA2000W WIFI \u2013 USB<\/strong><\/p>\n<p>La impresora PA2000w con velocidades de hasta 21 ppm es la soluci\u00f3n ideal para el trabajo en casa y las peque\u00f1as y medianas empresas.<\/p>\n<p>Las impresoras sencillas y compactas de <strong>Kyocera<\/strong> son perfectas para los entornos de trabajo flexibles de hoy en d\u00eda, como oficinas y hogares<\/p>\n<p>Gracias a su dise\u00f1o ligero y compacto, el dispositivo puede colocarse en el escritorio a una distancia alcanzable para apoyar sus tareas.<\/p>\n<p><strong>KYOCERA<\/strong> Client Tool es una utilidad sencilla e intuitiva que permite a los usuarios imprimir y escanear f\u00e1cilmente sus documentos.<\/p>\n<p>Nuestro centro de descargas en l\u00ednea, accesible las 24 horas del d\u00eda, ofrece v\u00eddeos de asistencia para configuraci\u00f3n de productos.<\/p>\n<p>&nbsp;<\/p>\n<p>Caracter\u00edsticas:<\/p>\n<p>&nbsp;<\/p>\n<p>-Tecnolog\u00eda de impresi\u00f3n: Laser <strong>monocrom\u00e1tica<\/strong> (Solo negro)<\/p>\n<p>-Tipo de impresi\u00f3n: <strong>Laser<\/strong><\/p>\n<p>-Funciones: Solo Impresion<\/p>\n<p>-Velocidad: Carta: 21 ppm; Legal: 17 ppm; A4: 20 ppm<\/p>\n<p>&#8211; Impresi\u00f3n: A una sola cara<\/p>\n<p>-Pantalla: Panel de Control LED de 2 d\u00edgitos<\/p>\n<p>&#8211; Tiempo de Calentamiento: 20 Segundos o menos (Encendido)<\/p>\n<p>-Tiempo de Salida de la Primera P\u00e1gina: Impresi\u00f3n: 8 segundos o menos<\/p>\n<p>&#8211; Resoluci\u00f3n: 600 x 600 dpi, Resoluci\u00f3n Interpolada 1,200 dpi<\/p>\n<p>&#8211; Memoria: Std\/Max: 32MB<\/p>\n<p>&#8211; Ciclo de Trabajo Mensual M\u00e1ximo: 8,000 P\u00e1ginas al Mes<\/p>\n<p>-Conectividad: wifi \u2013 usb<\/p>\n<p>&#8211; Capacidad de Papel: Bandeja \u00danica para 150 Hojas<\/p>\n<p>&#8211; Fuentes de Papel Est\u00e1ndar\/M\u00e1xima: 1<\/p>\n<p>&#8211; Capacidad de Papel Est\u00e1ndar\/M\u00e1xima: 150 Hojas\/150 Hojas<\/p>\n<p>&#8211; Tama\u00f1o de Papel: A5 a Legal (8.5\u201d x 14\u201d)<\/p>\n<p>&#8211; Densidad del Papel: Bond 65 \u2013 105 gr\/m2<\/p>\n<p>&#8211; Capacidad de Salida de Papel: 50 Hojas (Cara Abajo)<\/p>\n<p>&#8211; Tipo de Papel: Papel Com\u00fan, Papel Reciclado<\/p>\n<p>-T\u00f3ner Inicial (negro): Rendimiento aproximado ente 400 a 700 p\u00e1ginas; Toner de reemplazoTK-1242 (Negro): Rendimiento aproximado 1,500 p\u00e1g aprox Basado en ISO 19752<\/p>\n<p>&#8211; Compatibilidad con SO MAC &amp; Linux: KPSL drivers: Mac OS X 10.5 hasta OS X 10.15<\/p>\n<p>&#8211; Compatibilidad con SO Windows: Soporta el driver GX; Windows 8.1 a Windows 11, ambos de 32 y 64 bit, Windows Server 2012\/R2, 2016, 2019, 2022<\/p>\n<p>&#8211; Impresi\u00f3n M\u00f3vil: KYOCERA Mobile Print que puedes descargar sin costo desde Apple Store\/Play Store<\/p>\n<p>&#8211; Caracter\u00edsticas de Impresi\u00f3n Adicionales: EcoPrint, Modo Silencio<\/p>\n<p>&#8211; Lenguajes de Impresi\u00f3n Soportados: basado en el Host (GDI)<\/p>\n<p>&#8211; Fuentes: Bitmap: 1 Fuente<\/p>\n<p>&#8211; Controlador est\u00e1ndar: ST Micro: STM32G071RBT6 20MHz (Procesador del Motor), SOC: ARM926EJ equivalente 450MHz (Procesador del Sistema)<\/p>\n<p>&#8211; Dimensiones\/Peso: 350 mm A x 233 mm P x 177 mm A\/4.5 kg<\/p>\n<p>&nbsp;<\/p>\n<p>SKU: 0474<\/p>\n<p>EAN: 0632983069561<\/p>\n<p>N\/P: 1102YV2US0<\/p>\n<p>&nbsp;<\/p>\n","protected":false},"excerpt":{"rendered":"<p>Las impresoras sencillas y compactas de <strong>Kyocera<\/strong> son perfectas para los entornos de trabajo flexibles de hoy en d\u00eda, como oficinas y hogares<\/p>\n","protected":false},"featured_media":4840,"comment_status":"closed","ping_status":"closed","template":"","meta":{"inline_featured_image":false},"pwb-brand":[569],"product_brand":[],"product_cat":[891,893],"product_tag":[917,146,650,155,150,389,918],"class_list":{"0":"post-4839","1":"product","2":"type-product","3":"status-publish","4":"has-post-thumbnail","6":"pwb-brand-kyocera","7":"product_cat-impresion","8":"product_cat-laser","9":"product_tag-917","10":"product_tag-impresora","11":"product_tag-kyocera","12":"product_tag-laser","13":"product_tag-monocromatica","14":"product_tag-negro","15":"product_tag-pa2000w","17":"first","18":"outofstock","19":"taxable","20":"shipping-taxable","21":"purchasable","22":"product-type-simple"},"brands":[{"id":569,"name":"Kyocera","slug":"kyocera"}],"_links":{"self":[{"href":"https:\/\/compuimpresion.com.co\/portal\/wp-json\/wp\/v2\/product\/4839","targetHints":{"allow":["GET"]}}],"collection":[{"href":"https:\/\/compuimpresion.com.co\/portal\/wp-json\/wp\/v2\/product"}],"about":[{"href":"https:\/\/compuimpresion.com.co\/portal\/wp-json\/wp\/v2\/types\/product"}],"replies":[{"embeddable":true,"href":"https:\/\/compuimpresion.com.co\/portal\/wp-json\/wp\/v2\/comments?post=4839"}],"wp:featuredmedia":[{"embeddable":true,"href":"https:\/\/compuimpresion.com.co\/portal\/wp-json\/wp\/v2\/media\/4840"}],"wp:attachment":[{"href":"https:\/\/compuimpresion.com.co\/portal\/wp-json\/wp\/v2\/media?parent=4839"}],"wp:term":[{"taxonomy":"pwb-brand","embeddable":true,"href":"https:\/\/compuimpresion.com.co\/portal\/wp-json\/wp\/v2\/pwb-brand?post=4839"},{"taxonomy":"product_brand","embeddable":true,"href":"https:\/\/compuimpresion.com.co\/portal\/wp-json\/wp\/v2\/product_brand?post=4839"},{"taxonomy":"product_cat","embeddable":true,"href":"https:\/\/compuimpresion.com.co\/portal\/wp-json\/wp\/v2\/product_cat?post=4839"},{"taxonomy":"product_tag","embeddable":true,"href":"https:\/\/compuimpresion.com.co\/portal\/wp-json\/wp\/v2\/product_tag?post=4839"}],"curies":[{"name":"wp","href":"https:\/\/api.w.org\/{rel}","templated":true}]}}