{"id":4827,"date":"2023-06-14T15:15:21","date_gmt":"2023-06-14T20:15:21","guid":{"rendered":"https:\/\/compuimpresion.com.co\/portal\/?post_type=product&#038;p=4827"},"modified":"2024-07-19T16:34:34","modified_gmt":"2024-07-19T21:34:34","slug":"impresora-multifuncional-deskjet-ink-advantage-2775-usb-wifi","status":"publish","type":"product","link":"https:\/\/compuimpresion.com.co\/portal\/productos\/impresora-multifuncional-deskjet-ink-advantage-2775-usb-wifi\/","title":{"rendered":"IMPRESORA HP ADVANTAGE 2775 DESKJET INK MULTIFUNCIONAL  USB \u2013 WIFI"},"content":{"rendered":"<p><strong>IMPRESORA MULTIFUNCIONAL DESKJET INK ADVANTAGE 2775 USB \u2013 WIFI<\/strong><\/p>\n<p>&nbsp;<\/p>\n<p>Dise\u00f1ada para proporcionar una experiencia sin inconvenientes para impresi\u00f3n, escaneo y copia de documentos de todos los d\u00edas, adem\u00e1s de ofrecer conexiones m\u00e1s r\u00e1pidas y m\u00e1s confiables.<\/p>\n<p>Config\u00farela, con\u00e9ctela con su computadora, su tablet o su tel\u00e9fono, y comience a imprimir en minutos con la aplicaci\u00f3n HP Smart, la mejor aplicaci\u00f3n de impresi\u00f3n m\u00f3vil de su clase.<\/p>\n<p><strong>Wi-Fi<\/strong> de banda doble con reinicio autom\u00e1tico que permite un mayor alcance y conexiones m\u00e1s r\u00e1pidas y m\u00e1s confiables.<\/p>\n<p>Conf\u00ede en los cartuchos de tinta originales HP de bajo costo para proporcionar el texto n\u00edtido y los colores intensos que usted espera, p\u00e1gina tras p\u00e1gina. Ayude a ahorrar evitando las reimpresiones: obtenga impresiones correctas desde la primera vez.<\/p>\n<p>&nbsp;<\/p>\n<p>Caracter\u00edsticas:<\/p>\n<p>-Tecnolog\u00eda de impresi\u00f3n: Inyecci\u00f3n t\u00e9rmica de tinta HP<\/p>\n<p>-Funciones: Impresi\u00f3n, copia , escaneado<\/p>\n<p>&#8211; Tipo de impresi\u00f3n: Color<\/p>\n<p>&#8211; Tipo de soportes admitidos: Papel com\u00fan, papel fotogr\u00e1fico, papel para folletos<\/p>\n<p>&#8211; Conexiones: 1 Hi-Speed USB 2.0, wifi<\/p>\n<p>&#8211; Velocidad b\/n: Hasta 7,5 ppm<\/p>\n<p>&#8211; Velocidad color: Hasta 5,5 ppm<\/p>\n<p>&#8211; Capacidad de hojas: Hasta 60 hojas<\/p>\n<p>&#8211; Ciclo de trabajo mensual (a4): Hasta 1000 p\u00e1ginas<\/p>\n<p>-Ciclo de trabajo recomendado: 50\u00a0 a 100 pag<\/p>\n<p>-Entrada De Manejo De Papel, Est\u00e1ndar: Bandeja entrada 60 hojas<\/p>\n<p>-Esc\u00e1ner. Tama\u00f1o carta<\/p>\n<p>-Capacidad De Salida M\u00e1xima (Hojas): Hasta 25 hojas<\/p>\n<p>-Compatibilidad Con Varias Tareas: no<\/p>\n<p>&#8211; Resoluci\u00f3n de impresi\u00f3n: Negro (\u00f3ptima): Hasta 1200 x 1200 ppp de reproducci\u00f3n; Color (\u00f3ptima): Resoluci\u00f3n optimizada de hasta 4800 x 1200 dpi en color (cuando se imprime desde una computadora con papel fotogr\u00e1fico HP y 1200 dpi de entrada)<\/p>\n<p>&#8211; Resoluci\u00f3n de escaneado: Hardware: Hasta 1200 x 1200 ppp; \u00d3ptica: Hasta 1200 ppp<\/p>\n<h4>&#8211; Cartuchos iniciales: 2 (1 negro, 1 tricolor) Si entre un 10 a un 20 % de su llenado.<\/h4>\n<h4><\/h4>\n<p>-Consumibles de reemplazo: Cartucho de tinta original tricolor HP 667 Advantage (rendimiento de 100 p\u00e1ginas aproximadamente) 3YM78L; cartucho de tinta original negro HP 667 Advantage (rendimiento de 120 p\u00e1ginas aproximadamente) 3YM79L; cartucho de tinta original negro de alto rendimiento HP 667XL Advantage (rendimiento de 480 p\u00e1ginas aproximadamente) 3YM81L; cartucho de tinta original tricolor de alto rendimiento HP 667XL Advantage (rendimiento de 330 p\u00e1ginas aproximadamente) 3YM80L<\/p>\n<p>-Capacidad De Impresi\u00f3n M\u00f3vil: Apple AirPrint; Chrome OS; Aplicaci\u00f3n HP Smart<\/p>\n<p>-Peso De Soporte, Admitido: A4: 60 a 90 g\/m\u00b2; Sobres HP: 75 a 90 g\/m\u00b2; Tarjetas HP: hasta 200 g\/m\u00b2; Papel fotogr\u00e1fico HP de 10 x 15 cm: hasta 300 g\/m\u00b2<\/p>\n<p>-Tipos De Soportes: Papel com\u00fan, papel fotogr\u00e1fico, papel para folletos<\/p>\n<p>-Requisitos del si<\/p>\n<p>-Dimensiones del producto: 42,5 x 30,4 x 15,4 cm<\/p>\n<p>-Peso: 3.42 kg<\/p>\n<p>&nbsp;<\/p>\n<p>Sku: 1023<\/p>\n<p>Ean: 0194441901870<\/p>\n<p>N\/P: 7FR21A<\/p>\n","protected":false},"excerpt":{"rendered":"<p>Dise\u00f1ada para proporcionar una experiencia sin inconvenientes para impresi\u00f3n, escaneo y copia de documentos de todos los d\u00edas, adem\u00e1s de ofrecer conexiones m\u00e1s r\u00e1pidas y m\u00e1s confiables.<\/p>\n","protected":false},"featured_media":4829,"comment_status":"closed","ping_status":"closed","template":"","meta":{"inline_featured_image":false},"pwb-brand":[124],"product_brand":[],"product_cat":[891,1257],"product_tag":[915,793,914,297,155,517,150,389,913,703],"class_list":{"0":"post-4827","1":"product","2":"type-product","3":"status-publish","4":"has-post-thumbnail","6":"pwb-brand-hp","7":"product_cat-impresion","8":"product_cat-laser-multifuncional-monocromatica","9":"product_tag-915","10":"product_tag-136a","11":"product_tag-7fr21a","12":"product_tag-hp","13":"product_tag-laser","14":"product_tag-m236sdw","15":"product_tag-monocromatica","16":"product_tag-negro","17":"product_tag-polvo","18":"product_tag-toner","20":"first","21":"outofstock","22":"taxable","23":"shipping-taxable","24":"purchasable","25":"product-type-simple"},"brands":[{"id":124,"name":"HP","slug":"hp"}],"_links":{"self":[{"href":"https:\/\/compuimpresion.com.co\/portal\/wp-json\/wp\/v2\/product\/4827","targetHints":{"allow":["GET"]}}],"collection":[{"href":"https:\/\/compuimpresion.com.co\/portal\/wp-json\/wp\/v2\/product"}],"about":[{"href":"https:\/\/compuimpresion.com.co\/portal\/wp-json\/wp\/v2\/types\/product"}],"replies":[{"embeddable":true,"href":"https:\/\/compuimpresion.com.co\/portal\/wp-json\/wp\/v2\/comments?post=4827"}],"wp:featuredmedia":[{"embeddable":true,"href":"https:\/\/compuimpresion.com.co\/portal\/wp-json\/wp\/v2\/media\/4829"}],"wp:attachment":[{"href":"https:\/\/compuimpresion.com.co\/portal\/wp-json\/wp\/v2\/media?parent=4827"}],"wp:term":[{"taxonomy":"pwb-brand","embeddable":true,"href":"https:\/\/compuimpresion.com.co\/portal\/wp-json\/wp\/v2\/pwb-brand?post=4827"},{"taxonomy":"product_brand","embeddable":true,"href":"https:\/\/compuimpresion.com.co\/portal\/wp-json\/wp\/v2\/product_brand?post=4827"},{"taxonomy":"product_cat","embeddable":true,"href":"https:\/\/compuimpresion.com.co\/portal\/wp-json\/wp\/v2\/product_cat?post=4827"},{"taxonomy":"product_tag","embeddable":true,"href":"https:\/\/compuimpresion.com.co\/portal\/wp-json\/wp\/v2\/product_tag?post=4827"}],"curies":[{"name":"wp","href":"https:\/\/api.w.org\/{rel}","templated":true}]}}