{"id":4810,"date":"2023-03-13T17:30:16","date_gmt":"2023-03-13T22:30:16","guid":{"rendered":"https:\/\/compuimpresion.com.co\/portal\/productos\/impresora-hp-laserjet-tank-mfp-1602w-monocromatica\/"},"modified":"2024-11-07T15:34:58","modified_gmt":"2024-11-07T20:34:58","slug":"impresora-hp-laserjet-tank-mfp-1602w-monocromatica","status":"publish","type":"product","link":"https:\/\/compuimpresion.com.co\/portal\/productos\/impresora-hp-laserjet-tank-mfp-1602w-monocromatica\/","title":{"rendered":"IMPRESORA HP MFP 1602W LASERJET TANK MONOCROM\u00c1TICA"},"content":{"rendered":"<p><strong>Impresora HP LaserJet Tank MFP 1602w monocrom\u00e1tica<\/strong><\/p>\n<p>Dise\u00f1ada para imprimir grandes vol\u00famenes: precargada con t\u00f3ner para 5000 p\u00e1ginas en el dep\u00f3sito.<br \/>\nAyude a ahorrar en rellenos con el kit de recarga de t\u00f3ner HP de ultra alto rendimiento.<br \/>\nOfrezca documentos de calidad excepcional con textos n\u00edtidos y definidos en negro, p\u00e1gina tras p\u00e1gina<br \/>\nMaximice su tiempo de actividad con velocidades de impresi\u00f3n de hasta 22 ppm.<br \/>\nOrganice las tareas f\u00e1cilmente y realice muchas de ellas con un solo dispositivo: imprima, escanee y copie.<br \/>\nImprima, escanee y comparta contenido en todo momento y lugar con la aplicaci\u00f3n HP Smart.<br \/>\nTambor de creaci\u00f3n de im\u00e1genes para hasta 50.000 p\u00e1ginas con poco<br \/>\nmantenimiento y de larga vida \u00fatil.<\/p>\n<p>Caracter\u00edsticas:<\/p>\n<p>-Funciones: Impresi\u00f3n, copia , escaneado<br \/>\n-Velocidad de impresi\u00f3n en negro: A4: Hasta 22 ppm; Salida de la primera p\u00e1gina: 8,0 segundos<br \/>\n-Resoluci\u00f3n de impresi\u00f3n: Negro (\u00f3ptima): Hasta 600 x 600 ppp; Negro (l\u00edneas finas): Hasta 600 x 600 ppp<br \/>\n-Tecnolog\u00eda de impresi\u00f3n: L\u00e1ser<br \/>\n-Cantidad de cartuchos de impresi\u00f3n: 1 negro<br \/>\n-Lenguajes de impresi\u00f3n est\u00e1ndar: PCLmS; URF; PWG<br \/>\n-Funciones del software inteligente de la impresora: HP Auto-On\/Auto-Off, aplicaci\u00f3n HP Smart<br \/>\n-Tipo de escaneo\/tecnolog\u00eda: Cama plana (CIS) Sensor de imagen de contacto<br \/>\n-Resoluci\u00f3n de escaneado: Hardware: 600 x 1200 dpi; \u00d3ptica: Hasta 600 ppp<br \/>\n-Tama\u00f1o m\u00e1ximo de escaneado: Cama plana: 216 x 297 mm<br \/>\n-Profundidad de bits\/niveles de escala de grises: 24 bits\/256<br \/>\n-Velocidad de copiado en negro: Hasta 22 cpm<br \/>\n-Conectividad est\u00e1ndar: USB de alta velocidad (compatible con especificaciones de USB 2.0); Radio Wi-Fi 802.11a\/b\/g\/n (2,4\/5 GHz) + BLE<br \/>\n-Capacidad de impresi\u00f3n m\u00f3vil: Aplicaci\u00f3n HP Smart; Apple AirPrint; Con certificaci\u00f3n Mopria; Impresi\u00f3n Wi-Fi Direct<br \/>\n-Memoria: Est\u00e1ndar: 64 MB; M\u00e1ximo: 64 MB de SDRAM<br \/>\n-Ciclo de trabajo: Mensual A4: Hasta 25.000 p\u00e1ginas<br \/>\n-Volumen de p\u00e1ginas mensuales recomendado: 250-2500<br \/>\n-Tipos de soporte admitidos: Papel normal, papel de gramaje alto, papel bond, etiqueta, papel ligero, sobre<br \/>\n-Peso de soporte admitido: De 60 a 163 g\/m\u00b2<br \/>\n-Tama\u00f1os de soportes de impresi\u00f3n admitidos: A6; A5; A4; Sobre n.\u00ba 10; Sobre C5; Sobre DL; Sobre B5; B5 (JIS); B6 (JIS); 216 mm x 340 mm; Personalizado<br \/>\n-Tama\u00f1os de soportes personalizados: 102 x 152 a 215,9 x 355,6 mm<br \/>\n-Manejo de papel: Capacidades de entrada: Hasta 150 hojas Est\u00e1ndar; Hasta 10 sobres<br \/>\nCapacidades de salida: Hasta 100 hojas Est\u00e1ndar; Sin compatibilidad con transparencias<br \/>\nOpciones de d\u00faplex: Manual (soporte para controlador suministrado) Alimentador de sobres: No hay un alimentador de sobres espec\u00edfico. Admite sobre en la bandeja 1,Bandejas de papel est\u00e1ndar: 1<br \/>\n-Cartuchos de reemplazo: Kit de recarga de t\u00f3ner de tanque HP LaserJet 154A, negro (rendimiento de aproximadamente 2500 p\u00e1ginas); Kit de recarga de t\u00f3ner de tanque HP LaserJet 153X,negro (rendimiento de aproximadamente 5000 p\u00e1ginas)<br \/>\n-Dimensiones del producto: Ancho x fondo x alto: 368 x 326 x 255 mm (14.5 X 12.83 X 10 in);<br \/>\n-Panel de control: \u00cdcono LCD; 3 luces (Soportes, Wi-Fi, Tapa abierta); 10 botones (Wi-Fi, Abajo, Men\u00fa, Arriba, Copiar, Copiar ID, Informaci\u00f3n, Reanudar, Cancelar, Encender)<br \/>\n-Sistemas operativos compatibles: Windows 11; Windows 10; Windows 7; macOS 10.15 Catalina; macOS 11 Big Sur; macOS 12 Monterey; Linux<br \/>\n-Requisitos m\u00ednimos del sistema: PC: Microsoft\u00ae Windows\u00ae 11, 10 y 7 SP1: 32 bits o 64 bits, 2 GB de espacio disponible en el disco duro, conexi\u00f3n a Internet, Microsoft\u00ae Internet Explorer o Edge.; Mac: Apple macOS v10.15 Catalina, macOS v11 Big Sur, macOS v12 Monterey; Disco duro de 2 GB;<br \/>\nSe requiere acceso a Internet<br \/>\nM\u00e1ximo: 368 x 390,5 x 255 mm (14.5 X 15.4 X 10 in)<br \/>\n-Peso del producto: 7,9 kg<\/p>\n<p>Sku: 4696<br \/>\nEan: 0195908728887<br \/>\nN\/p: 2R3E8A<\/p>\n","protected":false},"excerpt":{"rendered":"<p>Dise\u00f1ada para imprimir grandes vol\u00famenes: precargada con t\u00f3ner para 5000 p\u00e1ginas en el dep\u00f3sito.<\/p>\n","protected":false},"featured_media":5405,"comment_status":"closed","ping_status":"closed","template":"","meta":{"inline_featured_image":false},"pwb-brand":[124],"product_brand":[],"product_cat":[891,1257],"product_tag":[916,297,155,150],"class_list":{"0":"post-4810","1":"product","2":"type-product","3":"status-publish","4":"has-post-thumbnail","6":"pwb-brand-hp","7":"product_cat-impresion","8":"product_cat-laser-multifuncional-monocromatica","9":"product_tag-1602w","10":"product_tag-hp","11":"product_tag-laser","12":"product_tag-monocromatica","14":"first","15":"outofstock","16":"purchasable","17":"product-type-simple"},"brands":[{"id":124,"name":"HP","slug":"hp"}],"_links":{"self":[{"href":"https:\/\/compuimpresion.com.co\/portal\/wp-json\/wp\/v2\/product\/4810","targetHints":{"allow":["GET"]}}],"collection":[{"href":"https:\/\/compuimpresion.com.co\/portal\/wp-json\/wp\/v2\/product"}],"about":[{"href":"https:\/\/compuimpresion.com.co\/portal\/wp-json\/wp\/v2\/types\/product"}],"replies":[{"embeddable":true,"href":"https:\/\/compuimpresion.com.co\/portal\/wp-json\/wp\/v2\/comments?post=4810"}],"wp:featuredmedia":[{"embeddable":true,"href":"https:\/\/compuimpresion.com.co\/portal\/wp-json\/wp\/v2\/media\/5405"}],"wp:attachment":[{"href":"https:\/\/compuimpresion.com.co\/portal\/wp-json\/wp\/v2\/media?parent=4810"}],"wp:term":[{"taxonomy":"pwb-brand","embeddable":true,"href":"https:\/\/compuimpresion.com.co\/portal\/wp-json\/wp\/v2\/pwb-brand?post=4810"},{"taxonomy":"product_brand","embeddable":true,"href":"https:\/\/compuimpresion.com.co\/portal\/wp-json\/wp\/v2\/product_brand?post=4810"},{"taxonomy":"product_cat","embeddable":true,"href":"https:\/\/compuimpresion.com.co\/portal\/wp-json\/wp\/v2\/product_cat?post=4810"},{"taxonomy":"product_tag","embeddable":true,"href":"https:\/\/compuimpresion.com.co\/portal\/wp-json\/wp\/v2\/product_tag?post=4810"}],"curies":[{"name":"wp","href":"https:\/\/api.w.org\/{rel}","templated":true}]}}