{"id":4785,"date":"2023-02-20T16:58:28","date_gmt":"2023-02-20T21:58:28","guid":{"rendered":"https:\/\/compuimpresion.com.co\/portal\/productos\/botella-de-tinta-original-negra-hp-gt53\/"},"modified":"2024-07-19T17:10:24","modified_gmt":"2024-07-19T22:10:24","slug":"botella-de-tinta-original-negra-hp-gt53","status":"publish","type":"product","link":"https:\/\/compuimpresion.com.co\/portal\/productos\/botella-de-tinta-original-negra-hp-gt53\/","title":{"rendered":"BOTELLA DE TINTA HP GT53 NEGRA ORIGINAL"},"content":{"rendered":"<p>Botella de tinta original Negra Hp Gt53<\/p>\n<p>Imprima miles de p\u00e1ginas con una sencilla compra de un conjunto de botellas de tinta originales HP de alta capacidad, a un precio por p\u00e1gina extremadamente bajo. Imprima grandes vol\u00famenes, una forma sencilla y c\u00f3moda de rellenar la tinta e imprimir con la calidad y la confiabilidad de HP.<br \/>\nImprima miles de p\u00e1ginas a un costo por p\u00e1gina extremadamente bajo. Es sencillo con este sistema de tanques de tinta HP de alta capacidad.<br \/>\nImpresione con la excelente calidad y confiabilidad de impresi\u00f3n de HP. Con las tintas originales HP, imprima documentos definidos con texto negro n\u00edtido que conserve su legibilidad muchos a\u00f1os.<br \/>\nUsted decide cu\u00e1ndo agregar m\u00e1s tinta. Rellene de manera sencilla cuando sea conveniente para usted. Imprima sin preocupaci\u00f3n, sabiendo que las tintas originales HP se dise\u00f1aron para la impresora HP Ink Tank.<\/p>\n<p>Caracter\u00edsticas:<\/p>\n<p>-Color(es) de consumibles de impresi\u00f3n: Negro<br \/>\n-Tipos de tinta: Con base de pigmento<br \/>\n-Contenido botella de tinta: 90ml<br \/>\n-Rendimiento de la p\u00e1gina (blanco y negro): 4.000 p\u00e1ginas aprox texto al 5% de la pagina<br \/>\n-Impresoras compatibles ink tank :115,318,319,410,415,416,418,419,455,457,450,5810,315.<br \/>\n-Contenido de la caja: 1 botella de tinta<br \/>\n-Dimensiones del embalaje (An x F x Al): 47 x 47 x 150 mm<br \/>\n-Peso del embalaje: 0,13 kg<\/p>\n<p>Sku: 2958<br \/>\nEan: 0192545527583<br \/>\nN\/p: 1VV22AL<\/p>\n","protected":false},"excerpt":{"rendered":"<p>Imprima miles de p\u00e1ginas a un costo por p\u00e1gina extremadamente bajo. Es sencillo con este sistema de tanques de tinta HP de alta capacidad.<\/p>\n","protected":false},"featured_media":4786,"comment_status":"closed","ping_status":"closed","template":"","meta":{"inline_featured_image":false},"pwb-brand":[124],"product_brand":[],"product_cat":[1261,907],"product_tag":[938,936,932,933,931,297,934,937,402,935,131],"class_list":{"0":"post-4785","1":"product","2":"type-product","3":"status-publish","4":"has-post-thumbnail","6":"pwb-brand-hp","7":"product_cat-botellas-y-bolsas-de-tinta","8":"product_cat-consumibles","9":"product_tag-135ml","10":"product_tag-carga-continua","11":"product_tag-gt","12":"product_tag-gt51","13":"product_tag-gt53","14":"product_tag-hp","15":"product_tag-ink-tank","16":"product_tag-negra","17":"product_tag-tank","18":"product_tag-tanque-de-tinta","19":"product_tag-tinta","21":"first","22":"instock","23":"purchasable","24":"product-type-simple"},"brands":[{"id":124,"name":"HP","slug":"hp"}],"_links":{"self":[{"href":"https:\/\/compuimpresion.com.co\/portal\/wp-json\/wp\/v2\/product\/4785","targetHints":{"allow":["GET"]}}],"collection":[{"href":"https:\/\/compuimpresion.com.co\/portal\/wp-json\/wp\/v2\/product"}],"about":[{"href":"https:\/\/compuimpresion.com.co\/portal\/wp-json\/wp\/v2\/types\/product"}],"replies":[{"embeddable":true,"href":"https:\/\/compuimpresion.com.co\/portal\/wp-json\/wp\/v2\/comments?post=4785"}],"wp:featuredmedia":[{"embeddable":true,"href":"https:\/\/compuimpresion.com.co\/portal\/wp-json\/wp\/v2\/media\/4786"}],"wp:attachment":[{"href":"https:\/\/compuimpresion.com.co\/portal\/wp-json\/wp\/v2\/media?parent=4785"}],"wp:term":[{"taxonomy":"pwb-brand","embeddable":true,"href":"https:\/\/compuimpresion.com.co\/portal\/wp-json\/wp\/v2\/pwb-brand?post=4785"},{"taxonomy":"product_brand","embeddable":true,"href":"https:\/\/compuimpresion.com.co\/portal\/wp-json\/wp\/v2\/product_brand?post=4785"},{"taxonomy":"product_cat","embeddable":true,"href":"https:\/\/compuimpresion.com.co\/portal\/wp-json\/wp\/v2\/product_cat?post=4785"},{"taxonomy":"product_tag","embeddable":true,"href":"https:\/\/compuimpresion.com.co\/portal\/wp-json\/wp\/v2\/product_tag?post=4785"}],"curies":[{"name":"wp","href":"https:\/\/api.w.org\/{rel}","templated":true}]}}