{"id":4777,"date":"2023-02-20T16:58:28","date_gmt":"2023-02-20T21:58:28","guid":{"rendered":"https:\/\/compuimpresion.com.co\/portal\/productos\/video-proyector-epson-powerlite-119w-hdmi\/"},"modified":"2024-05-10T10:15:21","modified_gmt":"2024-05-10T15:15:21","slug":"video-proyector-epson-powerlite-119w-hdmi","status":"publish","type":"product","link":"https:\/\/compuimpresion.com.co\/portal\/productos\/video-proyector-epson-powerlite-119w-hdmi\/","title":{"rendered":"VIDEO PROTECTOR EPSON POVERLITE 119W HDMI"},"content":{"rendered":"<h1>\u00a0Peso: 2,8 kg<br \/>\nSku: 4616<br \/>\nEan: 01034395416 8<br \/>\nN\/P: V11H985020<\/h1>\n","protected":false},"excerpt":{"rendered":"<h1><strong>Video proyector Epson Powerlite 119w Hdmi<\/strong><\/h1>\n<p><strong>Compuimpresion<\/strong> tiene disponible el increible<strong> Video proyector Epson Powerlite 119w Hdmi,<\/strong> el <strong>PowerLite 119W<\/strong> es la mejor herramienta de proyecci\u00f3n para los salones actuales. El PowerLite<br \/>\n119W ofrece una resoluci\u00f3n WXGA (1.280 pixeles x 800 pixeles), ideal para presentaciones multimedia con calidad de alta definici\u00f3n.<\/p>\n<p>La <strong>tecnolog\u00eda 3LCD<\/strong> ofrece im\u00e1genes claras, brillantes y llenas de color. Su luminosidad de 4.000 l\u00famenes en color y 4.000 l\u00famenes en blanco lo convierten en la mejor opci\u00f3n para aulas de educaci\u00f3n iluminadas. Adicionalmente, este<strong> video proyector tiene 2 puertos HDMI<\/strong> para conectar todos los dispositivos actuales del aula.<\/p>\n","protected":false},"featured_media":4778,"comment_status":"closed","ping_status":"closed","template":"","meta":{"inline_featured_image":false},"pwb-brand":[125],"product_brand":[],"product_cat":[256],"product_tag":[],"class_list":{"0":"post-4777","1":"product","2":"type-product","3":"status-publish","4":"has-post-thumbnail","6":"pwb-brand-epson","7":"product_cat-video-proyectores-2","9":"first","10":"outofstock","11":"purchasable","12":"product-type-simple"},"brands":[{"id":125,"name":"Epson","slug":"epson"}],"_links":{"self":[{"href":"https:\/\/compuimpresion.com.co\/portal\/wp-json\/wp\/v2\/product\/4777","targetHints":{"allow":["GET"]}}],"collection":[{"href":"https:\/\/compuimpresion.com.co\/portal\/wp-json\/wp\/v2\/product"}],"about":[{"href":"https:\/\/compuimpresion.com.co\/portal\/wp-json\/wp\/v2\/types\/product"}],"replies":[{"embeddable":true,"href":"https:\/\/compuimpresion.com.co\/portal\/wp-json\/wp\/v2\/comments?post=4777"}],"wp:featuredmedia":[{"embeddable":true,"href":"https:\/\/compuimpresion.com.co\/portal\/wp-json\/wp\/v2\/media\/4778"}],"wp:attachment":[{"href":"https:\/\/compuimpresion.com.co\/portal\/wp-json\/wp\/v2\/media?parent=4777"}],"wp:term":[{"taxonomy":"pwb-brand","embeddable":true,"href":"https:\/\/compuimpresion.com.co\/portal\/wp-json\/wp\/v2\/pwb-brand?post=4777"},{"taxonomy":"product_brand","embeddable":true,"href":"https:\/\/compuimpresion.com.co\/portal\/wp-json\/wp\/v2\/product_brand?post=4777"},{"taxonomy":"product_cat","embeddable":true,"href":"https:\/\/compuimpresion.com.co\/portal\/wp-json\/wp\/v2\/product_cat?post=4777"},{"taxonomy":"product_tag","embeddable":true,"href":"https:\/\/compuimpresion.com.co\/portal\/wp-json\/wp\/v2\/product_tag?post=4777"}],"curies":[{"name":"wp","href":"https:\/\/api.w.org\/{rel}","templated":true}]}}