{"id":4762,"date":"2023-02-13T08:39:54","date_gmt":"2023-02-13T13:39:54","guid":{"rendered":"https:\/\/compuimpresion.com.co\/portal\/productos\/impresora-laser-kyocera-m5526cdw-multifuncional-a-color\/"},"modified":"2024-07-19T16:36:46","modified_gmt":"2024-07-19T21:36:46","slug":"impresora-laser-kyocera-m5526cdw-multifuncional-a-color","status":"publish","type":"product","link":"https:\/\/compuimpresion.com.co\/portal\/productos\/impresora-laser-kyocera-m5526cdw-multifuncional-a-color\/","title":{"rendered":"IMPRESORA KYOCERA M5526CDW LASER MULTIFUNCIONAL A COLOR"},"content":{"rendered":"<p>IMPRESORA LASER KYOCERA M5526CDW MULTIFUNCIONAL A COLOR<\/p>\n<p>Este equipo combina la mejor calidad de color con buenos costes de funcionamiento que facilitan los flujos de trabajo de tu oficina<br \/>\nLas impresoras Kyocera ECOSYS brindan soluciones de oficina avanzadas que permiten a los negocios alcanzar un retorno de inversi\u00f3n r\u00e1pido, con m\u00ednimo impacto en el medio ambiente. Espec\u00edficamente, las impresoras ECOSYS utilizan tecnolog\u00edas de imagen que est\u00e1n integradas en nuestro cilindro de larga duraci\u00f3n y cartuchos de t\u00f3ner separados. Esto elimina la necesidad de reemplazar el cilindro cuando se agota el t\u00f3ner para reducir el costo por impresi\u00f3n y los desperdicios. Por eso, las excelentes impresoras ECOSYS de Kyocera soportan las iniciativas de sostenibilidad de nuestros clientes y al mismo tiempo reducen los costos operativos.<\/p>\n<p>Caracter\u00edsticas:<\/p>\n<p>-Tipo: Multifuncional Laser a color<br \/>\n&#8211; Configuraci\u00f3n: Equipo Multifuncional Color \u2013 Impresi\u00f3n \/ Escaneo \/ Copia \/ Fax<br \/>\n&#8211; P\u00e1ginas por minuto: Blanco y negro \u2013 Carta: 27 ppm, Legal: 22 ppm, A4: 26 ppm<br \/>\nColor \u2013 Carta: 27 ppm, Legal: 22 ppm, A4: 26 ppm<br \/>\n&#8211; Tiempo de calentamiento: 29 segundos o menos (Encendido) 13 segundos o menos desde el modo descanso<br \/>\n&#8211; Salida de la primera impresi\u00f3n: Copiado (Blanco y negro: 8 segundos o menos);<br \/>\nColor: 10 segundos o menos; Impresi\u00f3n: Blanco y negro: 9.5 segundos o menos; Color: 10.5 segundos o menos<br \/>\n&#8211; Pantalla: Panel de control con pantalla t\u00e1ctil color (Interfaz TSI) de 4.3&#8243;<br \/>\n&#8211; Resoluci\u00f3n: 600 x 600 dpi, 9600 x 600 dpi, 1200 x 1200 dpi<br \/>\n&#8211; D\u00faplex: Est\u00e1ndar con duplexor sin apilador que admite de media carta a legal (5.5&#8243; x 8.5&#8243; \u2013 8.5&#8243; x 14&#8243;), 60 \u2013 120g\/m2<br \/>\n&#8211; Tiempo de calentamiento (seg.): 29 segundos o menos<br \/>\n&#8211; Consumo de energ\u00eda: Imprimiendo: 375 W<br \/>\n&#8211; Fuentes de papel est\u00e1ndar: Bandeja de papel simple para 250 hojas, bandeja multiprop\u00f3sito para 50 hojas<br \/>\n&#8211; Tama\u00f1o de papel: Bandejas est\u00e1ndar\/opcionales \/multiprop\u00f3sito: 5.5&#8243; x 8.5&#8243; \u2013 8.5&#8243; x 14&#8243; (Media carta a legal)<br \/>\n&#8211; Dimensiones\/Peso: 42cm An. x 43cm Pr. x 50cm Al.\/26 kg<br \/>\n&#8211; Ciclo de trabajo mensual m\u00e1ximo: 65,000 p\u00e1ginas por mes<br \/>\n&#8211; Densidad del papel: Bandejas est\u00e1ndar\/Opcionales: 60 \u2013 163 g\/m2; MPT (bandeja multiprop\u00f3sito): 60 \u2013 220 g\/m2<br \/>\n&#8211; Tipos de papel: Bandeja est\u00e1ndar\/opcionales: Papel com\u00fan,Bond, reciclado; MPT (bandeja multiprop\u00f3sito): etiquetas, OHP,sobres, papel recubierto<br \/>\n&#8211; Capacidad de bandeja de salida de papel est\u00e1ndar: 150 hojas<br \/>\n&#8211; Compatibilidad con SO Windows: Windows XP\/Vista\/7\/8\/8.1\/10\/Server 2003\/Server 2008\/Server 2008 R2\/Server 2012\/Server 2012 R2; Linux<br \/>\n-Compatibilidad con SO Mac: Apple Macintosh OS X 10.5 o versi\u00f3n posterior<br \/>\n&#8211; Interfaces: Est\u00e1ndar con: 10\/100\/1000BaseTX, USB de Alta Velocidad 2.0, 1 Host USB, LAN Inal\u00e1mbrico IEEE 802.11b\/g\/n, Wi-Fi Directo<br \/>\n&#8211; Tipo de escaneo: Esc\u00e1ner a color y blanco y negro<br \/>\n&#8211; Resoluci\u00f3n del esc\u00e1ner: 300 x 600 dpi, 300 dpi, 600 dpi<br \/>\n&#8211; Funciones de escaneo: Escaneo a Carpeta (SMB), Escaneo a,E-mail, Escaneo a FTP, Escaneo a FTP sobre SSL, Escaneo a WSD,Escaneo a USB, Escaneo TWAIN\/WIA<br \/>\n&#8211; D\u00faplex blanco y negro\/color: a 300 dpi &#8211; 24 ipm\/16 ipm<br \/>\n&#8211; Copia continua: 1-999\/autorreiniciable a 1<br \/>\n&#8211; Ampliaci\u00f3n\/zoom: Tama\u00f1o completo, 7 \u00edndices preestablecidos de reducci\u00f3n, 5 de ampliaci\u00f3n, 25 a 400% (en incrementos de 1%)<br \/>\n&#8211; Otras funciones de copiado: repetici\u00f3n autom\u00e1tica, zoom autom\u00e1tico, d\u00faplex autom\u00e1tico<br \/>\n-Fax: Velocidad de transmisi\u00f3n\/velocidad del m\u00f3dem: 3 segundos o menos\/33.6Kbps, Transmisi\u00f3n simple\/recepci\u00f3n d\u00faplex, marcado a un toque (100 n\u00fameros).<br \/>\n&#8211; Consumibles de reemplazo: TK-5240K (T\u00f3ner negro microfino con capacidad para 4.000 p\u00e1ginas A4 acorde con ISO\/IEC 19798)aprox. (TK-5240C, TK-5240M, TK-5240Y T\u00f3ner microfino con capacidad para 3.000 p\u00e1ginas A4 acorde con ISO\/IEC 19798 cada uno aprox)<\/p>\n<p>Sku: 4445<br \/>\nEan: 0632983036594<br \/>\nN\/p: 1102R73NL0<\/p>\n","protected":false},"excerpt":{"rendered":"<p>Este equipo combina la mejor calidad de color con buenos costes de funcionamiento que facilitan los flujos de trabajo de tu oficina<\/p>\n","protected":false},"featured_media":4763,"comment_status":"closed","ping_status":"closed","template":"","meta":{"inline_featured_image":false},"pwb-brand":[569],"product_brand":[],"product_cat":[891,1258],"product_tag":[944,943,946,132,651,146,650,155,945,143,703],"class_list":{"0":"post-4762","1":"product","2":"type-product","3":"status-publish","4":"has-post-thumbnail","6":"pwb-brand-kyocera","7":"product_cat-impresion","8":"product_cat-laser-multifuncional-a-color","9":"product_tag-944","10":"product_tag-1102r73nl0","11":"product_tag-27-ppm","12":"product_tag-color","13":"product_tag-ecosys","14":"product_tag-impresora","15":"product_tag-kyocera","16":"product_tag-laser","17":"product_tag-m5526cdw","18":"product_tag-multifuncional","19":"product_tag-toner","21":"first","22":"outofstock","23":"purchasable","24":"product-type-simple"},"brands":[{"id":569,"name":"Kyocera","slug":"kyocera"}],"_links":{"self":[{"href":"https:\/\/compuimpresion.com.co\/portal\/wp-json\/wp\/v2\/product\/4762","targetHints":{"allow":["GET"]}}],"collection":[{"href":"https:\/\/compuimpresion.com.co\/portal\/wp-json\/wp\/v2\/product"}],"about":[{"href":"https:\/\/compuimpresion.com.co\/portal\/wp-json\/wp\/v2\/types\/product"}],"replies":[{"embeddable":true,"href":"https:\/\/compuimpresion.com.co\/portal\/wp-json\/wp\/v2\/comments?post=4762"}],"wp:featuredmedia":[{"embeddable":true,"href":"https:\/\/compuimpresion.com.co\/portal\/wp-json\/wp\/v2\/media\/4763"}],"wp:attachment":[{"href":"https:\/\/compuimpresion.com.co\/portal\/wp-json\/wp\/v2\/media?parent=4762"}],"wp:term":[{"taxonomy":"pwb-brand","embeddable":true,"href":"https:\/\/compuimpresion.com.co\/portal\/wp-json\/wp\/v2\/pwb-brand?post=4762"},{"taxonomy":"product_brand","embeddable":true,"href":"https:\/\/compuimpresion.com.co\/portal\/wp-json\/wp\/v2\/product_brand?post=4762"},{"taxonomy":"product_cat","embeddable":true,"href":"https:\/\/compuimpresion.com.co\/portal\/wp-json\/wp\/v2\/product_cat?post=4762"},{"taxonomy":"product_tag","embeddable":true,"href":"https:\/\/compuimpresion.com.co\/portal\/wp-json\/wp\/v2\/product_tag?post=4762"}],"curies":[{"name":"wp","href":"https:\/\/api.w.org\/{rel}","templated":true}]}}